{"id":89504,"date":"2024-01-24T11:12:07","date_gmt":"2024-01-24T10:12:07","guid":{"rendered":"https:\/\/secureus.se\/produkt\/tagg-mifare-desfire-ev2-4k-vit-abs-plus\/"},"modified":"2026-03-31T13:27:36","modified_gmt":"2026-03-31T11:27:36","slug":"tagg-mifare-desfire-ev2-4k-vit-abs-plus","status":"publish","type":"product","link":"https:\/\/secureus.se\/fr\/tagg-mifare-desfire-ev2-4k-vit-abs-plus\/","title":{"rendered":"Balise DESFIRE\u00ae EV2 4K Blanc Plus"},"content":{"rendered":"<h1 data-section-id=\"mqmvaq\" data-start=\"152\" data-end=\"218\">\u00c9tiquette RFID DESFire<\/h1>\n<h2 data-section-id=\"mqmvaq\" data-start=\"152\" data-end=\"218\">\u00c9tiquette de passage ABS Plus (Haute s\u00e9curit\u00e9)<\/h2>\n<p data-start=\"220\" data-end=\"446\">\u00c9tiquette RFID avec <strong data-start=\"234\" data-end=\"257\">Puce MIFARE DESFire<\/strong> pour les syst\u00e8mes de contr\u00f4le d&#039;acc\u00e8s modernes o\u00f9 une s\u00e9curit\u00e9 \u00e9lev\u00e9e et un fonctionnement stable sont importants.<\/p>\n<p data-start=\"220\" data-end=\"446\">Ce jeton d&#039;acc\u00e8s est fr\u00e9quemment utilis\u00e9 dans les syst\u00e8mes de s\u00e9curit\u00e9 professionnels et est compatible avec plusieurs plateformes bien connues.<\/p>\n<p data-start=\"448\" data-end=\"558\">L&#039;\u00e9tiquette est fournie avec <strong data-start=\"469\" data-end=\"494\">Puce originale de NXP<\/strong> et est fabriqu\u00e9 en mat\u00e9riau ABS durable pour une longue dur\u00e9e de vie.<\/p>\n<p data-start=\"560\" data-end=\"591\"><strong data-start=\"560\" data-end=\"591\">Compatible avec, entre autres\u00a0:<\/strong><\/p>\n<ul data-start=\"593\" data-end=\"687\">\n<li data-section-id=\"17a1ys6\" data-start=\"593\" data-end=\"600\">\n<p data-start=\"595\" data-end=\"600\">RCO<\/p>\n<\/li>\n<li data-section-id=\"1n8l3ye\" data-start=\"601\" data-end=\"625\">\n<p data-start=\"603\" data-end=\"625\">Bewator \/ Vanderbilt<\/p>\n<\/li>\n<li data-section-id=\"1pxgavf\" data-start=\"626\" data-end=\"635\">\n<p data-start=\"628\" data-end=\"635\">Aptus<\/p>\n<\/li>\n<li data-section-id=\"1soj2rn\" data-start=\"636\" data-end=\"648\">\n<p data-start=\"638\" data-end=\"648\">ASSA ARX<\/p>\n<\/li>\n<li data-section-id=\"1e3tozb\" data-start=\"649\" data-end=\"665\">\n<p data-start=\"651\" data-end=\"665\">Syst\u00e8me de visiteur<\/p>\n<\/li>\n<li data-section-id=\"m4aqxg\" data-start=\"666\" data-end=\"687\">\n<p data-start=\"668\" data-end=\"687\">Syst\u00e8me de connexion<\/p>\n<\/li>\n<\/ul>\n<p data-start=\"689\" data-end=\"792\">Notez que l&#039;\u00e9tiquette <strong data-start=\"710\" data-end=\"758\">non livr\u00e9 programm\u00e9 avec RAID pour RCO<\/strong>, mais elle est livr\u00e9e avec une puce standard.<\/p>\n<hr data-start=\"794\" data-end=\"797\" \/>\n<h2 data-section-id=\"1v00gra\" data-start=\"799\" data-end=\"834\">\u00c9tiquette RFID robuste au design fin<\/h2>\n<p data-start=\"836\" data-end=\"1063\">Notre mod\u00e8le <strong data-start=\"847\" data-end=\"874\">ABS Plus MIFARE DESFire<\/strong> est con\u00e7u pour une utilisation quotidienne dans les syst\u00e8mes de contr\u00f4le d&#039;acc\u00e8s.<\/p>\n<p data-start=\"836\" data-end=\"1063\">Le plateau est fabriqu\u00e9 en mat\u00e9riau ABS durable et poss\u00e8de un profil mince de seulement <strong data-start=\"1003\" data-end=\"1013\">2,9 mm<\/strong>, ce qui le rend \u00e0 la fois durable et facile \u00e0 porter.<\/p>\n<p data-start=\"1065\" data-end=\"1232\">La surface lisse est bien adapt\u00e9e \u00e0 <strong data-start=\"1098\" data-end=\"1140\">Gravure laser de chiffres ou de logos<\/strong>,.<\/p>\n<p data-start=\"1065\" data-end=\"1232\">Cela facilite le marquage des carreaux pour les entreprises, les propri\u00e9t\u00e9s ou les organisations.<\/p>\n<hr data-start=\"1234\" data-end=\"1237\" \/>\n<h2 data-section-id=\"xck9dh\" data-start=\"1239\" data-end=\"1260\">Domaines d&#039;utilisation<\/h2>\n<p data-start=\"1262\" data-end=\"1311\">L&#039;\u00e9tiquette RFID peut \u00eatre utilis\u00e9e dans de nombreux types de syst\u00e8mes\u00a0:<\/p>\n<ul data-start=\"1313\" data-end=\"1450\">\n<li data-section-id=\"3yp6jv\" data-start=\"1313\" data-end=\"1329\">\n<p data-start=\"1315\" data-end=\"1329\">Syst\u00e8me de laissez-passer<\/p>\n<\/li>\n<li data-section-id=\"1e3tozb\" data-start=\"1330\" data-end=\"1346\">\n<p data-start=\"1332\" data-end=\"1346\">Syst\u00e8me de visiteur<\/p>\n<\/li>\n<li data-section-id=\"j9tvrq\" data-start=\"1347\" data-end=\"1365\">\n<p data-start=\"1349\" data-end=\"1365\">Syst\u00e8me de r\u00e9servation<\/p>\n<\/li>\n<li data-section-id=\"q6dwif\" data-start=\"1366\" data-end=\"1395\">\n<p data-start=\"1368\" data-end=\"1395\">Syst\u00e8mes d&#039;alarme et de s\u00e9curit\u00e9<\/p>\n<\/li>\n<li data-section-id=\"pd8qry\" data-start=\"1396\" data-end=\"1413\">\n<p data-start=\"1398\" data-end=\"1413\">Chargeur pour voiture \u00e9lectrique<\/p>\n<\/li>\n<li data-section-id=\"1u2dvsm\" data-start=\"1414\" data-end=\"1450\">\n<p data-start=\"1416\" data-end=\"1450\">Gestion et identification des stocks<\/p>\n<\/li>\n<\/ul>\n<p data-start=\"1452\" data-end=\"1590\">MIFARE DESFire propose <strong data-start=\"1476\" data-end=\"1523\">une s\u00e9curit\u00e9 sup\u00e9rieure \u00e0 celle de MIFARE Classic, par exemple.<\/strong>, ce qui en fait un choix courant dans les solutions de s\u00e9curit\u00e9 modernes.<\/p>\n<hr data-start=\"1592\" data-end=\"1595\" \/>\n<h2 data-section-id=\"11ig3cm\" data-start=\"1597\" data-end=\"1633\">\u00c9tiquettes RFID personnalis\u00e9es pour les projets<\/h2>\n<p data-start=\"1635\" data-end=\"1704\">Nous vous offrons la possibilit\u00e9 de personnaliser les \u00e9tiquettes selon vos besoins, par exemple\u00a0:<\/p>\n<ul data-start=\"1706\" data-end=\"1855\">\n<li data-section-id=\"1xsenfi\" data-start=\"1706\" data-end=\"1739\">\n<p data-start=\"1708\" data-end=\"1739\">Gravure de <strong data-start=\"1721\" data-end=\"1737\">num\u00e9ros uniques<\/strong><\/p>\n<\/li>\n<li data-section-id=\"fzw2hm\" data-start=\"1740\" data-end=\"1776\">\n<p data-start=\"1742\" data-end=\"1776\">Gravure de <strong data-start=\"1755\" data-end=\"1774\">logo de l&#039;entreprise<\/strong><\/p>\n<\/li>\n<li data-section-id=\"dsua8s\" data-start=\"1777\" data-end=\"1807\">\n<p data-start=\"1779\" data-end=\"1807\">Choix de <strong data-start=\"1786\" data-end=\"1805\">diff\u00e9rents types de puces<\/strong><\/p>\n<\/li>\n<li data-section-id=\"1ccnvn3\" data-start=\"1808\" data-end=\"1855\">\n<p data-start=\"1810\" data-end=\"1855\">Personnalisation pour des syst\u00e8mes et des projets sp\u00e9cifiques<\/p>\n<\/li>\n<\/ul>\n<p data-start=\"1857\" data-end=\"1919\">Les puces couramment utilis\u00e9es aujourd&#039;hui dans les badges d&#039;acc\u00e8s sont par exemple\u00a0:<\/p>\n<ul data-start=\"1921\" data-end=\"1980\">\n<li data-section-id=\"1jziiiu\" data-start=\"1921\" data-end=\"1931\">\n<p data-start=\"1923\" data-end=\"1931\">EM4200<\/p>\n<\/li>\n<li data-section-id=\"1dhpwfa\" data-start=\"1932\" data-end=\"1945\">\n<p data-start=\"1934\" data-end=\"1945\">MIFARE 1K<\/p>\n<\/li>\n<li data-section-id=\"1llejgs\" data-start=\"1946\" data-end=\"1961\">\n<p data-start=\"1948\" data-end=\"1961\">\u00c9tiquettes combin\u00e9es<\/p>\n<\/li>\n<li data-section-id=\"1k7zueu\" data-start=\"1962\" data-end=\"1980\">\n<p data-start=\"1964\" data-end=\"1980\">MIFARE DESFeu<\/p>\n<\/li>\n<\/ul>\n<p data-start=\"1982\" data-end=\"2060\">Veuillez nous contacter si besoin <strong data-start=\"2015\" data-end=\"2059\">\u00c9tiquettes RFID personnalis\u00e9es pour votre syst\u00e8me<\/strong>.<\/p>\n<hr data-start=\"2062\" data-end=\"2065\" \/>\n<h2 data-section-id=\"1nma161\" data-start=\"2067\" data-end=\"2084\">Disponibilit\u00e9<\/h2>\n<p data-start=\"2086\" data-end=\"2248\">L&#039;\u00e9tiquette peut \u00eatre livr\u00e9e en plusieurs couleurs et avec diff\u00e9rentes puces.<\/p>\n<p data-start=\"2086\" data-end=\"2248\"><strong data-start=\"2141\" data-end=\"2185\">Le blanc et le noir sont g\u00e9n\u00e9ralement disponibles.<\/strong>, tandis que les autres couleurs et mod\u00e8les sont r\u00e9alis\u00e9s sur commande.<\/p>\n<p data-start=\"2250\" data-end=\"2337\">Gr\u00e2ce \u00e0 nos machines laser, nous pouvons \u00e9galement graver <strong data-start=\"2293\" data-end=\"2321\">logo et num\u00e9ros uniques<\/strong> \u00e0 la demande.<\/p>\n<hr data-start=\"2339\" data-end=\"2342\" \/>\n<h2 data-section-id=\"fbszj2\" data-start=\"2344\" data-end=\"2395\">Avantages de l&#039;\u00e9tiquette RFID MIFARE DESFire \u2013 ABS Plus<\/h2>\n<ul data-start=\"2397\" data-end=\"2683\">\n<li data-section-id=\"1sey2io\" data-start=\"2397\" data-end=\"2439\">\n<p data-start=\"2399\" data-end=\"2439\">Puce MIFARE DESFire pour <strong data-start=\"2423\" data-end=\"2439\">haute s\u00e9curit\u00e9<\/strong><\/p>\n<\/li>\n<li data-section-id=\"13d4na2\" data-start=\"2440\" data-end=\"2467\">\n<p data-start=\"2442\" data-end=\"2467\"><strong data-start=\"2442\" data-end=\"2467\">Puce originale de NXP<\/strong><\/p>\n<\/li>\n<li data-section-id=\"80xk7\" data-start=\"2468\" data-end=\"2508\">\n<p data-start=\"2470\" data-end=\"2508\">Construction robuste dans <strong data-start=\"2492\" data-end=\"2508\">mat\u00e9riau ABS<\/strong><\/p>\n<\/li>\n<li data-section-id=\"1jtkdom\" data-start=\"2509\" data-end=\"2542\">\n<p data-start=\"2511\" data-end=\"2542\"><strong data-start=\"2511\" data-end=\"2542\">Design fin \u2013 seulement 2,9 mm<\/strong><\/p>\n<\/li>\n<li data-section-id=\"1kkzgn0\" data-start=\"2543\" data-end=\"2602\">\n<p data-start=\"2545\" data-end=\"2602\">Possibilit\u00e9 de <strong data-start=\"2560\" data-end=\"2602\">Gravure laser de chiffres ou de logos<\/strong><\/p>\n<\/li>\n<li data-section-id=\"1j6d40y\" data-start=\"2603\" data-end=\"2639\">\n<p data-start=\"2605\" data-end=\"2639\">Plusieurs <strong data-start=\"2611\" data-end=\"2639\">variantes et couleurs des puces<\/strong><\/p>\n<\/li>\n<li data-section-id=\"d94i3o\" data-start=\"2640\" data-end=\"2683\">\n<p data-start=\"2642\" data-end=\"2683\">Adaptable pour <strong data-start=\"2661\" data-end=\"2683\">projets et syst\u00e8mes<\/strong><\/p>\n<\/li>\n<\/ul>","protected":false},"excerpt":{"rendered":"<p>\u00c9tiquette RFID avec puce MIFARE DESFire pour le contr\u00f4le d&#039;acc\u00e8s et l&#039;identification.<\/p>\n<p>Fabriqu\u00e9 en mat\u00e9riau ABS robuste avec un profil mince de 2,9 mm.<\/p>\n<p>Compatible avec des syst\u00e8mes tels que RCO, Aptus et ASSA ARX, et personnalisable par gravure de num\u00e9ros ou de logos.<\/p>","protected":false},"featured_media":163678,"template":"","meta":{"_acf_changed":false},"product_brand":[],"product_cat":[1337,4789],"product_tag":[2314,3137,3136,2074,4806,4146,2095,2958],"class_list":{"0":"post-89504","1":"product","2":"type-product","3":"status-publish","4":"has-post-thumbnail","6":"product_cat-rfid-tagg-abs-plus","7":"product_cat-desfire-4k-tagg","8":"product_tag-desfire-lop-logo","9":"product_tag-desfire-ev2-4k","10":"product_tag-desfire-taggar-kort","11":"product_tag-ej-lagerfraga","12":"product_tag-fungerar-ej-till-yale","13":"product_tag-nxp","14":"product_tag-rfid-500","15":"product_tag-stonehouse-produkt","16":"product_shipping_class-postnord-varubrev","17":"pa_brands-stonehouse-security","18":"pa_chip-teknik-mifare-desfire","19":"pa_chip-teknik-mifare-desfire-4k-minne","20":"pa_farg-vit","21":"pa_sakerhetssystem-rfid-taggar","22":"tm-has-options","24":"first","25":"instock","26":"sale","27":"featured","28":"taxable","29":"shipping-taxable","30":"purchasable","31":"product-type-simple"},"acf":[],"_links":{"self":[{"href":"https:\/\/secureus.se\/fr\/wp-json\/wp\/v2\/product\/89504","targetHints":{"allow":["GET"]}}],"collection":[{"href":"https:\/\/secureus.se\/fr\/wp-json\/wp\/v2\/product"}],"about":[{"href":"https:\/\/secureus.se\/fr\/wp-json\/wp\/v2\/types\/product"}],"wp:featuredmedia":[{"embeddable":true,"href":"https:\/\/secureus.se\/fr\/wp-json\/wp\/v2\/media\/163678"}],"wp:attachment":[{"href":"https:\/\/secureus.se\/fr\/wp-json\/wp\/v2\/media?parent=89504"}],"wp:term":[{"taxonomy":"product_brand","embeddable":true,"href":"https:\/\/secureus.se\/fr\/wp-json\/wp\/v2\/product_brand?post=89504"},{"taxonomy":"product_cat","embeddable":true,"href":"https:\/\/secureus.se\/fr\/wp-json\/wp\/v2\/product_cat?post=89504"},{"taxonomy":"product_tag","embeddable":true,"href":"https:\/\/secureus.se\/fr\/wp-json\/wp\/v2\/product_tag?post=89504"}],"curies":[{"name":"wp","href":"https:\/\/api.w.org\/{rel}","templated":true}]}}