{"id":89641,"date":"2024-01-26T12:09:06","date_gmt":"2024-01-26T11:09:06","guid":{"rendered":"https:\/\/secureus.se\/produkt\/plastlada-elektronik-sabotage\/"},"modified":"2026-04-01T13:56:51","modified_gmt":"2026-04-01T11:56:51","slug":"plastlada-elektronik-sabotage","status":"publish","type":"product","link":"https:\/\/secureus.se\/fr\/plastlada-elektronik-sabotage\/","title":{"rendered":"Bo\u00eetier \u00e9lectronique en plastique OPU-1 B Bo\u00eetier ABS universel avec interrupteur anti-sabotage"},"content":{"rendered":"<h1>Bo\u00eetier \u00e9lectronique en plastique OPU-1 B Bo\u00eetier ABS universel<\/h1>\n<p>Un bo\u00eetier en plastique pour l&#039;\u00e9lectronique, con\u00e7u pour les alarmes et \u00e9quip\u00e9 d&#039;un contact d&#039;autoprotection int\u00e9gr\u00e9, est d\u00e9sormais disponible chez nous.<\/p>\n<p>Ce bo\u00eetier polyvalent est id\u00e9al pour une vari\u00e9t\u00e9 de fonctions, telles que l&#039;installation de relais et autres modules.<\/p>\n<p>Le montage sur\u00e9lev\u00e9 facilite la connexion des fils et permet une dissimulation facile \u00e0 l&#039;int\u00e9rieur du bo\u00eetier, ce qui est particuli\u00e8rement pratique lorsqu&#039;une longueur de c\u00e2ble suppl\u00e9mentaire est n\u00e9cessaire pour le montage de l&#039;appareil.<\/p>\n<p>Le bo\u00eetier \u00e9lectronique en plastique OPU-1 B est dot\u00e9 d&#039;un interrupteur anti-sabotage int\u00e9gr\u00e9 activ\u00e9 lorsque la bo\u00eete est ouverte, ce qui offre un niveau de s\u00e9curit\u00e9 suppl\u00e9mentaire pour le syst\u00e8me.<\/p>\n<p>Ce bo\u00eetier en plastique est con\u00e7u pour r\u00e9pondre aux exigences de diverses applications \u00e9lectroniques, ce qui en fait une option flexible pour diff\u00e9rents projets.<\/p>\n<p>Sa construction robuste garantit une durabilit\u00e9 et une protection \u00e0 long terme des composants install\u00e9s.<\/p>\n<p>L&#039;installation simple permet de d\u00e9marrer rapidement le projet sans aucun probl\u00e8me.<\/p>\n<p>De plus, le commutateur anti-sabotage int\u00e9gr\u00e9 offre une couche de s\u00e9curit\u00e9 suppl\u00e9mentaire en d\u00e9tectant les tentatives non autoris\u00e9es d&#039;ouverture ou de falsification de la bo\u00eete.<\/p>\n<p>Que ce soit pour des applications d&#039;alarme ou d&#039;autres projets \u00e9lectroniques, ce bo\u00eetier \u00e9lectronique en plastique OPU-1 B offre une solution fiable et s\u00fbre pour prot\u00e9ger et monter vos composants \u00e9lectroniques.<\/p>\n<p>Visitez notre magasin pour plus d\u2019informations et d\u2019autres solutions pour vos projets.<\/p>\n<p><span class=\"no_row_id_130\">Taille<\/span>: 125 x 157 x 46 mm<\/p>","protected":false},"excerpt":{"rendered":"<p>Bo\u00eetier \u00e9lectronique en plastique OPU-1 B Bo\u00eetier ABS universel<\/p>\n<p>Un bo\u00eetier en plastique pour l&#039;\u00e9lectronique, con\u00e7u pour les alarmes et \u00e9quip\u00e9 d&#039;un contact d&#039;autoprotection int\u00e9gr\u00e9, est d\u00e9sormais disponible chez nous.<\/p>\n<p><span class=\"no_row_id_130\">Taille<\/span>: 125 x 157 x 46 mm<\/p>","protected":false},"featured_media":138441,"template":"","meta":{"_acf_changed":false},"product_brand":[],"product_cat":[1547],"product_tag":[],"class_list":{"0":"post-89641","1":"product","2":"type-product","3":"status-publish","4":"has-post-thumbnail","6":"product_cat-plint-larm-telebox","7":"product_shipping_class-postnord-varubrev","8":"pa_brands-satel","9":"tm-no-options","11":"first","12":"instock","13":"sale","14":"taxable","15":"shipping-taxable","16":"purchasable","17":"product-type-simple"},"acf":[],"_links":{"self":[{"href":"https:\/\/secureus.se\/fr\/wp-json\/wp\/v2\/product\/89641","targetHints":{"allow":["GET"]}}],"collection":[{"href":"https:\/\/secureus.se\/fr\/wp-json\/wp\/v2\/product"}],"about":[{"href":"https:\/\/secureus.se\/fr\/wp-json\/wp\/v2\/types\/product"}],"wp:featuredmedia":[{"embeddable":true,"href":"https:\/\/secureus.se\/fr\/wp-json\/wp\/v2\/media\/138441"}],"wp:attachment":[{"href":"https:\/\/secureus.se\/fr\/wp-json\/wp\/v2\/media?parent=89641"}],"wp:term":[{"taxonomy":"product_brand","embeddable":true,"href":"https:\/\/secureus.se\/fr\/wp-json\/wp\/v2\/product_brand?post=89641"},{"taxonomy":"product_cat","embeddable":true,"href":"https:\/\/secureus.se\/fr\/wp-json\/wp\/v2\/product_cat?post=89641"},{"taxonomy":"product_tag","embeddable":true,"href":"https:\/\/secureus.se\/fr\/wp-json\/wp\/v2\/product_tag?post=89641"}],"curies":[{"name":"wp","href":"https:\/\/api.w.org\/{rel}","templated":true}]}}