{"id":89685,"date":"2024-02-05T16:21:34","date_gmt":"2024-02-05T15:21:34","guid":{"rendered":"https:\/\/secureus.se\/produkt\/ajax-nvr-8-kanaler-vit-videolagring\/"},"modified":"2026-03-20T12:22:47","modified_gmt":"2026-03-20T11:22:47","slug":"aajax-nvr-8-kanaler-vit-videolagring","status":"publish","type":"product","link":"https:\/\/secureus.se\/fr\/aajax-nvr-8-kanaler-vit-videolagring\/","title":{"rendered":"Ajax NVR 8 canaux Blanc - Stockage vid\u00e9o"},"content":{"rendered":"<h3>Ajax NVR 8 canaux Blanc est une solution de stockage vid\u00e9o puissante qui permet d&#039;int\u00e9grer facilement des cam\u00e9ras de surveillance dans votre syst\u00e8me d&#039;alarme Ajax.<\/h3>\n<p>Cet appareil offre une interface intuitive pour la surveillance vid\u00e9o et le stockage de mat\u00e9riel vid\u00e9o de haute qualit\u00e9.<\/p>\n<p>Le NVR enregistre localement sur l&#039;appareil et permet de consulter les flux vid\u00e9o via l&#039;application Ajax, vous donnant ainsi un contr\u00f4le total sur votre s\u00e9curit\u00e9.<\/p>\n<p>Le NVR est compatible avec les cam\u00e9ras prenant en charge les protocoles Onvif ou RTSP et peut g\u00e9rer jusqu&#039;\u00e0 8 cam\u00e9ras simultan\u00e9ment, ce qui le rend id\u00e9al pour les syst\u00e8mes de surveillance de petite et moyenne taille.<\/p>\n<p><strong>Installation facile et flexibilit\u00e9<\/strong><br \/>\nAjax NVR 8 canaux est con\u00e7u pour \u00eatre facile \u00e0 installer et \u00e0 configurer.<\/p>\n<p>Une fois le syst\u00e8me install\u00e9, vous pouvez surveiller les cam\u00e9ras via une application mobile ou une application Web, ce qui signifie que vous avez toujours acc\u00e8s aux images de vos cam\u00e9ras, o\u00f9 que vous soyez.<\/p>\n<p>Cette flexibilit\u00e9 fait d&#039;Ajax NVR 8 canaux une solution parfaite pour les foyers et les entreprises qui ont besoin de stockage vid\u00e9o haute d\u00e9finition.<\/p>\n<p><strong>Sc\u00e9narios d&#039;enregistrement<\/strong><br \/>\nAvec Ajax NVR 8 canaux, vous pouvez configurer des sc\u00e9narios d&#039;enregistrement pour enregistrer uniquement lorsque des alarmes sont d\u00e9clench\u00e9es. Par exemple, les cam\u00e9ras peuvent commencer \u00e0 enregistrer si une alarme antivol ou incendie est d\u00e9clench\u00e9e.<\/p>\n<p>Cela facilite la recherche de s\u00e9quences vid\u00e9o pertinentes sans avoir \u00e0 parcourir de grandes quantit\u00e9s de mat\u00e9riel. Le syst\u00e8me peut \u00e9galement \u00eatre configur\u00e9 pour enregistrer en continu ou \u00e0 des moments pr\u00e9cis, offrant ainsi une solution flexible pour tous les types de besoins de surveillance.<\/p>\n<p><strong>Compatibilit\u00e9 et stockage<\/strong><br \/>\nLes canaux Ajax NVR 8 peuvent se connecter \u00e0 n&#039;importe quelle cam\u00e9ra prenant en charge Onvif ou RTSP et install\u00e9e sur le m\u00eame r\u00e9seau. Pour stocker des s\u00e9quences vid\u00e9o, le NVR prend en charge les disques durs jusqu&#039;\u00e0 16 To.<\/p>\n<p>Cela vous permet de stocker de grandes quantit\u00e9s de mat\u00e9riel vid\u00e9o de mani\u00e8re s\u00fbre et organis\u00e9e. Vous pouvez \u00e9galement sauvegarder les donn\u00e9es vid\u00e9o ou utiliser la redondance pour vous prot\u00e9ger contre la perte de donn\u00e9es.<\/p>\n<p><strong>Haute s\u00e9curit\u00e9 et cryptage<\/strong><br \/>\nLes canaux Ajax NVR 8 utilisent la technologie JetSparrow pour un transfert de donn\u00e9es s\u00e9curis\u00e9 et rapide, garantissant que vos flux vid\u00e9o sont prot\u00e9g\u00e9s contre tout acc\u00e8s non autoris\u00e9.<\/p>\n<p>Le syst\u00e8me est \u00e9galement conforme \u00e0 la NDAA et a subi des tests de cybers\u00e9curit\u00e9 rigoureux, offrant un haut niveau de s\u00e9curit\u00e9.<\/p>\n<p><strong>Acc\u00e8s \u00e0 distance et bilan de sant\u00e9<\/strong><br \/>\nAjax NVR 8 canaux permet de surveiller l&#039;\u00e9tat du syst\u00e8me via l&#039;application, o\u00f9 vous pouvez obtenir des informations sur l&#039;espace disque dur, la temp\u00e9rature, la charge du processeur et l&#039;utilisation de la RAM.<\/p>\n<p>L&#039;application conviviale permet de suivre facilement le syst\u00e8me et de garantir qu&#039;il fonctionne comme il se doit.<\/p>\n<p><strong>Sp\u00e9cifications techniques<\/strong>:<\/p>\n<ul>\n<li><strong>Nombre de canaux<\/strong>: 8<\/li>\n<li><strong>Stockage<\/strong>: Jusqu&#039;\u00e0 16 To (disque dur non inclus)<\/li>\n<li><strong>Compatibilit\u00e9<\/strong>: Cam\u00e9ras compatibles Onvif ou RTSP<\/li>\n<li><strong>Enregistrement<\/strong>: Vid\u00e9o stock\u00e9e localement, acc\u00e8s \u00e0 distance via l&#039;application<\/li>\n<li><strong>S\u00e9curit\u00e9<\/strong>: Cryptage via la technologie JetSparrow, conforme NDAA<\/li>\n<li><strong>Acc\u00e8s \u00e0 distance<\/strong>: Application Web et application mobile<\/li>\n<li><strong>Alimentation<\/strong>: 12 V CC, PoE (en option)<\/li>\n<li><strong>Connexion<\/strong>: Ethernet, RS232 pour la communication<\/li>\n<\/ul>\n<p><strong>Le paquet contient<\/strong>:<\/p>\n<ul>\n<li>1 x Ajax NVR 8 canaux<\/li>\n<li>1 x panneau de montage SmartBracket<\/li>\n<li>1 x c\u00e2ble d&#039;alimentation<\/li>\n<li>1 x c\u00e2ble Ethernet<\/li>\n<li>1 x kit d&#039;installation<\/li>\n<li>1 x Guide de d\u00e9marrage rapide<\/li>\n<\/ul>\n<p><strong>Conclusion<\/strong>:<br \/>\nAjax NVR 8 canaux offre une solution fiable et flexible pour le stockage et la surveillance vid\u00e9o.<\/p>\n<p>Avec une installation facile, une haute s\u00e9curit\u00e9 et la possibilit\u00e9 de g\u00e9rer jusqu&#039;\u00e0 8 cam\u00e9ras, il est parfait pour tous ceux qui souhaitent un contr\u00f4le total sur leur surveillance.<\/p>\n<p>Que vous ayez besoin de stocker des images localement ou de surveiller le syst\u00e8me \u00e0 distance via l&#039;application, les canaux Ajax NVR 8 offrent la meilleure solution possible pour les syst\u00e8mes de surveillance de petite et moyenne taille.<\/p>","protected":false},"excerpt":{"rendered":"<p>Ajax NVR 8 canaux offre une solution simple et flexible pour le stockage vid\u00e9o.<\/p>\n<p>Enregistrez et stockez des s\u00e9quences vid\u00e9o provenant de 8 cam\u00e9ras maximum avec une capacit\u00e9 de stockage allant jusqu&#039;\u00e0 16 To.<\/p>\n<p>L&#039;acc\u00e8s \u00e0 distance via l&#039;application facilite la gestion et la r\u00e9vision du mat\u00e9riel enregistr\u00e9.<\/p>","protected":false},"featured_media":155630,"template":"","meta":{"_acf_changed":false},"product_brand":[],"product_cat":[1319,4011,3358],"product_tag":[4863],"class_list":{"0":"post-89685","1":"product","2":"type-product","3":"status-publish","4":"has-post-thumbnail","6":"product_cat-ajax-larm","7":"product_cat-ajax-kameror","8":"product_cat-nvr-network-video-recorder","9":"product_tag-pf","10":"product_shipping_class-tunga-paket","11":"pa_brands-ajax-systems","12":"pa_farg-vit","13":"tm-no-options","15":"first","16":"onbackorder","17":"sale","18":"taxable","19":"shipping-taxable","20":"purchasable","21":"product-type-simple"},"acf":[],"_links":{"self":[{"href":"https:\/\/secureus.se\/fr\/wp-json\/wp\/v2\/product\/89685","targetHints":{"allow":["GET"]}}],"collection":[{"href":"https:\/\/secureus.se\/fr\/wp-json\/wp\/v2\/product"}],"about":[{"href":"https:\/\/secureus.se\/fr\/wp-json\/wp\/v2\/types\/product"}],"wp:featuredmedia":[{"embeddable":true,"href":"https:\/\/secureus.se\/fr\/wp-json\/wp\/v2\/media\/155630"}],"wp:attachment":[{"href":"https:\/\/secureus.se\/fr\/wp-json\/wp\/v2\/media?parent=89685"}],"wp:term":[{"taxonomy":"product_brand","embeddable":true,"href":"https:\/\/secureus.se\/fr\/wp-json\/wp\/v2\/product_brand?post=89685"},{"taxonomy":"product_cat","embeddable":true,"href":"https:\/\/secureus.se\/fr\/wp-json\/wp\/v2\/product_cat?post=89685"},{"taxonomy":"product_tag","embeddable":true,"href":"https:\/\/secureus.se\/fr\/wp-json\/wp\/v2\/product_tag?post=89685"}],"curies":[{"name":"wp","href":"https:\/\/api.w.org\/{rel}","templated":true}]}}