{"id":89816,"date":"2024-02-20T14:23:38","date_gmt":"2024-02-20T13:23:38","guid":{"rendered":"https:\/\/secureus.se\/produkt\/magicard-3633-0054-printer-cleaning-roller-kit-pack-of-5\/"},"modified":"2026-04-23T12:32:18","modified_gmt":"2026-04-23T10:32:18","slug":"magicard-3633-0054-printer-cleaning-roller-kit-pack-of-5","status":"publish","type":"product","link":"https:\/\/secureus.se\/fr\/magicard-3633-0054-printer-cleaning-roller-kit-pack-of-5\/","title":{"rendered":"Rouleaux de nettoyage pour imprimante de cartes Magicard 3633-0054 \u2013 Lot de 5"},"content":{"rendered":"<p>Il est prouv\u00e9 que le kit de rouleaux de nettoyage d&#039;imprimante Magicard 3633-0054 \u00e9limine la poussi\u00e8re, les d\u00e9bris et les r\u00e9sidus d&#039;encre qui peuvent endommager les pi\u00e8ces cruciales de l&#039;imprimante. Un nettoyage r\u00e9gulier est le moyen le plus simple de maintenir les performances de votre imprimante et de produire des r\u00e9sultats d&#039;impression de haute qualit\u00e9.<\/p>\n<ul>\n<li>Comprend cinq cartes de manchons de rouleau de nettoyage et une barre de rouleau r\u00e9utilisable<\/li>\n<li>Le fabricant recommande l&#039;utilisation d&#039;un kit de nettoyage \u00e0 chaque remplacement de ruban<\/li>\n<li>Dur\u00e9e de conservation jusqu&#039;\u00e0 un an lorsqu&#039;il est stock\u00e9 dans des conditions appropri\u00e9es Num\u00e9ro de pi\u00e8ce du fabricant : 3633-0054<\/li>\n<\/ul>","protected":false},"excerpt":{"rendered":"<p>Il est prouv\u00e9 que le kit de rouleaux de nettoyage d&#039;imprimante Magicard 3633-0054 \u00e9limine la poussi\u00e8re, les d\u00e9bris et les r\u00e9sidus d&#039;encre qui peuvent endommager les pi\u00e8ces cruciales de l&#039;imprimante. Un nettoyage r\u00e9gulier est le moyen le plus simple d&#039;entretenir<\/p>","protected":false},"featured_media":139075,"template":"","meta":{"_acf_changed":false},"product_brand":[],"product_cat":[4807],"product_tag":[3174,3182,4863],"class_list":{"0":"post-89816","1":"product","2":"type-product","3":"status-publish","4":"has-post-thumbnail","6":"product_cat-rengoringskit","7":"product_tag-magicard","8":"product_tag-magicard-tillbehor","9":"product_tag-pf","10":"product_shipping_class-postnord-varubrev","11":"pa_brands-magicard","12":"tm-no-options","14":"first","15":"instock","16":"taxable","17":"shipping-taxable","18":"purchasable","19":"product-type-simple"},"acf":[],"_links":{"self":[{"href":"https:\/\/secureus.se\/fr\/wp-json\/wp\/v2\/product\/89816","targetHints":{"allow":["GET"]}}],"collection":[{"href":"https:\/\/secureus.se\/fr\/wp-json\/wp\/v2\/product"}],"about":[{"href":"https:\/\/secureus.se\/fr\/wp-json\/wp\/v2\/types\/product"}],"wp:featuredmedia":[{"embeddable":true,"href":"https:\/\/secureus.se\/fr\/wp-json\/wp\/v2\/media\/139075"}],"wp:attachment":[{"href":"https:\/\/secureus.se\/fr\/wp-json\/wp\/v2\/media?parent=89816"}],"wp:term":[{"taxonomy":"product_brand","embeddable":true,"href":"https:\/\/secureus.se\/fr\/wp-json\/wp\/v2\/product_brand?post=89816"},{"taxonomy":"product_cat","embeddable":true,"href":"https:\/\/secureus.se\/fr\/wp-json\/wp\/v2\/product_cat?post=89816"},{"taxonomy":"product_tag","embeddable":true,"href":"https:\/\/secureus.se\/fr\/wp-json\/wp\/v2\/product_tag?post=89816"}],"curies":[{"name":"wp","href":"https:\/\/api.w.org\/{rel}","templated":true}]}}