{"id":89831,"date":"2024-02-21T15:15:56","date_gmt":"2024-02-21T14:15:56","guid":{"rendered":"https:\/\/secureus.se\/produkt\/cardpresso-xxs-card-design-software-cp1000-usb-dongle-s-cpxxs\/"},"modified":"2026-04-22T15:47:13","modified_gmt":"2026-04-22T13:47:13","slug":"cardpresso-xxs-card-design-software-cp1000-usb-dongle-s-cpxxs","status":"publish","type":"product","link":"https:\/\/secureus.se\/fr\/cardpresso-xxs-card-design-software-cp1000-usb-dongle-s-cpxxs\/","title":{"rendered":"cardPresso XXS Card Design Software, CP1000 &#8211; USB Dongle [S-CPXXS]"},"content":{"rendered":"<p><strong>Conception de cartes efficace avec cardPresso XXS\u00a0:<\/strong> cardPresso XXS est un logiciel intuitif id\u00e9al pour les utilisateurs d\u00e9butants et exp\u00e9riment\u00e9s dans l&#039;impression de cartes. Avec une gamme de fonctionnalit\u00e9s et d&#039;outils, il est parfait pour cr\u00e9er des cartes d&#039;identit\u00e9, des cartes de membre et d&#039;autres types de produits de cartes de haute qualit\u00e9.<\/p>\n<p><strong>Caract\u00e9ristiques et avantages\u00a0:<\/strong><\/p>\n<ul>\n<li><strong>Conception conviviale\u00a0:<\/strong> L&#039;interface intuitive facilite la conception et la personnalisation de cartes avec une vari\u00e9t\u00e9 de mod\u00e8les et d&#039;\u00e9l\u00e9ments graphiques.<\/li>\n<li><strong>Base de donn\u00e9es interne\u00a0:<\/strong> La base de donn\u00e9es int\u00e9gr\u00e9e peut g\u00e9rer un nombre illimit\u00e9 d&#039;enregistrements et dispose d&#039;un lien photo pour inclure facilement des images sur les cartes.<\/li>\n<li><strong>Compatibilit\u00e9:<\/strong> cardPresso XXS est compatible avec MacOS et Windows, ce qui le rend flexible pour diff\u00e9rents environnements utilisateur.<\/li>\n<li><strong>Outils graphiques\u00a0:<\/strong> Comprend des outils de conception graphique et de personnalisation, vous permettant de cr\u00e9er des cartes personnalis\u00e9es pour diff\u00e9rents besoins.<\/li>\n<\/ul>\n<p><strong>Options de mise \u00e0 niveau\u00a0:<\/strong> Le logiciel offre un chemin de mise \u00e0 niveau flexible avec cinq versions disponibles qui ajoutent plus de fonctionnalit\u00e9s telles que des codes QR, des connexions \u00e0 des bases de donn\u00e9es et des options d&#039;encodage plus avanc\u00e9es. Vous pouvez facilement adapter le logiciel \u00e0 vos besoins sp\u00e9cifiques.<\/p>\n<p><strong>Configuration syst\u00e8me requise\u00a0:<\/strong> cardPresso XXS n\u00e9cessite un Mac \u00e0 processeur Intel ou un PC avec Microsoft\u00ae Windows\u00ae XP ou version ult\u00e9rieure, avec une configuration minimale requise de 512 Mo de RAM et 500 Mo d&#039;espace disque libre.<\/p>\n<p>Choisissez cardPresso XXS pour rationaliser la conception et le processus d&#039;impression de vos cartes. Ce logiciel est un outil puissant pour tous ceux qui souhaitent cr\u00e9er des cartes professionnelles facilement et rapidement.<\/p>","protected":false},"excerpt":{"rendered":"<p>Le logiciel de conception de cartes cardPresso XXS simplifie la production de cartes gr\u00e2ce \u00e0 son interface conviviale et \u00e0 ses mod\u00e8les de cartes int\u00e9gr\u00e9s.<\/p>\n<p>Le logiciel est id\u00e9al pour l\u2019impression de cartes en interne et offre un chemin de mise \u00e0 niveau flexible pour r\u00e9pondre aux diff\u00e9rents besoins d\u2019impression.<\/p>\n<p>Il est compatible avec MacOS et Windows et comprend des outils de conception graphique et de personnalisation.<\/p>","protected":false},"featured_media":139014,"template":"","meta":{"_acf_changed":false},"product_brand":[],"product_cat":[3211],"product_tag":[4863],"class_list":{"0":"post-89831","1":"product","2":"type-product","3":"status-publish","4":"has-post-thumbnail","6":"product_cat-software-programvara","7":"product_tag-pf","8":"product_shipping_class-postnord-varubrev","9":"tm-no-options","11":"first","12":"onbackorder","13":"sale","14":"taxable","15":"shipping-taxable","16":"purchasable","17":"product-type-simple"},"acf":[],"_links":{"self":[{"href":"https:\/\/secureus.se\/fr\/wp-json\/wp\/v2\/product\/89831","targetHints":{"allow":["GET"]}}],"collection":[{"href":"https:\/\/secureus.se\/fr\/wp-json\/wp\/v2\/product"}],"about":[{"href":"https:\/\/secureus.se\/fr\/wp-json\/wp\/v2\/types\/product"}],"wp:featuredmedia":[{"embeddable":true,"href":"https:\/\/secureus.se\/fr\/wp-json\/wp\/v2\/media\/139014"}],"wp:attachment":[{"href":"https:\/\/secureus.se\/fr\/wp-json\/wp\/v2\/media?parent=89831"}],"wp:term":[{"taxonomy":"product_brand","embeddable":true,"href":"https:\/\/secureus.se\/fr\/wp-json\/wp\/v2\/product_brand?post=89831"},{"taxonomy":"product_cat","embeddable":true,"href":"https:\/\/secureus.se\/fr\/wp-json\/wp\/v2\/product_cat?post=89831"},{"taxonomy":"product_tag","embeddable":true,"href":"https:\/\/secureus.se\/fr\/wp-json\/wp\/v2\/product_tag?post=89831"}],"curies":[{"name":"wp","href":"https:\/\/api.w.org\/{rel}","templated":true}]}}