{"id":89899,"date":"2024-02-27T13:54:35","date_gmt":"2024-02-27T12:54:35","guid":{"rendered":"https:\/\/secureus.se\/produkt\/batteribackup-24v-2a\/"},"modified":"2026-04-15T16:44:20","modified_gmt":"2026-04-15T14:44:20","slug":"batteribackup-24v-2a","status":"publish","type":"product","link":"https:\/\/secureus.se\/fr\/batteribackup-24v-2a\/","title":{"rendered":"Batterie de secours 24V 2A"},"content":{"rendered":"<h1>Batterie de secours 24 V 2 A \u2013 Alimentation stable pour les syst\u00e8mes critiques<\/h1>\n<p>Gardez vos syst\u00e8mes op\u00e9rationnels m\u00eame pendant les pannes de courant avec <strong>Batterie de secours 24V 2A<\/strong>.<\/p>\n<p>Cette solution est id\u00e9ale pour les syst\u00e8mes basse tension dans les maisons, les bureaux et les environnements industriels.<\/p>\n<p>Avec de la place pour deux batteries de 7 Ah et des fonctions de protection avanc\u00e9es, il offre une fiabilit\u00e9 et une s\u00e9curit\u00e9 \u00e9lev\u00e9es.<\/p>\n<h5>Fonctions principales<\/h5>\n<ul>\n<li><strong>Alimentation efficace<\/strong>: Courant de sortie de 2,2 A \u00e0 27,6 V DC avec prise en charge du chargement des batteries.<\/li>\n<li><strong>Fonctions de protection<\/strong>: \u00c9quip\u00e9 d&#039;une protection contre les courts-circuits (SCP), d&#039;une protection contre les surcharges (OLP), d&#039;une protection contre les surtensions (OVP) et d&#039;une protection contre les d\u00e9charges profondes (UVP).<\/li>\n<li><strong>Espace pour deux batteries<\/strong>: Con\u00e7u pour deux batteries 7Ah qui assurent une alimentation \u00e9lectrique \u00e0 long terme.<\/li>\n<li><strong>Statut visuel<\/strong>: indication LED pour une surveillance facile de l&#039;\u00e9tat du syst\u00e8me.<\/li>\n<li><strong>Construction durable<\/strong>: Bo\u00eetier m\u00e9tallique blanc RAL9003 avec indice IP20 pour un fonctionnement robuste et fiable.<\/li>\n<\/ul>\n<h5>Avantages<\/h5>\n<ul>\n<li><strong>S\u00e9curit\u00e9 et stabilit\u00e9<\/strong>: Assure un fonctionnement ininterrompu des syst\u00e8mes critiques.<\/li>\n<li><strong>Utilisation polyvalente<\/strong>: Parfait pour les syst\u00e8mes de s\u00e9curit\u00e9, les t\u00e9l\u00e9communications et l&#039;industrie.<\/li>\n<li><strong>Longue dur\u00e9e de vie<\/strong>: Faibles besoins d\u2019entretien et construction durable.<\/li>\n<\/ul>\n<h5>Caract\u00e9ristiques<\/h5>\n<ul>\n<li><strong>Alimentation<\/strong>: 200-240 V CA<\/li>\n<li><strong>Tension de sortie<\/strong>: 27,6 V CC<\/li>\n<li><strong>Efficacit\u00e9<\/strong>: 90%<\/li>\n<li><strong>Capacit\u00e9 de la batterie<\/strong>: 2x7Ah<\/li>\n<li><strong>Dimensions<\/strong>: 230 x 300 x 82 mm<\/li>\n<\/ul>\n<p>Choisir <strong>Batterie de secours 24V 2A<\/strong> pour une solution fiable et flexible qui prot\u00e8ge vos syst\u00e8mes les plus importants contre les pannes de courant.<\/p>\n<p>&nbsp;<\/p>\n<p><img decoding=\"async\" class=\"alignnone size-medium wp-image-123514565\" src=\"https:\/\/securityonline.se\/wp-content\/uploads\/2024\/02\/HPSB-24V2A-B-300x206.png\" alt=\"\" width=\"300\" height=\"206\" \/><\/p>","protected":false},"excerpt":{"rendered":"<p>Batterie de secours efficace et compacte 24 V 2 A avec espace pour deux batteries 7 Ah.<\/p>\n<p>Prot\u00e8ge vos syst\u00e8mes en cas de panne de courant et offre un fonctionnement fiable.<\/p>","protected":false},"featured_media":138925,"template":"","meta":{"_acf_changed":false},"product_brand":[],"product_cat":[2721],"product_tag":[3197,3195],"class_list":{"0":"post-89899","1":"product","2":"type-product","3":"status-publish","4":"has-post-thumbnail","6":"product_cat-batteribackuper","7":"product_tag-backup-24v","8":"product_tag-batteribackup-hpsb-12-24v-serie","9":"product_shipping_class-tunga-paket","10":"pa_brands-pulsar","11":"tm-no-options","13":"first","14":"onbackorder","15":"featured","16":"taxable","17":"shipping-taxable","18":"purchasable","19":"product-type-simple"},"acf":[],"_links":{"self":[{"href":"https:\/\/secureus.se\/fr\/wp-json\/wp\/v2\/product\/89899","targetHints":{"allow":["GET"]}}],"collection":[{"href":"https:\/\/secureus.se\/fr\/wp-json\/wp\/v2\/product"}],"about":[{"href":"https:\/\/secureus.se\/fr\/wp-json\/wp\/v2\/types\/product"}],"wp:featuredmedia":[{"embeddable":true,"href":"https:\/\/secureus.se\/fr\/wp-json\/wp\/v2\/media\/138925"}],"wp:attachment":[{"href":"https:\/\/secureus.se\/fr\/wp-json\/wp\/v2\/media?parent=89899"}],"wp:term":[{"taxonomy":"product_brand","embeddable":true,"href":"https:\/\/secureus.se\/fr\/wp-json\/wp\/v2\/product_brand?post=89899"},{"taxonomy":"product_cat","embeddable":true,"href":"https:\/\/secureus.se\/fr\/wp-json\/wp\/v2\/product_cat?post=89899"},{"taxonomy":"product_tag","embeddable":true,"href":"https:\/\/secureus.se\/fr\/wp-json\/wp\/v2\/product_tag?post=89899"}],"curies":[{"name":"wp","href":"https:\/\/api.w.org\/{rel}","templated":true}]}}