{"id":89902,"date":"2024-02-27T13:54:14","date_gmt":"2024-02-27T12:54:14","guid":{"rendered":"https:\/\/secureus.se\/produkt\/batteribackup-24v-5a\/"},"modified":"2026-04-15T16:46:26","modified_gmt":"2026-04-15T14:46:26","slug":"batteribackup-24v-5a","status":"publish","type":"product","link":"https:\/\/secureus.se\/fr\/batteribackup-24v-5a\/","title":{"rendered":"Batterie de secours 24V 5A"},"content":{"rendered":"<h1>Batterie de secours 24 V 5 A \u2013 Pour un fonctionnement fiable et continu<\/h1>\n<p>Maintenez le fonctionnement de vos syst\u00e8mes critiques m\u00eame en cas de panne de courant gr\u00e2ce \u00e0 <strong>Batterie de secours 24V 5A<\/strong>.<\/p>\n<p>Cet appareil puissant est parfait pour les syst\u00e8mes basse tension dans les maisons, les bureaux et l&#039;industrie.<\/p>\n<p>Avec de la place pour deux batteries de 18 Ah, une construction robuste et des fonctions de protection avanc\u00e9es, il offre une s\u00e9curit\u00e9 et une fiabilit\u00e9 \u00e9lev\u00e9es.<\/p>\n<h5>Fonctions principales<\/h5>\n<ul>\n<li><strong>Alimentation efficace<\/strong>: Courant de sortie 5A \u00e0 27,6V DC avec capacit\u00e9 de charge flexible.<\/li>\n<li><strong>Fonctions de protection<\/strong>: Protection contre les courts-circuits (SCP), protection contre les surcharges (OLP), protection contre les surtensions (OVP) et protection contre les d\u00e9charges profondes (UVP).<\/li>\n<li><strong>Utilisation flexible de la batterie<\/strong>: Con\u00e7u pour deux batteries de 18 Ah afin de fournir un fonctionnement \u00e0 long terme lors de pannes de courant.<\/li>\n<li><strong>Indication optique<\/strong>: Les voyants LED indiquent l&#039;\u00e9tat de la batterie, l&#039;alimentation et toute erreur.<\/li>\n<li><strong>Conception durable<\/strong>: Fabriqu\u00e9 en m\u00e9tal robuste en finition blanc RAL9003 avec indice IP20.<\/li>\n<\/ul>\n<h5>Avantages<\/h5>\n<ul>\n<li><strong>S\u00e9curit\u00e9 et stabilit\u00e9<\/strong>: Assure un fonctionnement ininterrompu des syst\u00e8mes critiques.<\/li>\n<li><strong>Installation conviviale<\/strong>: Facile \u00e0 installer avec une conception de montage en surface et une fermeture boulonn\u00e9e.<\/li>\n<li><strong>Longue dur\u00e9e de vie<\/strong>: Conception durable avec garantie de deux ans.<\/li>\n<\/ul>\n<h5>Caract\u00e9ristiques<\/h5>\n<ul>\n<li><strong>Tension d&#039;alimentation<\/strong>: 200-240 V CA<\/li>\n<li><strong>Tension de sortie<\/strong>: 27,6 V CC<\/li>\n<li><strong>Efficacit\u00e9<\/strong>: 90%<\/li>\n<li><strong>Capacit\u00e9 de la batterie<\/strong>: 2 x 18 Ah<\/li>\n<li><strong>Dimensions<\/strong>: 330 x 380 x 173 mm<\/li>\n<\/ul>\n<p>Investir dans <strong>Batterie de secours 24V 5A<\/strong> pour une solution s\u00fbre et stable qui prot\u00e8ge vos syst\u00e8mes les plus importants contre les pannes de courant.<\/p>\n<h4><img decoding=\"async\" class=\"alignnone size-medium wp-image-123514569\" src=\"https:\/\/securityonline.se\/wp-content\/uploads\/2024\/02\/HPSB-24V5A-C-300x206.png\" alt=\"\" width=\"300\" height=\"206\" \/><\/h4>","protected":false},"excerpt":{"rendered":"<p>Batterie de secours efficace 24 V 5 A, con\u00e7ue pour les syst\u00e8mes basse tension.<\/p>\n<p>Assure un fonctionnement continu avec de la place pour deux batteries de 18 Ah et des fonctions de protection avanc\u00e9es.<\/p>","protected":false},"featured_media":138925,"template":"","meta":{"_acf_changed":false},"product_brand":[],"product_cat":[2721],"product_tag":[3197,3195],"class_list":{"0":"post-89902","1":"product","2":"type-product","3":"status-publish","4":"has-post-thumbnail","6":"product_cat-batteribackuper","7":"product_tag-backup-24v","8":"product_tag-batteribackup-hpsb-12-24v-serie","9":"product_shipping_class-tunga-paket","10":"pa_brands-pulsar","11":"tm-no-options","13":"first","14":"onbackorder","15":"featured","16":"taxable","17":"shipping-taxable","18":"purchasable","19":"product-type-simple"},"acf":[],"_links":{"self":[{"href":"https:\/\/secureus.se\/fr\/wp-json\/wp\/v2\/product\/89902","targetHints":{"allow":["GET"]}}],"collection":[{"href":"https:\/\/secureus.se\/fr\/wp-json\/wp\/v2\/product"}],"about":[{"href":"https:\/\/secureus.se\/fr\/wp-json\/wp\/v2\/types\/product"}],"wp:featuredmedia":[{"embeddable":true,"href":"https:\/\/secureus.se\/fr\/wp-json\/wp\/v2\/media\/138925"}],"wp:attachment":[{"href":"https:\/\/secureus.se\/fr\/wp-json\/wp\/v2\/media?parent=89902"}],"wp:term":[{"taxonomy":"product_brand","embeddable":true,"href":"https:\/\/secureus.se\/fr\/wp-json\/wp\/v2\/product_brand?post=89902"},{"taxonomy":"product_cat","embeddable":true,"href":"https:\/\/secureus.se\/fr\/wp-json\/wp\/v2\/product_cat?post=89902"},{"taxonomy":"product_tag","embeddable":true,"href":"https:\/\/secureus.se\/fr\/wp-json\/wp\/v2\/product_tag?post=89902"}],"curies":[{"name":"wp","href":"https:\/\/api.w.org\/{rel}","templated":true}]}}