{"id":89904,"date":"2024-02-27T12:40:39","date_gmt":"2024-02-27T11:40:39","guid":{"rendered":"https:\/\/secureus.se\/produkt\/batteribackup-12v-2a\/"},"modified":"2026-04-15T16:48:46","modified_gmt":"2026-04-15T14:48:46","slug":"batteribackup-12v-2a","status":"publish","type":"product","link":"https:\/\/secureus.se\/fr\/batteribackup-12v-2a\/","title":{"rendered":"Batterie de secours 12V 2A"},"content":{"rendered":"<h1>Batterie de secours 12 V 2 A \u2013 Alimentation stable pour les syst\u00e8mes critiques<\/h1>\n<p>S\u00e9curisez vos syst\u00e8mes avec <strong>Batterie de secours 12V 2A<\/strong> qui fournit une alimentation stable et un fonctionnement ininterrompu m\u00eame en cas de panne de courant.<\/p>\n<p>Avec de la place pour une batterie de 7 Ah, cet appareil est id\u00e9al pour une utilisation \u00e0 la maison, au bureau et en entreprise.<\/p>\n<h5>Fonctions principales<\/h5>\n<ul>\n<li><strong>Alimentation efficace<\/strong>: Fournit un courant de sortie de 2,5 A \u00e0 13,8 V CC et comprend le chargement de la batterie.<\/li>\n<li><strong>Fonctions de protection avanc\u00e9es<\/strong>: Protection contre les courts-circuits (SCP), les surcharges (OLP), les surchauffes (OHP) et les d\u00e9charges profondes (UVP).<\/li>\n<li><strong>Conception flexible<\/strong>: Espace pour une batterie de 7 Ah avec un espace et des options de montage optimis\u00e9s.<\/li>\n<li><strong>Indications LED<\/strong>: LED optiques pour la surveillance de l&#039;\u00e9tat et l&#039;indication des erreurs.<\/li>\n<li><strong>Construction robuste<\/strong>: Fabriqu\u00e9 en m\u00e9tal durable en blanc RAL9003 avec indice IP20.<\/li>\n<\/ul>\n<h5>Avantages<\/h5>\n<ul>\n<li><strong>S\u00e9curit\u00e9 et stabilit\u00e9<\/strong>: Garantit un fonctionnement ininterrompu pour les syst\u00e8mes sensibles.<\/li>\n<li><strong>Installation conviviale<\/strong>: Conception compacte avec montage en surface et connexion facile.<\/li>\n<li><strong>Longue dur\u00e9e de vie<\/strong>: Con\u00e7u pour durer, avec une garantie de deux ans.<\/li>\n<\/ul>\n<h5>Caract\u00e9ristiques<\/h5>\n<ul>\n<li><strong>Tension d&#039;alimentation<\/strong>: 200-240 V CA<\/li>\n<li><strong>Tension de sortie<\/strong>: 13,8 V CC<\/li>\n<li><strong>Capacit\u00e9 de la batterie<\/strong>: 1x7Ah<\/li>\n<li><strong>Efficacit\u00e9<\/strong>: 87%<\/li>\n<li><strong>Dimensions<\/strong>: 170x180x82mm<\/li>\n<\/ul>\n<p>Investir dans <strong>Batterie de secours 12V 2A<\/strong> pour garantir une alimentation \u00e9lectrique stable et prot\u00e9ger vos syst\u00e8mes les plus importants.<\/p>\n<p><img decoding=\"async\" class=\"alignnone size-medium wp-image-123514570\" src=\"https:\/\/securityonline.se\/wp-content\/uploads\/2024\/02\/HPSB-12V2A-B-300x206.png\" alt=\"\" width=\"300\" height=\"206\" \/><\/p>","protected":false},"excerpt":{"rendered":"<p>Batterie de secours compacte et efficace 12V 2A avec espace pour une batterie 7Ah.<\/p>\n<p>Prot\u00e8ge vos syst\u00e8mes avec des fonctions de protection avanc\u00e9es et un fonctionnement stable.<\/p>","protected":false},"featured_media":138866,"template":"","meta":{"_acf_changed":false},"product_brand":[],"product_cat":[2721],"product_tag":[3196,3195],"class_list":{"0":"post-89904","1":"product","2":"type-product","3":"status-publish","4":"has-post-thumbnail","6":"product_cat-batteribackuper","7":"product_tag-backup-12v","8":"product_tag-batteribackup-hpsb-12-24v-serie","9":"product_shipping_class-tunga-paket","10":"pa_brands-pulsar","11":"tm-no-options","13":"first","14":"onbackorder","15":"featured","16":"taxable","17":"shipping-taxable","18":"purchasable","19":"product-type-simple"},"acf":[],"_links":{"self":[{"href":"https:\/\/secureus.se\/fr\/wp-json\/wp\/v2\/product\/89904","targetHints":{"allow":["GET"]}}],"collection":[{"href":"https:\/\/secureus.se\/fr\/wp-json\/wp\/v2\/product"}],"about":[{"href":"https:\/\/secureus.se\/fr\/wp-json\/wp\/v2\/types\/product"}],"wp:featuredmedia":[{"embeddable":true,"href":"https:\/\/secureus.se\/fr\/wp-json\/wp\/v2\/media\/138866"}],"wp:attachment":[{"href":"https:\/\/secureus.se\/fr\/wp-json\/wp\/v2\/media?parent=89904"}],"wp:term":[{"taxonomy":"product_brand","embeddable":true,"href":"https:\/\/secureus.se\/fr\/wp-json\/wp\/v2\/product_brand?post=89904"},{"taxonomy":"product_cat","embeddable":true,"href":"https:\/\/secureus.se\/fr\/wp-json\/wp\/v2\/product_cat?post=89904"},{"taxonomy":"product_tag","embeddable":true,"href":"https:\/\/secureus.se\/fr\/wp-json\/wp\/v2\/product_tag?post=89904"}],"curies":[{"name":"wp","href":"https:\/\/api.w.org\/{rel}","templated":true}]}}