{"id":89957,"date":"2024-03-04T14:27:59","date_gmt":"2024-03-04T13:27:59","guid":{"rendered":"https:\/\/secureus.se\/?post_type=product&#038;p=89957"},"modified":"2026-04-08T16:59:14","modified_gmt":"2026-04-08T14:59:14","slug":"fargo-45610-ymcko-colour-ribbon-500-prints","status":"publish","type":"product","link":"https:\/\/secureus.se\/fr\/fargo-45610-ymcko-colour-ribbon-500-prints\/","title":{"rendered":"F\u00e4rgband Fargo YMCKO &#8211; 45610 (500 utskrifter)"},"content":{"rendered":"<h1>Ruban<br \/>\n  Fargo YMCKO &#8211; 45610 (500 utskrifter)<\/h1>\n<p>F\u00e4rgband Fargo YMCKO &#8211; 45610 (500 utskrifter) \u00e4r ett f\u00e4rgband f\u00f6r<br \/>\n  impression de cartes plastiques aux couleurs vives, texte clair et de bonne qualit\u00e9<br \/>\n  Reproduction d\u00e9taill\u00e9e. Le ruban YMCKO assure la combinaison correcte de panneaux de couleur et<br \/>\n  Couche de protection pour l&#039;impression professionnelle de cartes.<\/p>\n<p>Convient aux cartes d&#039;identit\u00e9, cartes d&#039;acc\u00e8s, cartes de membre et autres.<br \/>\n  cartes plastiques pour lesquelles une qualit\u00e9 d&#039;impression et une fiabilit\u00e9 \u00e9lev\u00e9es sont importantes.<\/p>\n<ul>\n<li>Capacit\u00e9 : jusqu&#039;\u00e0 500 impressions<\/li>\n<li>Type de ruban : YMCKO<\/li>\n<li>Produit original<\/li>\n<li>Artikelnummer: 45610<\/li>\n<\/ul>","protected":false},"excerpt":{"rendered":"<p>F\u00e4rgband Fargo YMCKO &#8211; 45610 (500 utskrifter) F\u00e4rgband Fargo YMCKO &#8211; 45610 (500 utskrifter) \u00e4r ett f\u00e4rgband f\u00f6r utskrift av plastkort med skarpa f\u00e4rger, tydlig text och bra detalj\u00e5tergivning. Bandtypen<\/p>","protected":false},"featured_media":138584,"template":"","meta":{"_acf_changed":false},"product_brand":[],"product_cat":[3214,4843],"product_tag":[3201,4863],"class_list":{"0":"post-89957","1":"product","2":"type-product","3":"status-publish","4":"has-post-thumbnail","6":"product_cat-fargo-fargband-retransfer","7":"product_cat-dtc1500-band","8":"product_tag-fargo-tillbehor","9":"product_tag-pf","10":"product_shipping_class-tunga-paket","11":"pa_brands-fargo","12":"tm-has-options","14":"first","15":"instock","16":"sale","17":"taxable","18":"shipping-taxable","19":"purchasable","20":"product-type-simple"},"acf":[],"_links":{"self":[{"href":"https:\/\/secureus.se\/fr\/wp-json\/wp\/v2\/product\/89957","targetHints":{"allow":["GET"]}}],"collection":[{"href":"https:\/\/secureus.se\/fr\/wp-json\/wp\/v2\/product"}],"about":[{"href":"https:\/\/secureus.se\/fr\/wp-json\/wp\/v2\/types\/product"}],"wp:featuredmedia":[{"embeddable":true,"href":"https:\/\/secureus.se\/fr\/wp-json\/wp\/v2\/media\/138584"}],"wp:attachment":[{"href":"https:\/\/secureus.se\/fr\/wp-json\/wp\/v2\/media?parent=89957"}],"wp:term":[{"taxonomy":"product_brand","embeddable":true,"href":"https:\/\/secureus.se\/fr\/wp-json\/wp\/v2\/product_brand?post=89957"},{"taxonomy":"product_cat","embeddable":true,"href":"https:\/\/secureus.se\/fr\/wp-json\/wp\/v2\/product_cat?post=89957"},{"taxonomy":"product_tag","embeddable":true,"href":"https:\/\/secureus.se\/fr\/wp-json\/wp\/v2\/product_tag?post=89957"}],"curies":[{"name":"wp","href":"https:\/\/api.w.org\/{rel}","templated":true}]}}