{"id":89993,"date":"2024-03-04T14:25:14","date_gmt":"2024-03-04T13:25:14","guid":{"rendered":"https:\/\/secureus.se\/produkt\/evolis-agilia-rt4f101e100-ymck-colour-ribbon-600-prints\/"},"modified":"2026-03-26T10:06:36","modified_gmt":"2026-03-26T09:06:36","slug":"evolis-agilia-rt4f101e100-ymck-colour-ribbon-600-prints","status":"publish","type":"product","link":"https:\/\/secureus.se\/fr\/evolis-agilia-rt4f101e100-ymck-colour-ribbon-600-prints\/","title":{"rendered":"Ruban couleur Evolis Agilia RT4F101E100 YMCK (600 impressions)"},"content":{"rendered":"<p>Lib\u00e9rez le v\u00e9ritable potentiel de votre imprimante \u00e0 retransfert Evolis Agilia avec le ruban couleur Evolis Agilia RT4F101E100 YMCK.<\/p>\n<p>Ce ruban couleur haut de gamme \u00e0 quatre panneaux est le compagnon id\u00e9al de votre imprimante, garantissant des impressions vives et r\u00e9alistes \u00e0 chaque utilisation.<\/p>\n<ul>\n<li>600 impressions couleur par rouleau<\/li>\n<li>Ruban YMCK (panneaux de ruban jaune, magenta, cyan et noir)<\/li>\n<li>V\u00e9ritable ruban Evolis directement de la source<\/li>\n<\/ul>\n<p>Veuillez noter que ce ruban YMCK doit \u00eatre utilis\u00e9 conjointement avec le film de retransfert Evolis Agilia RTCL100NAAA.<\/p>","protected":false},"excerpt":{"rendered":"<p>Lib\u00e9rez le v\u00e9ritable potentiel de votre imprimante \u00e0 retransfert Evolis Agilia avec le ruban couleur Evolis Agilia RT4F101E100 YMCK. Ce ruban couleur haut de gamme \u00e0 quatre panneaux est le compagnon id\u00e9al pour votre imprimante,<\/p>","protected":false},"featured_media":138700,"template":"","meta":{"_acf_changed":false},"product_brand":[],"product_cat":[3213,4854],"product_tag":[3181,4863],"class_list":{"0":"post-89993","1":"product","2":"type-product","3":"status-publish","4":"has-post-thumbnail","6":"product_cat-evolis-fargband-retransfer","7":"product_cat-agilia","8":"product_tag-evolis-tillbehor","9":"product_tag-pf","10":"product_shipping_class-tunga-paket","11":"pa_brands-evolis","12":"tm-has-options","14":"first","15":"instock","16":"sale","17":"taxable","18":"shipping-taxable","19":"purchasable","20":"product-type-simple"},"acf":[],"_links":{"self":[{"href":"https:\/\/secureus.se\/fr\/wp-json\/wp\/v2\/product\/89993","targetHints":{"allow":["GET"]}}],"collection":[{"href":"https:\/\/secureus.se\/fr\/wp-json\/wp\/v2\/product"}],"about":[{"href":"https:\/\/secureus.se\/fr\/wp-json\/wp\/v2\/types\/product"}],"wp:featuredmedia":[{"embeddable":true,"href":"https:\/\/secureus.se\/fr\/wp-json\/wp\/v2\/media\/138700"}],"wp:attachment":[{"href":"https:\/\/secureus.se\/fr\/wp-json\/wp\/v2\/media?parent=89993"}],"wp:term":[{"taxonomy":"product_brand","embeddable":true,"href":"https:\/\/secureus.se\/fr\/wp-json\/wp\/v2\/product_brand?post=89993"},{"taxonomy":"product_cat","embeddable":true,"href":"https:\/\/secureus.se\/fr\/wp-json\/wp\/v2\/product_cat?post=89993"},{"taxonomy":"product_tag","embeddable":true,"href":"https:\/\/secureus.se\/fr\/wp-json\/wp\/v2\/product_tag?post=89993"}],"curies":[{"name":"wp","href":"https:\/\/api.w.org\/{rel}","templated":true}]}}