{"id":90020,"date":"2024-03-04T14:24:03","date_gmt":"2024-03-04T13:24:03","guid":{"rendered":"https:\/\/secureus.se\/produkt\/magicard-ultima-he1000rt-retransfer-film-1000-prints\/"},"modified":"2026-03-26T10:06:49","modified_gmt":"2026-03-26T09:06:49","slug":"magicard-ultima-he1000rt-retransfer-film-1000-prints","status":"publish","type":"product","link":"https:\/\/secureus.se\/fr\/magicard-ultima-he1000rt-retransfer-film-1000-prints\/","title":{"rendered":"Film de retransfert Magicard Ultima HE1000RT (1000 tirages)"},"content":{"rendered":"<p>Le film de retransfert Magicard HE1000RT doit \u00eatre utilis\u00e9 conjointement avec le film colorant couleur HE1000 YMCK pour produire des cartes haute d\u00e9finition r\u00e9sistantes \u00e0 l&#039;abrasion et \u00e0 la d\u00e9coloration de l&#039;image.<\/p>\n<p>Les images sont imprim\u00e9es sur la face inf\u00e9rieure du film de retransfert puis li\u00e9es thermiquement \u00e0 la carte plastique.<\/p>\n<p>Cela garantit que les impressions vives et lumineuses sont solidement scell\u00e9es sur la carte.<\/p>\n<ul dir=\"ltr\">\n<li>1 000 impressions par rouleau<\/li>\n<li>Doit \u00eatre utilis\u00e9 avec le film colorant polychrome Magicard HE1000 YMCK.<\/li>\n<\/ul>\n<p>R\u00e9f\u00e9rence fabricant : HE1000RT<\/p>","protected":false},"excerpt":{"rendered":"<p>Le film de retransfert Magicard HE1000RT doit \u00eatre utilis\u00e9 conjointement avec le film colorant couleur HE1000 YMCK pour produire des cartes haute d\u00e9finition r\u00e9sistantes \u00e0 l&#039;abrasion et \u00e0 la d\u00e9coloration de l&#039;image.<\/p>","protected":false},"featured_media":138780,"template":"","meta":{"_acf_changed":false},"product_brand":[],"product_cat":[3216,4831],"product_tag":[3182,4863],"class_list":{"0":"post-90020","1":"product","2":"type-product","3":"status-publish","4":"has-post-thumbnail","6":"product_cat-magicard-fargband-retransfer","7":"product_cat-magicard-ultima-ribbons","8":"product_tag-magicard-tillbehor","9":"product_tag-pf","10":"product_shipping_class-tunga-paket","11":"pa_brands-magicard","12":"tm-has-options","14":"first","15":"instock","16":"sale","17":"taxable","18":"shipping-taxable","19":"purchasable","20":"product-type-simple"},"acf":[],"_links":{"self":[{"href":"https:\/\/secureus.se\/fr\/wp-json\/wp\/v2\/product\/90020","targetHints":{"allow":["GET"]}}],"collection":[{"href":"https:\/\/secureus.se\/fr\/wp-json\/wp\/v2\/product"}],"about":[{"href":"https:\/\/secureus.se\/fr\/wp-json\/wp\/v2\/types\/product"}],"wp:featuredmedia":[{"embeddable":true,"href":"https:\/\/secureus.se\/fr\/wp-json\/wp\/v2\/media\/138780"}],"wp:attachment":[{"href":"https:\/\/secureus.se\/fr\/wp-json\/wp\/v2\/media?parent=90020"}],"wp:term":[{"taxonomy":"product_brand","embeddable":true,"href":"https:\/\/secureus.se\/fr\/wp-json\/wp\/v2\/product_brand?post=90020"},{"taxonomy":"product_cat","embeddable":true,"href":"https:\/\/secureus.se\/fr\/wp-json\/wp\/v2\/product_cat?post=90020"},{"taxonomy":"product_tag","embeddable":true,"href":"https:\/\/secureus.se\/fr\/wp-json\/wp\/v2\/product_tag?post=90020"}],"curies":[{"name":"wp","href":"https:\/\/api.w.org\/{rel}","templated":true}]}}