{"id":90027,"date":"2024-03-04T14:23:56","date_gmt":"2024-03-04T13:23:56","guid":{"rendered":"https:\/\/secureus.se\/produkt\/magicard-ultima-color-ymck-dye-film-retransfer-film-set-x1\/"},"modified":"2026-04-23T12:32:12","modified_gmt":"2026-04-23T10:32:12","slug":"magicard-ultima-color-ymck-dye-film-retransfer-film-set-x1","status":"publish","type":"product","link":"https:\/\/secureus.se\/fr\/magicard-ultima-color-ymck-dye-film-retransfer-film-set-x1\/","title":{"rendered":"Retransfert du film Magicard YMCK \u2013 Ultima"},"content":{"rendered":"<h1>Film de retransfert<br \/>\n  Magicard YMCK &#8211; Ultima<\/h1>\n<p>Retransferfilm Magicard YMCK &#8211; Ultima \u00e4r ett komplett set med<br \/>\n  f\u00e4rgband och retransferfilm f\u00f6r h\u00f6guppl\u00f6st kortutskrift. Kombinationen ger<br \/>\n  skarpa f\u00e4rger, tydlig text och ett skyddande lager som g\u00f6r korten mer t\u00e5liga<br \/>\n  i daglig anv\u00e4ndning.<\/p>\n<p>Un bon choix si vous souhaitez augmenter la dur\u00e9e de vie de vos cartes et les am\u00e9liorer.<br \/>\n  durabilit\u00e9 et un r\u00e9sultat final plus professionnel.<\/p>\n<ul>\n<li>Capacit\u00e9 : jusqu&#039;\u00e0 1\u00a0000 impressions par rouleau<\/li>\n<li>Type de bande : YMCK<\/li>\n<li>R\u00e9f\u00e9rence : HE4000-SINGLESET<\/li>\n<\/ul>\n<p><strong>Kompatibel med The Magicard HE4000-SINGLESET YMCK<br \/>\n  dye film och retransfer set are endast compatible for use with the Magicard<br \/>\n  Ultima.<\/strong><\/p>","protected":false},"excerpt":{"rendered":"<p>Retransferfilm Magicard YMCK &#8211; Ultima Retransferfilm Magicard YMCK &#8211; Ultima \u00e4r ett komplett set med f\u00e4rgband och retransferfilm f\u00f6r h\u00f6guppl\u00f6st kortutskrift. Kombinationen ger skarpa f\u00e4rger, tydlig text och ett skyddande<\/p>","protected":false},"featured_media":138825,"template":"","meta":{"_acf_changed":false},"product_brand":[],"product_cat":[3216,4831],"product_tag":[3182,4863],"class_list":{"0":"post-90027","1":"product","2":"type-product","3":"status-publish","4":"has-post-thumbnail","6":"product_cat-magicard-fargband-retransfer","7":"product_cat-magicard-ultima-ribbons","8":"product_tag-magicard-tillbehor","9":"product_tag-pf","10":"product_shipping_class-tunga-paket","11":"pa_brands-magicard","12":"tm-has-options","14":"first","15":"instock","16":"sale","17":"taxable","18":"shipping-taxable","19":"purchasable","20":"product-type-simple"},"acf":[],"_links":{"self":[{"href":"https:\/\/secureus.se\/fr\/wp-json\/wp\/v2\/product\/90027","targetHints":{"allow":["GET"]}}],"collection":[{"href":"https:\/\/secureus.se\/fr\/wp-json\/wp\/v2\/product"}],"about":[{"href":"https:\/\/secureus.se\/fr\/wp-json\/wp\/v2\/types\/product"}],"wp:featuredmedia":[{"embeddable":true,"href":"https:\/\/secureus.se\/fr\/wp-json\/wp\/v2\/media\/138825"}],"wp:attachment":[{"href":"https:\/\/secureus.se\/fr\/wp-json\/wp\/v2\/media?parent=90027"}],"wp:term":[{"taxonomy":"product_brand","embeddable":true,"href":"https:\/\/secureus.se\/fr\/wp-json\/wp\/v2\/product_brand?post=90027"},{"taxonomy":"product_cat","embeddable":true,"href":"https:\/\/secureus.se\/fr\/wp-json\/wp\/v2\/product_cat?post=90027"},{"taxonomy":"product_tag","embeddable":true,"href":"https:\/\/secureus.se\/fr\/wp-json\/wp\/v2\/product_tag?post=90027"}],"curies":[{"name":"wp","href":"https:\/\/api.w.org\/{rel}","templated":true}]}}