{"id":90164,"date":"2024-03-12T10:37:31","date_gmt":"2024-03-12T09:37:31","guid":{"rendered":"https:\/\/secureus.se\/?post_type=product&#038;p=90164"},"modified":"2026-04-21T12:59:15","modified_gmt":"2026-04-21T10:59:15","slug":"risco-wifi-2mp-cube-camera","status":"publish","type":"product","link":"https:\/\/secureus.se\/fr\/risco-wifi-2mp-cube-camera\/","title":{"rendered":"Cam\u00e9ra cubique Risco WiFi 2MP"},"content":{"rendered":"<h1>Cam\u00e9ra cubique Risco WiFi 2MP<\/h1>\n<p data-start=\"341\" data-end=\"630\">La cam\u00e9ra Risco WiFi 2MP Cube est con\u00e7ue pour fournir une surveillance vid\u00e9o de haute qualit\u00e9 avec son capteur d&#039;image CMOS progressif de 2 m\u00e9gapixels.<\/p>\n<p data-start=\"341\" data-end=\"630\">La cam\u00e9ra a une distance focale de 2,8 mm et prend en charge la visibilit\u00e9 IR jusqu&#039;\u00e0 10 m\u00e8tres, ce qui la rend adapt\u00e9e \u00e0 une utilisation int\u00e9rieure et ext\u00e9rieure.<\/p>\n<p data-start=\"632\" data-end=\"951\">Il est \u00e9quip\u00e9 d&#039;un haut-parleur et d&#039;un microphone int\u00e9gr\u00e9s pour une communication bidirectionnelle, permettant \u00e0 l&#039;utilisateur d&#039;\u00e9couter et de parler via la cam\u00e9ra.<\/p>\n<p data-start=\"632\" data-end=\"951\">WDR (DWDR) garantit une bonne qualit\u00e9 d&#039;image m\u00eame dans des conditions d&#039;\u00e9clairage difficiles.<\/p>\n<p data-start=\"632\" data-end=\"951\">La cam\u00e9ra prend \u00e9galement en charge les cartes Micro SD d&#039;une capacit\u00e9 allant jusqu&#039;\u00e0 256 Go pour le stockage vid\u00e9o local.<\/p>\n<p data-start=\"953\" data-end=\"1101\">Avec une puissance de sortie WiFi de 20 dBm et une prise en charge des fr\u00e9quences WiFi 2,4 GHz, il est facile \u00e0 installer et \u00e0 int\u00e9grer dans votre syst\u00e8me de s\u00e9curit\u00e9 existant.<\/p>\n<p data-start=\"1103\" data-end=\"1132\"><strong data-start=\"1103\" data-end=\"1132\">Sp\u00e9cifications techniques\u00a0:<\/strong><\/p>\n<ul data-start=\"1133\" data-end=\"1475\">\n<li data-start=\"1133\" data-end=\"1169\">\n<p data-start=\"1135\" data-end=\"1169\">Mod\u00e8le\u00a0:\u00a0Cam\u00e9ra cubique Risco WiFi 2\u00a0MP<\/p>\n<\/li>\n<li data-start=\"1170\" data-end=\"1218\">\n<p data-start=\"1172\" data-end=\"1218\">Capteur d&#039;image : CMOS progressif 1\/2,7&quot; de 2 m\u00e9gapixels<\/p>\n<\/li>\n<li data-start=\"1219\" data-end=\"1241\">\n<p data-start=\"1221\" data-end=\"1241\">Distance IR : 10 m\u00e8tres<\/p>\n<\/li>\n<li data-start=\"1242\" data-end=\"1261\">\n<p data-start=\"1244\" data-end=\"1261\">Distance focale : 2,8 mm<\/p>\n<\/li>\n<li data-start=\"1262\" data-end=\"1288\">\n<p data-start=\"1264\" data-end=\"1288\">Alimentation : 12 V CC<\/p>\n<\/li>\n<li data-start=\"1289\" data-end=\"1314\">\n<p data-start=\"1291\" data-end=\"1314\">Consommation \u00e9lectrique\u00a0: &lt;3,5\u00a0W<\/p>\n<\/li>\n<li data-start=\"1315\" data-end=\"1347\">\n<p data-start=\"1317\" data-end=\"1347\">Puissance de sortie Wi-Fi\u00a0: 20 dBm max.<\/p>\n<\/li>\n<li data-start=\"1348\" data-end=\"1373\">\n<p data-start=\"1350\" data-end=\"1373\">Fr\u00e9quence Wi-Fi\u00a0: 2,4\u00a0GHz<\/p>\n<\/li>\n<li data-start=\"1374\" data-end=\"1406\">\n<p data-start=\"1376\" data-end=\"1406\">Haut-parleur et microphone int\u00e9gr\u00e9s<\/p>\n<\/li>\n<li data-start=\"1407\" data-end=\"1447\">\n<p data-start=\"1409\" data-end=\"1447\">WDR : DWDR (plage dynamique \u00e9tendue num\u00e9rique)<\/p>\n<\/li>\n<li data-start=\"1448\" data-end=\"1475\">\n<p data-start=\"1450\" data-end=\"1475\">Carte Micro SD, Max. 256 Go<\/p>\n<\/li>\n<\/ul>","protected":false},"excerpt":{"rendered":"<p>La cam\u00e9ra Risco WiFi 2MP Cube est une cam\u00e9ra de s\u00e9curit\u00e9 compacte dot\u00e9e d&#039;un capteur d&#039;image de 2 m\u00e9gapixels et d&#039;une prise en charge de la connectivit\u00e9 WiFi.<\/p>\n<p>Il offre une visibilit\u00e9 IR jusqu&#039;\u00e0 10 m\u00e8tres et dispose d&#039;un haut-parleur et d&#039;un microphone int\u00e9gr\u00e9s pour une communication bidirectionnelle.<\/p>","protected":false},"featured_media":137905,"template":"","meta":{"_acf_changed":false},"product_brand":[],"product_cat":[3192],"product_tag":[],"class_list":{"0":"post-90164","1":"product","2":"type-product","3":"status-publish","4":"has-post-thumbnail","6":"product_cat-risco-ip-kamera","7":"product_shipping_class-tunga-paket","8":"pa_brands-4risco","9":"tm-no-options","11":"first","12":"instock","13":"sale","14":"taxable","15":"shipping-taxable","16":"purchasable","17":"product-type-simple"},"acf":[],"_links":{"self":[{"href":"https:\/\/secureus.se\/fr\/wp-json\/wp\/v2\/product\/90164","targetHints":{"allow":["GET"]}}],"collection":[{"href":"https:\/\/secureus.se\/fr\/wp-json\/wp\/v2\/product"}],"about":[{"href":"https:\/\/secureus.se\/fr\/wp-json\/wp\/v2\/types\/product"}],"wp:featuredmedia":[{"embeddable":true,"href":"https:\/\/secureus.se\/fr\/wp-json\/wp\/v2\/media\/137905"}],"wp:attachment":[{"href":"https:\/\/secureus.se\/fr\/wp-json\/wp\/v2\/media?parent=90164"}],"wp:term":[{"taxonomy":"product_brand","embeddable":true,"href":"https:\/\/secureus.se\/fr\/wp-json\/wp\/v2\/product_brand?post=90164"},{"taxonomy":"product_cat","embeddable":true,"href":"https:\/\/secureus.se\/fr\/wp-json\/wp\/v2\/product_cat?post=90164"},{"taxonomy":"product_tag","embeddable":true,"href":"https:\/\/secureus.se\/fr\/wp-json\/wp\/v2\/product_tag?post=90164"}],"curies":[{"name":"wp","href":"https:\/\/api.w.org\/{rel}","templated":true}]}}