{"id":90168,"date":"2024-03-12T10:37:30","date_gmt":"2024-03-12T09:37:30","guid":{"rendered":"https:\/\/secureus.se\/?post_type=product&#038;p=90168"},"modified":"2026-04-21T14:54:59","modified_gmt":"2026-04-21T12:54:59","slug":"risco-wifi-2mp-eyeball-camera","status":"publish","type":"product","link":"https:\/\/secureus.se\/fr\/risco-wifi-2mp-eyeball-camera\/","title":{"rendered":"Cam\u00e9ra oculaire Risco WiFi 2MP"},"content":{"rendered":"<h1>Cam\u00e9ra oculaire Risco WiFi 2MP<\/h1>\n<p data-start=\"355\" data-end=\"728\">La cam\u00e9ra Risco WiFi 2MP Eyeball offre un capteur d&#039;image CMOS progressif haute r\u00e9solution de 2 m\u00e9gapixels qui offre une qualit\u00e9 d&#039;image claire et d\u00e9taill\u00e9e.<\/p>\n<p data-start=\"355\" data-end=\"728\">La cam\u00e9ra a une distance IR allant jusqu&#039;\u00e0 20 m\u00e8tres, ce qui la rend id\u00e9ale pour la surveillance de jour comme de nuit.<\/p>\n<p data-start=\"355\" data-end=\"728\">Avec une distance focale de 2,8 mm, la cam\u00e9ra capture un large champ de vision et est parfaite pour surveiller des zones plus grandes.<\/p>\n<p data-start=\"730\" data-end=\"974\">La cam\u00e9ra est certifi\u00e9e IP67, ce qui la rend \u00e0 la fois r\u00e9sistante \u00e0 l&#039;eau et \u00e0 la poussi\u00e8re, la rendant adapt\u00e9e \u00e0 une utilisation en int\u00e9rieur et en ext\u00e9rieur.<\/p>\n<p data-start=\"730\" data-end=\"974\">Il prend \u00e9galement en charge les cartes Micro SD d&#039;une capacit\u00e9 allant jusqu&#039;\u00e0 128 Go pour le stockage local de mat\u00e9riel vid\u00e9o.<\/p>\n<p data-start=\"976\" data-end=\"1223\">La cam\u00e9ra oculaire Risco WiFi 2MP dispose d&#039;une connectivit\u00e9 Wi-Fi, ce qui simplifie l&#039;installation et offre la flexibilit\u00e9 de placer la cam\u00e9ra l\u00e0 o\u00f9 elle est n\u00e9cessaire sans faire passer de c\u00e2bles.<\/p>\n<p data-start=\"976\" data-end=\"1223\">Il prend en charge une puissance de sortie Wi-Fi allant jusqu&#039;\u00e0 20 dBm et fonctionne sur la fr\u00e9quence 2,4 GHz.<\/p>\n<p data-start=\"1225\" data-end=\"1254\"><strong data-start=\"1225\" data-end=\"1254\">Sp\u00e9cifications techniques\u00a0:<\/strong><\/p>\n<ul data-start=\"1255\" data-end=\"1696\">\n<li data-start=\"1255\" data-end=\"1276\">\n<p data-start=\"1257\" data-end=\"1276\">Mod\u00e8le : RVCM32W1600<\/p>\n<\/li>\n<li data-start=\"1277\" data-end=\"1325\">\n<p data-start=\"1279\" data-end=\"1325\">Capteur d&#039;image : CMOS progressif 1\/2,7&quot; de 2 m\u00e9gapixels<\/p>\n<\/li>\n<li data-start=\"1326\" data-end=\"1348\">\n<p data-start=\"1328\" data-end=\"1348\">Distance IR : 20 m\u00e8tres<\/p>\n<\/li>\n<li data-start=\"1349\" data-end=\"1368\">\n<p data-start=\"1351\" data-end=\"1368\">Distance focale : 2,8 mm<\/p>\n<\/li>\n<li data-start=\"1369\" data-end=\"1399\">\n<p data-start=\"1371\" data-end=\"1399\">Alimentation : 12 V CC, 1 A.<\/p>\n<\/li>\n<li data-start=\"1400\" data-end=\"1425\">\n<p data-start=\"1402\" data-end=\"1425\">Consommation \u00e9lectrique\u00a0: &lt;4,7\u00a0W<\/p>\n<\/li>\n<li data-start=\"1426\" data-end=\"1462\">\n<p data-start=\"1428\" data-end=\"1462\">Puissance de sortie Wi-Fi\u00a0: maximum 20\u00a0dBm<\/p>\n<\/li>\n<li data-start=\"1463\" data-end=\"1488\">\n<p data-start=\"1465\" data-end=\"1488\">Fr\u00e9quence Wi-Fi : 2,4 GHz<\/p>\n<\/li>\n<li data-start=\"1489\" data-end=\"1565\">\n<p data-start=\"1491\" data-end=\"1565\">Conditions de fonctionnement : -20 \u00b0C \u00e0 45 \u00b0C (-4 \u00b0F \u00e0 113 \u00b0F), humidit\u00e9 \u2264 95%<\/p>\n<\/li>\n<li data-start=\"1566\" data-end=\"1615\">\n<p data-start=\"1568\" data-end=\"1615\">Classe de protection : IP67 (\u00e9tanche \u00e0 l&#039;eau et \u00e0 la poussi\u00e8re)<\/p>\n<\/li>\n<li data-start=\"1616\" data-end=\"1647\">\n<p data-start=\"1618\" data-end=\"1647\">Stockage : Micro SD, Max. 128 Go<\/p>\n<\/li>\n<li data-start=\"1648\" data-end=\"1696\">\n<p data-start=\"1650\" data-end=\"1696\">Caract\u00e9ristiques : ICR jour\/nuit (avec filtre infrarouge)<\/p>\n<\/li>\n<\/ul>","protected":false},"excerpt":{"rendered":"<p>La cam\u00e9ra Risco WiFi 2MP Eyeball est une cam\u00e9ra de s\u00e9curit\u00e9 de 2 m\u00e9gapixels avec une visibilit\u00e9 IR jusqu&#039;\u00e0 20 m\u00e8tres.<\/p>\n<p>Il est certifi\u00e9 IP67 et offre une surveillance vid\u00e9o de haute qualit\u00e9 avec une distance focale de 2,8 mm et une connectivit\u00e9 Wi-Fi pour une installation facile.<\/p>","protected":false},"featured_media":138328,"template":"","meta":{"_acf_changed":false},"product_brand":[],"product_cat":[3192],"product_tag":[],"class_list":{"0":"post-90168","1":"product","2":"type-product","3":"status-publish","4":"has-post-thumbnail","6":"product_cat-risco-ip-kamera","7":"product_shipping_class-tunga-paket","8":"pa_brands-4risco","9":"tm-no-options","11":"first","12":"onbackorder","13":"sale","14":"taxable","15":"shipping-taxable","16":"purchasable","17":"product-type-simple"},"acf":[],"_links":{"self":[{"href":"https:\/\/secureus.se\/fr\/wp-json\/wp\/v2\/product\/90168","targetHints":{"allow":["GET"]}}],"collection":[{"href":"https:\/\/secureus.se\/fr\/wp-json\/wp\/v2\/product"}],"about":[{"href":"https:\/\/secureus.se\/fr\/wp-json\/wp\/v2\/types\/product"}],"wp:featuredmedia":[{"embeddable":true,"href":"https:\/\/secureus.se\/fr\/wp-json\/wp\/v2\/media\/138328"}],"wp:attachment":[{"href":"https:\/\/secureus.se\/fr\/wp-json\/wp\/v2\/media?parent=90168"}],"wp:term":[{"taxonomy":"product_brand","embeddable":true,"href":"https:\/\/secureus.se\/fr\/wp-json\/wp\/v2\/product_brand?post=90168"},{"taxonomy":"product_cat","embeddable":true,"href":"https:\/\/secureus.se\/fr\/wp-json\/wp\/v2\/product_cat?post=90168"},{"taxonomy":"product_tag","embeddable":true,"href":"https:\/\/secureus.se\/fr\/wp-json\/wp\/v2\/product_tag?post=90168"}],"curies":[{"name":"wp","href":"https:\/\/api.w.org\/{rel}","templated":true}]}}