{"id":90172,"date":"2024-03-12T10:37:30","date_gmt":"2024-03-12T09:37:30","guid":{"rendered":"https:\/\/secureus.se\/?post_type=product&#038;p=90172"},"modified":"2026-04-21T14:46:13","modified_gmt":"2026-04-21T12:46:13","slug":"risco-poe-4mp-cube-camera","status":"publish","type":"product","link":"https:\/\/secureus.se\/fr\/risco-poe-4mp-cube-camera\/","title":{"rendered":"Cam\u00e9ra cubique Risco PoE 4MP"},"content":{"rendered":"<h1>Cam\u00e9ra cubique Risco PoE 4MP<\/h1>\n<p data-start=\"377\" data-end=\"712\">La cam\u00e9ra Risco PoE 4MP Cube offre une qualit\u00e9 d&#039;image sup\u00e9rieure avec son capteur d&#039;image de 4 m\u00e9gapixels.<\/p>\n<p data-start=\"377\" data-end=\"712\">Il est \u00e9quip\u00e9 du WDR (DWDR), qui am\u00e9liore la qualit\u00e9 de l&#039;image dans des conditions d&#039;\u00e9clairage difficiles, et d&#039;un microphone int\u00e9gr\u00e9 pour une communication bidirectionnelle.<\/p>\n<p data-start=\"377\" data-end=\"712\">Avec une distance IR allant jusqu&#039;\u00e0 10 m\u00e8tres, il offre une visibilit\u00e9 claire m\u00eame dans des conditions de faible luminosit\u00e9.<\/p>\n<p data-start=\"714\" data-end=\"1033\">Pour l&#039;installation, connectez la cam\u00e9ra via un c\u00e2ble Ethernet \u00e0 votre routeur ou au port PoE d&#039;un NVR.<\/p>\n<p data-start=\"714\" data-end=\"1033\">Si la cam\u00e9ra n&#039;est pas utilis\u00e9e avec PoE, elle doit \u00eatre aliment\u00e9e avec un adaptateur secteur appropri\u00e9.<\/p>\n<p data-start=\"714\" data-end=\"1033\">La cam\u00e9ra doit \u00eatre connect\u00e9e au RISCO Cloud via VUpoint NVR et configur\u00e9e comme une cam\u00e9ra \u00ab RISCO Pro \u00bb pour garantir un bon fonctionnement.<\/p>\n<p data-start=\"1035\" data-end=\"1155\">La cam\u00e9ra est parfaite pour une utilisation int\u00e9rieure et ext\u00e9rieure et est con\u00e7ue pour fournir une surveillance et une s\u00e9curit\u00e9 fiables.<\/p>\n<p data-start=\"1157\" data-end=\"1186\"><strong data-start=\"1157\" data-end=\"1186\">Sp\u00e9cifications techniques\u00a0:<\/strong><\/p>\n<ul data-start=\"1187\" data-end=\"1495\">\n<li data-start=\"1187\" data-end=\"1208\">\n<p data-start=\"1189\" data-end=\"1208\">Mod\u00e8le : RVCM11P1800<\/p>\n<\/li>\n<li data-start=\"1209\" data-end=\"1249\">\n<p data-start=\"1211\" data-end=\"1249\">WDR : DWDR (plage dynamique \u00e9tendue num\u00e9rique)<\/p>\n<\/li>\n<li data-start=\"1250\" data-end=\"1272\">\n<p data-start=\"1252\" data-end=\"1272\">Microphone int\u00e9gr\u00e9 : Oui<\/p>\n<\/li>\n<li data-start=\"1273\" data-end=\"1300\">\n<p data-start=\"1275\" data-end=\"1300\">Distance IR : Max. 10 m\u00e8tres<\/p>\n<\/li>\n<li data-start=\"1301\" data-end=\"1372\">\n<p data-start=\"1303\" data-end=\"1372\">Alimentation : POE ou adaptateur secteur externe (si PoE n&#039;est pas utilis\u00e9)<\/p>\n<\/li>\n<li data-start=\"1373\" data-end=\"1446\">\n<p data-start=\"1375\" data-end=\"1446\">Compatibilit\u00e9\u00a0: RISCO Cloud via VUpoint NVR (avec type de cam\u00e9ra \u00ab\u00a0RISCO Pro\u00a0\u00bb)<\/p>\n<\/li>\n<li data-start=\"1447\" data-end=\"1495\">\n<p data-start=\"1449\" data-end=\"1495\">Dimensions : Conception compacte pour une installation flexible<\/p>\n<\/li>\n<\/ul>","protected":false},"excerpt":{"rendered":"<p>La cam\u00e9ra Risco PoE 4MP Cube est une cam\u00e9ra de s\u00e9curit\u00e9 haute r\u00e9solution avec un capteur d&#039;image de 4 m\u00e9gapixels, un microphone int\u00e9gr\u00e9 et une visibilit\u00e9 IR jusqu&#039;\u00e0 10 m\u00e8tres.<\/p>\n<p>La cam\u00e9ra est compatible avec RISCO Cloud via VUpoint NVR et est id\u00e9ale pour surveiller les zones int\u00e9rieures et ext\u00e9rieures.<\/p>","protected":false},"featured_media":137905,"template":"","meta":{"_acf_changed":false},"product_brand":[],"product_cat":[3192],"product_tag":[],"class_list":{"0":"post-90172","1":"product","2":"type-product","3":"status-publish","4":"has-post-thumbnail","6":"product_cat-risco-ip-kamera","7":"product_shipping_class-tunga-paket","8":"pa_brands-4risco","9":"tm-no-options","11":"first","12":"instock","13":"sale","14":"taxable","15":"shipping-taxable","16":"purchasable","17":"product-type-simple"},"acf":[],"_links":{"self":[{"href":"https:\/\/secureus.se\/fr\/wp-json\/wp\/v2\/product\/90172","targetHints":{"allow":["GET"]}}],"collection":[{"href":"https:\/\/secureus.se\/fr\/wp-json\/wp\/v2\/product"}],"about":[{"href":"https:\/\/secureus.se\/fr\/wp-json\/wp\/v2\/types\/product"}],"wp:featuredmedia":[{"embeddable":true,"href":"https:\/\/secureus.se\/fr\/wp-json\/wp\/v2\/media\/137905"}],"wp:attachment":[{"href":"https:\/\/secureus.se\/fr\/wp-json\/wp\/v2\/media?parent=90172"}],"wp:term":[{"taxonomy":"product_brand","embeddable":true,"href":"https:\/\/secureus.se\/fr\/wp-json\/wp\/v2\/product_brand?post=90172"},{"taxonomy":"product_cat","embeddable":true,"href":"https:\/\/secureus.se\/fr\/wp-json\/wp\/v2\/product_cat?post=90172"},{"taxonomy":"product_tag","embeddable":true,"href":"https:\/\/secureus.se\/fr\/wp-json\/wp\/v2\/product_tag?post=90172"}],"curies":[{"name":"wp","href":"https:\/\/api.w.org\/{rel}","templated":true}]}}