{"id":90175,"date":"2024-03-12T10:37:30","date_gmt":"2024-03-12T09:37:30","guid":{"rendered":"https:\/\/secureus.se\/?post_type=product&#038;p=90175"},"modified":"2026-04-21T13:03:44","modified_gmt":"2026-04-21T11:03:44","slug":"risco-poe-4mp-bullet-camera","status":"publish","type":"product","link":"https:\/\/secureus.se\/fr\/risco-poe-4mp-bullet-camera\/","title":{"rendered":"Cam\u00e9ra Bullet Risco PoE 4MP"},"content":{"rendered":"<h1>Cam\u00e9ra Bullet Risco PoE 4MP<\/h1>\n<p data-start=\"356\" data-end=\"751\">La cam\u00e9ra Bullet Risco PoE 4MP offre une qualit\u00e9 d&#039;image cristalline gr\u00e2ce \u00e0 son capteur d&#039;image CMOS progressif de 4 m\u00e9gapixels.<\/p>\n<p data-start=\"356\" data-end=\"751\">Il a une distance IR allant jusqu&#039;\u00e0 30 m\u00e8tres, offrant une excellente visibilit\u00e9 m\u00eame dans des conditions sombres.<\/p>\n<p data-start=\"356\" data-end=\"751\">La cam\u00e9ra est \u00e9quip\u00e9e d&#039;un WDR (Wide Dynamic Range) de 120 dB, ce qui lui permet de g\u00e9rer des conditions d&#039;\u00e9clairage difficiles, telles qu&#039;un soleil \u00e9clatant ou des zones ombrag\u00e9es.<\/p>\n<p data-start=\"753\" data-end=\"1036\">Pour l&#039;installation, la cam\u00e9ra est connect\u00e9e via un c\u00e2ble Ethernet \u00e0 votre routeur ou au port PoE d&#039;un NVR.<\/p>\n<p data-start=\"753\" data-end=\"1036\">Si PoE n&#039;est pas utilis\u00e9, la cam\u00e9ra est aliment\u00e9e par un adaptateur secteur appropri\u00e9.<\/p>\n<p data-start=\"753\" data-end=\"1036\">La cam\u00e9ra est certifi\u00e9e IP67, ce qui la rend r\u00e9sistante \u00e0 l&#039;eau et \u00e0 la poussi\u00e8re, parfaite pour une utilisation en ext\u00e9rieur et dans des environnements difficiles.<\/p>\n<p data-start=\"1038\" data-end=\"1067\"><strong data-start=\"1038\" data-end=\"1067\">Sp\u00e9cifications techniques\u00a0:<\/strong><\/p>\n<ul data-start=\"1068\" data-end=\"1504\">\n<li data-start=\"1068\" data-end=\"1089\">\n<p data-start=\"1070\" data-end=\"1089\">Mod\u00e8le : RVCM52P2000<\/p>\n<\/li>\n<li data-start=\"1090\" data-end=\"1136\">\n<p data-start=\"1092\" data-end=\"1136\">Capteur d&#039;image : CMOS progressif 1\/3&quot; 4 m\u00e9gapixels<\/p>\n<\/li>\n<li data-start=\"1137\" data-end=\"1159\">\n<p data-start=\"1139\" data-end=\"1159\">Distance IR : 30 m\u00e8tres<\/p>\n<\/li>\n<li data-start=\"1160\" data-end=\"1179\">\n<p data-start=\"1162\" data-end=\"1179\">Distance focale : 2,8 mm<\/p>\n<\/li>\n<li data-start=\"1180\" data-end=\"1214\">\n<p data-start=\"1182\" data-end=\"1214\">WDR\u00a0: 120\u00a0dB (large plage dynamique)<\/p>\n<\/li>\n<li data-start=\"1215\" data-end=\"1266\">\n<p data-start=\"1217\" data-end=\"1266\">Mise \u00e0 jour du firmware : via l&#039;interface Web de la cam\u00e9ra<\/p>\n<\/li>\n<li data-start=\"1267\" data-end=\"1299\">\n<p data-start=\"1269\" data-end=\"1299\">Alimentation : 12 V CC \/ PoE<\/p>\n<\/li>\n<li data-start=\"1300\" data-end=\"1325\">\n<p data-start=\"1302\" data-end=\"1325\">Consommation \u00e9lectrique : &lt; 5,0 W<\/p>\n<\/li>\n<li data-start=\"1326\" data-end=\"1403\">\n<p data-start=\"1328\" data-end=\"1403\">Conditions de fonctionnement : -40 \u00b0C \u00e0 55 \u00b0C (-40 \u00b0F \u00e0 131 \u00b0F), humidit\u00e9 \u2264 95%<\/p>\n<\/li>\n<li data-start=\"1404\" data-end=\"1460\">\n<p data-start=\"1406\" data-end=\"1460\">Temp\u00e9rature de stockage : -40\u00b0C \u00e0 60\u00b0C (-40\u00b0F \u00e0 140\u00b0F)<\/p>\n<\/li>\n<li data-start=\"1461\" data-end=\"1504\">\n<p data-start=\"1463\" data-end=\"1504\">Protection : IP67 (\u00e9tanche \u00e0 l&#039;eau et \u00e0 la poussi\u00e8re)<\/p>\n<\/li>\n<\/ul>","protected":false},"excerpt":{"rendered":"<p>La cam\u00e9ra Bullet Risco PoE 4MP est une cam\u00e9ra de s\u00e9curit\u00e9 haute r\u00e9solution avec un capteur d&#039;image CMOS de 4 m\u00e9gapixels et une visibilit\u00e9 IR jusqu&#039;\u00e0 30 m\u00e8tres.<\/p>\n<p>La cam\u00e9ra offre la technologie WDR et est certifi\u00e9e IP67 pour des performances fiables dans les environnements int\u00e9rieurs et ext\u00e9rieurs.<\/p>","protected":false},"featured_media":138418,"template":"","meta":{"_acf_changed":false},"product_brand":[],"product_cat":[3192],"product_tag":[],"class_list":{"0":"post-90175","1":"product","2":"type-product","3":"status-publish","4":"has-post-thumbnail","6":"product_cat-risco-ip-kamera","7":"product_shipping_class-tunga-paket","8":"pa_brands-4risco","9":"tm-no-options","11":"first","12":"onbackorder","13":"sale","14":"taxable","15":"shipping-taxable","16":"purchasable","17":"product-type-simple"},"acf":[],"_links":{"self":[{"href":"https:\/\/secureus.se\/fr\/wp-json\/wp\/v2\/product\/90175","targetHints":{"allow":["GET"]}}],"collection":[{"href":"https:\/\/secureus.se\/fr\/wp-json\/wp\/v2\/product"}],"about":[{"href":"https:\/\/secureus.se\/fr\/wp-json\/wp\/v2\/types\/product"}],"wp:featuredmedia":[{"embeddable":true,"href":"https:\/\/secureus.se\/fr\/wp-json\/wp\/v2\/media\/138418"}],"wp:attachment":[{"href":"https:\/\/secureus.se\/fr\/wp-json\/wp\/v2\/media?parent=90175"}],"wp:term":[{"taxonomy":"product_brand","embeddable":true,"href":"https:\/\/secureus.se\/fr\/wp-json\/wp\/v2\/product_brand?post=90175"},{"taxonomy":"product_cat","embeddable":true,"href":"https:\/\/secureus.se\/fr\/wp-json\/wp\/v2\/product_cat?post=90175"},{"taxonomy":"product_tag","embeddable":true,"href":"https:\/\/secureus.se\/fr\/wp-json\/wp\/v2\/product_tag?post=90175"}],"curies":[{"name":"wp","href":"https:\/\/api.w.org\/{rel}","templated":true}]}}