{"id":90177,"date":"2024-03-12T10:37:24","date_gmt":"2024-03-12T09:37:24","guid":{"rendered":"https:\/\/secureus.se\/?post_type=product&#038;p=90177"},"modified":"2025-12-31T21:17:06","modified_gmt":"2025-12-31T20:17:06","slug":"risco-bullet-4mp-varifocal-poe-network-camera","status":"publish","type":"product","link":"https:\/\/secureus.se\/fr\/risco-bullet-4mp-varifocal-poe-network-camera\/","title":{"rendered":"Cam\u00e9ra r\u00e9seau PoE \u00e0 focale variable 4 MP Risco Bullet"},"content":{"rendered":"<h1>Cam\u00e9ra r\u00e9seau PoE \u00e0 focale variable 4 MP Risco Bullet<\/h1>\n<p data-start=\"369\" data-end=\"794\">La cam\u00e9ra r\u00e9seau PoE varifocale Risco Bullet 4MP est une cam\u00e9ra de s\u00e9curit\u00e9 avanc\u00e9e con\u00e7ue pour fournir une surveillance haute r\u00e9solution avec son capteur d&#039;image CMOS progressif de 4 m\u00e9gapixels.<\/p>\n<p data-start=\"369\" data-end=\"794\">La cam\u00e9ra dispose d&#039;une distance focale r\u00e9glable entre 2,8 mm et 12 mm, vous permettant de personnaliser le champ de vision en fonction de vos besoins de surveillance.<\/p>\n<p data-start=\"369\" data-end=\"794\">Avec une distance IR allant jusqu&#039;\u00e0 50 m\u00e8tres, la cam\u00e9ra offre une qualit\u00e9 d&#039;image claire m\u00eame dans des conditions sombres.<\/p>\n<p data-start=\"796\" data-end=\"1070\">La cam\u00e9ra est compatible avec RISCO Cloud, mais pour la connecter \u00e0 RISCO Cloud, elle doit \u00eatre connect\u00e9e \u00e0 un NVR VUpoint.<\/p>\n<p data-start=\"796\" data-end=\"1070\">L&#039;installation se fait via le port Ethernet et PoE (Power over Ethernet), ce qui facilite la connexion et l&#039;alimentation de la cam\u00e9ra via un c\u00e2ble r\u00e9seau.<\/p>\n<p data-start=\"1072\" data-end=\"1383\">La cam\u00e9ra est \u00e9galement dot\u00e9e de la technologie Wide Dynamic Range (WDR) de 120 dB, qui am\u00e9liore la qualit\u00e9 de l&#039;image dans des conditions d&#039;\u00e9clairage difficiles et fournit une image claire et nette quels que soient les niveaux de lumi\u00e8re.<\/p>\n<p data-start=\"1072\" data-end=\"1383\">Il est \u00e9galement certifi\u00e9 IP67, ce qui signifie qu&#039;il est \u00e0 la fois r\u00e9sistant \u00e0 l&#039;eau et \u00e0 la poussi\u00e8re, parfait pour une utilisation en int\u00e9rieur et en ext\u00e9rieur.<\/p>\n<p data-start=\"1385\" data-end=\"1414\"><strong data-start=\"1385\" data-end=\"1414\">Sp\u00e9cifications techniques\u00a0:<\/strong><\/p>\n<ul data-start=\"1415\" data-end=\"1870\">\n<li data-start=\"1415\" data-end=\"1436\">\n<p data-start=\"1417\" data-end=\"1436\">Mod\u00e8le : RVCM52P2200<\/p>\n<\/li>\n<li data-start=\"1437\" data-end=\"1484\">\n<p data-start=\"1439\" data-end=\"1484\">Capteur d&#039;image : CMOS progressif 1\/2,7&quot; 4 m\u00e9gapixels<\/p>\n<\/li>\n<li data-start=\"1485\" data-end=\"1503\">\n<p data-start=\"1487\" data-end=\"1503\">Distance IR : 50 m<\/p>\n<\/li>\n<li data-start=\"1504\" data-end=\"1543\">\n<p data-start=\"1506\" data-end=\"1543\">Distance focale : 2,8 mm \u2013 12 mm (r\u00e9glable)<\/p>\n<\/li>\n<li data-start=\"1544\" data-end=\"1578\">\n<p data-start=\"1546\" data-end=\"1578\">WDR\u00a0: 120\u00a0dB (large plage dynamique)<\/p>\n<\/li>\n<li data-start=\"1579\" data-end=\"1630\">\n<p data-start=\"1581\" data-end=\"1630\">Mise \u00e0 jour du firmware : via l&#039;interface Web de la cam\u00e9ra<\/p>\n<\/li>\n<li data-start=\"1631\" data-end=\"1663\">\n<p data-start=\"1633\" data-end=\"1663\">Alimentation : 12 V CC \/ PoE<\/p>\n<\/li>\n<li data-start=\"1664\" data-end=\"1689\">\n<p data-start=\"1666\" data-end=\"1689\">Consommation \u00e9lectrique : &lt; 5,4 W<\/p>\n<\/li>\n<li data-start=\"1690\" data-end=\"1767\">\n<p data-start=\"1692\" data-end=\"1767\">Conditions de fonctionnement : -40 \u00b0C \u00e0 60 \u00b0C (-40 \u00b0F \u00e0 140 \u00b0F), humidit\u00e9 \u2264 95%<\/p>\n<\/li>\n<li data-start=\"1768\" data-end=\"1824\">\n<p data-start=\"1770\" data-end=\"1824\">Temp\u00e9rature de stockage : -40\u00b0C \u00e0 60\u00b0C (-40\u00b0F \u00e0 140\u00b0F)<\/p>\n<\/li>\n<li data-start=\"1825\" data-end=\"1838\">\n<p data-start=\"1827\" data-end=\"1838\">Protection : IP67<\/p>\n<\/li>\n<li data-start=\"1839\" data-end=\"1870\">\n<p data-start=\"1841\" data-end=\"1870\">Stockage : Micro SD, Max. 256 Go<\/p>\n<\/li>\n<\/ul>","protected":false},"excerpt":{"rendered":"<p>La cam\u00e9ra r\u00e9seau PoE varifocale Risco Bullet 4MP est une cam\u00e9ra de s\u00e9curit\u00e9 haute r\u00e9solution avec une distance focale r\u00e9glable et une visibilit\u00e9 IR jusqu&#039;\u00e0 50 m\u00e8tres.<\/p>\n<p>Il est compatible avec RISCO Cloud via VUpoint NVR et offre une protection robuste avec la certification IP67.<\/p>","protected":false},"featured_media":138445,"template":"","meta":{"_acf_changed":false},"product_brand":[],"product_cat":[3192],"product_tag":[],"class_list":{"0":"post-90177","1":"product","2":"type-product","3":"status-publish","4":"has-post-thumbnail","6":"product_cat-risco-ip-kamera","7":"product_shipping_class-tunga-paket","8":"pa_brands-4risco","9":"tm-no-options","11":"first","12":"instock","13":"sale","14":"taxable","15":"shipping-taxable","16":"purchasable","17":"product-type-simple"},"acf":[],"_links":{"self":[{"href":"https:\/\/secureus.se\/fr\/wp-json\/wp\/v2\/product\/90177","targetHints":{"allow":["GET"]}}],"collection":[{"href":"https:\/\/secureus.se\/fr\/wp-json\/wp\/v2\/product"}],"about":[{"href":"https:\/\/secureus.se\/fr\/wp-json\/wp\/v2\/types\/product"}],"wp:featuredmedia":[{"embeddable":true,"href":"https:\/\/secureus.se\/fr\/wp-json\/wp\/v2\/media\/138445"}],"wp:attachment":[{"href":"https:\/\/secureus.se\/fr\/wp-json\/wp\/v2\/media?parent=90177"}],"wp:term":[{"taxonomy":"product_brand","embeddable":true,"href":"https:\/\/secureus.se\/fr\/wp-json\/wp\/v2\/product_brand?post=90177"},{"taxonomy":"product_cat","embeddable":true,"href":"https:\/\/secureus.se\/fr\/wp-json\/wp\/v2\/product_cat?post=90177"},{"taxonomy":"product_tag","embeddable":true,"href":"https:\/\/secureus.se\/fr\/wp-json\/wp\/v2\/product_tag?post=90177"}],"curies":[{"name":"wp","href":"https:\/\/api.w.org\/{rel}","templated":true}]}}