{"id":90179,"date":"2024-03-12T10:37:30","date_gmt":"2024-03-12T09:37:30","guid":{"rendered":"https:\/\/secureus.se\/?post_type=product&#038;p=90179"},"modified":"2026-01-06T21:07:41","modified_gmt":"2026-01-06T20:07:41","slug":"risco-poe-4mp-x25-ptz-camera","status":"publish","type":"product","link":"https:\/\/secureus.se\/fr\/risco-poe-4mp-x25-ptz-camera\/","title":{"rendered":"Cam\u00e9ra PTZ Risco PoE 4MP X25"},"content":{"rendered":"<h1>Cam\u00e9ra PTZ Risco PoE 4MP X25<\/h1>\n<p data-start=\"362\" data-end=\"848\">La cam\u00e9ra PTZ Risco PoE 4MP X25 offre une solution de vid\u00e9osurveillance avanc\u00e9e avec son capteur d&#039;image CMOS STARVIS de 4 m\u00e9gapixels, qui offre une excellente qualit\u00e9 d&#039;image m\u00eame dans des conditions d&#039;\u00e9clairage difficiles.<\/p>\n<p data-start=\"362\" data-end=\"848\">La cam\u00e9ra offre une visibilit\u00e9 IR jusqu&#039;\u00e0 100 m\u00e8tres et une distance focale r\u00e9glable entre 4,8 mm et 120 mm pour capturer un champ de vision large ou d\u00e9taill\u00e9 selon les besoins.<\/p>\n<p data-start=\"362\" data-end=\"848\">Avec WDR (Wide Dynamic Range) de 120 dB, les images sont garanties claires m\u00eame en cas de faible luminosit\u00e9 ou de forte luminosit\u00e9.<\/p>\n<p data-start=\"850\" data-end=\"1161\">Pour l&#039;installation, la cam\u00e9ra est connect\u00e9e via un c\u00e2ble Ethernet \u00e0 un routeur ou \u00e0 un port PoE+, mais si PoE+ n&#039;est pas utilis\u00e9, la cam\u00e9ra doit \u00eatre aliment\u00e9e avec un adaptateur secteur appropri\u00e9.<\/p>\n<p data-start=\"850\" data-end=\"1161\">La cam\u00e9ra est \u00e9galement compatible avec RISCO Cloud via VUpoint NVR et peut \u00eatre configur\u00e9e comme une cam\u00e9ra \u00ab RISCO Pro \u00bb pour une connexion et une gestion faciles.<\/p>\n<p data-start=\"1163\" data-end=\"1400\">Il est certifi\u00e9 IP66, ce qui le rend r\u00e9sistant \u00e0 l&#039;eau et \u00e0 la poussi\u00e8re, et donc parfait pour une utilisation int\u00e9rieure et ext\u00e9rieure.<\/p>\n<p data-start=\"1163\" data-end=\"1400\">Gr\u00e2ce \u00e0 la fonctionnalit\u00e9 PTZ, la cam\u00e9ra peut effectuer un panoramique, une inclinaison et un zoom pour offrir une surveillance flexible et personnalisable.<\/p>\n<p data-start=\"1402\" data-end=\"1431\"><strong data-start=\"1402\" data-end=\"1431\">Sp\u00e9cifications techniques\u00a0:<\/strong><\/p>\n<ul data-start=\"1432\" data-end=\"1906\">\n<li data-start=\"1432\" data-end=\"1453\">\n<p data-start=\"1434\" data-end=\"1453\">Mod\u00e8le : RVCM82E2500<\/p>\n<\/li>\n<li data-start=\"1454\" data-end=\"1487\">\n<p data-start=\"1456\" data-end=\"1487\">Capteur d&#039;image\u00a0:\u00a01\/2,8\u00a0\u00bb STARVIS CMOS<\/p>\n<\/li>\n<li data-start=\"1488\" data-end=\"1511\">\n<p data-start=\"1490\" data-end=\"1511\">Distance IR : 100 m\u00e8tres<\/p>\n<\/li>\n<li data-start=\"1512\" data-end=\"1552\">\n<p data-start=\"1514\" data-end=\"1552\">Distance focale : 4,8 mm \u2013 120 mm (r\u00e9glable)<\/p>\n<\/li>\n<li data-start=\"1553\" data-end=\"1587\">\n<p data-start=\"1555\" data-end=\"1587\">WDR\u00a0: 120\u00a0dB (large plage dynamique)<\/p>\n<\/li>\n<li data-start=\"1588\" data-end=\"1639\">\n<p data-start=\"1590\" data-end=\"1639\">Mise \u00e0 jour du firmware : via l&#039;interface Web de la cam\u00e9ra<\/p>\n<\/li>\n<li data-start=\"1640\" data-end=\"1676\">\n<p data-start=\"1642\" data-end=\"1676\">Alimentation : 12 V\/3 A CC \/ POE+<\/p>\n<\/li>\n<li data-start=\"1677\" data-end=\"1716\">\n<p data-start=\"1679\" data-end=\"1716\">Consommation \u00e9lectrique : 13 W (21 W avec IR activ\u00e9)<\/p>\n<\/li>\n<li data-start=\"1717\" data-end=\"1794\">\n<p data-start=\"1719\" data-end=\"1794\">Conditions de fonctionnement : -40 \u00b0C \u00e0 70 \u00b0C (-40 \u00b0F \u00e0 158 \u00b0F), humidit\u00e9 \u2264 95%<\/p>\n<\/li>\n<li data-start=\"1795\" data-end=\"1838\">\n<p data-start=\"1797\" data-end=\"1838\">Protection : IP66 (\u00e9tanche \u00e0 l&#039;eau et \u00e0 la poussi\u00e8re)<\/p>\n<\/li>\n<li data-start=\"1839\" data-end=\"1874\">\n<p data-start=\"1841\" data-end=\"1874\">Fonctionnalit\u00e9s : PTZ (Pan, Tilt, Zoom)<\/p>\n<\/li>\n<li data-start=\"1875\" data-end=\"1906\">\n<p data-start=\"1877\" data-end=\"1906\">Stockage : Micro SD, Max. 256 Go<\/p>\n<\/li>\n<\/ul>","protected":false},"excerpt":{"rendered":"<p>La cam\u00e9ra Risco PoE 4MP X25 PTZ est une cam\u00e9ra de s\u00e9curit\u00e9 puissante dot\u00e9e d&#039;un capteur CMOS STARVIS de 4 m\u00e9gapixels, d&#039;une visibilit\u00e9 IR jusqu&#039;\u00e0 100 m\u00e8tres et d&#039;une fonctionnalit\u00e9 PTZ (panoramique, inclinaison, zoom).<\/p>\n<p>La cam\u00e9ra est certifi\u00e9e IP66 et compatible avec RISCO Cloud via VUpoint NVR.<\/p>","protected":false},"featured_media":138422,"template":"","meta":{"_acf_changed":false},"product_brand":[],"product_cat":[3192],"product_tag":[],"class_list":{"0":"post-90179","1":"product","2":"type-product","3":"status-publish","4":"has-post-thumbnail","6":"product_cat-risco-ip-kamera","7":"product_shipping_class-tunga-paket","8":"pa_brands-4risco","9":"tm-no-options","11":"first","12":"onbackorder","13":"sale","14":"taxable","15":"shipping-taxable","16":"purchasable","17":"product-type-simple"},"acf":[],"_links":{"self":[{"href":"https:\/\/secureus.se\/fr\/wp-json\/wp\/v2\/product\/90179","targetHints":{"allow":["GET"]}}],"collection":[{"href":"https:\/\/secureus.se\/fr\/wp-json\/wp\/v2\/product"}],"about":[{"href":"https:\/\/secureus.se\/fr\/wp-json\/wp\/v2\/types\/product"}],"wp:featuredmedia":[{"embeddable":true,"href":"https:\/\/secureus.se\/fr\/wp-json\/wp\/v2\/media\/138422"}],"wp:attachment":[{"href":"https:\/\/secureus.se\/fr\/wp-json\/wp\/v2\/media?parent=90179"}],"wp:term":[{"taxonomy":"product_brand","embeddable":true,"href":"https:\/\/secureus.se\/fr\/wp-json\/wp\/v2\/product_brand?post=90179"},{"taxonomy":"product_cat","embeddable":true,"href":"https:\/\/secureus.se\/fr\/wp-json\/wp\/v2\/product_cat?post=90179"},{"taxonomy":"product_tag","embeddable":true,"href":"https:\/\/secureus.se\/fr\/wp-json\/wp\/v2\/product_tag?post=90179"}],"curies":[{"name":"wp","href":"https:\/\/api.w.org\/{rel}","templated":true}]}}