{"id":90181,"date":"2024-03-12T10:37:28","date_gmt":"2024-03-12T09:37:28","guid":{"rendered":"https:\/\/secureus.se\/?post_type=product&#038;p=90181"},"modified":"2026-01-06T21:06:49","modified_gmt":"2026-01-06T20:06:49","slug":"risco-eyeball-4mp-varifocal-poe-network-camera","status":"publish","type":"product","link":"https:\/\/secureus.se\/fr\/risco-eyeball-4mp-varifocal-poe-network-camera\/","title":{"rendered":"Cam\u00e9ra r\u00e9seau PoE \u00e0 focale variable 4MP Risco Eyeball"},"content":{"rendered":"<h1>Cam\u00e9ra r\u00e9seau PoE \u00e0 focale variable 4MP Risco Eyeball<\/h1>\n<p data-start=\"376\" data-end=\"758\">La cam\u00e9ra r\u00e9seau PoE varifocale Risco Eyeball 4MP offre une qualit\u00e9 d&#039;image sup\u00e9rieure gr\u00e2ce \u00e0 son capteur CMOS progressif de 4 m\u00e9gapixels.<\/p>\n<p data-start=\"376\" data-end=\"758\">La cam\u00e9ra dispose d&#039;un champ de vision r\u00e9glable avec une distance focale de 2,8 \u00e0 12 mm, ce qui offre une flexibilit\u00e9 pour adapter la surveillance selon les besoins.<\/p>\n<p data-start=\"376\" data-end=\"758\">La visibilit\u00e9 IR s&#039;\u00e9tend jusqu&#039;\u00e0 50 m\u00e8tres, ce qui rend la cam\u00e9ra id\u00e9ale pour la surveillance de jour comme de nuit.<\/p>\n<p data-start=\"760\" data-end=\"1070\">La cam\u00e9ra est \u00e9quip\u00e9e d&#039;un WDR (Wide Dynamic Range) de 120 dB, ce qui lui permet de g\u00e9rer diff\u00e9rentes conditions d&#039;\u00e9clairage et de garantir des images claires m\u00eame dans des zones lumineuses ou sombres.<\/p>\n<p data-start=\"760\" data-end=\"1070\">Pour connecter la cam\u00e9ra \u00e0 RISCO Cloud, elle doit \u00eatre connect\u00e9e \u00e0 un NVR VUpoint et configur\u00e9e comme une cam\u00e9ra \u00ab RISCO Pro \u00bb.<\/p>\n<p data-start=\"1072\" data-end=\"1284\">Avec la certification IP67, la cam\u00e9ra est \u00e0 la fois r\u00e9sistante \u00e0 l&#039;eau et \u00e0 la poussi\u00e8re, ce qui la rend adapt\u00e9e \u00e0 une utilisation en ext\u00e9rieur dans des conditions m\u00e9t\u00e9orologiques difficiles.<\/p>\n<p data-start=\"1072\" data-end=\"1284\">Il prend \u00e9galement en charge les cartes Micro SD d&#039;une capacit\u00e9 allant jusqu&#039;\u00e0 256 Go pour le stockage local.<\/p>\n<p data-start=\"1286\" data-end=\"1315\"><strong data-start=\"1286\" data-end=\"1315\">Sp\u00e9cifications techniques\u00a0:<\/strong><\/p>\n<ul data-start=\"1316\" data-end=\"1875\">\n<li data-start=\"1316\" data-end=\"1337\">\n<p data-start=\"1318\" data-end=\"1337\">Mod\u00e8le : RVCM72P2300<\/p>\n<\/li>\n<li data-start=\"1338\" data-end=\"1384\">\n<p data-start=\"1340\" data-end=\"1384\">Capteur d&#039;image : CMOS progressif 1\/3&quot; 4 m\u00e9gapixels<\/p>\n<\/li>\n<li data-start=\"1385\" data-end=\"1407\">\n<p data-start=\"1387\" data-end=\"1407\">Distance IR : 50 m\u00e8tres<\/p>\n<\/li>\n<li data-start=\"1408\" data-end=\"1444\">\n<p data-start=\"1410\" data-end=\"1444\">Distance focale : 2,8 \u2013 12 mm (r\u00e9glable)<\/p>\n<\/li>\n<li data-start=\"1445\" data-end=\"1479\">\n<p data-start=\"1447\" data-end=\"1479\">WDR\u00a0: 120\u00a0dB (large plage dynamique)<\/p>\n<\/li>\n<li data-start=\"1480\" data-end=\"1531\">\n<p data-start=\"1482\" data-end=\"1531\">Mise \u00e0 jour du firmware : via l&#039;interface Web de la cam\u00e9ra<\/p>\n<\/li>\n<li data-start=\"1532\" data-end=\"1564\">\n<p data-start=\"1534\" data-end=\"1564\">Alimentation : 12 V CC \/ PoE<\/p>\n<\/li>\n<li data-start=\"1565\" data-end=\"1590\">\n<p data-start=\"1567\" data-end=\"1590\">Consommation \u00e9lectrique : &lt; 6,9 W<\/p>\n<\/li>\n<li data-start=\"1591\" data-end=\"1668\">\n<p data-start=\"1593\" data-end=\"1668\">Conditions de fonctionnement : -30\u00b0C \u00e0 60\u00b0C (-22\u00b0F \u00e0 140\u00b0F), humidit\u00e9 \u2264 95%<\/p>\n<\/li>\n<li data-start=\"1669\" data-end=\"1725\">\n<p data-start=\"1671\" data-end=\"1725\">Temp\u00e9rature de stockage : -40\u00b0C \u00e0 60\u00b0C (-40\u00b0F \u00e0 140\u00b0F)<\/p>\n<\/li>\n<li data-start=\"1726\" data-end=\"1769\">\n<p data-start=\"1728\" data-end=\"1769\">Protection : IP67 (\u00e9tanche \u00e0 l&#039;eau et \u00e0 la poussi\u00e8re)<\/p>\n<\/li>\n<li data-start=\"1770\" data-end=\"1801\">\n<p data-start=\"1772\" data-end=\"1801\">Stockage : Micro SD, Max. 256 Go<\/p>\n<\/li>\n<li data-start=\"1802\" data-end=\"1875\">\n<p data-start=\"1804\" data-end=\"1875\">Compatibilit\u00e9\u00a0: RISCO Cloud via VUpoint NVR (avec type de cam\u00e9ra \u00ab\u00a0RISCO Pro\u00a0\u00bb)<\/p>\n<\/li>\n<\/ul>","protected":false},"excerpt":{"rendered":"<p>La cam\u00e9ra r\u00e9seau PoE varifocale Risco Eyeball 4MP offre une vid\u00e9o haute d\u00e9finition avec un capteur d&#039;image CMOS de 4 m\u00e9gapixels, une distance focale r\u00e9glable et une visibilit\u00e9 IR jusqu&#039;\u00e0 50 m\u00e8tres.<\/p>\n<p>La cam\u00e9ra est certifi\u00e9e IP67 et peut \u00eatre connect\u00e9e \u00e0 RISCO Cloud via VUpoint NVR.<\/p>","protected":false},"featured_media":138439,"template":"","meta":{"_acf_changed":false},"product_brand":[],"product_cat":[3192],"product_tag":[],"class_list":{"0":"post-90181","1":"product","2":"type-product","3":"status-publish","4":"has-post-thumbnail","6":"product_cat-risco-ip-kamera","7":"product_shipping_class-tunga-paket","8":"pa_brands-4risco","9":"tm-no-options","11":"first","12":"onbackorder","13":"sale","14":"taxable","15":"shipping-taxable","16":"purchasable","17":"product-type-simple"},"acf":[],"_links":{"self":[{"href":"https:\/\/secureus.se\/fr\/wp-json\/wp\/v2\/product\/90181","targetHints":{"allow":["GET"]}}],"collection":[{"href":"https:\/\/secureus.se\/fr\/wp-json\/wp\/v2\/product"}],"about":[{"href":"https:\/\/secureus.se\/fr\/wp-json\/wp\/v2\/types\/product"}],"wp:featuredmedia":[{"embeddable":true,"href":"https:\/\/secureus.se\/fr\/wp-json\/wp\/v2\/media\/138439"}],"wp:attachment":[{"href":"https:\/\/secureus.se\/fr\/wp-json\/wp\/v2\/media?parent=90181"}],"wp:term":[{"taxonomy":"product_brand","embeddable":true,"href":"https:\/\/secureus.se\/fr\/wp-json\/wp\/v2\/product_brand?post=90181"},{"taxonomy":"product_cat","embeddable":true,"href":"https:\/\/secureus.se\/fr\/wp-json\/wp\/v2\/product_cat?post=90181"},{"taxonomy":"product_tag","embeddable":true,"href":"https:\/\/secureus.se\/fr\/wp-json\/wp\/v2\/product_tag?post=90181"}],"curies":[{"name":"wp","href":"https:\/\/api.w.org\/{rel}","templated":true}]}}