{"id":90183,"date":"2024-03-12T10:37:30","date_gmt":"2024-03-12T09:37:30","guid":{"rendered":"https:\/\/secureus.se\/?post_type=product&#038;p=90183"},"modified":"2025-12-31T21:03:06","modified_gmt":"2025-12-31T20:03:06","slug":"risco-vupoint-nvr-poe-4-channel","status":"publish","type":"product","link":"https:\/\/secureus.se\/fr\/risco-vupoint-nvr-poe-4-channel\/","title":{"rendered":"Risco VUPoint NVR PoE 4 canaux"},"content":{"rendered":"<h1>Risco VUPoint NVR PoE 4 canaux<\/h1>\n<p data-start=\"339\" data-end=\"736\">L&#039;unit\u00e9 Risco VUPoint NVR PoE 4 canaux est une solution de vid\u00e9osurveillance compacte et puissante qui prend en charge jusqu&#039;\u00e0 4 cam\u00e9ras compatibles PoE.<\/p>\n<p data-start=\"339\" data-end=\"736\">L&#039;appareil est con\u00e7u pour fournir une connexion et une alimentation faciles aux cam\u00e9ras PoE et garantit un fonctionnement stable et fiable.<\/p>\n<p data-start=\"339\" data-end=\"736\">Le stockage s&#039;effectue via un port SATA III interne prenant en charge une capacit\u00e9 allant jusqu&#039;\u00e0 6 To (disque dur vendu s\u00e9par\u00e9ment).<\/p>\n<p data-start=\"738\" data-end=\"1046\">Avec une consommation \u00e9lectrique inf\u00e9rieure \u00e0 7,5 W sans disque dur et la prise en charge du PoE (max 25,5 W par port et total 50 W pour la version 4 canaux), il est \u00e9conome en \u00e9nergie.<\/p>\n<p data-start=\"738\" data-end=\"1046\">L&#039;appareil est certifi\u00e9 CE et peut fonctionner dans une large plage de temp\u00e9ratures allant de -10\u00b0C \u00e0 +55\u00b0C, ce qui le rend adapt\u00e9 \u00e0 une utilisation int\u00e9rieure et ext\u00e9rieure.<\/p>\n<p data-start=\"1048\" data-end=\"1077\"><strong data-start=\"1048\" data-end=\"1077\">Sp\u00e9cifications techniques\u00a0:<\/strong><\/p>\n<ul data-start=\"1078\" data-end=\"1682\">\n<li data-start=\"1078\" data-end=\"1111\">\n<p data-start=\"1080\" data-end=\"1111\">Mod\u00e8le : RVNVR04002QB (4 canaux)<\/p>\n<\/li>\n<li data-start=\"1112\" data-end=\"1164\">\n<p data-start=\"1114\" data-end=\"1164\">Stockage : Disque dur interne, jusqu&#039;\u00e0 6 To (port SATA III)<\/p>\n<\/li>\n<li data-start=\"1165\" data-end=\"1182\">\n<p data-start=\"1167\" data-end=\"1182\">Mode disque dur\u00a0: simple<\/p>\n<\/li>\n<li data-start=\"1183\" data-end=\"1213\">\n<p data-start=\"1185\" data-end=\"1213\">Alimentation : DC48V\/1,5A<\/p>\n<\/li>\n<li data-start=\"1214\" data-end=\"1310\">\n<p data-start=\"1216\" data-end=\"1233\">Consommation d&#039;\u00e9nergie\u00a0:<\/p>\n<ul data-start=\"1237\" data-end=\"1310\">\n<li data-start=\"1237\" data-end=\"1269\">\n<p data-start=\"1239\" data-end=\"1269\">NVR 4 canaux\u00a0: &lt;\u00a07,5\u00a0W (sans disque dur)<\/p>\n<\/li>\n<li data-start=\"1273\" data-end=\"1310\">\n<p data-start=\"1275\" data-end=\"1310\">PoE\u00a0: max. 25,5\u00a0W par port, total 50\u00a0W<\/p>\n<\/li>\n<\/ul>\n<\/li>\n<li data-start=\"1311\" data-end=\"1382\">\n<p data-start=\"1313\" data-end=\"1382\">Conditions de fonctionnement : -10 \u00b0C \u00e0 +55 \u00b0C (+14 \u00b0F \u00e0 +131 \u00b0F), 86 ~ 106 kPa<\/p>\n<\/li>\n<li data-start=\"1383\" data-end=\"1454\">\n<p data-start=\"1385\" data-end=\"1454\">Conditions de stockage : -20 \u00b0C \u00e0 +70 \u00b0C (-4 \u00b0F \u00e0 +158 \u00b0F), 0 ~ 90% HR<\/p>\n<\/li>\n<li data-start=\"1455\" data-end=\"1597\">\n<p data-start=\"1457\" data-end=\"1462\">Mesure:<\/p>\n<ul data-start=\"1466\" data-end=\"1597\">\n<li data-start=\"1466\" data-end=\"1525\">\n<p data-start=\"1468\" data-end=\"1525\">4 canaux\u00a0: 204,6\u00a0mm x 204,6\u00a0mm x 45,6\u00a0mm (8,1\u00a0po x 8,1\u00a0po x 1,8\u00a0po)<\/p>\n<\/li>\n<li data-start=\"1529\" data-end=\"1561\">\n<p data-start=\"1531\" data-end=\"1561\">Poids net : 0,45 kg (sans disque dur)<\/p>\n<\/li>\n<li data-start=\"1565\" data-end=\"1597\">\n<p data-start=\"1567\" data-end=\"1597\">Poids brut : 1,5 kg (sans disque dur)<\/p>\n<\/li>\n<\/ul>\n<\/li>\n<li data-start=\"1598\" data-end=\"1682\">\n<p data-start=\"1600\" data-end=\"1682\">Certifications : CE EN55032, EN55024, EN50130-4, EN60950-1, FCC Partie 15 Sous-partie B<\/p>\n<\/li>\n<\/ul>","protected":false},"excerpt":{"rendered":"<p>L&#039;unit\u00e9 Risco VUPoint NVR PoE 4 canaux est con\u00e7ue pour alimenter des cam\u00e9ras compatibles PoE et offre un stockage efficace via un port SATA III interne (jusqu&#039;\u00e0 6 To).<\/p>\n<p>Parfait pour une utilisation avec des cam\u00e9ras PoE pour la vid\u00e9osurveillance.<\/p>","protected":false},"featured_media":138320,"template":"","meta":{"_acf_changed":false},"product_brand":[],"product_cat":[3250],"product_tag":[],"class_list":{"0":"post-90183","1":"product","2":"type-product","3":"status-publish","4":"has-post-thumbnail","6":"product_cat-risco-nvr","7":"product_shipping_class-tunga-paket","8":"pa_brands-4risco","9":"tm-no-options","11":"first","12":"instock","13":"sale","14":"taxable","15":"shipping-taxable","16":"purchasable","17":"product-type-simple"},"acf":[],"_links":{"self":[{"href":"https:\/\/secureus.se\/fr\/wp-json\/wp\/v2\/product\/90183","targetHints":{"allow":["GET"]}}],"collection":[{"href":"https:\/\/secureus.se\/fr\/wp-json\/wp\/v2\/product"}],"about":[{"href":"https:\/\/secureus.se\/fr\/wp-json\/wp\/v2\/types\/product"}],"wp:featuredmedia":[{"embeddable":true,"href":"https:\/\/secureus.se\/fr\/wp-json\/wp\/v2\/media\/138320"}],"wp:attachment":[{"href":"https:\/\/secureus.se\/fr\/wp-json\/wp\/v2\/media?parent=90183"}],"wp:term":[{"taxonomy":"product_brand","embeddable":true,"href":"https:\/\/secureus.se\/fr\/wp-json\/wp\/v2\/product_brand?post=90183"},{"taxonomy":"product_cat","embeddable":true,"href":"https:\/\/secureus.se\/fr\/wp-json\/wp\/v2\/product_cat?post=90183"},{"taxonomy":"product_tag","embeddable":true,"href":"https:\/\/secureus.se\/fr\/wp-json\/wp\/v2\/product_tag?post=90183"}],"curies":[{"name":"wp","href":"https:\/\/api.w.org\/{rel}","templated":true}]}}