{"id":90185,"date":"2024-03-12T10:37:30","date_gmt":"2024-03-12T09:37:30","guid":{"rendered":"https:\/\/secureus.se\/?post_type=product&#038;p=90185"},"modified":"2025-12-31T21:03:12","modified_gmt":"2025-12-31T20:03:12","slug":"risco-vupoint-nvr-poe-8-channel","status":"publish","type":"product","link":"https:\/\/secureus.se\/fr\/risco-vupoint-nvr-poe-8-channel\/","title":{"rendered":"Risco VUPoint NVR PoE 8 canaux"},"content":{"rendered":"<h1>Risco VUPoint NVR PoE 8 canaux<\/h1>\n<p data-start=\"323\" data-end=\"609\">L&#039;unit\u00e9 Risco VUPoint NVR PoE 8 canaux offre une solution efficace et fiable pour la gestion de la vid\u00e9osurveillance.<\/p>\n<p data-start=\"323\" data-end=\"609\">Il peut alimenter jusqu&#039;\u00e0 8 cam\u00e9ras compatibles PoE et offre un stockage via un port SATA III interne d&#039;une capacit\u00e9 allant jusqu&#039;\u00e0 6 To (disque dur vendu s\u00e9par\u00e9ment).<\/p>\n<p data-start=\"611\" data-end=\"928\">L&#039;appareil a une consommation \u00e9lectrique inf\u00e9rieure \u00e0 8,3 W sans disque dur et offre un support PoE avec jusqu&#039;\u00e0 25,5 W par port et un total de 80 W pour la version 8 canaux.<\/p>\n<p data-start=\"611\" data-end=\"928\">Le NVR Risco VUPoint est con\u00e7u pour fonctionner dans une large plage de temp\u00e9ratures allant de -10\u00b0C \u00e0 +55\u00b0C, ce qui le rend adapt\u00e9 aux installations int\u00e9rieures et ext\u00e9rieures.<\/p>\n<p data-start=\"930\" data-end=\"1192\">Avec une conception compacte et une construction robuste, cet appareil est certifi\u00e9 pour une utilisation s\u00fbre et r\u00e9pond aux exigences CE et FCC.<\/p>\n<p data-start=\"930\" data-end=\"1192\">Le stockage peut \u00eatre facilement \u00e9tendu en connectant un disque dur jusqu&#039;\u00e0 6 To, ce qui le rend id\u00e9al pour les grandes installations de s\u00e9curit\u00e9.<\/p>\n<p data-start=\"1194\" data-end=\"1223\"><strong data-start=\"1194\" data-end=\"1223\">Sp\u00e9cifications techniques\u00a0:<\/strong><\/p>\n<ul data-start=\"1224\" data-end=\"1834\">\n<li data-start=\"1224\" data-end=\"1246\">\n<p data-start=\"1226\" data-end=\"1246\">Mod\u00e8le : RVNVR08002QB<\/p>\n<\/li>\n<li data-start=\"1247\" data-end=\"1276\">\n<p data-start=\"1249\" data-end=\"1276\">Nombre de canaux : NVR 8 canaux<\/p>\n<\/li>\n<li data-start=\"1277\" data-end=\"1348\">\n<p data-start=\"1279\" data-end=\"1348\">Stockage : port SATA III interne, jusqu&#039;\u00e0 6 To (disque dur vendu s\u00e9par\u00e9ment)<\/p>\n<\/li>\n<li data-start=\"1349\" data-end=\"1379\">\n<p data-start=\"1351\" data-end=\"1379\">Alimentation : DC48V\/1,5A<\/p>\n<\/li>\n<li data-start=\"1380\" data-end=\"1476\">\n<p data-start=\"1382\" data-end=\"1399\">Consommation d&#039;\u00e9nergie\u00a0:<\/p>\n<ul data-start=\"1403\" data-end=\"1476\">\n<li data-start=\"1403\" data-end=\"1435\">\n<p data-start=\"1405\" data-end=\"1435\">NVR 8 canaux\u00a0: &lt;\u00a08,3\u00a0W (sans disque dur)<\/p>\n<\/li>\n<li data-start=\"1439\" data-end=\"1476\">\n<p data-start=\"1441\" data-end=\"1476\">PoE\u00a0: max. 25,5\u00a0W par port, total 80\u00a0W<\/p>\n<\/li>\n<\/ul>\n<\/li>\n<li data-start=\"1477\" data-end=\"1556\">\n<p data-start=\"1479\" data-end=\"1556\">Conditions de fonctionnement : -10\u00b0C \u00e0 +55\u00b0C (+14\u00b0F \u00e0 +131\u00b0F), humidit\u00e9 \u2264 95%<\/p>\n<\/li>\n<li data-start=\"1557\" data-end=\"1628\">\n<p data-start=\"1559\" data-end=\"1628\">Conditions de stockage : -20 \u00b0C \u00e0 +70 \u00b0C (-4 \u00b0F \u00e0 +158 \u00b0F), 0 ~ 90% HR<\/p>\n<\/li>\n<li data-start=\"1629\" data-end=\"1683\">\n<p data-start=\"1631\" data-end=\"1683\">Dimensions : 270 mm x 204,7 mm x 45,7 mm (10,6\u2033 x 8,1\u2033 x 1,8\u2033)<\/p>\n<\/li>\n<li data-start=\"1684\" data-end=\"1716\">\n<p data-start=\"1686\" data-end=\"1716\">Poids net : 0,65 kg (sans disque dur)<\/p>\n<\/li>\n<li data-start=\"1717\" data-end=\"1749\">\n<p data-start=\"1719\" data-end=\"1749\">Poids brut : 1,8 kg (sans disque dur)<\/p>\n<\/li>\n<li data-start=\"1750\" data-end=\"1834\">\n<p data-start=\"1752\" data-end=\"1834\">Certifications : CE EN55032, EN55024, EN50130-4, EN60950-1, FCC Partie 15 Sous-partie B<\/p>\n<\/li>\n<\/ul>","protected":false},"excerpt":{"rendered":"<p>L&#039;unit\u00e9 Risco VUPoint NVR PoE 8 canaux est une solution de vid\u00e9osurveillance puissante, con\u00e7ue pour alimenter des cam\u00e9ras compatibles PoE et offrir jusqu&#039;\u00e0 6 To de stockage via le port SATA III.<\/p>\n<p>Disque dur vendu s\u00e9par\u00e9ment.<\/p>\n<div id=\"gtx-trans\" style=\"position: absolute;left: 120px;top: 106.391px\">\n<div class=\"gtx-trans-icon\"><\/div>\n<\/div>","protected":false},"featured_media":138320,"template":"","meta":{"_acf_changed":false},"product_brand":[],"product_cat":[3250],"product_tag":[],"class_list":{"0":"post-90185","1":"product","2":"type-product","3":"status-publish","4":"has-post-thumbnail","6":"product_cat-risco-nvr","7":"product_shipping_class-tunga-paket","8":"pa_brands-4risco","9":"tm-no-options","11":"first","12":"outofstock","13":"sale","14":"taxable","15":"shipping-taxable","16":"purchasable","17":"product-type-simple"},"acf":[],"_links":{"self":[{"href":"https:\/\/secureus.se\/fr\/wp-json\/wp\/v2\/product\/90185","targetHints":{"allow":["GET"]}}],"collection":[{"href":"https:\/\/secureus.se\/fr\/wp-json\/wp\/v2\/product"}],"about":[{"href":"https:\/\/secureus.se\/fr\/wp-json\/wp\/v2\/types\/product"}],"wp:featuredmedia":[{"embeddable":true,"href":"https:\/\/secureus.se\/fr\/wp-json\/wp\/v2\/media\/138320"}],"wp:attachment":[{"href":"https:\/\/secureus.se\/fr\/wp-json\/wp\/v2\/media?parent=90185"}],"wp:term":[{"taxonomy":"product_brand","embeddable":true,"href":"https:\/\/secureus.se\/fr\/wp-json\/wp\/v2\/product_brand?post=90185"},{"taxonomy":"product_cat","embeddable":true,"href":"https:\/\/secureus.se\/fr\/wp-json\/wp\/v2\/product_cat?post=90185"},{"taxonomy":"product_tag","embeddable":true,"href":"https:\/\/secureus.se\/fr\/wp-json\/wp\/v2\/product_tag?post=90185"}],"curies":[{"name":"wp","href":"https:\/\/api.w.org\/{rel}","templated":true}]}}