{"id":90212,"date":"2024-03-13T12:08:59","date_gmt":"2024-03-13T11:08:59","guid":{"rendered":"https:\/\/secureus.se\/batteri-45ah-helios-12v-8-10-ar\/"},"modified":"2026-04-02T11:18:33","modified_gmt":"2026-04-02T09:18:33","slug":"helios-12v-45ah-agm-batteri-vrla-8-10-ar","status":"publish","type":"product","link":"https:\/\/secureus.se\/fr\/helios-12v-45ah-agm-batteri-vrla-8-10-ar\/","title":{"rendered":"Batterie 12 V 45 Ah HELIOS 8\u201310 ans Version Pro"},"content":{"rendered":"<p data-start=\"550\" data-end=\"907\">La batterie HELIOS 12V 45Ah AGM (VRLA) est une batterie au plomb-acide robuste, r\u00e9gul\u00e9e par soupape et sans entretien, d\u00e9velopp\u00e9e pour une utilisation professionnelle dans des syst\u00e8mes o\u00f9 la fiabilit\u00e9 op\u00e9rationnelle est cruciale.<br data-start=\"725\" data-end=\"728\" \/>Avec un <strong data-start=\"735\" data-end=\"774\">dur\u00e9e de vie pr\u00e9vue jusqu&#039;\u00e0 8 \u00e0 10 ans<\/strong> Cette batterie est id\u00e9ale pour les centres d&#039;alarme, les syst\u00e8mes UPS, les syst\u00e8mes de t\u00e9l\u00e9communications et autres \u00e9quipements 12V n\u00e9cessitant une alimentation de secours continue.<\/p>\n<p data-start=\"909\" data-end=\"1209\">Le syst\u00e8me AGM (Absorbent Glass Mat) \u00e9tanche rend la batterie totalement anti-fuites et r\u00e9sistante aux vibrations, assurant un fonctionnement sans probl\u00e8me m\u00eame dans des environnements difficiles.<br data-start=\"1069\" data-end=\"1072\" \/>Avec son faible taux d&#039;\u00e9chec (&lt;0,03 %) et son contr\u00f4le de qualit\u00e9 \u00e9lev\u00e9, la s\u00e9rie HELIOS est un choix fiable pour les entreprises et les installateurs professionnels.<\/p>\n<hr data-start=\"1211\" data-end=\"1214\" \/>\n<h3 data-start=\"1216\" data-end=\"1261\"><strong data-start=\"1220\" data-end=\"1261\">Pourquoi choisir la batterie HELIOS 45Ah AGM ?<\/strong><\/h3>\n<ul data-start=\"1263\" data-end=\"1649\">\n<li data-start=\"1263\" data-end=\"1344\">\n<p data-start=\"1265\" data-end=\"1344\"><strong data-start=\"1265\" data-end=\"1291\">Longue dur\u00e9e de vie : 8 \u00e0 10 ans<\/strong> \u2013 id\u00e9al pour les syst\u00e8mes critiques et le fonctionnement en veille.<\/p>\n<\/li>\n<li data-start=\"1345\" data-end=\"1426\">\n<p data-start=\"1347\" data-end=\"1426\"><strong data-start=\"1347\" data-end=\"1375\">VRLA-AGM sans entretien<\/strong> \u2013 Enti\u00e8rement \u00e9tanche, aucun remplissage de liquide requis.<\/p>\n<\/li>\n<li data-start=\"1427\" data-end=\"1498\">\n<p data-start=\"1429\" data-end=\"1498\"><strong data-start=\"1429\" data-end=\"1454\">courbe de tension stable<\/strong> \u2013 fournit une alimentation \u00e9lectrique stable et fiable.<\/p>\n<\/li>\n<li data-start=\"1499\" data-end=\"1581\">\n<p data-start=\"1501\" data-end=\"1581\"><strong data-start=\"1501\" data-end=\"1524\">Faible autod\u00e9charge<\/strong> \u2013 Id\u00e9al pour l&#039;alimentation de secours et les syst\u00e8mes rarement activ\u00e9s.<\/p>\n<\/li>\n<li data-start=\"1582\" data-end=\"1649\">\n<p data-start=\"1584\" data-end=\"1649\"><strong data-start=\"1584\" data-end=\"1603\">Qualit\u00e9 garantie<\/strong> \u2013 fabrication conforme aux normes ISO 9000\/14000\/18000.<\/p>\n<\/li>\n<\/ul>\n<hr data-start=\"1651\" data-end=\"1654\" \/>\n<h3 data-start=\"1656\" data-end=\"1690\"><strong data-start=\"1660\" data-end=\"1690\">Utilisations typiques<\/strong><\/h3>\n<ul data-start=\"1692\" data-end=\"1933\">\n<li data-start=\"1692\" data-end=\"1736\">\n<p data-start=\"1694\" data-end=\"1736\">Panneaux d&#039;alarme, sir\u00e8nes et syst\u00e8mes de contr\u00f4le d&#039;acc\u00e8s<\/p>\n<\/li>\n<li data-start=\"1737\" data-end=\"1767\">\n<p data-start=\"1739\" data-end=\"1767\">Solutions d&#039;alimentation sans coupure et d&#039;alimentation de secours<\/p>\n<\/li>\n<li data-start=\"1768\" data-end=\"1811\">\n<p data-start=\"1770\" data-end=\"1811\">\u00c9quipements de t\u00e9l\u00e9communications et de r\u00e9seau<\/p>\n<\/li>\n<li data-start=\"1812\" data-end=\"1843\">\n<p data-start=\"1814\" data-end=\"1843\">Syst\u00e8mes de support mont\u00e9s sur v\u00e9hicule<\/p>\n<\/li>\n<li data-start=\"1844\" data-end=\"1887\">\n<p data-start=\"1846\" data-end=\"1887\">\u00c9clairage, \u00e9clairage de secours et alimentation de secours<\/p>\n<\/li>\n<li data-start=\"1888\" data-end=\"1933\">\n<p data-start=\"1890\" data-end=\"1933\">Cl\u00f4tures \u00e9lectriques et applications industrielles<\/p>\n<\/li>\n<\/ul>\n<hr data-start=\"1935\" data-end=\"1938\" \/>\n<h3 data-start=\"1940\" data-end=\"1961\"><strong data-start=\"1944\" data-end=\"1961\">Donn\u00e9es techniques<\/strong><\/h3>\n<div class=\"_tableContainer_1rjym_1\">\n<div class=\"group _tableWrapper_1rjym_13 flex w-fit flex-col-reverse\">\n<table class=\"w-fit min-w-(--thread-content-width)\" data-start=\"1963\" data-end=\"2506\">\n<thead data-start=\"1963\" data-end=\"1983\">\n<tr data-start=\"1963\" data-end=\"1983\">\n<th data-start=\"1963\" data-end=\"1974\" data-col-size=\"sm\">Propri\u00e9t\u00e9<\/th>\n<th data-start=\"1974\" data-end=\"1983\" data-col-size=\"md\">Valeur<\/th>\n<\/tr>\n<\/thead>\n<tbody data-start=\"2007\" data-end=\"2506\">\n<tr data-start=\"2007\" data-end=\"2031\">\n<td data-start=\"2007\" data-end=\"2023\" data-col-size=\"sm\"><strong data-start=\"2009\" data-end=\"2022\">tension:<\/strong><\/td>\n<td data-start=\"2023\" data-end=\"2031\" data-col-size=\"md\">12V<\/td>\n<\/tr>\n<tr data-start=\"2032\" data-end=\"2058\">\n<td data-start=\"2032\" data-end=\"2049\" data-col-size=\"sm\"><strong data-start=\"2034\" data-end=\"2048\">Capacit\u00e9:<\/strong><\/td>\n<td data-start=\"2049\" data-end=\"2058\" data-col-size=\"md\">45 Ah<\/td>\n<\/tr>\n<tr data-start=\"2059\" data-end=\"2141\">\n<td data-start=\"2059\" data-end=\"2077\" data-col-size=\"sm\"><strong data-start=\"2061\" data-end=\"2076\">Type de batterie\u00a0:<\/strong><\/td>\n<td data-start=\"2077\" data-end=\"2141\" data-col-size=\"md\">Batterie AGM (batterie au plomb-acide r\u00e9gul\u00e9e par soupape, scell\u00e9e \/ sans entretien)<\/td>\n<\/tr>\n<tr data-start=\"2142\" data-end=\"2176\">\n<td data-start=\"2142\" data-end=\"2165\" data-col-size=\"sm\"><strong data-start=\"2144\" data-end=\"2164\">Concevoir sa vie :<\/strong><\/td>\n<td data-col-size=\"md\" data-start=\"2165\" data-end=\"2176\">8 \u00e0 10 ans<\/td>\n<\/tr>\n<tr data-start=\"2177\" data-end=\"2219\">\n<td data-start=\"2177\" data-end=\"2197\" data-col-size=\"sm\"><strong data-start=\"2179\" data-end=\"2196\">Dimensions (L\u00d7l\u00d7H) :<\/strong><\/td>\n<td data-start=\"2197\" data-end=\"2219\" data-col-size=\"md\">216 \u00d7 186 \u00d7 226 mm<\/td>\n<\/tr>\n<tr data-start=\"2220\" data-end=\"2246\">\n<td data-start=\"2220\" data-end=\"2232\" data-col-size=\"sm\"><strong data-start=\"2222\" data-end=\"2231\">Poids:<\/strong><\/td>\n<td data-start=\"2232\" data-end=\"2246\" data-col-size=\"md\">environ 13,7 kg<\/td>\n<\/tr>\n<tr data-start=\"2247\" data-end=\"2285\">\n<td data-start=\"2247\" data-end=\"2261\" data-col-size=\"sm\"><strong data-start=\"2249\" data-end=\"2260\">Type de poteau :<\/strong><\/td>\n<td data-start=\"2261\" data-end=\"2285\" data-col-size=\"md\">Borne \u00e0 visser (M6)<\/td>\n<\/tr>\n<tr data-start=\"2286\" data-end=\"2318\">\n<td data-start=\"2286\" data-end=\"2299\" data-col-size=\"sm\"><strong data-start=\"2288\" data-end=\"2298\">Couverture:<\/strong><\/td>\n<td data-start=\"2299\" data-end=\"2318\" data-col-size=\"md\">plastique ABS noir<\/td>\n<\/tr>\n<tr data-start=\"2319\" data-end=\"2363\">\n<td data-start=\"2319\" data-end=\"2339\" data-col-size=\"sm\"><strong data-start=\"2321\" data-end=\"2338\">Taux d&#039;\u00e9chec :<\/strong><\/td>\n<td data-start=\"2339\" data-end=\"2363\" data-col-size=\"md\">&lt; 0,03 % d\u00e9part usine<\/td>\n<\/tr>\n<tr data-start=\"2364\" data-end=\"2433\">\n<td data-start=\"2364\" data-end=\"2386\" data-col-size=\"sm\"><strong data-start=\"2366\" data-end=\"2385\">Certifications:<\/strong><\/td>\n<td data-start=\"2386\" data-end=\"2433\" data-col-size=\"md\">Certifications CE, UL, RoHS, ISO 9000 \/ ISO 14000 \/ ISO 18000<\/td>\n<\/tr>\n<tr data-start=\"2434\" data-end=\"2470\">\n<td data-start=\"2434\" data-end=\"2461\" data-col-size=\"sm\"><strong data-start=\"2436\" data-end=\"2460\">Num\u00e9ro d&#039;article (SKU) :<\/strong><\/td>\n<td data-start=\"2461\" data-end=\"2470\" data-col-size=\"md\">50045<\/td>\n<\/tr>\n<tr data-start=\"2471\" data-end=\"2506\">\n<td data-start=\"2471\" data-end=\"2496\" data-col-size=\"sm\"><strong data-start=\"2473\" data-end=\"2495\">Marque \/ S\u00e9rie :<\/strong><\/td>\n<td data-start=\"2496\" data-end=\"2506\" data-col-size=\"md\">H\u00c9LIOS<\/td>\n<\/tr>\n<\/tbody>\n<\/table>\n<\/div>\n<\/div>\n<hr data-start=\"2508\" data-end=\"2511\" \/>\n<h3 data-start=\"2513\" data-end=\"2546\"><strong data-start=\"2517\" data-end=\"2546\">Recommandations de recharge<\/strong><\/h3>\n<ul data-start=\"2548\" data-end=\"2658\">\n<li data-start=\"2548\" data-end=\"2587\">\n<p data-start=\"2550\" data-end=\"2587\"><strong data-start=\"2550\" data-end=\"2571\">Charge en veille\u00a0:<\/strong> 13,5 \u2013 13,8 V<\/p>\n<\/li>\n<li data-start=\"2588\" data-end=\"2627\">\n<p data-start=\"2590\" data-end=\"2627\"><strong data-start=\"2590\" data-end=\"2611\">Recharge cyclique\u00a0:<\/strong> 14,4 \u2013 15,0 V<\/p>\n<\/li>\n<li data-start=\"2628\" data-end=\"2658\">\n<p data-start=\"2630\" data-end=\"2658\"><strong data-start=\"2630\" data-end=\"2649\">Courant de charge maximal\u00a0:<\/strong> 13,5A<\/p>\n<\/li>\n<\/ul>\n<p data-start=\"2660\" data-end=\"2901\">Pour une dur\u00e9e de vie optimale de la batterie, celle-ci ne doit pas \u00eatre charg\u00e9e \u00e0 plus de 30 % de sa capacit\u00e9 pendant un fonctionnement cyclique.<br data-start=\"2759\" data-end=\"2762\" \/>Pour le fonctionnement en veille, une charge d&#039;entretien d&#039;une capacit\u00e9 d&#039;environ 5 % est recommand\u00e9e.<br data-start=\"2842\" data-end=\"2845\" \/>Respectez toujours les sp\u00e9cifications du chargeur et de l&#039;\u00e9quipement.<\/p>\n<hr data-start=\"2903\" data-end=\"2906\" \/>\n<h3 data-start=\"2908\" data-end=\"2928\"><strong data-start=\"2912\" data-end=\"2928\">Installation<\/strong><\/h3>\n<ol data-start=\"2930\" data-end=\"3169\">\n<li data-start=\"2930\" data-end=\"2977\">\n<p data-start=\"2933\" data-end=\"2977\">D\u00e9branchez l&#039;appareil du secteur.<\/p>\n<\/li>\n<li data-start=\"2978\" data-end=\"3026\">\n<p data-start=\"2981\" data-end=\"3026\">V\u00e9rifiez la polarit\u00e9 (rouge = +, noir = \u2013).<\/p>\n<\/li>\n<li data-start=\"3027\" data-end=\"3100\">\n<p data-start=\"3030\" data-end=\"3100\">Raccordez les c\u00e2bles aux bornes \u00e0 vis et serrez-les fermement (sans trop serrer).<\/p>\n<\/li>\n<li data-start=\"3101\" data-end=\"3169\">\n<p data-start=\"3104\" data-end=\"3169\">Fixez la batterie dans son compartiment et testez son fonctionnement apr\u00e8s l&#039;installation.<\/p>\n<\/li>\n<\/ol>\n<hr data-start=\"3171\" data-end=\"3174\" \/>\n<h3 data-start=\"3176\" data-end=\"3205\"><strong data-start=\"3180\" data-end=\"3205\">Environnement et recyclage<\/strong><\/h3>\n<p data-start=\"3207\" data-end=\"3389\">Toutes les batteries HELIOS sont enti\u00e8rement recyclables.<br data-start=\"3254\" data-end=\"3257\" \/>Apportez vos batteries au plomb usag\u00e9es \u00e0 un centre de recyclage.<br data-start=\"3310\" data-end=\"3313\" \/>Fabriqu\u00e9 conform\u00e9ment aux normes environnementales ISO, avec un accent mis sur la durabilit\u00e9 et la s\u00e9curit\u00e9.<\/p>\n<hr data-start=\"3391\" data-end=\"3394\" \/>\n<h3 data-start=\"3396\" data-end=\"3407\"><strong data-start=\"3400\" data-end=\"3407\">FAQ<\/strong><\/h3>\n<p data-start=\"3409\" data-end=\"3525\"><strong data-start=\"3409\" data-end=\"3444\">Quelle est la dur\u00e9e de vie de cette batterie\u00a0?<\/strong><br data-start=\"3444\" data-end=\"3447\" \/>Sa dur\u00e9e de vie pr\u00e9vue est de 8 \u00e0 10 ans dans des conditions d&#039;utilisation et de temp\u00e9rature appropri\u00e9es.<\/p>\n<p data-start=\"3527\" data-end=\"3664\"><strong data-start=\"3527\" data-end=\"3568\">Est-ce compatible avec un syst\u00e8me UPS\/alarme\/t\u00e9l\u00e9phonique\u00a0?<\/strong><br data-start=\"3568\" data-end=\"3571\" \/>Oui, si votre appareil utilise 12 V et n\u00e9cessite une capacit\u00e9 d&#039;environ 45 Ah avec connexion \u00e0 borne \u00e0 vis (M6).<\/p>\n<p data-start=\"3666\" data-end=\"3758\"><strong data-start=\"3666\" data-end=\"3693\">Est-ce sans entretien ?<\/strong><br data-start=\"3693\" data-end=\"3696\" \/>Oui, la batterie est totalement scell\u00e9e et ne n\u00e9cessite aucun remplissage.<\/p>\n<hr data-start=\"3760\" data-end=\"3763\" \/>\n<h3 data-start=\"3765\" data-end=\"3787\"><strong data-start=\"3769\" data-end=\"3787\">R\u00e9sum\u00e9<\/strong><\/h3>\n<p data-start=\"3789\" data-end=\"4111\">La batterie HELIOS 12V 45Ah AGM (VRLA) offre une fiabilit\u00e9 de fonctionnement \u00e9lev\u00e9e, une longue dur\u00e9e de vie et une construction robuste.<br data-start=\"3891\" data-end=\"3894\" \/>Il est parfaitement adapt\u00e9 \u00e0 une utilisation professionnelle en mode veille et de secours dans les syst\u00e8mes d&#039;alarme, les onduleurs, les t\u00e9l\u00e9communications et les syst\u00e8mes industriels.<br data-start=\"4015\" data-end=\"4018\" \/>Avec une dur\u00e9e de vie pr\u00e9vue de 8 \u00e0 10 ans, c&#039;est un choix rentable et s\u00fbr pour une exploitation \u00e0 long terme.<\/p>","protected":false},"excerpt":{"rendered":"<p>Batterie AGM 12V 45Ah sans entretien (VRLA) pour alarmes, UPS, syst\u00e8mes de t\u00e9l\u00e9communications et syst\u00e8mes d&#039;alimentation de secours.<br data-start=\"414\" data-end=\"417\" \/>Dur\u00e9e de vie de 8 \u00e0 10 ans. Dimensions standard\u00a0: 216\u00a0\u00d7\u00a0186\u00a0\u00d7\u00a0226\u00a0mm. Haute fiabilit\u00e9 de fonctionnement et faible autod\u00e9charge.<\/p>","protected":false},"featured_media":159415,"template":"","meta":{"_acf_changed":false},"product_brand":[],"product_cat":[1596,2428],"product_tag":[4406,2419],"class_list":{"0":"post-90212","1":"product","2":"type-product","3":"status-publish","4":"has-post-thumbnail","6":"product_cat-ackumulatorer-12v-agm-batterier","7":"product_cat-stromforsorjning-batterier","8":"product_tag-batteri-13-45-ah","9":"product_tag-rel-batteri","10":"product_shipping_class-tunga-paket","11":"pa_brands-stonehouse-security","12":"tm-no-options","14":"first","15":"instock","16":"sale","17":"featured","18":"taxable","19":"shipping-taxable","20":"purchasable","21":"product-type-simple"},"acf":[],"_links":{"self":[{"href":"https:\/\/secureus.se\/fr\/wp-json\/wp\/v2\/product\/90212","targetHints":{"allow":["GET"]}}],"collection":[{"href":"https:\/\/secureus.se\/fr\/wp-json\/wp\/v2\/product"}],"about":[{"href":"https:\/\/secureus.se\/fr\/wp-json\/wp\/v2\/types\/product"}],"wp:featuredmedia":[{"embeddable":true,"href":"https:\/\/secureus.se\/fr\/wp-json\/wp\/v2\/media\/159415"}],"wp:attachment":[{"href":"https:\/\/secureus.se\/fr\/wp-json\/wp\/v2\/media?parent=90212"}],"wp:term":[{"taxonomy":"product_brand","embeddable":true,"href":"https:\/\/secureus.se\/fr\/wp-json\/wp\/v2\/product_brand?post=90212"},{"taxonomy":"product_cat","embeddable":true,"href":"https:\/\/secureus.se\/fr\/wp-json\/wp\/v2\/product_cat?post=90212"},{"taxonomy":"product_tag","embeddable":true,"href":"https:\/\/secureus.se\/fr\/wp-json\/wp\/v2\/product_tag?post=90212"}],"curies":[{"name":"wp","href":"https:\/\/api.w.org\/{rel}","templated":true}]}}