{"id":90214,"date":"2024-03-13T15:40:53","date_gmt":"2024-03-13T14:40:53","guid":{"rendered":"https:\/\/secureus.se\/risco-vupoint-nvr-16-channel\/"},"modified":"2026-04-21T12:53:41","modified_gmt":"2026-04-21T10:53:41","slug":"risco-vupoint-nvr-16-channel","status":"publish","type":"product","link":"https:\/\/secureus.se\/fr\/risco-vupoint-nvr-16-channel\/","title":{"rendered":"Risco VUPoint NVR 16 canaux"},"content":{"rendered":"<h1 data-start=\"329\" data-end=\"643\">Risco VUPoint NVR 16 canaux<\/h1>\n<p data-start=\"329\" data-end=\"643\">L&#039;unit\u00e9 Risco VUPoint NVR 16 canaux est une solution puissante pour la surveillance et l&#039;enregistrement vid\u00e9o.<\/p>\n<p data-start=\"329\" data-end=\"643\">Il dispose de 16 canaux pour connecter des cam\u00e9ras et offre d&#039;excellentes performances avec prise en charge du stockage via un disque dur externe SATA III (jusqu&#039;\u00e0 6 To).<\/p>\n<p data-start=\"329\" data-end=\"643\">Veuillez noter que le disque dur n&#039;est pas inclus et doit \u00eatre achet\u00e9 s\u00e9par\u00e9ment.<\/p>\n<p data-start=\"645\" data-end=\"909\">L&#039;appareil fonctionne avec une tension de DC48V\/1,5A et a une faible consommation d&#039;\u00e9nergie de moins de 7,5W sans disque dur.<\/p>\n<p data-start=\"645\" data-end=\"909\">Pour la capacit\u00e9 PoE (Power over Ethernet), il prend en charge une puissance maximale de 25,5 W par port et un total de 50 W pour les unit\u00e9s \u00e0 4 canaux, ainsi que 80 W pour les unit\u00e9s \u00e0 8 canaux.<\/p>\n<p data-start=\"911\" data-end=\"1122\">Le Risco VUPoint NVR est con\u00e7u pour fonctionner dans des plages de temp\u00e9ratures allant de -10\u00b0C \u00e0 +55\u00b0C et peut \u00eatre stock\u00e9 \u00e0 des temp\u00e9ratures comprises entre -20\u00b0C et +70\u00b0C, ce qui le rend adapt\u00e9 aux installations int\u00e9rieures et ext\u00e9rieures.<\/p>\n<p data-start=\"1124\" data-end=\"1153\"><strong data-start=\"1124\" data-end=\"1153\">Sp\u00e9cifications techniques\u00a0:<\/strong><\/p>\n<ul data-start=\"1154\" data-end=\"1979\">\n<li data-start=\"1154\" data-end=\"1176\">\n<p data-start=\"1156\" data-end=\"1176\">Mod\u00e8le : RVNVR16002FB<\/p>\n<\/li>\n<li data-start=\"1177\" data-end=\"1212\">\n<p data-start=\"1179\" data-end=\"1212\">Canaux\u00a0: NVR 16 canaux (sans PoE)<\/p>\n<\/li>\n<li data-start=\"1213\" data-end=\"1264\">\n<p data-start=\"1215\" data-end=\"1264\">Stockage : 1 port SATA III, jusqu&#039;\u00e0 6 To de capacit\u00e9<\/p>\n<\/li>\n<li data-start=\"1265\" data-end=\"1282\">\n<p data-start=\"1267\" data-end=\"1282\">Mode disque dur\u00a0: simple<\/p>\n<\/li>\n<li data-start=\"1283\" data-end=\"1305\">\n<p data-start=\"1285\" data-end=\"1305\">Tension : DC48V\/1,5A<\/p>\n<\/li>\n<li data-start=\"1306\" data-end=\"1504\">\n<p data-start=\"1308\" data-end=\"1325\">Consommation d&#039;\u00e9nergie\u00a0:<\/p>\n<ul data-start=\"1329\" data-end=\"1504\">\n<li data-start=\"1329\" data-end=\"1364\">\n<p data-start=\"1331\" data-end=\"1364\">NVR 4\/16 canaux\u00a0: &lt;\u00a07,5\u00a0W (sans disque dur)<\/p>\n<\/li>\n<li data-start=\"1368\" data-end=\"1416\">\n<p data-start=\"1370\" data-end=\"1416\">PoE\u00a0: max. 25,5\u00a0W par port, 50\u00a0W au total (4\u00a0canaux)<\/p>\n<\/li>\n<li data-start=\"1420\" data-end=\"1452\">\n<p data-start=\"1422\" data-end=\"1452\">NVR 8 canaux\u00a0: &lt;\u00a08,3\u00a0W (sans disque dur)<\/p>\n<\/li>\n<li data-start=\"1456\" data-end=\"1504\">\n<p data-start=\"1458\" data-end=\"1504\">PoE\u00a0: max. 25,5\u00a0W par port, 80\u00a0W au total (8\u00a0canaux)<\/p>\n<\/li>\n<\/ul>\n<\/li>\n<li data-start=\"1505\" data-end=\"1554\">\n<p data-start=\"1507\" data-end=\"1554\">Conditions de fonctionnement : -10\u00b0C ~ +55\u00b0C, 86 ~ 106 kPa<\/p>\n<\/li>\n<li data-start=\"1555\" data-end=\"1604\">\n<p data-start=\"1557\" data-end=\"1604\">Conditions de stockage : -20\u00b0C ~ +70\u00b0C, 0 ~ 90% RH<\/p>\n<\/li>\n<li data-start=\"1605\" data-end=\"1751\">\n<p data-start=\"1607\" data-end=\"1626\">Dimensions (4\/16 canaux) :<\/p>\n<ul data-start=\"1630\" data-end=\"1751\">\n<li data-start=\"1630\" data-end=\"1679\">\n<p data-start=\"1632\" data-end=\"1679\">204,6 mm x 204,6 mm x 45,6 mm (8,1\u2033 x 8,1\u2033 x 1,8\u2033)<\/p>\n<\/li>\n<li data-start=\"1683\" data-end=\"1715\">\n<p data-start=\"1685\" data-end=\"1715\">Poids net : 0,45 kg (sans disque dur)<\/p>\n<\/li>\n<li data-start=\"1719\" data-end=\"1751\">\n<p data-start=\"1721\" data-end=\"1751\">Poids brut : 1,5 kg (sans disque dur)<\/p>\n<\/li>\n<\/ul>\n<\/li>\n<li data-start=\"1752\" data-end=\"1894\">\n<p data-start=\"1754\" data-end=\"1770\">Dimensions (8 canaux) :<\/p>\n<ul data-start=\"1774\" data-end=\"1894\">\n<li data-start=\"1774\" data-end=\"1822\">\n<p data-start=\"1776\" data-end=\"1822\">270 mm x 204,7 mm x 45,7 mm (10,6\u2033 x 8,1\u2033 x 1,8\u2033)<\/p>\n<\/li>\n<li data-start=\"1826\" data-end=\"1858\">\n<p data-start=\"1828\" data-end=\"1858\">Poids net : 0,65 kg (sans disque dur)<\/p>\n<\/li>\n<li data-start=\"1862\" data-end=\"1894\">\n<p data-start=\"1864\" data-end=\"1894\">Poids brut : 1,8 kg (sans disque dur)<\/p>\n<\/li>\n<\/ul>\n<\/li>\n<li data-start=\"1895\" data-end=\"1979\">\n<p data-start=\"1897\" data-end=\"1979\">Certifications : CE EN55032, EN55024, EN50130-4, EN60950-1, FCC Partie 15 Sous-partie B<\/p>\n<\/li>\n<\/ul>","protected":false},"excerpt":{"rendered":"<p>Appareil d&#039;enregistrement vid\u00e9o 16 canaux (NVR) Risco VUPoint NVR sans prise en charge PoE et sans disque dur inclus. Prend en charge jusqu&#039;\u00e0 6 To de stockage et offre une installation flexible avec une gestion facile des cam\u00e9ras et des enregistrements.<\/p>","protected":false},"featured_media":138320,"template":"","meta":{"_acf_changed":false},"product_brand":[],"product_cat":[3250],"product_tag":[],"class_list":{"0":"post-90214","1":"product","2":"type-product","3":"status-publish","4":"has-post-thumbnail","6":"product_cat-risco-nvr","7":"product_shipping_class-tunga-paket","8":"pa_brands-4risco","9":"tm-no-options","11":"first","12":"onbackorder","13":"sale","14":"taxable","15":"shipping-taxable","16":"purchasable","17":"product-type-simple"},"acf":[],"_links":{"self":[{"href":"https:\/\/secureus.se\/fr\/wp-json\/wp\/v2\/product\/90214","targetHints":{"allow":["GET"]}}],"collection":[{"href":"https:\/\/secureus.se\/fr\/wp-json\/wp\/v2\/product"}],"about":[{"href":"https:\/\/secureus.se\/fr\/wp-json\/wp\/v2\/types\/product"}],"wp:featuredmedia":[{"embeddable":true,"href":"https:\/\/secureus.se\/fr\/wp-json\/wp\/v2\/media\/138320"}],"wp:attachment":[{"href":"https:\/\/secureus.se\/fr\/wp-json\/wp\/v2\/media?parent=90214"}],"wp:term":[{"taxonomy":"product_brand","embeddable":true,"href":"https:\/\/secureus.se\/fr\/wp-json\/wp\/v2\/product_brand?post=90214"},{"taxonomy":"product_cat","embeddable":true,"href":"https:\/\/secureus.se\/fr\/wp-json\/wp\/v2\/product_cat?post=90214"},{"taxonomy":"product_tag","embeddable":true,"href":"https:\/\/secureus.se\/fr\/wp-json\/wp\/v2\/product_tag?post=90214"}],"curies":[{"name":"wp","href":"https:\/\/api.w.org\/{rel}","templated":true}]}}