{"id":90372,"date":"2024-03-15T09:44:28","date_gmt":"2024-03-15T08:44:28","guid":{"rendered":"https:\/\/secureus.se\/?post_type=product&#038;p=90372"},"modified":"2026-03-25T15:42:03","modified_gmt":"2026-03-25T14:42:03","slug":"cylinderring-659m-6-11mm-oval-multi-f9-rostfritt-utseende","status":"publish","type":"product","link":"https:\/\/secureus.se\/fr\/cylinderring-659m-6-11mm-oval-multi-f9-rostfritt-utseende\/","title":{"rendered":"Bague Cylindre 659M 6-11mm Ovale Multi F9 Aspect Inox"},"content":{"rendered":"<div>L&#039;anneau de cylindre HOPPE 659M est adapt\u00e9 pour cylindre ovale pour portes avec module type corps de serrure ou certaines serrures de portes int\u00e9rieures. Disponible en plusieurs 3 tailles. La hauteur des anneaux du cylindre et la longueur de la vis sont d\u00e9termin\u00e9es par l&#039;\u00e9paisseur de la porte et l&#039;emplacement du bo\u00eetier de la serrure. 659M est inclus dans les accessoires du cylindre qui peuvent \u00eatre combin\u00e9s avec le module Bouton 42FIS, la plaque de recouvrement 59F ou l&#039;anneau du cylindre 59F pour l&#039;int\u00e9rieur.<\/div>\n<div><b><br \/>Propri\u00e9t\u00e9s:<\/b><\/div>\n<div>\n<ul>\n<li>\u00c0 monter avec un monocylindre ovale<\/li>\n<li>Disponible dans les tailles : 6-11, 11-16 et 16-21 mm (cylindre saillant)<\/li>\n<li>Mat\u00e9riel: Aluminium<\/li>\n<\/ul>\n<\/div>","protected":false},"excerpt":{"rendered":"<p>HOPPE Cylinderring 659M \u00e4r anpassad f\u00f6r oval cylinder f\u00f6r d\u00f6rrar med l\u00e5shus typ modul eller vissa innerd\u00f6rrsl\u00e5s. Finns i flera 3 storlekar. H\u00f6jd p\u00e5 cylinderringar och l\u00e4ngd p\u00e5 skruv avg\u00f6rs<\/p>","protected":false},"featured_media":137739,"template":"","meta":{"_acf_changed":false},"product_brand":[],"product_cat":[3254],"product_tag":[],"class_list":{"0":"post-90372","1":"product","2":"type-product","3":"status-publish","4":"has-post-thumbnail","6":"product_cat-cylinderringar","7":"product_shipping_class-postnord-varubrev","8":"pa_brands-hoppe","9":"tm-no-options","11":"first","12":"instock","13":"sale","14":"taxable","15":"shipping-taxable","16":"purchasable","17":"product-type-simple"},"acf":[],"_links":{"self":[{"href":"https:\/\/secureus.se\/fr\/wp-json\/wp\/v2\/product\/90372","targetHints":{"allow":["GET"]}}],"collection":[{"href":"https:\/\/secureus.se\/fr\/wp-json\/wp\/v2\/product"}],"about":[{"href":"https:\/\/secureus.se\/fr\/wp-json\/wp\/v2\/types\/product"}],"wp:featuredmedia":[{"embeddable":true,"href":"https:\/\/secureus.se\/fr\/wp-json\/wp\/v2\/media\/137739"}],"wp:attachment":[{"href":"https:\/\/secureus.se\/fr\/wp-json\/wp\/v2\/media?parent=90372"}],"wp:term":[{"taxonomy":"product_brand","embeddable":true,"href":"https:\/\/secureus.se\/fr\/wp-json\/wp\/v2\/product_brand?post=90372"},{"taxonomy":"product_cat","embeddable":true,"href":"https:\/\/secureus.se\/fr\/wp-json\/wp\/v2\/product_cat?post=90372"},{"taxonomy":"product_tag","embeddable":true,"href":"https:\/\/secureus.se\/fr\/wp-json\/wp\/v2\/product_tag?post=90372"}],"curies":[{"name":"wp","href":"https:\/\/api.w.org\/{rel}","templated":true}]}}