{"id":90386,"date":"2024-03-15T09:44:28","date_gmt":"2024-03-15T08:44:28","guid":{"rendered":"https:\/\/secureus.se\/?post_type=product&#038;p=90386"},"modified":"2026-04-08T15:48:35","modified_gmt":"2026-04-08T13:48:35","slug":"cylinderring-790-13mm-rund-f5-svart","status":"publish","type":"product","link":"https:\/\/secureus.se\/fr\/cylinderring-790-13mm-rund-f5-svart\/","title":{"rendered":"Bague de cylindre 790 13mm Rond F5 Noir"},"content":{"rendered":"<p>\nL&#039;anneau de cylindre HOPPE 790 est un anneau de cylindre pour cylindres ronds pour portes avec module de type bo\u00eetier de serrure. La hauteur des anneaux du cylindre et la longueur de la vis sont d\u00e9termin\u00e9es par l&#039;\u00e9paisseur de la porte et l&#039;emplacement du bo\u00eetier de la serrure. Mont\u00e9 avec le manchon de cylindre 990 sur les cylindres ASSA ABLOY.<br \/>\n<\/p>\n<div><b><br \/>Propri\u00e9t\u00e9s:<\/b><\/div>\n<div>\n<ul>\n<li>\u00c0 monter avec un cylindre rond simple ou double<\/li>\n<li>Disponible en taille : 13 mm<\/li>\n<li>Mat\u00e9riel: Aluminium<\/li>\n<li>R\u00e9pond aux exigences en mati\u00e8re de d\u00e9p\u00f4t de nickel - hypoallerg\u00e9nique<\/li>\n<\/ul>\n<\/div>","protected":false},"excerpt":{"rendered":"<p>L&#039;anneau de cylindre HOPPE 790 est un anneau de cylindre pour cylindres ronds pour portes avec module de type bo\u00eetier de serrure. La hauteur des anneaux du cylindre et la longueur de la vis sont d\u00e9termin\u00e9es par l&#039;\u00e9paisseur de la porte et l&#039;emplacement du bo\u00eetier de la serrure. Mont\u00e9<\/p>","protected":false},"featured_media":138042,"template":"","meta":{"_acf_changed":false},"product_brand":[],"product_cat":[3254],"product_tag":[],"class_list":{"0":"post-90386","1":"product","2":"type-product","3":"status-publish","4":"has-post-thumbnail","6":"product_cat-cylinderringar","7":"product_shipping_class-postnord-varubrev","8":"pa_brands-hoppe","9":"tm-no-options","11":"first","12":"instock","13":"sale","14":"taxable","15":"shipping-taxable","16":"purchasable","17":"product-type-simple"},"acf":[],"_links":{"self":[{"href":"https:\/\/secureus.se\/fr\/wp-json\/wp\/v2\/product\/90386","targetHints":{"allow":["GET"]}}],"collection":[{"href":"https:\/\/secureus.se\/fr\/wp-json\/wp\/v2\/product"}],"about":[{"href":"https:\/\/secureus.se\/fr\/wp-json\/wp\/v2\/types\/product"}],"wp:featuredmedia":[{"embeddable":true,"href":"https:\/\/secureus.se\/fr\/wp-json\/wp\/v2\/media\/138042"}],"wp:attachment":[{"href":"https:\/\/secureus.se\/fr\/wp-json\/wp\/v2\/media?parent=90386"}],"wp:term":[{"taxonomy":"product_brand","embeddable":true,"href":"https:\/\/secureus.se\/fr\/wp-json\/wp\/v2\/product_brand?post=90386"},{"taxonomy":"product_cat","embeddable":true,"href":"https:\/\/secureus.se\/fr\/wp-json\/wp\/v2\/product_cat?post=90386"},{"taxonomy":"product_tag","embeddable":true,"href":"https:\/\/secureus.se\/fr\/wp-json\/wp\/v2\/product_tag?post=90386"}],"curies":[{"name":"wp","href":"https:\/\/api.w.org\/{rel}","templated":true}]}}