{"id":90399,"date":"2024-03-15T09:44:29","date_gmt":"2024-03-15T08:44:29","guid":{"rendered":"https:\/\/secureus.se\/?post_type=product&#038;p=90399"},"modified":"2026-04-08T15:49:24","modified_gmt":"2026-04-08T13:49:24","slug":"cylinderring-13mm-oval-prion","status":"publish","type":"product","link":"https:\/\/secureus.se\/fr\/cylinderring-13mm-oval-prion\/","title":{"rendered":"Bague cylindre 13mm Ovale Prion"},"content":{"rendered":"<p><b>Description:<br \/>\n<\/b><br \/>\nBague ASSA ABLOY pour cylindre ovale. Disponible en plusieurs tailles diff\u00e9rentes. La hauteur des anneaux du cylindre et la longueur de la vis sont d\u00e9termin\u00e9es par l&#039;\u00e9paisseur de la porte et l&#039;emplacement du bo\u00eetier de la serrure. Les anneaux de cylindre ovales ASSA ABLOY sont inclus dans les accessoires de cylindre 256, 256E, 2356, 9256 et 18256.<\/p>\n<div><\/div>\n<div><b>Propri\u00e9t\u00e9s:\u00a0<\/b><\/div>\n<div>\n<ul>\n<li>\u00c0 monter avec un monocylindre ovale<\/li>\n<li>Disponible en tailles\u00a0: 6, 8, 11, 13, 16, 18, 21 et 24\u00a0mm<\/li>\n<li>Mat\u00e9riel: Laiton<\/li>\n<\/ul>\n<\/div>","protected":false},"excerpt":{"rendered":"<p>Beskrivning: ASSA ABLOY Cylinderring f\u00f6r oval cylinder. Finns i flera olika storlekar. H\u00f6jd p\u00e5 cylinderringar och l\u00e4ngd p\u00e5 skruv avg\u00f6rs av d\u00f6rrens tjocklek samt placeringen av l\u00e5shuset. ASSA ABLOY ovala<\/p>","protected":false},"featured_media":137885,"template":"","meta":{"_acf_changed":false},"product_brand":[],"product_cat":[3254],"product_tag":[],"class_list":{"0":"post-90399","1":"product","2":"type-product","3":"status-publish","4":"has-post-thumbnail","6":"product_cat-cylinderringar","7":"product_shipping_class-postnord-varubrev","8":"pa_brands-abloy","9":"tm-no-options","11":"first","12":"outofstock","13":"taxable","14":"shipping-taxable","15":"purchasable","16":"product-type-simple"},"acf":[],"_links":{"self":[{"href":"https:\/\/secureus.se\/fr\/wp-json\/wp\/v2\/product\/90399","targetHints":{"allow":["GET"]}}],"collection":[{"href":"https:\/\/secureus.se\/fr\/wp-json\/wp\/v2\/product"}],"about":[{"href":"https:\/\/secureus.se\/fr\/wp-json\/wp\/v2\/types\/product"}],"wp:featuredmedia":[{"embeddable":true,"href":"https:\/\/secureus.se\/fr\/wp-json\/wp\/v2\/media\/137885"}],"wp:attachment":[{"href":"https:\/\/secureus.se\/fr\/wp-json\/wp\/v2\/media?parent=90399"}],"wp:term":[{"taxonomy":"product_brand","embeddable":true,"href":"https:\/\/secureus.se\/fr\/wp-json\/wp\/v2\/product_brand?post=90399"},{"taxonomy":"product_cat","embeddable":true,"href":"https:\/\/secureus.se\/fr\/wp-json\/wp\/v2\/product_cat?post=90399"},{"taxonomy":"product_tag","embeddable":true,"href":"https:\/\/secureus.se\/fr\/wp-json\/wp\/v2\/product_tag?post=90399"}],"curies":[{"name":"wp","href":"https:\/\/api.w.org\/{rel}","templated":true}]}}