{"id":90441,"date":"2024-03-15T09:44:30","date_gmt":"2024-03-15T08:44:30","guid":{"rendered":"https:\/\/secureus.se\/?post_type=product&#038;p=90441"},"modified":"2026-03-25T15:37:41","modified_gmt":"2026-03-25T14:37:41","slug":"cylinderring-13mm-rund-mattkrom","status":"publish","type":"product","link":"https:\/\/secureus.se\/fr\/cylinderring-13mm-rund-mattkrom\/","title":{"rendered":"Bague de cylindre 13mm Ronde Chrome Mat"},"content":{"rendered":"<p><b>Description:<br \/>\n<\/b><br \/>\nASSA ABLOY Bague de cylindre pour cylindre rond (int\u00e9rieur et ext\u00e9rieur). Disponible en plusieurs deux tailles. La hauteur des anneaux du cylindre et la longueur de la vis sont d\u00e9termin\u00e9es par l&#039;\u00e9paisseur de la porte et l&#039;emplacement du bo\u00eetier de la serrure. Les anneaux de cylindre ronds ASSA ABLOY sont inclus dans les accessoires de cylindre 3211 et 3212. Complets avec manchon de cylindre, vis haute r\u00e9sistance et bouchons de cylindre (pour accessoires de cylindre 3212)<\/p>\n<div><\/div>\n<div><b>Propri\u00e9t\u00e9s:\u00a0<\/b><\/div>\n<div>\n<ul>\n<li>\u00c0 monter avec un cylindre rond<\/li>\n<li>Disponible en taille : 8 et 13 mm<\/li>\n<li>Mat\u00e9riel: Laiton<\/li>\n<\/ul>\n<\/div>","protected":false},"excerpt":{"rendered":"<p>Description\u00a0: Bague de cylindre ASSA ABLOY pour cylindre rond (int\u00e9rieur et ext\u00e9rieur). Disponible en plusieurs tailles. La hauteur de la bague et la longueur de la vis d\u00e9pendent de l\u2019\u00e9paisseur de la porte et de l\u2019emplacement du bo\u00eetier de serrure.<\/p>","protected":false},"featured_media":137984,"template":"","meta":{"_acf_changed":false},"product_brand":[],"product_cat":[3254],"product_tag":[],"class_list":{"0":"post-90441","1":"product","2":"type-product","3":"status-publish","4":"has-post-thumbnail","6":"product_cat-cylinderringar","7":"product_shipping_class-postnord-varubrev","8":"pa_brands-abloy","9":"tm-no-options","11":"first","12":"instock","13":"taxable","14":"shipping-taxable","15":"purchasable","16":"product-type-simple"},"acf":[],"_links":{"self":[{"href":"https:\/\/secureus.se\/fr\/wp-json\/wp\/v2\/product\/90441","targetHints":{"allow":["GET"]}}],"collection":[{"href":"https:\/\/secureus.se\/fr\/wp-json\/wp\/v2\/product"}],"about":[{"href":"https:\/\/secureus.se\/fr\/wp-json\/wp\/v2\/types\/product"}],"wp:featuredmedia":[{"embeddable":true,"href":"https:\/\/secureus.se\/fr\/wp-json\/wp\/v2\/media\/137984"}],"wp:attachment":[{"href":"https:\/\/secureus.se\/fr\/wp-json\/wp\/v2\/media?parent=90441"}],"wp:term":[{"taxonomy":"product_brand","embeddable":true,"href":"https:\/\/secureus.se\/fr\/wp-json\/wp\/v2\/product_brand?post=90441"},{"taxonomy":"product_cat","embeddable":true,"href":"https:\/\/secureus.se\/fr\/wp-json\/wp\/v2\/product_cat?post=90441"},{"taxonomy":"product_tag","embeddable":true,"href":"https:\/\/secureus.se\/fr\/wp-json\/wp\/v2\/product_tag?post=90441"}],"curies":[{"name":"wp","href":"https:\/\/api.w.org\/{rel}","templated":true}]}}