{"id":90474,"date":"2024-03-15T09:44:27","date_gmt":"2024-03-15T08:44:27","guid":{"rendered":"https:\/\/secureus.se\/?post_type=product&#038;p=90474"},"modified":"2026-04-08T15:55:34","modified_gmt":"2026-04-08T13:55:34","slug":"vredskylt-4356-epok-polerad-massing","status":"publish","type":"product","link":"https:\/\/secureus.se\/fr\/vredskylt-4356-epok-polerad-massing\/","title":{"rendered":"Cadran 4356 Epok Laiton Poli"},"content":{"rendered":"<div>ASSA ABLOY 4356 Epok est un panneau rotatif et un panneau long d\u00e9coratif. Peut \u00eatre combin\u00e9 avec un bo\u00eetier de serrure de la s\u00e9rie de serrures modulaires (mandrin 50 &amp; 70) avec fonction bouton interm\u00e9diaire (home\/away), bo\u00eetier de serrure type 2000 ou 2002. Se fixe sous pression et accessoires de cylindre. Les ann\u00e9es 1950 sont d\u00e9j\u00e0 entr\u00e9es dans l\u2019histoire comme un moment fort du design su\u00e9dois. Ici, nous avons essay\u00e9 de concevoir dans cet esprit. Une \u00e9l\u00e9gance discr\u00e8te et soign\u00e9e. Moderne, mais avec des racines dans notre tradition, il s&#039;adapte bien s\u00fbr \u00e0 l&#039;impression de porte Epok 1956 et \u00e0 toutes les autres impressions et maisons avec l&#039;esprit de cette \u00e9poque. La plaque de recouvrement est \u00e9galement disponible dans le m\u00eame style et s&#039;appelle alors 4256.<\/div>\n<div><b>\u00a0<\/b><\/div>\n<div><b>Propri\u00e9t\u00e9s:<\/b><\/div>\n<div>\n<ul>\n<li>Pour maisons \u00e9clusi\u00e8res avec fonction home\/away, type 2000, 2002<\/li>\n<li>\u00c9videments pour cylindre et presse<\/li>\n<li>Pour l&#039;int\u00e9rieur, dimensions et ex\u00e9cution correspondantes \u00e0 la plaque de recouvrement 4256<\/li>\n<li>La plaque d\u00e9corative prot\u00e8ge le vantail de la porte de l&#039;usure et peut \u00e9galement couvrir les dommages existants<\/li>\n<li>Fixation cach\u00e9e (appuy\u00e9e par la poign\u00e9e de porte et les accessoires du cylindre)<\/li>\n<li>Largeur : 60 mm<\/li>\n<li>Hauteur: 216 millim\u00e8tres<\/li>\n<li>\u00c9paisseur 3mm<\/li>\n<li>Mat\u00e9riel: Laiton<\/li>\n<li>Disponible en plusieurs traitements de surface<\/li>\n<\/ul>\n<\/div>","protected":false},"excerpt":{"rendered":"<p>L&#039;Assa Abloy 4356 Epok est une plaque de bouton et une plaque longue d\u00e9corative. Elle s&#039;associe aux bo\u00eetiers de serrure de la gamme modulaire (50 et 70 mandrins) avec fonction de bouton interm\u00e9diaire (entr\u00e9e\/sortie), type bo\u00eetier de serrure 2000 ou 2002. Se fixe sous la poign\u00e9e et<\/p>","protected":false},"featured_media":145956,"template":"","meta":{"_acf_changed":false},"product_brand":[],"product_cat":[3255],"product_tag":[],"class_list":{"0":"post-90474","1":"product","2":"type-product","3":"status-publish","4":"has-post-thumbnail","6":"product_cat-skyltbehor","7":"product_shipping_class-tunga-paket","8":"pa_brands-abloy","9":"tm-no-options","11":"first","12":"instock","13":"taxable","14":"shipping-taxable","15":"purchasable","16":"product-type-simple"},"acf":[],"_links":{"self":[{"href":"https:\/\/secureus.se\/fr\/wp-json\/wp\/v2\/product\/90474","targetHints":{"allow":["GET"]}}],"collection":[{"href":"https:\/\/secureus.se\/fr\/wp-json\/wp\/v2\/product"}],"about":[{"href":"https:\/\/secureus.se\/fr\/wp-json\/wp\/v2\/types\/product"}],"wp:featuredmedia":[{"embeddable":true,"href":"https:\/\/secureus.se\/fr\/wp-json\/wp\/v2\/media\/145956"}],"wp:attachment":[{"href":"https:\/\/secureus.se\/fr\/wp-json\/wp\/v2\/media?parent=90474"}],"wp:term":[{"taxonomy":"product_brand","embeddable":true,"href":"https:\/\/secureus.se\/fr\/wp-json\/wp\/v2\/product_brand?post=90474"},{"taxonomy":"product_cat","embeddable":true,"href":"https:\/\/secureus.se\/fr\/wp-json\/wp\/v2\/product_cat?post=90474"},{"taxonomy":"product_tag","embeddable":true,"href":"https:\/\/secureus.se\/fr\/wp-json\/wp\/v2\/product_tag?post=90474"}],"curies":[{"name":"wp","href":"https:\/\/api.w.org\/{rel}","templated":true}]}}