{"id":90484,"date":"2024-03-15T09:44:27","date_gmt":"2024-03-15T08:44:27","guid":{"rendered":"https:\/\/secureus.se\/?post_type=product&#038;p=90484"},"modified":"2026-03-25T15:34:14","modified_gmt":"2026-03-25T14:34:14","slug":"tackskylt-4291-nickel","status":"publish","type":"product","link":"https:\/\/secureus.se\/fr\/tackskylt-4291-nickel\/","title":{"rendered":"Plaque de recouvrement 4291 Nickel"},"content":{"rendered":"<div><\/div>\n<div>\nASSA ABLOY 4291 est un panneau long d\u00e9coratif adapt\u00e9 aux accessoires de renforcement de porte 4292. Peut \u00eatre combin\u00e9 et fix\u00e9 avec des accessoires \u00e0 poussoir et \u00e0 cylindre. Convient aux bo\u00eetiers de serrure ASSA dans les mod\u00e8les \u00e0 mandrin 50 et 70.<\/p>\n<p><b>Propri\u00e9t\u00e9s:<\/b><\/div>\n<div>\n<ul>\n<li>Plaque de recouvrement pour accessoires de renfort de porte 4292<\/li>\n<li>Couvre les \u00e9videments existants lors du changement de serrure<\/li>\n<li>\u00c9videments pour cylindre et presse<\/li>\n<li>Largeur 70 mm.<\/li>\n<li>Hauteur 230 mm.<\/li>\n<li>\u00c9paisseur : 4 mm<\/li>\n<li>Mat\u00e9riel: Laiton<\/li>\n<li>Disponible en plusieurs traitements de surface<\/li>\n<\/ul>\n<\/div>","protected":false},"excerpt":{"rendered":"<p>ASSA ABLOY 4291 est un panneau long d\u00e9coratif adapt\u00e9 aux accessoires de renforcement de porte 4292. Peut \u00eatre combin\u00e9 et fix\u00e9 avec des accessoires \u00e0 poussoir et \u00e0 cylindre. Convient aux bo\u00eetiers de serrure ASSA dans les mod\u00e8les \u00e0 mandrin 50 et 70. Caract\u00e9ristiques : Plaque de recouvrement pour accessoires de renfort de porte<\/p>","protected":false},"featured_media":137932,"template":"","meta":{"_acf_changed":false},"product_brand":[],"product_cat":[3255],"product_tag":[],"class_list":{"0":"post-90484","1":"product","2":"type-product","3":"status-publish","4":"has-post-thumbnail","6":"product_cat-skyltbehor","7":"product_shipping_class-tunga-paket","8":"pa_brands-abloy","9":"tm-no-options","11":"first","12":"instock","13":"taxable","14":"shipping-taxable","15":"purchasable","16":"product-type-simple"},"acf":[],"_links":{"self":[{"href":"https:\/\/secureus.se\/fr\/wp-json\/wp\/v2\/product\/90484","targetHints":{"allow":["GET"]}}],"collection":[{"href":"https:\/\/secureus.se\/fr\/wp-json\/wp\/v2\/product"}],"about":[{"href":"https:\/\/secureus.se\/fr\/wp-json\/wp\/v2\/types\/product"}],"wp:featuredmedia":[{"embeddable":true,"href":"https:\/\/secureus.se\/fr\/wp-json\/wp\/v2\/media\/137932"}],"wp:attachment":[{"href":"https:\/\/secureus.se\/fr\/wp-json\/wp\/v2\/media?parent=90484"}],"wp:term":[{"taxonomy":"product_brand","embeddable":true,"href":"https:\/\/secureus.se\/fr\/wp-json\/wp\/v2\/product_brand?post=90484"},{"taxonomy":"product_cat","embeddable":true,"href":"https:\/\/secureus.se\/fr\/wp-json\/wp\/v2\/product_cat?post=90484"},{"taxonomy":"product_tag","embeddable":true,"href":"https:\/\/secureus.se\/fr\/wp-json\/wp\/v2\/product_tag?post=90484"}],"curies":[{"name":"wp","href":"https:\/\/api.w.org\/{rel}","templated":true}]}}