{"id":90598,"date":"2024-03-15T12:55:47","date_gmt":"2024-03-15T11:55:47","guid":{"rendered":"https:\/\/secureus.se\/?post_type=product&#038;p=90598"},"modified":"2026-04-06T12:33:16","modified_gmt":"2026-04-06T10:33:16","slug":"harddisk-3-5-hdd-4-tb-35-tums-harddisk-256-mb","status":"publish","type":"product","link":"https:\/\/secureus.se\/fr\/harddisk-3-5-hdd-4-tb-35-tums-harddisk-256-mb\/","title":{"rendered":"Disque dur 3.5\u2033 HDD 4 To SATA \u2013 256 Mo de cache pour la vid\u00e9osurveillance intelligente"},"content":{"rendered":"<h1>Disque dur 3.5\u2033 HDD 4 To SATA \u2013 256 Mo de cache<\/h1>\n<p>Points forts du produit<br \/>\n\u2022 Capacit\u00e9 jusqu&#039;\u00e0 8 To1<br \/>\n\u2022 Con\u00e7u pour les syst\u00e8mes de surveillance courants<br \/>\n\u2022 WD AllFrame\u2122 aide \u00e0 r\u00e9duire les pertes d&#039;images<br \/>\n\u2022 Prend en charge jusqu&#039;\u00e0 180 To\/an de charge de travail\u2077<br \/>\n\u2022 Garantie limit\u00e9e de 3 ans9<\/p>\n<h3>DESCRIPTION DU PRODUIT SURVEILLANCE DU DISQUE DUR<\/h3>\n<p>Disques durs WD Purple\u00ae<br \/>\nLe bon disque dur pour la vid\u00e9osurveillance intelligente<br \/>\nLes disques WD Purple\u00ae sont con\u00e7us pour relever les d\u00e9fis de l&#039;enregistrement de vid\u00e9osurveillance 24h\/24 et 7j\/7.<\/p>\n<p>Ces unit\u00e9s sont sp\u00e9cialement con\u00e7ues pour la surveillance afin de r\u00e9sister aux fluctuations de temp\u00e9rature \u00e9lev\u00e9es et aux vibrations des \u00e9quipements dans les environnements NVR. Un appareil de bureau moyen est con\u00e7u pour fonctionner uniquement pendant de courts intervalles, et non pour l&#039;environnement rigoureux et toujours actif 24h\/24 et 7j\/7 d&#039;un syst\u00e8me de surveillance haute d\u00e9finition.<\/p>\n<p>Avec les disques WD Purple, vous b\u00e9n\u00e9ficiez d&#039;un stockage fiable de qualit\u00e9 surveillance dont la compatibilit\u00e9 a \u00e9t\u00e9 test\u00e9e avec une large gamme de syst\u00e8mes de s\u00e9curit\u00e9. La technologie exclusive WD AllFrame\u2122 aide \u00e0 r\u00e9duire la perte d&#039;images et \u00e0 am\u00e9liorer la lecture vid\u00e9o globale.<\/p>\n<p>Stockage leader du secteur. Une surveillance \u00e0 laquelle vous pouvez faire confiance.<br \/>\nWestern Digital fournit un stockage de qualit\u00e9 surveillance depuis plus d&#039;une d\u00e9cennie.<\/p>\n<p>Avec le stockage de surveillance WD Purple\u00ae, les disques sont con\u00e7us pour les syst\u00e8mes de surveillance \u00e0 haute temp\u00e9rature et toujours actifs afin que vous puissiez compter sur une vid\u00e9o de qualit\u00e9 lorsque vous en avez le plus besoin. WD Purple offre un stockage vid\u00e9o intelligent auquel vous pouvez faire confiance et b\u00e9n\u00e9ficie d&#039;une garantie limit\u00e9e de 3 ans9.<\/p>\n<p>Technologie exclusive WD AllFrame\u2122 de Western Digital<br \/>\nTous les disques WD Purple\u00ae sont \u00e9quip\u00e9s de la technologie AllFrame\u2122, qui permet de r\u00e9duire les pertes d&#039;images et d&#039;am\u00e9liorer l&#039;enregistrement et la lecture vid\u00e9o.<\/p>\n<p>\u00c9valuation am\u00e9lior\u00e9e de la charge de travail<br \/>\nLes disques WD Purple\u00ae ont une charge de travail allant jusqu&#039;\u00e0 180 To\/an\u2077 \u2013 jusqu&#039;\u00e0 trois fois celle des disques de bureau \u2013 pour r\u00e9pondre aux exigences uniques des syst\u00e8mes de vid\u00e9osurveillance DVR et NVR courants.<\/p>\n<p>Plusieurs cam\u00e9ras, plusieurs flux<br \/>\nLes enregistreurs plus modernes prennent d\u00e9sormais en charge plusieurs flux vid\u00e9o par cam\u00e9ra. Les disques WD Purple\u00ae prennent en charge jusqu&#039;\u00e0 64 cam\u00e9ras HD simples3.<\/p>\n<p>Avec autant d\u2019options, vous avez la possibilit\u00e9 de mettre \u00e0 niveau ou d\u2019\u00e9tendre vos applications de s\u00e9curit\u00e9 \u00e0 l\u2019avenir.<\/p>\n<p>Con\u00e7u pour un fonctionnement fiable<br \/>\nCon\u00e7us pour une fiabilit\u00e9 avec un MTBF allant jusqu&#039;\u00e0 1 million d&#039;heures8 et b\u00e9n\u00e9ficiant d&#039;une garantie limit\u00e9e de 3 ans9, les disques WD Purple\u00ae comportent des composants r\u00e9sistants \u00e0 la d\u00e9coloration11 et prennent en charge les syst\u00e8mes de stockage avec jusqu&#039;\u00e0 16 baies de disque12.<\/p>\n<p>Les disques durs WD Purple\u00ae sont con\u00e7us avec un contr\u00f4le de r\u00e9cup\u00e9ration des erreurs RAID pour aider \u00e0 r\u00e9duire les erreurs dans les enregistreurs vid\u00e9o pris en charge.<\/p>\n<p>Large compatibilit\u00e9. Int\u00e9gration transparente.<br \/>\nLes disques durs WD Purple\u00ae sont con\u00e7us dans un souci de compatibilit\u00e9, afin que vous puissiez ajouter rapidement et de mani\u00e8re transparente de la capacit\u00e9 \u00e0 votre syst\u00e8me de surveillance.<\/p>\n<p>Avec la prise en charge d&#039;une large gamme de ch\u00e2ssis et de chipsets de pointe, vous \u00eates s\u00fbr de trouver la configuration DVR ou NVR qui vous convient.<\/p>\n<p>Garantie limit\u00e9e de trois ans<br \/>\nEn tant que fabricant leader de disques durs du secteur, Western Digital soutient ses solutions de stockage de surveillance avec une garantie limit\u00e9e de 3 ans9 incluse avec chaque disque WD Purple\u00ae.<\/p>","protected":false},"excerpt":{"rendered":"<p>Disque dur HDD 3,5\u2033 WD WD43PURZ Purple Series, disque dur 4 To 3,5 pouces, 256 Mo de cache, prise en charge jusqu&#039;\u00e0 64 cam\u00e9ras HD<\/p>","protected":false},"featured_media":138021,"template":"","meta":{"_acf_changed":false},"product_brand":[],"product_cat":[3261],"product_tag":[],"class_list":{"0":"post-90598","1":"product","2":"type-product","3":"status-publish","4":"has-post-thumbnail","6":"product_cat-hdd-harddisk-3-5","7":"product_shipping_class-tunga-paket","8":"pa_brands-western-digital","9":"tm-no-options","11":"first","12":"onbackorder","13":"sale","14":"taxable","15":"shipping-taxable","16":"purchasable","17":"product-type-simple"},"acf":[],"_links":{"self":[{"href":"https:\/\/secureus.se\/fr\/wp-json\/wp\/v2\/product\/90598","targetHints":{"allow":["GET"]}}],"collection":[{"href":"https:\/\/secureus.se\/fr\/wp-json\/wp\/v2\/product"}],"about":[{"href":"https:\/\/secureus.se\/fr\/wp-json\/wp\/v2\/types\/product"}],"wp:featuredmedia":[{"embeddable":true,"href":"https:\/\/secureus.se\/fr\/wp-json\/wp\/v2\/media\/138021"}],"wp:attachment":[{"href":"https:\/\/secureus.se\/fr\/wp-json\/wp\/v2\/media?parent=90598"}],"wp:term":[{"taxonomy":"product_brand","embeddable":true,"href":"https:\/\/secureus.se\/fr\/wp-json\/wp\/v2\/product_brand?post=90598"},{"taxonomy":"product_cat","embeddable":true,"href":"https:\/\/secureus.se\/fr\/wp-json\/wp\/v2\/product_cat?post=90598"},{"taxonomy":"product_tag","embeddable":true,"href":"https:\/\/secureus.se\/fr\/wp-json\/wp\/v2\/product_tag?post=90598"}],"curies":[{"name":"wp","href":"https:\/\/api.w.org\/{rel}","templated":true}]}}