{"id":90640,"date":"2024-03-13T12:30:23","date_gmt":"2024-03-13T11:30:23","guid":{"rendered":"https:\/\/secureus.se\/batteri-18ah-agm-helios-12v-5-ar-new\/"},"modified":"2026-04-20T13:07:24","modified_gmt":"2026-04-20T11:07:24","slug":"12v-18ah-agm-batteri-vrla-helios-inskruvningspol","status":"publish","type":"product","link":"https:\/\/secureus.se\/fr\/12v-18ah-agm-batteri-vrla-helios-inskruvningspol\/","title":{"rendered":"Batterie 12 V 18 Ah HELIOS \u00e0 bornes \u00e0 visser, version Pro, dur\u00e9e de vie 5 \u00e0 8 ans"},"content":{"rendered":"<p data-start=\"675\" data-end=\"989\">La batterie HELIOS 12 V 18 Ah AGM (VRLA) est une batterie au plomb-acide robuste, r\u00e9gul\u00e9e par soupape et sans entretien, offrant une grande fiabilit\u00e9 de fonctionnement.<br data-start=\"795\" data-end=\"798\" \/>Il est con\u00e7u pour une utilisation en veille et cyclique et fournit une alimentation \u00e9lectrique stable \u00e0 tout, des centres d&#039;alarme et des onduleurs aux petits v\u00e9hicules, aux syst\u00e8mes de t\u00e9l\u00e9communications et aux solutions d&#039;alimentation de secours.<\/p>\n<p data-start=\"991\" data-end=\"1155\">Avec une dur\u00e9e de vie nominale allant jusqu&#039;\u00e0 <strong data-start=\"1026\" data-end=\"1034\">8 ans<\/strong> et un taux d&#039;erreur tr\u00e8s faible (&lt; 0,03 %), la s\u00e9rie HELIOS est un choix fiable pour une utilisation professionnelle et priv\u00e9e.<\/p>\n<hr data-start=\"1157\" data-end=\"1160\" \/>\n<h3 data-start=\"1162\" data-end=\"1190\"><strong data-start=\"1166\" data-end=\"1190\">Pourquoi choisir HELIOS ?<\/strong><\/h3>\n<ul data-start=\"1192\" data-end=\"1558\">\n<li data-start=\"1192\" data-end=\"1274\">\n<p data-start=\"1194\" data-end=\"1274\">Batterie AGM sans entretien (VRLA) \u2013 \u00e9tanche, r\u00e9sistante aux vibrations et aux fuites.<\/p>\n<\/li>\n<li data-start=\"1275\" data-end=\"1353\">\n<p data-start=\"1277\" data-end=\"1353\">Longue dur\u00e9e de vie (5 \u00e0 8 ans) \u2013 con\u00e7u pour un fonctionnement en veille et cyclique.<\/p>\n<\/li>\n<li data-start=\"1354\" data-end=\"1422\">\n<p data-start=\"1356\" data-end=\"1422\">Performances stables \u2013 faible autod\u00e9charge et courbe de tension r\u00e9guli\u00e8re.<\/p>\n<\/li>\n<li data-start=\"1423\" data-end=\"1491\">\n<p data-start=\"1425\" data-end=\"1491\">Haute qualit\u00e9 \u2013 fabriqu\u00e9 selon les normes ISO9000, ISO14000 et ISO18000.<\/p>\n<\/li>\n<li data-start=\"1492\" data-end=\"1558\">\n<p data-start=\"1494\" data-end=\"1558\">Poteaux \u00e0 visser standardis\u00e9s \u2013 installation facile et s\u00fbre.<\/p>\n<\/li>\n<\/ul>\n<hr data-start=\"1560\" data-end=\"1563\" \/>\n<h3 data-start=\"1565\" data-end=\"1599\"><strong data-start=\"1569\" data-end=\"1599\">Utilisations typiques<\/strong><\/h3>\n<ul data-start=\"1601\" data-end=\"1828\">\n<li data-start=\"1601\" data-end=\"1645\">\n<p data-start=\"1603\" data-end=\"1645\">Panneaux d&#039;alarme, sir\u00e8nes et syst\u00e8mes de contr\u00f4le d&#039;acc\u00e8s<\/p>\n<\/li>\n<li data-start=\"1646\" data-end=\"1676\">\n<p data-start=\"1648\" data-end=\"1676\">Solutions d&#039;alimentation sans coupure et d&#039;alimentation de secours<\/p>\n<\/li>\n<li data-start=\"1677\" data-end=\"1708\">\n<p data-start=\"1679\" data-end=\"1708\">Tondeuse \u00e0 gazon et cl\u00f4ture \u00e9lectrique<\/p>\n<\/li>\n<li data-start=\"1709\" data-end=\"1742\">\n<p data-start=\"1711\" data-end=\"1742\">\u00c9clairage de secours et panneaux d&#039;\u00e9vacuation<\/p>\n<\/li>\n<li data-start=\"1743\" data-end=\"1787\">\n<p data-start=\"1745\" data-end=\"1787\">\u00c9quipements de t\u00e9l\u00e9communications et de donn\u00e9es, modems, routeurs<\/p>\n<\/li>\n<li data-start=\"1788\" data-end=\"1828\">\n<p data-start=\"1790\" data-end=\"1828\">\u00c9pandeurs d&#039;aliments et petits syst\u00e8mes 12 V<\/p>\n<\/li>\n<\/ul>\n<hr data-start=\"1830\" data-end=\"1833\" \/>\n<h3 data-start=\"1835\" data-end=\"1856\"><strong data-start=\"1839\" data-end=\"1856\">Donn\u00e9es techniques<\/strong><\/h3>\n<div class=\"_tableContainer_1rjym_1\">\n<div class=\"group _tableWrapper_1rjym_13 flex w-fit flex-col-reverse\">\n<table class=\"w-fit min-w-(--thread-content-width)\" data-start=\"1858\" data-end=\"2412\">\n<thead data-start=\"1858\" data-end=\"1878\">\n<tr data-start=\"1858\" data-end=\"1878\">\n<th data-start=\"1858\" data-end=\"1869\" data-col-size=\"sm\">Propri\u00e9t\u00e9<\/th>\n<th data-start=\"1869\" data-end=\"1878\" data-col-size=\"md\">Valeur<\/th>\n<\/tr>\n<\/thead>\n<tbody data-start=\"1902\" data-end=\"2412\">\n<tr data-start=\"1902\" data-end=\"1926\">\n<td data-start=\"1902\" data-end=\"1918\" data-col-size=\"sm\"><strong data-start=\"1904\" data-end=\"1917\">tension:<\/strong><\/td>\n<td data-col-size=\"md\" data-start=\"1918\" data-end=\"1926\">12V<\/td>\n<\/tr>\n<tr data-start=\"1927\" data-end=\"1953\">\n<td data-start=\"1927\" data-end=\"1944\" data-col-size=\"sm\"><strong data-start=\"1929\" data-end=\"1943\">Capacit\u00e9:<\/strong><\/td>\n<td data-col-size=\"md\" data-start=\"1944\" data-end=\"1953\">18 Ah<\/td>\n<\/tr>\n<tr data-start=\"1954\" data-end=\"2036\">\n<td data-start=\"1954\" data-end=\"1972\" data-col-size=\"sm\"><strong data-start=\"1956\" data-end=\"1971\">Type de batterie\u00a0:<\/strong><\/td>\n<td data-col-size=\"md\" data-start=\"1972\" data-end=\"2036\">Batterie AGM (batterie au plomb-acide r\u00e9gul\u00e9e par soupape, scell\u00e9e \/ sans entretien)<\/td>\n<\/tr>\n<tr data-start=\"2037\" data-end=\"2080\">\n<td data-start=\"2037\" data-end=\"2060\" data-col-size=\"sm\"><strong data-start=\"2039\" data-end=\"2059\">Concevoir sa vie :<\/strong><\/td>\n<td data-col-size=\"md\" data-start=\"2060\" data-end=\"2080\">5 \u00e0 8 ans (en veille)<\/td>\n<\/tr>\n<tr data-start=\"2081\" data-end=\"2122\">\n<td data-start=\"2081\" data-end=\"2101\" data-col-size=\"sm\"><strong data-start=\"2083\" data-end=\"2100\">Dimensions (L\u00d7l\u00d7H) :<\/strong><\/td>\n<td data-col-size=\"md\" data-start=\"2101\" data-end=\"2122\">181 \u00d7 77 \u00d7 167 mm<\/td>\n<\/tr>\n<tr data-start=\"2123\" data-end=\"2148\">\n<td data-start=\"2123\" data-end=\"2135\" data-col-size=\"sm\"><strong data-start=\"2125\" data-end=\"2134\">Poids:<\/strong><\/td>\n<td data-col-size=\"md\" data-start=\"2135\" data-end=\"2148\">environ 5,1 kg<\/td>\n<\/tr>\n<tr data-start=\"2149\" data-end=\"2182\">\n<td data-start=\"2149\" data-end=\"2163\" data-col-size=\"sm\"><strong data-start=\"2151\" data-end=\"2162\">Type de poteau :<\/strong><\/td>\n<td data-col-size=\"md\" data-start=\"2163\" data-end=\"2182\">Poteau \u00e0 visser<\/td>\n<\/tr>\n<tr data-start=\"2183\" data-end=\"2215\">\n<td data-start=\"2183\" data-end=\"2196\" data-col-size=\"sm\"><strong data-start=\"2185\" data-end=\"2195\">Couverture:<\/strong><\/td>\n<td data-col-size=\"md\" data-start=\"2196\" data-end=\"2215\">plastique ABS noir<\/td>\n<\/tr>\n<tr data-start=\"2216\" data-end=\"2285\">\n<td data-start=\"2216\" data-end=\"2238\" data-col-size=\"sm\"><strong data-start=\"2218\" data-end=\"2237\">Certifications:<\/strong><\/td>\n<td data-col-size=\"md\" data-start=\"2238\" data-end=\"2285\">Certifications CE, UL, RoHS, ISO 9000 \/ ISO 14000 \/ ISO 18000<\/td>\n<\/tr>\n<tr data-start=\"2286\" data-end=\"2330\">\n<td data-start=\"2286\" data-end=\"2306\" data-col-size=\"sm\"><strong data-start=\"2288\" data-end=\"2305\">Taux d&#039;\u00e9chec :<\/strong><\/td>\n<td data-col-size=\"md\" data-start=\"2306\" data-end=\"2330\">&lt; 0,03 % d\u00e9part usine<\/td>\n<\/tr>\n<tr data-start=\"2331\" data-end=\"2376\">\n<td data-start=\"2331\" data-end=\"2358\" data-col-size=\"sm\"><strong data-start=\"2333\" data-end=\"2357\">Num\u00e9ro d&#039;article (SKU) :<\/strong><\/td>\n<td data-col-size=\"md\" data-start=\"2358\" data-end=\"2376\">50018 poteau \u00e0 vis<\/td>\n<\/tr>\n<tr data-start=\"2377\" data-end=\"2412\">\n<td data-start=\"2377\" data-end=\"2402\" data-col-size=\"sm\"><strong data-start=\"2379\" data-end=\"2401\">Marque \/ S\u00e9rie :<\/strong><\/td>\n<td data-col-size=\"md\" data-start=\"2402\" data-end=\"2412\">H\u00c9LIOS<\/td>\n<\/tr>\n<\/tbody>\n<\/table>\n<\/div>\n<\/div>\n<hr data-start=\"2414\" data-end=\"2417\" \/>\n<h3 data-start=\"2419\" data-end=\"2452\"><strong data-start=\"2423\" data-end=\"2452\">Recommandations de recharge<\/strong><\/h3>\n<ul data-start=\"2454\" data-end=\"2563\">\n<li data-start=\"2454\" data-end=\"2493\">\n<p data-start=\"2456\" data-end=\"2493\"><strong data-start=\"2456\" data-end=\"2477\">Charge en veille\u00a0:<\/strong> 13,5 \u2013 13,8 V<\/p>\n<\/li>\n<li data-start=\"2494\" data-end=\"2533\">\n<p data-start=\"2496\" data-end=\"2533\"><strong data-start=\"2496\" data-end=\"2517\">Recharge cyclique\u00a0:<\/strong> 14,4 \u2013 15,0 V<\/p>\n<\/li>\n<li data-start=\"2534\" data-end=\"2563\">\n<p data-start=\"2536\" data-end=\"2563\"><strong data-start=\"2536\" data-end=\"2555\">Courant de charge maximal\u00a0:<\/strong> 5.4A<\/p>\n<\/li>\n<\/ul>\n<p data-start=\"2565\" data-end=\"2731\">En fonctionnement cyclique, le courant de charge ne doit pas d\u00e9passer 30 % de la capacit\u00e9 de la batterie (Ah).<br data-start=\"2649\" data-end=\"2652\" \/>Pour la charge d&#039;entretien, environ 5 % sont recommand\u00e9s.<br data-start=\"2699\" data-end=\"2702\" \/>Suivez toujours les instructions du manuel du chargeur.<\/p>\n<hr data-start=\"2733\" data-end=\"2736\" \/>\n<h3 data-start=\"2738\" data-end=\"2770\"><strong data-start=\"2742\" data-end=\"2770\">Utilisation et dur\u00e9e de vie<\/strong><\/h3>\n<p data-start=\"2772\" data-end=\"2971\">Les batteries HELIOS AGM sont adapt\u00e9es aux d\u00e9charges importantes de courte dur\u00e9e et au fonctionnement en veille continue.<br data-start=\"2872\" data-end=\"2875\" \/>Correctement charg\u00e9e, sa dur\u00e9e de vie peut \u00eatre de 5 \u00e0 8 ans selon l&#039;environnement et les habitudes d&#039;utilisation.<\/p>\n<hr data-start=\"2973\" data-end=\"2976\" \/>\n<h3 data-start=\"2978\" data-end=\"2998\"><strong data-start=\"2982\" data-end=\"2998\">Installation<\/strong><\/h3>\n<ol data-start=\"3000\" data-end=\"3213\">\n<li data-start=\"3000\" data-end=\"3047\">\n<p data-start=\"3003\" data-end=\"3047\">D\u00e9branchez l&#039;appareil du secteur.<\/p>\n<\/li>\n<li data-start=\"3048\" data-end=\"3096\">\n<p data-start=\"3051\" data-end=\"3096\">V\u00e9rifiez la polarit\u00e9 (rouge = +, noir = \u2013).<\/p>\n<\/li>\n<li data-start=\"3097\" data-end=\"3150\">\n<p data-start=\"3100\" data-end=\"3150\">Vissez fermement les bornes (utilisez le couple de serrage appropri\u00e9).<\/p>\n<\/li>\n<li data-start=\"3151\" data-end=\"3213\">\n<p data-start=\"3154\" data-end=\"3213\">Fixez la batterie dans son compartiment, rebranchez-la et v\u00e9rifiez son fonctionnement.<\/p>\n<\/li>\n<\/ol>\n<hr data-start=\"3215\" data-end=\"3218\" \/>\n<h3 data-start=\"3220\" data-end=\"3233\"><strong data-start=\"3224\" data-end=\"3233\">Environnement<\/strong><\/h3>\n<p data-start=\"3235\" data-end=\"3394\">Ce produit est recyclable \u2013 veuillez apporter vos piles au plomb usag\u00e9es \u00e0 un centre de recyclage.<br data-start=\"3319\" data-end=\"3322\" \/>La gamme HELIOS est fabriqu\u00e9e dans le respect de l&#039;environnement, de la s\u00e9curit\u00e9 et du d\u00e9veloppement durable.<\/p>\n<hr data-start=\"3396\" data-end=\"3399\" \/>\n<h3 data-start=\"3401\" data-end=\"3412\"><strong data-start=\"3405\" data-end=\"3412\">FAQ<\/strong><\/h3>\n<p data-start=\"3414\" data-end=\"3591\"><strong data-start=\"3414\" data-end=\"3449\">Cette batterie est-elle de type AGM ou GEL\u00a0?<\/strong><br data-start=\"3449\" data-end=\"3452\" \/>Il s&#039;agit d&#039;une batterie AGM (VRLA) \u2013 r\u00e9gul\u00e9e par soupape et sans entretien.<br data-start=\"3521\" data-end=\"3524\" \/>Ce n&#039;est pas une batterie au gel, mais elle fonctionne dans les m\u00eames types de syst\u00e8mes.<\/p>\n<p data-start=\"3593\" data-end=\"3759\"><strong data-start=\"3593\" data-end=\"3654\">Puis-je utiliser cela dans mon onduleur, mon alarme ou ma tondeuse \u00e0 gazon\u00a0?<\/strong><br data-start=\"3654\" data-end=\"3657\" \/>Oui. Si votre batterie actuelle est une 12V 18Ah et poss\u00e8de des bornes \u00e0 visser, celle-ci la remplace directement.<\/p>\n<p data-start=\"3761\" data-end=\"3851\"><strong data-start=\"3761\" data-end=\"3793\">Dois-je faire l&#039;appoint de liquide ?<\/strong><br data-start=\"3793\" data-end=\"3796\" \/>Non, la batterie est totalement scell\u00e9e et sans entretien.<\/p>\n<hr data-start=\"3853\" data-end=\"3856\" \/>\n<h3 data-start=\"3858\" data-end=\"3880\"><strong data-start=\"3862\" data-end=\"3880\">R\u00e9sum\u00e9<\/strong><\/h3>\n<p data-start=\"3882\" data-end=\"4148\">La batterie HELIOS 12 V 18 Ah AGM (VRLA) est une batterie puissante, sans entretien et durable pour les alarmes, les onduleurs, les tondeuses \u00e0 gazon et autres \u00e9quipements 12 V.<br data-start=\"4030\" data-end=\"4033\" \/>Ses performances stables, son fonctionnement s\u00fbr et sa longue dur\u00e9e de vie en font un choix \u00e9vident pour les installations professionnelles.<\/p>\n<p data-start=\"2577\" data-end=\"2837\"><strong>Compatible avec :<\/strong><!--more-->UTC PM865<br \/>\nAPC Smart<br \/>\nPolon-Alfa WPO<br \/>\nPulsar PSB<br \/>\nPulsar PSBOC1002435<br \/>\nPulsar PSBOC15512110<br \/>\nPulsar PSBOC1552455<br \/>\nPulsar PSBOC1554828<br \/>\nPulsar PSBOC30024100<br \/>\nPulsar PSBOC3004850<br \/>\nPulsar PSBSOF10A12<br \/>\nPulsar PSBSOF3012<br \/>\nPulsar PSBSOF3024<br \/>\nPulsar PSBSOF5012<br \/>\nPulsar PSBSOF5024<br \/>\nRopam PSR-ECO<br \/>\nUTC ATS Classique<br \/>\nMa\u00eetre UTC ATS<br \/>\nUTC PG822<br \/>\nUTC PG825<br \/>\nUTC PM844<br \/>\nUTC PM861<br \/>\nUTC PM862<br \/>\nUTC PM863<br \/>\nAPC Retour<br \/>\nAPC DLA3000I<br \/>\nAPC SMARTCELL MX3000W<br \/>\nAPC SMARTCELL MX5000W<br \/>\nAPC SMT3000I<br \/>\nAPC SUA3000I<br \/>\nAPC SUA3000XL<br \/>\nAPC SUA3000XLI<br \/>\nAPC SUA3000XLT<br \/>\nDELL DLA1500I<br \/>\nDELL SmartUPS DLA1500I<br \/>\nDELL SmartUPS DLA2200I<br \/>\nDELL SmartUPS DLA750I<br \/>\nHoneywell MB<br \/>\nIntex 400W<br \/>\nMGE Pulsar ESV<br \/>\nMGE Pulsar ESVB<br \/>\nEnsemble APC RBC11<br \/>\nEnsemble APC RBC11J<br \/>\nEnsemble APC RBC50<br \/>\nEnsemble APC RBC55<br \/>\nEnsemble APC RBC7<br \/>\nEnsemble APC TBC40<br \/>\nEnsemble APC TBC70<br \/>\nPowerware PW5105 1500 VA<br \/>\nPowerware PW5119 1500 VA<br \/>\nPowerware PW5119 2400 VA<br \/>\nPowerware PW5119 3000VA<br \/>\nPulsar PRO32-PULS<br \/>\nPulsar PSBOC30012200<br \/>\nUTC FP2864C<br \/>\nAPC Smart-UPS SU1000 RACK<br \/>\nJablotron OUI<br \/>\nMean Well RDC<br \/>\nPulsar MSRD2012<br \/>\nPulsar PSBOC1001270<br \/>\nPulsar PSBOC351225<br \/>\nPulsar PSBOC501235<br \/>\nPulsar PSBOC502418<br \/>\nPulsar PSBOC751250<br \/>\nPulsar PSBOC752425<br \/>\nPulsar PSBOC754813<br \/>\nPulsar PSBSOF1012<br \/>\nPulsar PSBSOF1024<br \/>\nPulsar PSBSOF2012<br \/>\nPulsar PSBSOF2024<br \/>\nSiemens Cerberus Pro<br \/>\nCoureur Corbeau 4<br \/>\nCoureur Corbeau 8<br \/>\nDSC HS2016<br \/>\nDSC PC 1616<br \/>\nDSC PC 1832<br \/>\nCBP32 d&#039;Elme<br \/>\nElmes CBP32S<br \/>\nGen\u00e8ve Prima12<br \/>\nGen\u00e8ve Prima16<br \/>\nGen\u00e8ve Prima6<br \/>\nGenevo PrimaEXT<br \/>\nMPL OC40<br \/>\nMean Well ZBF-R<br \/>\nParadoxe 728ULT<br \/>\nParadoxe E55<br \/>\nParadoxe E65<br \/>\nParadox SP5500<br \/>\nParadox SP6000<br \/>\nPulsar AWO<br \/>\nPulsar AWO220<br \/>\nPulsar DSB54<br \/>\nPulsar DSB98<br \/>\nPulsar DSFB108<br \/>\nPulsar ROUPS12VR<br \/>\nPulsar ROUPS24V<br \/>\nPulsar ROUPS48V<br \/>\nPulsar RSFUPS108<br \/>\nPulsar RSFUPS108R<br \/>\nPulsar RSFUPS116<br \/>\nPulsar RSFUPS116R<br \/>\nPulsar RSFUPS54R<br \/>\nPulsar RSFUPS98R<br \/>\nPulsar RSUPS54<br \/>\nPulsar RSUPS98<br \/>\nPulsar RUPS812P<br \/>\nPulsar RUPS812T<br \/>\nPulsar RUPS824P<br \/>\nPulsar RUPS824T<br \/>\nPulsar RUPS848P<br \/>\nPulsar RUPS848T<br \/>\nSupport Pulsar 19<br \/>\nPyronix Matrix 6<br \/>\nPyronix Matrix 832<br \/>\nRisco PRO24<br \/>\nRoger CPR 32<br \/>\nRopam Basicgsm<br \/>\nSATEL 10<br \/>\nSATEL ACC-KP<br \/>\nSATEL ADR<br \/>\nSATEL CA<br \/>\nSATEL CA10<br \/>\nSATEL CA10E<br \/>\nSATEL CA4V1<br \/>\nSATEL CA5<br \/>\nSATEL CA6<br \/>\nSATEL CA64<br \/>\nSATEL CA64E<br \/>\nSATEL E<br \/>\nSATEL EPS<br \/>\nSATEL GSMLT<br \/>\nSATEL INTEGRA 24<br \/>\nSATEL INTEGRA 32<br \/>\nSATEL MST1<br \/>\nSATEL O<br \/>\nOP\u00c9RATIONS SATEL<br \/>\nSATEL OPU<br \/>\nSATEL PP<br \/>\nSATEL PTSA<br \/>\nSATEL SM<br \/>\nSATEL SR<br \/>\nSATEL VERSA 10<br \/>\nSATEL VERSA 15<br \/>\nSATEL VERSA 5<br \/>\nSATEL VGM<br \/>\nSiemens FH7203<br \/>\nVOLT Sinuspro<br \/>\nPulsar EN54<br \/>\nVermeire Rapido<br \/>\nAPC SUA2200I<br \/>\nDSC AWO 220<br \/>\nDSC MSP-10<br \/>\nDSC MSP-20<br \/>\nDSC MST-10<br \/>\nDSC MST-20<br \/>\nDSC PC 1404<br \/>\nDSC PC 1864<br \/>\nDSC PC 4020<br \/>\nEBS PX 202A<br \/>\nBo\u00eete de Gen\u00e8ve<br \/>\nGen\u00e8ve Prima64<br \/>\nHONDA SOLO 560<br \/>\nHoneywell C048<br \/>\nHoneywell C081<br \/>\nHoneywell C096<br \/>\nHoneywell C264<br \/>\nHoneywell C520<br \/>\nHoneywell FLEX20LARGE<br \/>\nHoneywell P025<br \/>\nHoneywell P026<br \/>\nINIM BPS<br \/>\nINIM SPS<br \/>\nMPL OC40-172\/CA<br \/>\nMW Power ZBF-12V<br \/>\nMWPOWER ZP135-3.2A<br \/>\nMWPOWER ZP135-4,5A<br \/>\nMWPOWER ZP135-6,5A<br \/>\nMerawex MZB-212<br \/>\nMerawex MZB-312<br \/>\nMerawex MZB-412<br \/>\nMerawex OA2x65<br \/>\nMerawex ZBS-12V3A<br \/>\nMerawex ZBS-12V5A<br \/>\nMerawex ZSP 135-DR<br \/>\nPOWERMAT PM-AGR<br \/>\nParadoxe EVO192<br \/>\nParadoxe EVO48<br \/>\nParadox HUB2<br \/>\nParadoxe PGM4<br \/>\nParadox SP4000<br \/>\nParadox SP7000<br \/>\nParadox ZX4<br \/>\nParadoxe ZX8<br \/>\nPolon-Alfa Polon 6000 WPO<br \/>\nPos Power PZB<br \/>\nPulsar ARAD<br \/>\nPulsar ARAD3<br \/>\nPulsar ARAD3S<br \/>\nPulsar ARAD4S<br \/>\nPulsar AWO191<br \/>\nPulsar AWO200<br \/>\nPulsar AWO200EI<br \/>\nPulsar AWO200K<br \/>\nPulsar AWO200PU<br \/>\nPulsar AWO203<br \/>\nPulsar AWO205<br \/>\nPulsar AWO205EI<br \/>\nPulsar AWO205PU<br \/>\nPulsar AWO207KON<br \/>\nPulsar AWO213<br \/>\nPulsar AWO214<br \/>\nPulsar AWO214PU<br \/>\nPulsar AWO220 AWO200<br \/>\nPulsar AWO220EI<br \/>\nPulsar AWO220K<br \/>\nPulsar AWO220PU<br \/>\nPulsar AWO221<br \/>\nPulsar AWO224<br \/>\nPulsar AWO229<br \/>\nPulsar AWO232<br \/>\nPulsar AWO232EI<br \/>\nPulsar AWO232PU<br \/>\nPulsar AWO250<br \/>\nPulsar AWO250PU<br \/>\nPulsar AWO256<br \/>\nPulsar AWO256PU<br \/>\nPulsar AWO257<br \/>\nPulsar AWO259KON<br \/>\nPulsar AWO261<br \/>\nPulsar AWO268<br \/>\nPulsar AWO269PU<br \/>\nPulsar AWO270<br \/>\nPulsar AWO278<br \/>\nPulsar AWO300<br \/>\nPulsar AWO305PU<br \/>\nPulsar AWO317<br \/>\nPulsar AWO401<br \/>\nPulsar AWO402<br \/>\nPulsar AWO500<br \/>\nPulsar AWO500PU<br \/>\nPulsar AWO510<br \/>\nPulsar AWO510PU<br \/>\nPulsar AWO510VA<br \/>\nPulsar AWO515<br \/>\nPulsar AWO610<br \/>\nPulsar AWO612<br \/>\nPulsar AWO612P<br \/>\nPulsar AWO612PW<br \/>\nPulsar AWO613<br \/>\nPulsar AWO613P<br \/>\nPulsar AWO613PW<br \/>\nPulsar AWO614P<br \/>\nPulsar AWO614PW<br \/>\nPulsar AWO620<br \/>\nPulsar AWO622<br \/>\nPulsar AWO622P<br \/>\nPulsar AWO622PW<br \/>\nPulsar AWO623<br \/>\nPulsar AWO623P<br \/>\nPulsar AWO623PW<br \/>\nPulsar AWO624<br \/>\nPulsar AWO624P<br \/>\nPulsar AWO624PW<br \/>\nPulsar AWZ201<br \/>\nPulsar AWZ222<br \/>\nPulsar AWZ300<br \/>\nPulsar AWZ333<br \/>\nPulsar EN54-7A17<br \/>\nPulsar HPSB10A24C<br \/>\nPulsar HPSB11A12C<br \/>\nPulsar HPSB1248C<br \/>\nPulsar HPSB20A12C<br \/>\nPulsar HPSB2512C<br \/>\nPulsar HPSB2548C<br \/>\nPulsar HPSB3512C<br \/>\nPulsar HPSB3524C<br \/>\nPulsar HPSB5048C<br \/>\nPulsar HPSB5512C<br \/>\nPulsar HPSB5524C<br \/>\nPulsar HPSB7012C<br \/>\nPulsar HPSBOC10A24C<br \/>\nPulsar HPSBOC11A12C<br \/>\nPulsar HPSBOC3512C<br \/>\nPulsar HPSBOC3524C<br \/>\nPulsar HPSBOC5048C<br \/>\nPulsar HPSBOC5524C<br \/>\nPulsar HPSBOC7012C<br \/>\nPulsar MS 1512<br \/>\nPulsar MS 2512<br \/>\nPulsar MSR 1512<br \/>\nPulsar MSR 2512<br \/>\nPulsar MSRK 1512<br \/>\nPulsar MSRK 2512<br \/>\nPulsar POE0848C<br \/>\nPulsar POE1648C<br \/>\nPulsar PSBEN3012C<br \/>\nPulsar PSBEN5012C<br \/>\nPulsar PSBEN5024C<br \/>\nPulsar PSBS10A12C<br \/>\nPulsar PSBS3012C<br \/>\nPulsar PSBS3024C<br \/>\nPulsar PSBS5012C<br \/>\nPulsar PSBS5024C<br \/>\nPulsar PSDCB05125C<br \/>\nPulsar PSDCB09129C<br \/>\nPulsar PSUPS10A12C<br \/>\nPulsar PSUPS10A12CR<br \/>\nPulsar PSUPS10A12CRT<br \/>\nPulsar PSUPS20A12CR<br \/>\nPulsar PSUPS20A12CRT<br \/>\nPulsar RAWO7<br \/>\nPulsar ROUPS12V<br \/>\nPulsar RUPS1612RP<br \/>\nPulsar RUPS1612RT<br \/>\nPulsar S54<br \/>\nPulsar S98<br \/>\nPulsar SF108<br \/>\nPulsar SF116<br \/>\nPyronix Matrix 816<br \/>\nRoger MC16-PAC<br \/>\nRoger M.E.<br \/>\nRoger PR402<br \/>\nSATEL APS<br \/>\nSATEL CSP<br \/>\nSATEL Integra 128<br \/>\nSATEL Integra 256<br \/>\nSATEL Integra 64<br \/>\nSATEL OMI<br \/>\nSATEL PSP<br \/>\nSATEL VERSA-10<br \/>\nSATEL VERSA<br \/>\nSATEL VERSA-15<br \/>\nTelmor TCA<br \/>\nTexecom Premier 168<br \/>\nTexecom Premier 412<br \/>\nTexecom Premier 48<br \/>\nTexecom Premier 640<br \/>\nTexecom Premier 816<br \/>\nTexecom Premier 832<br \/>\nTexecom Premier 88<br \/>\nUTC 2X-F1<br \/>\nUTC FP1216C<br \/>\nUTC PM812N<br \/>\nVOLT SINUS PRO<br \/>\nAM 18<br \/>\nAMG 17<br \/>\nBP 18<br \/>\nCE 17<br \/>\nEH 17<br \/>\nEPL 17<br \/>\nGP 12170<br \/>\nHV 17<br \/>\nMW 18<\/p>","protected":false},"excerpt":{"rendered":"<p>Batterie AGM 12 V 18 Ah sans entretien (VRLA) avec bornes \u00e0 visser.<br data-start=\"485\" data-end=\"488\" \/>Id\u00e9al pour les alarmes, les onduleurs, les tondeuses \u00e0 gazon, les cl\u00f4tures \u00e9lectriques, les syst\u00e8mes de t\u00e9l\u00e9communications et autres \u00e9quipements 12 V.<br data-start=\"580\" data-end=\"583\" \/>Dur\u00e9e de vie\u00a0: 5 \u00e0 8\u00a0ans. Livraison rapide depuis un entrep\u00f4t su\u00e9dois.<\/p>","protected":false},"featured_media":159175,"template":"","meta":{"_acf_changed":false},"product_brand":[],"product_cat":[1596,2428],"product_tag":[4406,2419],"class_list":{"0":"post-90640","1":"product","2":"type-product","3":"status-publish","4":"has-post-thumbnail","6":"product_cat-ackumulatorer-12v-agm-batterier","7":"product_cat-stromforsorjning-batterier","8":"product_tag-batteri-13-45-ah","9":"product_tag-rel-batteri","10":"product_shipping_class-tunga-paket","11":"pa_brands-stonehouse-security","12":"tm-no-options","14":"first","15":"instock","16":"sale","17":"featured","18":"taxable","19":"shipping-taxable","20":"purchasable","21":"product-type-simple"},"acf":[],"_links":{"self":[{"href":"https:\/\/secureus.se\/fr\/wp-json\/wp\/v2\/product\/90640","targetHints":{"allow":["GET"]}}],"collection":[{"href":"https:\/\/secureus.se\/fr\/wp-json\/wp\/v2\/product"}],"about":[{"href":"https:\/\/secureus.se\/fr\/wp-json\/wp\/v2\/types\/product"}],"wp:featuredmedia":[{"embeddable":true,"href":"https:\/\/secureus.se\/fr\/wp-json\/wp\/v2\/media\/159175"}],"wp:attachment":[{"href":"https:\/\/secureus.se\/fr\/wp-json\/wp\/v2\/media?parent=90640"}],"wp:term":[{"taxonomy":"product_brand","embeddable":true,"href":"https:\/\/secureus.se\/fr\/wp-json\/wp\/v2\/product_brand?post=90640"},{"taxonomy":"product_cat","embeddable":true,"href":"https:\/\/secureus.se\/fr\/wp-json\/wp\/v2\/product_cat?post=90640"},{"taxonomy":"product_tag","embeddable":true,"href":"https:\/\/secureus.se\/fr\/wp-json\/wp\/v2\/product_tag?post=90640"}],"curies":[{"name":"wp","href":"https:\/\/api.w.org\/{rel}","templated":true}]}}