{"id":90892,"date":"2024-03-27T11:42:38","date_gmt":"2024-03-27T10:42:38","guid":{"rendered":"https:\/\/secureus.se\/plomberingstrad-bla-finns-aven-med-graverad-eller-tryckt-logga-text\/"},"modified":"2026-04-22T12:32:37","modified_gmt":"2026-04-22T10:32:37","slug":"plomberingstrad-bla-finns-aven-med-graverad-eller-tryckt-logga-text","status":"publish","type":"product","link":"https:\/\/secureus.se\/fr\/plomberingstrad-bla-finns-aven-med-graverad-eller-tryckt-logga-text\/","title":{"rendered":"Fil de scellage bleu standard \u2013 Logo\/texte personnalisable"},"content":{"rendered":"<h2 data-section-id=\"tzpez3\" data-start=\"601\" data-end=\"657\">Fil d&#039;\u00e9tanch\u00e9it\u00e9 pour portes de secours et \u00e9quipements de s\u00e9curit\u00e9<\/h2>\n<p data-start=\"658\" data-end=\"833\">Ce fil de scellage bleu sert \u00e0 marquer et \u00e0 s\u00e9curiser les \u00e9quipements qui ne doivent \u00eatre utilis\u00e9s qu&#039;en cas de n\u00e9cessit\u00e9, tels que les portes de secours, les extincteurs et autres \u00e9quipements de s\u00e9curit\u00e9.<\/p>\n<p data-start=\"835\" data-end=\"994\">Le scell\u00e9 permet de v\u00e9rifier rapidement si l&#039;appareil a \u00e9t\u00e9 ouvert ou utilis\u00e9. Lorsque le fil de scell\u00e9 est rompu, il est imm\u00e9diatement \u00e9vident que l&#039;appareil a \u00e9t\u00e9 alt\u00e9r\u00e9.<\/p>\n<p data-start=\"996\" data-end=\"1171\">Cela rend le produit particuli\u00e8rement utile dans les environnements o\u00f9 les \u00e9quipements de s\u00e9curit\u00e9 doivent \u00eatre contr\u00f4l\u00e9s r\u00e9guli\u00e8rement, comme dans les b\u00e2timents, les industries, les \u00e9coles et les lieux publics.<\/p>\n<hr data-start=\"1173\" data-end=\"1176\" \/>\n<h2 data-section-id=\"1pcm1ba\" data-start=\"1178\" data-end=\"1229\">Personnalisez le sceau avec votre propre texte ou logo<\/h2>\n<p data-start=\"1230\" data-end=\"1400\">Ce fil d&#039;\u00e9tanch\u00e9it\u00e9 peut \u00e9galement \u00eatre command\u00e9 avec <strong data-start=\"1275\" data-end=\"1302\">texte ou logo propre<\/strong>. La personnalisation peut se faire par impression couleur ou gravure laser et convient \u00e9galement aux petites s\u00e9ries.<\/p>\n<p data-start=\"1402\" data-end=\"1460\">Cela permet, par exemple, de marquer le sceau avec :<\/p>\n<ul data-start=\"1462\" data-end=\"1532\">\n<li data-section-id=\"nzxgki\" data-start=\"1462\" data-end=\"1478\">\n<p data-start=\"1464\" data-end=\"1478\">Nom de l&#039;entreprise<\/p>\n<\/li>\n<li data-section-id=\"cej8am\" data-start=\"1479\" data-end=\"1490\">\n<p data-start=\"1481\" data-end=\"1490\">logo<\/p>\n<\/li>\n<li data-section-id=\"1uptt1j\" data-start=\"1491\" data-end=\"1509\">\n<p data-start=\"1493\" data-end=\"1509\">num\u00e9ro de contr\u00f4le<\/p>\n<\/li>\n<li data-section-id=\"1f8c95p\" data-start=\"1510\" data-end=\"1532\">\n<p data-start=\"1512\" data-end=\"1532\">propre texte de s\u00e9curit\u00e9<\/p>\n<\/li>\n<\/ul>\n<hr data-start=\"1534\" data-end=\"1537\" \/>\n<h2 data-section-id=\"1dhihmh\" data-start=\"1539\" data-end=\"1556\">Gravure laser<\/h2>\n<p data-start=\"1557\" data-end=\"1678\">Avec la gravure laser, le texte est br\u00fbl\u00e9 dans le mat\u00e9riau. Le r\u00e9sultat est un <strong data-start=\"1626\" data-end=\"1652\">gris clair ou fonc\u00e9<\/strong> selon la couleur du bracelet.<\/p>\n<p data-start=\"1680\" data-end=\"1762\">La gravure laser offre un marquage permanent et durable, difficile \u00e0 falsifier.<\/p>\n<hr data-start=\"1764\" data-end=\"1767\" \/>\n<h1 data-section-id=\"16fopcq\" data-start=\"1769\" data-end=\"1779\">Avantages<\/h1>\n<ul data-start=\"1781\" data-end=\"2002\">\n<li data-section-id=\"ls77ve\" data-start=\"1781\" data-end=\"1823\">\n<p data-start=\"1783\" data-end=\"1823\">Indique imm\u00e9diatement si l&#039;\u00e9quipement a \u00e9t\u00e9 ouvert.<\/p>\n<\/li>\n<li data-section-id=\"1pqowha\" data-start=\"1824\" data-end=\"1869\">\n<p data-start=\"1826\" data-end=\"1869\">Emp\u00eache l&#039;utilisation inutile des portes de secours<\/p>\n<\/li>\n<li data-section-id=\"1vnjlqh\" data-start=\"1870\" data-end=\"1923\">\n<p data-start=\"1872\" data-end=\"1923\">Convient aux extincteurs et aux \u00e9quipements de s\u00e9curit\u00e9<\/p>\n<\/li>\n<li data-section-id=\"dhsf4s\" data-start=\"1924\" data-end=\"1968\">\n<p data-start=\"1926\" data-end=\"1968\">Personnalisable avec votre propre texte ou logo<\/p>\n<\/li>\n<li data-section-id=\"1ofabbw\" data-start=\"1969\" data-end=\"2002\">\n<p data-start=\"1971\" data-end=\"2002\">Facile \u00e0 assembler et \u00e0 utiliser<\/p>\n<\/li>\n<\/ul>\n<hr data-start=\"2004\" data-end=\"2007\" \/>\n<h1 data-section-id=\"brc9ws\" data-start=\"2009\" data-end=\"2037\">usages courants<\/h1>\n<ul data-start=\"2039\" data-end=\"2133\">\n<li data-section-id=\"1hfb5n9\" data-start=\"2039\" data-end=\"2052\">\n<p data-start=\"2041\" data-end=\"2052\">portes de secours<\/p>\n<\/li>\n<li data-section-id=\"1glgnsm\" data-start=\"2053\" data-end=\"2070\">\n<p data-start=\"2055\" data-end=\"2070\">extincteur<\/p>\n<\/li>\n<li data-section-id=\"ybft18\" data-start=\"2071\" data-end=\"2086\">\n<p data-start=\"2073\" data-end=\"2086\">bornes d&#039;incendie<\/p>\n<\/li>\n<li data-section-id=\"hh5nt0\" data-start=\"2087\" data-end=\"2104\">\n<p data-start=\"2089\" data-end=\"2104\">Coffre-fort<\/p>\n<\/li>\n<li data-section-id=\"1d7qlpj\" data-start=\"2105\" data-end=\"2133\">\n<p data-start=\"2107\" data-end=\"2133\">Installations immobili\u00e8res<\/p>\n<\/li>\n<\/ul>\n<hr data-start=\"2135\" data-end=\"2138\" \/>\n<h1 data-section-id=\"vb28v8\" data-start=\"2140\" data-end=\"2157\">Caract\u00e9ristiques<\/h1>\n<p data-start=\"2159\" data-end=\"2248\">Taille: <strong data-start=\"2168\" data-end=\"2183\">250 \u00d7 20 mm<\/strong><br data-start=\"2183\" data-end=\"2186\" \/>Peinture: <strong>Bleu<\/strong><br data-start=\"2199\" data-end=\"2202\" \/>Taper: <strong data-start=\"2207\" data-end=\"2248\">Fil de scellage \/ scell\u00e9 de s\u00e9curit\u00e9<\/strong><\/p>\n<p data-start=\"2159\" data-end=\"2248\">Vous souhaitez en savoir plus sur le fonctionnement de l&#039;\u00e9tanch\u00e9it\u00e9 ?<br data-start=\"2755\" data-end=\"2758\" \/>Consultez notre guide\u00a0: <a href=\"https:\/\/secureus.se\/fr\/vad-ar-plomberingstrad-sa-fungerar-sakerhetsplombering\/\" target=\"_blank\" rel=\"noopener\"><strong data-start=\"2775\" data-end=\"2854\">Qu&#039;est-ce que le fil d&#039;\u00e9tanch\u00e9it\u00e9 et comment est-il utilis\u00e9 pour les portes de secours et les extincteurs\u00a0?<\/strong><\/a><\/p>\n<p data-start=\"2159\" data-end=\"2248\">","protected":false},"excerpt":{"rendered":"<p data-start=\"335\" data-end=\"528\">Fil d&#039;\u00e9tanch\u00e9it\u00e9 bleu pour le marquage et l&#039;\u00e9tanch\u00e9it\u00e9 des portes de secours, des extincteurs et autres \u00e9quipements de s\u00e9curit\u00e9.<\/p>\n<p data-start=\"335\" data-end=\"528\">Le scell\u00e9 permet de voir rapidement si un appareil a \u00e9t\u00e9 ouvert ou alt\u00e9r\u00e9.<\/p>\n<p data-start=\"530\" data-end=\"653\">Il est souvent utilis\u00e9 dans les propri\u00e9t\u00e9s, les lieux publics et les industries o\u00f9 les \u00e9quipements de s\u00e9curit\u00e9 doivent \u00eatre v\u00e9rifi\u00e9s r\u00e9guli\u00e8rement.<\/p>","protected":false},"featured_media":161208,"template":"","meta":{"_acf_changed":false},"product_brand":[],"product_cat":[1332,1560,3224],"product_tag":[2958],"class_list":{"0":"post-90892","1":"product","2":"type-product","3":"status-publish","4":"has-post-thumbnail","6":"product_cat-utrymning-tillbehor","7":"product_cat-branddorrstangning","8":"product_cat-nodutrymning","9":"product_tag-stonehouse-produkt","10":"product_shipping_class-postnord-varubrev","11":"pa_brands-stonehouse-security","12":"tm-has-options","14":"first","15":"instock","16":"sale","17":"featured","18":"taxable","19":"shipping-taxable","20":"purchasable","21":"product-type-simple"},"acf":[],"_links":{"self":[{"href":"https:\/\/secureus.se\/fr\/wp-json\/wp\/v2\/product\/90892","targetHints":{"allow":["GET"]}}],"collection":[{"href":"https:\/\/secureus.se\/fr\/wp-json\/wp\/v2\/product"}],"about":[{"href":"https:\/\/secureus.se\/fr\/wp-json\/wp\/v2\/types\/product"}],"wp:featuredmedia":[{"embeddable":true,"href":"https:\/\/secureus.se\/fr\/wp-json\/wp\/v2\/media\/161208"}],"wp:attachment":[{"href":"https:\/\/secureus.se\/fr\/wp-json\/wp\/v2\/media?parent=90892"}],"wp:term":[{"taxonomy":"product_brand","embeddable":true,"href":"https:\/\/secureus.se\/fr\/wp-json\/wp\/v2\/product_brand?post=90892"},{"taxonomy":"product_cat","embeddable":true,"href":"https:\/\/secureus.se\/fr\/wp-json\/wp\/v2\/product_cat?post=90892"},{"taxonomy":"product_tag","embeddable":true,"href":"https:\/\/secureus.se\/fr\/wp-json\/wp\/v2\/product_tag?post=90892"}],"curies":[{"name":"wp","href":"https:\/\/api.w.org\/{rel}","templated":true}]}}