{"id":91091,"date":"2024-04-05T16:21:50","date_gmt":"2024-04-05T14:21:50","guid":{"rendered":"https:\/\/secureus.se\/?post_type=product&#038;p=91091"},"modified":"2026-04-03T12:16:46","modified_gmt":"2026-04-03T10:16:46","slug":"larmdekal-aluminium-2-sjalvhaftande-stor-a5-148x210mm","status":"publish","type":"product","link":"https:\/\/secureus.se\/fr\/larmdekal-aluminium-2-sjalvhaftande-stor-a5-148x210mm\/","title":{"rendered":"Autocollant d&#039;alarme Aluminium Surveill\u00e9 Autocollant Grand (A5) 148x210mm"},"content":{"rendered":"<p><em>Nos autocollants d&#039;alarme en aluminium sont con\u00e7us pour garantir que votre s\u00e9curit\u00e9 soit visible et claire, quelles que soient les conditions environnantes. Fabriqu\u00e9s avec pr\u00e9cision pour r\u00e9pondre aux conditions exigeantes du climat scandinave, ces autocollants sont dot\u00e9s d&#039;une durabilit\u00e9 et d&#039;une r\u00e9silience sup\u00e9rieures. Ils sont con\u00e7us pour r\u00e9sister aux \u00e9l\u00e9ments, du froid glacial aux fortes pluies, ce qui les rend id\u00e9aux pour une utilisation en ext\u00e9rieur. Avec du tissu adh\u00e9sif double face 3M au dos, ces autocollants offrent un montage facile et fiable sur une vari\u00e9t\u00e9 de surfaces.<\/em><\/p>\n<p>Inspirant confiance, clair et durable, c&#039;est ce qu&#039;offrent nos autocollants d&#039;alarme en aluminium pour faire passer la s\u00e9curit\u00e9 au niveau sup\u00e9rieur.<\/p>\n<p>Les autocollants d\u2019alarme agissent comme un puissant moyen de dissuasion visuelle contre les tentatives d\u2019intrusion potentielles.<\/p>\n<p><strong>Robuste et durable<\/strong><br \/>\nFabriqu\u00e9 en aluminium de haute qualit\u00e9. Nos autocollants d&#039;alarme sont con\u00e7us pour r\u00e9sister \u00e0 la fois \u00e0 l&#039;usure et \u00e0 la temp\u00e9rature. Vous pouvez \u00eatre s\u00fbr qu\u2019ils resteront en parfait \u00e9tat quelle que soit la m\u00e9t\u00e9o.<\/p>\n<p>Cet autocollant d\u2019alarme est tout aussi efficace \u00e0 l\u2019int\u00e9rieur qu\u2019\u00e0 l\u2019ext\u00e9rieur. Personnalisez selon vos besoins sp\u00e9cifiques.<\/p>\n<h3>Domaines d&#039;utilisation :<\/h3>\n<ul>\n<li><strong>La maison :<\/strong> Prot\u00e9gez votre famille et votre maison en appliquant ces autocollants d&#039;alarme sur toutes les entr\u00e9es importantes.<br \/>\n<strong>Entreprise:<\/strong> Am\u00e9liorez la s\u00e9curit\u00e9 de votre lieu de travail en rendant les zones les plus critiques visibles aux employ\u00e9s et aux visiteurs.<br \/>\n<strong>Magasins et entreprises\u00a0:<\/strong> Cr\u00e9ez un environnement plus s\u00fbr pour vos clients et votre personnel en marquant les entr\u00e9es et sorties les plus pertinentes.<\/li>\n<\/ul>\n<h3>Sp\u00e9cifications du produit :<\/h3>\n<ul>\n<li>Mat\u00e9riel: Aluminium<\/li>\n<li>Dimensions: 148x210mm<\/li>\n<\/ul>\n<h3>Le forfait comprend :<\/h3>\n<ul>\n<li>1 autocollant d&#039;alarme autocollant 148x210mm en aluminium Chaque autocollant est un investissement dans votre s\u00e9curit\u00e9 !<\/li>\n<\/ul>","protected":false},"excerpt":{"rendered":"<p><em>Autocollant d&#039;alarme extra large. Am\u00e9liorez la s\u00e9curit\u00e9 avec nos autocollants d&#039;alarme en aluminium, cr\u00e9\u00e9s pour r\u00e9sister aux dures conditions climatiques scandinaves. Parfait pour une utilisation en ext\u00e9rieur.<\/em><\/p>","protected":false},"featured_media":156018,"template":"","meta":{"_acf_changed":false},"product_brand":[],"product_cat":[1323],"product_tag":[3053],"class_list":{"0":"post-91091","1":"product","2":"type-product","3":"status-publish","4":"has-post-thumbnail","6":"product_cat-larmdekaler","7":"product_tag-nyhet","8":"product_shipping_class-dekaler-skyltar","9":"tm-no-options","11":"first","12":"instock","13":"featured","14":"taxable","15":"shipping-taxable","16":"purchasable","17":"product-type-simple"},"acf":[],"_links":{"self":[{"href":"https:\/\/secureus.se\/fr\/wp-json\/wp\/v2\/product\/91091","targetHints":{"allow":["GET"]}}],"collection":[{"href":"https:\/\/secureus.se\/fr\/wp-json\/wp\/v2\/product"}],"about":[{"href":"https:\/\/secureus.se\/fr\/wp-json\/wp\/v2\/types\/product"}],"wp:featuredmedia":[{"embeddable":true,"href":"https:\/\/secureus.se\/fr\/wp-json\/wp\/v2\/media\/156018"}],"wp:attachment":[{"href":"https:\/\/secureus.se\/fr\/wp-json\/wp\/v2\/media?parent=91091"}],"wp:term":[{"taxonomy":"product_brand","embeddable":true,"href":"https:\/\/secureus.se\/fr\/wp-json\/wp\/v2\/product_brand?post=91091"},{"taxonomy":"product_cat","embeddable":true,"href":"https:\/\/secureus.se\/fr\/wp-json\/wp\/v2\/product_cat?post=91091"},{"taxonomy":"product_tag","embeddable":true,"href":"https:\/\/secureus.se\/fr\/wp-json\/wp\/v2\/product_tag?post=91091"}],"curies":[{"name":"wp","href":"https:\/\/api.w.org\/{rel}","templated":true}]}}