{"id":91165,"date":"2024-04-11T10:23:43","date_gmt":"2024-04-11T08:23:43","guid":{"rendered":"https:\/\/secureus.se\/brandlarmsbox-rod-20-polig-sk-sk-2-5mm2\/"},"modified":"2025-12-31T21:08:41","modified_gmt":"2025-12-31T20:08:41","slug":"brandlarmsbox-rod-20-polig-sk-sk-2-5mm2","status":"publish","type":"product","link":"https:\/\/secureus.se\/fr\/brandlarmsbox-rod-20-polig-sk-sk-2-5mm2\/","title":{"rendered":"Bo\u00eete d&#039;alarme incendie rouge 20 p\u00f4les Sk\/Sk \u2013 2,5mm2"},"content":{"rendered":"<h1>Bo\u00eete d&#039;alarme incendie BO\u00ceTE D&#039;ALARME INCENDIE<\/h1>\n<p>Une bo\u00eete de jonction rouge compl\u00e8te avec connexion 2,5 mm2 pour l&#039;installation de syst\u00e8mes d&#039;incendie ou d&#039;autres syst\u00e8mes.<\/p>\n<p>Bo\u00eete de jonction inviolable pour 21 paires de conducteurs et drapeau de signature.<\/p>\n<p>Le terminal dispose d&#039;un raccordement \u00e0 vis jusqu&#039;\u00e0 2,5 mm2 avec fonction lift par exemple.<\/p>\n<p>Charge maximale recommand\u00e9e 2A\/60V Taille : 133 x 70 x 50 mm<\/p>","protected":false},"excerpt":{"rendered":"<p>BO\u00ceTE D&#039;ALARME INCENDIE 20 P\u00d4LES PAIRE DE VIS<\/p>","protected":false},"featured_media":137875,"template":"","meta":{"_acf_changed":false},"product_brand":[],"product_cat":[1547],"product_tag":[],"class_list":{"0":"post-91165","1":"product","2":"type-product","3":"status-publish","4":"has-post-thumbnail","6":"product_cat-plint-larm-telebox","7":"product_shipping_class-tunga-paket","8":"tm-no-options","10":"first","11":"instock","12":"sale","13":"taxable","14":"shipping-taxable","15":"purchasable","16":"product-type-simple"},"acf":[],"_links":{"self":[{"href":"https:\/\/secureus.se\/fr\/wp-json\/wp\/v2\/product\/91165","targetHints":{"allow":["GET"]}}],"collection":[{"href":"https:\/\/secureus.se\/fr\/wp-json\/wp\/v2\/product"}],"about":[{"href":"https:\/\/secureus.se\/fr\/wp-json\/wp\/v2\/types\/product"}],"wp:featuredmedia":[{"embeddable":true,"href":"https:\/\/secureus.se\/fr\/wp-json\/wp\/v2\/media\/137875"}],"wp:attachment":[{"href":"https:\/\/secureus.se\/fr\/wp-json\/wp\/v2\/media?parent=91165"}],"wp:term":[{"taxonomy":"product_brand","embeddable":true,"href":"https:\/\/secureus.se\/fr\/wp-json\/wp\/v2\/product_brand?post=91165"},{"taxonomy":"product_cat","embeddable":true,"href":"https:\/\/secureus.se\/fr\/wp-json\/wp\/v2\/product_cat?post=91165"},{"taxonomy":"product_tag","embeddable":true,"href":"https:\/\/secureus.se\/fr\/wp-json\/wp\/v2\/product_tag?post=91165"}],"curies":[{"name":"wp","href":"https:\/\/api.w.org\/{rel}","templated":true}]}}