{"id":91259,"date":"2024-04-15T14:49:57","date_gmt":"2024-04-15T12:49:57","guid":{"rendered":"https:\/\/secureus.se\/detector-fireprotect-2-rb\/"},"modified":"2026-03-30T23:38:16","modified_gmt":"2026-03-30T21:38:16","slug":"ajax-fireprotect-2-rb-heat-endast-varme-vit","status":"publish","type":"product","link":"https:\/\/secureus.se\/fr\/ajax-fireprotect-2-rb-heat-endast-varme-vit\/","title":{"rendered":"Ajax FireProtect 2 RB Heat - D\u00e9tecteur de chaleur (blanc)"},"content":{"rendered":"<h3>Ajax FireProtect 2 RB Heat est une alarme incendie avanc\u00e9e qui offre une surveillance fiable et efficace des changements de chaleur dans les environnements o\u00f9 les d\u00e9tecteurs de fum\u00e9e traditionnels ne sont ni souhaitables ni efficaces.<\/h3>\n<p>Cette version de la gamme FireProtect est sp\u00e9cialement con\u00e7ue pour d\u00e9tecter uniquement les changements de temp\u00e9rature, ce qui la rend id\u00e9ale pour une utilisation dans les zones o\u00f9 la chaleur est un indicateur fiable d&#039;incendie, comme dans les cuisines ou les espaces techniques.<\/p>\n<p>L&#039;appareil sans fil est compatible avec tous les appareils Ajax Hub, y compris Hub Plus, Hub 2, Hub 2 Plus, Hub Hybrid, ReX et ReX 2, ce qui facilite son int\u00e9gration dans votre syst\u00e8me de s\u00e9curit\u00e9 Ajax.<\/p>\n<p>Avec une port\u00e9e sans fil allant jusqu&#039;\u00e0 1 700 m\u00e8tres en terrain d\u00e9couvert, l&#039;alarme incendie peut r\u00e9agir rapidement et efficacement aux changements de temp\u00e9rature, m\u00eame dans les b\u00e2timents grands ou complexes.<\/p>\n<p><strong>Principales caract\u00e9ristiques et avantages<\/strong>:<\/p>\n<ul>\n<li><strong>D\u00e9tection de chaleur<\/strong>: Capteur de chaleur uniquement, aucune d\u00e9tection de fum\u00e9e, ce qui le rend adapt\u00e9 \u00e0 une utilisation l\u00e0 o\u00f9 la fum\u00e9e ne peut pas \u00eatre correctement d\u00e9tect\u00e9e.<\/li>\n<li><strong>Port\u00e9e sans fil<\/strong>: Jusqu&#039;\u00e0 1700 m\u00e8tres en terrain d\u00e9couvert pour un placement facile dans des propri\u00e9t\u00e9s plus grandes.<\/li>\n<li><strong>Longue dur\u00e9e de vie de la batterie<\/strong>: Dur\u00e9e de vie des piles jusqu&#039;\u00e0 7 ans avec deux piles CR123A, r\u00e9duisant ainsi le besoin de changements fr\u00e9quents de piles.<\/li>\n<li><strong>Niveau sonore \u00e9lev\u00e9<\/strong>: Niveau sonore de 85 dB \u00e0 une distance de 3 m\u00e8tres, ce qui fournit un avertissement clair m\u00eame dans des environnements bruyants.<\/li>\n<li><strong>Tol\u00e9rance aux basses temp\u00e9ratures et \u00e0 l&#039;humidit\u00e9<\/strong>: Plage de temp\u00e9rature de 0\u00b0 \u00e0 +50\u00b0C et r\u00e9sistant \u00e0 une humidit\u00e9 jusqu&#039;\u00e0 80%, ce qui le rend utile dans de nombreux environnements diff\u00e9rents.<\/li>\n<\/ul>\n<p>Ce syst\u00e8me est \u00e9galement tr\u00e8s fiable, car il utilise une technologie avanc\u00e9e pour r\u00e9duire le risque de fausses alarmes.<\/p>\n<p>Ajax FireProtect 2 RB Heat dispose d&#039;une fonction sp\u00e9cialement d\u00e9velopp\u00e9e qui lui permet de faire la distinction entre la vapeur et la chaleur, ce qui r\u00e9duit efficacement le risque d&#039;alarmes d\u00e9rangeantes lorsque, par exemple, vous cuisinez ou prenez une douche.<\/p>\n<p>Ce d\u00e9tecteur utilise \u00e9galement une batterie rempla\u00e7able, ce qui rend la maintenance plus facile et moins co\u00fbteuse.<\/p>\n<p>Lorsque la batterie approche de la fin de sa dur\u00e9e de vie, l&#039;utilisateur re\u00e7oit un avertissement via le syst\u00e8me Ajax, ce qui facilite le maintien de l&#039;appareil en parfait \u00e9tat.<\/p>\n<p><strong>Caract\u00e9ristiques<\/strong>:<\/p>\n<ul>\n<li><strong>Compatibilit\u00e9<\/strong>: Hub Plus, Hub 2, Hub 2 Plus, Hub Hybrid, ReX et ReX 2<\/li>\n<li><strong>Port\u00e9e sans fil<\/strong>: Jusqu&#039;\u00e0 1700m en terrain d\u00e9couvert<\/li>\n<li><strong>Type de batterie<\/strong>: 2 x CR123A<\/li>\n<li><strong>Autonomie de la batterie<\/strong>: Jusqu&#039;\u00e0 7 ans<\/li>\n<li><strong>Plage de temp\u00e9rature<\/strong>: 0\u00b0 \u00e0 +50\u00b0C<\/li>\n<li><strong>Humidit\u00e9<\/strong>: Jusqu&#039;\u00e0 80%<\/li>\n<li><strong>Intensit\u00e9<\/strong>: 85 dB (3 m\u00e8tres)<\/li>\n<li><strong>Seuil d&#039;alarme<\/strong>: +64\u00b0C soit une augmentation de 10\u00b0C en moins d&#039;1 minute<\/li>\n<li><strong>Classe IP<\/strong>:IP20<\/li>\n<\/ul>\n<p><strong>Conclusion<\/strong>: Ajax FireProtect 2 RB Heat est la solution parfaite pour surveiller et d\u00e9tecter les changements de temp\u00e9rature dans les zones o\u00f9 la d\u00e9tection de fum\u00e9e traditionnelle n&#039;est pas adapt\u00e9e.<\/p>\n<p>Il offre une s\u00e9curit\u00e9 \u00e9lev\u00e9e, une longue dur\u00e9e de vie de la batterie et une int\u00e9gration facile \u00e0 votre syst\u00e8me Ajax, ce qui en fait un choix intelligent et fiable pour les propri\u00e9t\u00e9s r\u00e9sidentielles et commerciales.<\/p>\n<p><strong>Le paquet contient<\/strong>:<\/p>\n<ul>\n<li>Ajax FireProtect 2 RB Chaleur<\/li>\n<li>Manuel d&#039;installation<\/li>\n<li>Piles (2 x CR123A)<\/li>\n<\/ul>\n<p>&nbsp;<\/p>","protected":false},"excerpt":{"rendered":"<p>Ajax FireProtect 2 RB Heat est un capteur de chaleur qui d\u00e9tecte uniquement la chaleur.<\/p>\n<p>Il est compatible avec tous les appareils Ajax Hub et offre une port\u00e9e sans fil allant jusqu&#039;\u00e0 1 700 m en terrain d\u00e9couvert.<\/p>\n<p>Parfait pour la surveillance de s\u00e9curit\u00e9 o\u00f9 la d\u00e9tection de chaleur est une priorit\u00e9.<\/p>","protected":false},"featured_media":156025,"template":"","meta":{"_acf_changed":false},"product_brand":[],"product_cat":[1319,3159],"product_tag":[3152,3127,4863],"class_list":{"0":"post-91259","1":"product","2":"type-product","3":"status-publish","4":"has-post-thumbnail","6":"product_cat-ajax-larm","7":"product_cat-brandvarnare","8":"product_tag-cr123-tillbehor","9":"product_tag-kontrollprodukt","10":"product_tag-pf","11":"product_shipping_class-postnord-varubrev","12":"pa_brands-ajax-systems","13":"pa_farg-vit","14":"tm-no-options","16":"first","17":"instock","18":"sale","19":"featured","20":"taxable","21":"shipping-taxable","22":"purchasable","23":"product-type-simple"},"acf":[],"_links":{"self":[{"href":"https:\/\/secureus.se\/fr\/wp-json\/wp\/v2\/product\/91259","targetHints":{"allow":["GET"]}}],"collection":[{"href":"https:\/\/secureus.se\/fr\/wp-json\/wp\/v2\/product"}],"about":[{"href":"https:\/\/secureus.se\/fr\/wp-json\/wp\/v2\/types\/product"}],"wp:featuredmedia":[{"embeddable":true,"href":"https:\/\/secureus.se\/fr\/wp-json\/wp\/v2\/media\/156025"}],"wp:attachment":[{"href":"https:\/\/secureus.se\/fr\/wp-json\/wp\/v2\/media?parent=91259"}],"wp:term":[{"taxonomy":"product_brand","embeddable":true,"href":"https:\/\/secureus.se\/fr\/wp-json\/wp\/v2\/product_brand?post=91259"},{"taxonomy":"product_cat","embeddable":true,"href":"https:\/\/secureus.se\/fr\/wp-json\/wp\/v2\/product_cat?post=91259"},{"taxonomy":"product_tag","embeddable":true,"href":"https:\/\/secureus.se\/fr\/wp-json\/wp\/v2\/product_tag?post=91259"}],"curies":[{"name":"wp","href":"https:\/\/api.w.org\/{rel}","templated":true}]}}