{"id":91460,"date":"2024-05-01T22:05:06","date_gmt":"2024-05-01T20:05:06","guid":{"rendered":"https:\/\/secureus.se\/?post_type=product&#038;p=91460"},"modified":"2026-04-08T15:47:57","modified_gmt":"2026-04-08T13:47:57","slug":"dorrstangarsats-ts4000-1-6-med-standardarm-silver","status":"publish","type":"product","link":"https:\/\/secureus.se\/fr\/dorrstangarsats-ts4000-1-6-med-standardarm-silver\/","title":{"rendered":"Ferme-porte GEZE TS 4000 \u2013 Kit complet \u2013 EN 1-6 \u2013 Bras standard \u2013 Argent"},"content":{"rendered":"<p><strong>GEZE TS 4000<\/strong> est un ferme-porte puissant et flexible pour ceux qui ont besoin d&#039;une fermeture s\u00fbre, fluide et contr\u00f4l\u00e9e des portes int\u00e9rieures, ext\u00e9rieures et coupe-feu. Ce mod\u00e8le est fourni comme <strong>kit complet<\/strong> en argent avec <strong>bras standard<\/strong>, ce qui en fait un choix pratique aussi bien pour les nouvelles installations que pour les remplacements.<\/p>\n<p>Le ferme-porte s&#039;adapte <strong>portes simples jusqu&#039;\u00e0 1400 mm<\/strong> et a <strong>force de fermeture r\u00e9glable en continu EN 1-6<\/strong>. Il peut \u00eatre mont\u00e9 sur <strong>c\u00f4t\u00e9 charni\u00e8res du vantail de la porte<\/strong> ou <strong>c\u00f4t\u00e9 but\u00e9e du cadre<\/strong>. Si n\u00e9cessaire, \u00e9galement <strong>Ensemble de vantail de porte c\u00f4t\u00e9 g\u00e2che<\/strong> possible avec un support \u00e0 bras parall\u00e8le.<\/p>\n<h3>Ceci est inclus dans le kit<\/h3>\n<ul>\n<li>Bo\u00eetier de ferme-porte TS4000<\/li>\n<li>Bras standard TS2000\/4000<\/li>\n<li>Plaque de montage TS4000\/5000<\/li>\n<\/ul>\n<h3>Caract\u00e9ristiques<\/h3>\n<ul>\n<li>Kit complet comprenant bo\u00eetier de ferme-porte, bras standard et plaque de montage<\/li>\n<li>Syst\u00e8me de bras : <strong>Bras standard<\/strong><\/li>\n<li>Force de fermeture : <strong>FR 1-6<\/strong><\/li>\n<li>Force de fermeture r\u00e9glable \u00e0 l&#039;infini<\/li>\n<li>Convient aux portes simples<\/li>\n<li>Largeur maximale du vantail de porte\u00a0: <strong>1400 millim\u00e8tres<\/strong><\/li>\n<li>Mont\u00e9 du c\u00f4t\u00e9 des charni\u00e8res de la porte ou du c\u00f4t\u00e9 de la g\u00e2che du cadre.<\/li>\n<li>Montage du vantail de porte c\u00f4t\u00e9 g\u00e2che possible avec support \u00e0 bras parall\u00e8le<\/li>\n<li>Pour les portes de droite et de gauche<\/li>\n<li>Angle d&#039;ouverture maximal : <strong>180\u00b0<\/strong><\/li>\n<li>Indication optique de la force de fermeture<\/li>\n<li>Soupape de s\u00e9curit\u00e9 contre le vandalisme<\/li>\n<li>Vanne thermostable<\/li>\n<li>Traitement de surface : <strong>Argent<\/strong><\/li>\n<\/ul>\n<h3>Fonctions<\/h3>\n<ul>\n<li>Toutes les fonctions se r\u00e8glent depuis l&#039;avant.<\/li>\n<li>Vitesse de fermeture r\u00e9glable<\/li>\n<li>G\u00e2che r\u00e9glable avec bras standard<\/li>\n<li>Frein d&#039;ouverture int\u00e9gr\u00e9 \u00e0 r\u00e9glage hydraulique<\/li>\n<li>Le frein d&#039;ouverture se r\u00e8gle par l&#039;avant \u00e0 l&#039;aide d&#039;une valve.<\/li>\n<li>Dispositif \u00e9lectrom\u00e9canique\u00a0: Non<\/li>\n<li>Fonction de balancement libre\u00a0: Non<\/li>\n<li>Fermeture diff\u00e9r\u00e9e\u00a0: Non<\/li>\n<\/ul>\n<h3>Informations importantes<\/h3>\n<p>Avec <strong>bras debout<\/strong> la porte peut \u00eatre maintenue \u00e0 un angle entre <strong>70\u00b0 et 150\u00b0<\/strong>. Cependant, le bras de support n&#039;est pas inclus dans ce kit mais constitue une option s\u00e9par\u00e9e.<\/p>\n<h3>Approbation et ex\u00e9cution<\/h3>\n<ul>\n<li>Approuv\u00e9 conform\u00e9ment \u00e0 <strong>EN 1154<\/strong><\/li>\n<li>Couleurs standard : argent, marron et blanc laqu\u00e9 RAL 9016<\/li>\n<li>Couleurs sp\u00e9ciales disponibles sur demande, selon les nuanciers RAL ou NCS.<\/li>\n<\/ul>\n<h3>Convient pour<\/h3>\n<ul>\n<li>portes int\u00e9rieures<\/li>\n<li>portes d&#039;entr\u00e9e<\/li>\n<li>portes coupe-feu<\/li>\n<li>portes d&#039;entr\u00e9e<\/li>\n<li>propri\u00e9t\u00e9s, bureaux et environnements publics<\/li>\n<\/ul>\n<p>Le GEZE TS 4000 est un bon choix pour ceux qui recherchent un <strong>Ferme-porte avec bras standard<\/strong> Ce kit complet vous offre un ferme-porte fiable, hautement r\u00e9glable, d&#039;un fonctionnement stable et s&#039;adaptant facilement \u00e0 de nombreux environnements de porte.<\/p>\n<div style=\"background: #f6f8fa;padding: 14px;border-radius: 6px;margin: 18px 0\"><strong>Vous avez besoin d&#039;aide pour choisir le bon ferme-porte ?<\/strong><br \/>\nComparez le type de porte, le type de bras et la largeur de la porte, ou d\u00e9couvrez d&#039;autres mod\u00e8les de notre gamme.<br \/>\n<a style=\"font-weight: bold\" href=\"https:\/\/secureus.se\/fr\/dorrstangare-kompletta\/\"><br \/>\nVoir tous les ferme-portes complets ici \u2192<br \/>\n<\/a><\/div>","protected":false},"excerpt":{"rendered":"<p><strong>Kit complet de ferme-porte GEZE TS 4000 argent\u00e9<\/strong> Avec bras standard pour une fermeture s\u00fbre et contr\u00f4l\u00e9e des portes int\u00e9rieures, ext\u00e9rieures et coupe-feu. Convient aux <strong>portes simples jusqu&#039;\u00e0 1400 mm<\/strong> et peut \u00eatre mont\u00e9 sur <strong>c\u00f4t\u00e9 charni\u00e8res du vantail de la porte<\/strong> ou <strong>c\u00f4t\u00e9 but\u00e9e du cadre<\/strong>.<\/p>\n<p>L&#039;ensemble complet comprend : <strong>Bo\u00eetier de ferme-porte TS4000, bras standard TS2000\/4000 et plaque de montage TS4000\/5000<\/strong>. Le mod\u00e8le a <strong>force de fermeture r\u00e9glable en continu EN 1-6<\/strong>, frein d&#039;ouverture r\u00e9glable et convient aux portes \u00e0 ouverture \u00e0 droite et \u00e0 gauche.<\/p>","protected":false},"featured_media":137495,"template":"","meta":{"_acf_changed":false},"product_brand":[],"product_cat":[3258,4864],"product_tag":[4863],"class_list":{"0":"post-91460","1":"product","2":"type-product","3":"status-publish","4":"has-post-thumbnail","6":"product_cat-dorrstangare","7":"product_cat-dorrstangare-kompletta","8":"product_tag-pf","9":"product_shipping_class-tunga-paket","10":"pa_brands-geze","11":"tm-no-options","13":"first","14":"instock","15":"sale","16":"taxable","17":"shipping-taxable","18":"purchasable","19":"product-type-simple"},"acf":[],"_links":{"self":[{"href":"https:\/\/secureus.se\/fr\/wp-json\/wp\/v2\/product\/91460","targetHints":{"allow":["GET"]}}],"collection":[{"href":"https:\/\/secureus.se\/fr\/wp-json\/wp\/v2\/product"}],"about":[{"href":"https:\/\/secureus.se\/fr\/wp-json\/wp\/v2\/types\/product"}],"wp:featuredmedia":[{"embeddable":true,"href":"https:\/\/secureus.se\/fr\/wp-json\/wp\/v2\/media\/137495"}],"wp:attachment":[{"href":"https:\/\/secureus.se\/fr\/wp-json\/wp\/v2\/media?parent=91460"}],"wp:term":[{"taxonomy":"product_brand","embeddable":true,"href":"https:\/\/secureus.se\/fr\/wp-json\/wp\/v2\/product_brand?post=91460"},{"taxonomy":"product_cat","embeddable":true,"href":"https:\/\/secureus.se\/fr\/wp-json\/wp\/v2\/product_cat?post=91460"},{"taxonomy":"product_tag","embeddable":true,"href":"https:\/\/secureus.se\/fr\/wp-json\/wp\/v2\/product_tag?post=91460"}],"curies":[{"name":"wp","href":"https:\/\/api.w.org\/{rel}","templated":true}]}}