{"id":91463,"date":"2024-05-01T22:05:07","date_gmt":"2024-05-01T20:05:07","guid":{"rendered":"https:\/\/secureus.se\/?post_type=product&#038;p=91463"},"modified":"2026-04-24T14:44:27","modified_gmt":"2026-04-24T12:44:27","slug":"dorrstangarsats-ts83-3-6-med-uppstallningsarm-silver","status":"publish","type":"product","link":"https:\/\/secureus.se\/fr\/dorrstangarsats-ts83-3-6-med-uppstallningsarm-silver\/","title":{"rendered":"Ferme-porte Dormakaba TS83 \u2013 Kit complet \u2013 EN 3-6 \u2013 Bras vertical (Marche\/Arr\u00eat) \u2013 Argent"},"content":{"rendered":"<p><strong>Dormakaba TS83<\/strong> est un ferme-porte puissant et fiable pour ceux qui ont besoin d&#039;une fermeture s\u00fbre et contr\u00f4l\u00e9e des portes int\u00e9rieures et ext\u00e9rieures. Ce mod\u00e8le est livr\u00e9 comme <strong>kit complet<\/strong> en argent avec <strong>bras de support CL-RF Marche\/Arr\u00eat<\/strong>, ce qui en fait un bon choix si vous souhaitez pouvoir laisser la porte ouverte en cas de besoin et activer ou d\u00e9sactiver facilement la fonction.<\/p>\n<p>Le ferme-porte s&#039;adapte <strong>portes simples jusqu&#039;\u00e0 1400 mm<\/strong> et a <strong>force de fermeture r\u00e9glable en continu EN 3-6<\/strong>. Il peut \u00eatre mont\u00e9 sur <strong>c\u00f4t\u00e9 charni\u00e8res du vantail de la porte<\/strong> ou <strong>c\u00f4t\u00e9 but\u00e9e du cadre<\/strong> et convient aux deux <strong>portes \u00e0 ouverture \u00e0 gauche et \u00e0 droite<\/strong>.<\/p>\n<h3>Ceci est inclus dans le kit<\/h3>\n<ul>\n<li>Bo\u00eetier de ferme-porte TS83 3-6<\/li>\n<li>Plaque de montage 8380<\/li>\n<li>Bras de support CL-RF Marche\/Arr\u00eat<\/li>\n<\/ul>\n<h3>Caract\u00e9ristiques<\/h3>\n<ul>\n<li>Kit complet comprenant bo\u00eetier de ferme-porte, plaque de montage et bras de montage<\/li>\n<li>Ferme-porte hydraulique avec ressort de compression<\/li>\n<li>Syst\u00e8me de bras : <strong>Bras standard<\/strong><\/li>\n<li>Force de fermeture : <strong>UN 3-6<\/strong><\/li>\n<li>Force de fermeture de porte r\u00e9glable \u00e0 l&#039;infini<\/li>\n<li>Convient aux portes simples<\/li>\n<li>Largeur maximale du vantail de porte\u00a0: <strong>1400 millim\u00e8tres<\/strong><\/li>\n<li>Convient aux portes gauche et droite<\/li>\n<li>Peut \u00eatre mont\u00e9 c\u00f4t\u00e9 charni\u00e8res de la porte ou c\u00f4t\u00e9 g\u00e2che du cadre.<\/li>\n<li>Angle d&#039;ouverture maximal : <strong>150\u00b0<\/strong><\/li>\n<li>Frein d&#039;ouverture standard<\/li>\n<li>Traitement de surface : <strong>Argent<\/strong><\/li>\n<\/ul>\n<h3>Fonctions<\/h3>\n<ul>\n<li>Frein d&#039;ouverture : Oui<\/li>\n<li>La vitesse de fermeture est r\u00e9glable <strong>180\u00b0 \u00e0 0\u00b0<\/strong><\/li>\n<li>La force d&#039;impact est r\u00e9glable <strong>7\u00b0 \u00e0 0\u00b0<\/strong><\/li>\n<li>Bras de support avec bouton marche\/arr\u00eat<\/li>\n<li>Dispositif \u00e9lectrom\u00e9canique\u00a0: Non<\/li>\n<li>Fonction de balancement libre\u00a0: Non<\/li>\n<li>Fermeture diff\u00e9r\u00e9e\u00a0: Non<\/li>\n<\/ul>\n<h3>Informations importantes<\/h3>\n<p><strong>Le bras de support ne doit pas \u00eatre utilis\u00e9 sur les portes coupe-feu.<\/strong> Si le ferme-porte doit \u00eatre utilis\u00e9 dans un environnement de porte coupe-feu, vous devez choisir la version appropri\u00e9e sans fonction de levage active.<\/p>\n<h3>Mesure<\/h3>\n<ul>\n<li>Longueur: <strong>293 millim\u00e8tres<\/strong><\/li>\n<li>Hauteur: <strong>60 millim\u00e8tres<\/strong><\/li>\n<li>Profondeur: <strong>47,5 mm<\/strong><\/li>\n<\/ul>\n<h3>Convient pour<\/h3>\n<ul>\n<li>portes int\u00e9rieures<\/li>\n<li>portes d&#039;entr\u00e9e<\/li>\n<li>portes d&#039;entr\u00e9e<\/li>\n<li>environnements de porte o\u00f9 une fonction d&#039;affichage est n\u00e9cessaire<\/li>\n<li>propri\u00e9t\u00e9s, bureaux et environnements publics<\/li>\n<\/ul>\n<p>Le Dormakaba TS83 est un bon choix pour ceux qui recherchent un <strong>Ferme-porte avec bras de levage<\/strong> Ce kit complet comprend un ferme-porte fiable, tr\u00e8s r\u00e9glable, au fonctionnement stable et facile \u00e0 activer ou d\u00e9sactiver selon vos besoins.<\/p>\n<div style=\"background: #f6f8fa; padding: 14px; border-radius: 6px; margin: 18px 0;\"><strong>Vous avez besoin d&#039;aide pour choisir le bon ferme-porte ?<\/strong><br \/>\nComparez le type de porte, le type de bras et la largeur de la porte, ou d\u00e9couvrez d&#039;autres mod\u00e8les de notre gamme.<br \/>\n<a style=\"font-weight: bold;\" href=\"https:\/\/secureus.se\/fr\/dorrstangare-kompletta\/\"><br \/>\nVoir tous les ferme-portes complets ici \u2192<br \/>\n<\/a><\/div>","protected":false},"excerpt":{"rendered":"<p><strong>Kit complet de ferme-porte Dormakaba TS83 argent\u00e9<\/strong> Avec bras marche\/arr\u00eat pour la fermeture contr\u00f4l\u00e9e des portes int\u00e9rieures et ext\u00e9rieures. Convient aux <strong>portes simples jusqu&#039;\u00e0 1400 mm<\/strong> et peut \u00eatre mont\u00e9 sur <strong>c\u00f4t\u00e9 charni\u00e8res du vantail de la porte<\/strong> ou <strong>c\u00f4t\u00e9 but\u00e9e du cadre<\/strong>.<\/p>\n<p>L&#039;ensemble complet comprend : <strong>Bo\u00eetier de ferme-porte TS83 3-6, plaque de montage 8380 et bras de montage CL-RF Marche\/Arr\u00eat<\/strong>. Le mod\u00e8le a <strong>force de fermeture r\u00e9glable en continu EN 3-6<\/strong>, un frein \u00e0 ouverture de s\u00e9rie et une fonction de stationnement qui peut \u00eatre facilement activ\u00e9e ou d\u00e9sactiv\u00e9e en cas de besoin.<\/p>","protected":false},"featured_media":137101,"template":"","meta":{"_acf_changed":false},"product_brand":[],"product_cat":[3258,4864],"product_tag":[3850,4863],"class_list":{"0":"post-91463","1":"product","2":"type-product","3":"status-publish","4":"has-post-thumbnail","6":"product_cat-dorrstangare","7":"product_cat-dorrstangare-kompletta","8":"product_tag-bastsaljare","9":"product_tag-pf","10":"product_shipping_class-tunga-paket","11":"pa_brands-dormakaba","12":"tm-no-options","14":"first","15":"instock","16":"sale","17":"taxable","18":"shipping-taxable","19":"purchasable","20":"product-type-simple"},"acf":[],"_links":{"self":[{"href":"https:\/\/secureus.se\/fr\/wp-json\/wp\/v2\/product\/91463","targetHints":{"allow":["GET"]}}],"collection":[{"href":"https:\/\/secureus.se\/fr\/wp-json\/wp\/v2\/product"}],"about":[{"href":"https:\/\/secureus.se\/fr\/wp-json\/wp\/v2\/types\/product"}],"wp:featuredmedia":[{"embeddable":true,"href":"https:\/\/secureus.se\/fr\/wp-json\/wp\/v2\/media\/137101"}],"wp:attachment":[{"href":"https:\/\/secureus.se\/fr\/wp-json\/wp\/v2\/media?parent=91463"}],"wp:term":[{"taxonomy":"product_brand","embeddable":true,"href":"https:\/\/secureus.se\/fr\/wp-json\/wp\/v2\/product_brand?post=91463"},{"taxonomy":"product_cat","embeddable":true,"href":"https:\/\/secureus.se\/fr\/wp-json\/wp\/v2\/product_cat?post=91463"},{"taxonomy":"product_tag","embeddable":true,"href":"https:\/\/secureus.se\/fr\/wp-json\/wp\/v2\/product_tag?post=91463"}],"curies":[{"name":"wp","href":"https:\/\/api.w.org\/{rel}","templated":true}]}}