{"id":91478,"date":"2024-05-01T22:05:07","date_gmt":"2024-05-01T20:05:07","guid":{"rendered":"https:\/\/secureus.se\/?post_type=product&#038;p=91478"},"modified":"2026-04-23T12:13:38","modified_gmt":"2026-04-23T10:13:38","slug":"dorrstangarsats-ts98-xea-silver","status":"publish","type":"product","link":"https:\/\/secureus.se\/fr\/dorrstangarsats-ts98-xea-silver\/","title":{"rendered":"Ferme-porte Dormakaba TS98 XEA \u2013 Emballage standard \u2013 EN 1-6 \u2013 Rail de glissement \u2013 Argent"},"content":{"rendered":"<p><strong>Dormakaba TS98 XEA<\/strong> est un ferme-porte moderne et polyvalent pour ceux qui recherchent un confort optimal, un fonctionnement silencieux et une fermeture s\u00e9curis\u00e9e. Ce mod\u00e8le est fourni comme <strong>paquet standard<\/strong> en argent avec <strong>rail coulissant GN XEA<\/strong> et est adapt\u00e9e aux portes simples dans de nombreux types de propri\u00e9t\u00e9s et d&#039;environnements.<\/p>\n<p>Le TS98 XEA convient aux portes jusqu&#039;\u00e0 <strong>1400 millim\u00e8tres<\/strong> et a <strong>Force de fermeture r\u00e9glable EN 1-6<\/strong>. Gr\u00e2ce \u00e0 <strong>Technologie EASY OPEN<\/strong> La r\u00e9sistance \u00e0 l&#039;ouverture diminue et le passage devient fluide, tandis que <strong>SoftFlow<\/strong> Il offre une fermeture particuli\u00e8rement silencieuse et en douceur en phase finale. Ce mod\u00e8le est donc particuli\u00e8rement adapt\u00e9 aux situations o\u00f9 confort et fonctionnalit\u00e9 sont essentiels.<\/p>\n<p>Le ferme-porte peut \u00eatre mont\u00e9 sur <strong>c\u00f4t\u00e9 charni\u00e8res du vantail de la porte<\/strong> ou <strong>c\u00f4t\u00e9 but\u00e9e du cadre<\/strong>. Le m\u00eame bo\u00eetier de ferme-porte peut \u00eatre utilis\u00e9 dans plusieurs types d&#039;installation, ce qui offre une grande flexibilit\u00e9 de conception et d&#039;installation.<\/p>\n<h3>Ceci est inclus dans le forfait<\/h3>\n<ul>\n<li>Bo\u00eetier de ferme-porte TS98 XEA Argent<\/li>\n<li>plaque de montage<\/li>\n<li>Rail coulissant GN XEA Argent<\/li>\n<\/ul>\n<h3>Caract\u00e9ristiques<\/h3>\n<ul>\n<li>Ensemble standard comprenant le bo\u00eetier de ferme-porte, la plaque de montage et le rail de guidage.<\/li>\n<li>Syst\u00e8me de bras : <strong>Rail coulissant<\/strong><\/li>\n<li>Force de fermeture : <strong>FR 1-6<\/strong><\/li>\n<li>Convient aux portes simples<\/li>\n<li>Largeur maximale du vantail de porte\u00a0: <strong>1400 millim\u00e8tres<\/strong><\/li>\n<li>Technologie EASY OPEN pour un passage plus facile et plus fluide<\/li>\n<li>SoftFlow pour une fermeture de porte silencieuse avec un intervalle de fermeture suppl\u00e9mentaire<\/li>\n<li>Convient pour un montage sur le vantail c\u00f4t\u00e9 charni\u00e8res et sur le cadre c\u00f4t\u00e9 g\u00e2che.<\/li>\n<li>Fermeture automatique \u00e0 partir de l&#039;angle d&#039;ouverture jusqu&#039;\u00e0 <strong>180\u00b0<\/strong> du c\u00f4t\u00e9 de la charni\u00e8re<\/li>\n<li>Indicateur visible de la force de fermeture<\/li>\n<li>Force de fermeture r\u00e9glable par l&#039;avant avec un tournevis<\/li>\n<li>Frein d&#039;ouverture : Oui<\/li>\n<li>Fermeture diff\u00e9r\u00e9e\u00a0: Oui<\/li>\n<li>Traitement de surface : <strong>Argent<\/strong><\/li>\n<\/ul>\n<h3>Fonctions<\/h3>\n<ul>\n<li>Fermeture silencieuse et contr\u00f4l\u00e9e gr\u00e2ce \u00e0 SoftFlow<\/li>\n<li>Ouverture facile gr\u00e2ce \u00e0 la technologie EASY OPEN \u00e9prouv\u00e9e<\/li>\n<li>Le ferme-porte fonctionne \u00e9galement dans des environnements froids jusqu&#039;\u00e0 une temp\u00e9rature de <strong>-40\u00b0C<\/strong><\/li>\n<li>Convient aux portes pesant jusqu&#039;\u00e0 <strong>300 kg<\/strong><\/li>\n<li>Dispositif \u00e9lectrom\u00e9canique\u00a0: Non<\/li>\n<li>Fonction de balancement libre\u00a0: Non<\/li>\n<\/ul>\n<h3>Informations importantes<\/h3>\n<p>Les informations concernant le poids de la porte jusqu&#039;\u00e0 <strong>300 kg<\/strong> s&#039;applique <strong>pas<\/strong> avec un syst\u00e8me de positionnement \u00e9lectrom\u00e9canique sur le rail de guidage. Ce produit est sp\u00e9cifi\u00e9 sans syst\u00e8me de positionnement \u00e9lectrom\u00e9canique.<\/p>\n<h3>Convient pour<\/h3>\n<ul>\n<li>portes simples dans les propri\u00e9t\u00e9s et les environnements publics<\/li>\n<li>Dans les environnements o\u00f9 la fermeture silencieuse des portes est importante, il est important de noter que la porte doit \u00eatre ferm\u00e9e en douceur.<\/li>\n<li>portes int\u00e9rieures et ext\u00e9rieures exigeant un confort \u00e9lev\u00e9<\/li>\n<li>environnements o\u00f9 une faible r\u00e9sistance \u00e0 l&#039;ouverture et une fermeture stable sont n\u00e9cessaires<\/li>\n<\/ul>\n<p>Le Dormakaba TS98 XEA est un excellent choix pour ceux qui recherchent un <strong>Ferme-porte avec rail de guidage<\/strong> Dans une gamme de prix haut de gamme. Vous b\u00e9n\u00e9ficiez d&#039;une solution moderne offrant une grande flexibilit\u00e9 de r\u00e9glage, un fonctionnement tr\u00e8s silencieux et une fiabilit\u00e9 \u00e0 toute \u00e9preuve, m\u00eame dans des environnements exigeants.<\/p>\n<div style=\"background: #f6f8fa;padding: 14px;border-radius: 6px;margin: 18px 0\"><strong>Vous avez besoin d&#039;aide pour choisir le bon ferme-porte ?<\/strong><br \/>\nComparez le type de porte, le type de bras et la largeur de la porte, ou d\u00e9couvrez d&#039;autres mod\u00e8les de notre gamme.<br \/>\n<a style=\"font-weight: bold\" href=\"https:\/\/secureus.se\/fr\/dorrstangare-kompletta\/\"><br \/>\nVoir tous les ferme-portes complets ici \u2192<br \/>\n<\/a><\/div>","protected":false},"excerpt":{"rendered":"<p><strong>Ferme-porte Dormakaba TS98 XEA, emballage standard argent\u00e9<\/strong> avec rail coulissant pour une fermeture silencieuse, s\u00fbre et contr\u00f4l\u00e9e des portes simples jusqu&#039;\u00e0 <strong>1400 millim\u00e8tres<\/strong>. Le mod\u00e8le a <strong>Technologie EASY OPEN<\/strong> pour faciliter le passage et <strong>SoftFlow<\/strong> pour une fermeture douce et silencieuse.<\/p>\n<p>Le paquet contient <strong>Bo\u00eetier de ferme-porte TS98 XEA avec plaque de montage et rail de glissement GN XEA<\/strong>. Le ferme-porte a <strong>Force de fermeture r\u00e9glable EN 1-6<\/strong>, avec un frein \u00e0 l&#039;ouverture et une fermeture temporis\u00e9e, ce qui en fait un bon choix pour les environnements de portes exigeants.<\/p>","protected":false},"featured_media":137257,"template":"","meta":{"_acf_changed":false},"product_brand":[],"product_cat":[3258,4864],"product_tag":[4863],"class_list":{"0":"post-91478","1":"product","2":"type-product","3":"status-publish","4":"has-post-thumbnail","6":"product_cat-dorrstangare","7":"product_cat-dorrstangare-kompletta","8":"product_tag-pf","9":"product_shipping_class-tunga-paket","10":"pa_brands-dormakaba","11":"tm-no-options","13":"first","14":"outofstock","15":"sale","16":"taxable","17":"shipping-taxable","18":"purchasable","19":"product-type-simple"},"acf":[],"_links":{"self":[{"href":"https:\/\/secureus.se\/fr\/wp-json\/wp\/v2\/product\/91478","targetHints":{"allow":["GET"]}}],"collection":[{"href":"https:\/\/secureus.se\/fr\/wp-json\/wp\/v2\/product"}],"about":[{"href":"https:\/\/secureus.se\/fr\/wp-json\/wp\/v2\/types\/product"}],"wp:featuredmedia":[{"embeddable":true,"href":"https:\/\/secureus.se\/fr\/wp-json\/wp\/v2\/media\/137257"}],"wp:attachment":[{"href":"https:\/\/secureus.se\/fr\/wp-json\/wp\/v2\/media?parent=91478"}],"wp:term":[{"taxonomy":"product_brand","embeddable":true,"href":"https:\/\/secureus.se\/fr\/wp-json\/wp\/v2\/product_brand?post=91478"},{"taxonomy":"product_cat","embeddable":true,"href":"https:\/\/secureus.se\/fr\/wp-json\/wp\/v2\/product_cat?post=91478"},{"taxonomy":"product_tag","embeddable":true,"href":"https:\/\/secureus.se\/fr\/wp-json\/wp\/v2\/product_tag?post=91478"}],"curies":[{"name":"wp","href":"https:\/\/api.w.org\/{rel}","templated":true}]}}