{"id":91509,"date":"2024-05-01T22:05:08","date_gmt":"2024-05-01T20:05:08","guid":{"rendered":"https:\/\/secureus.se\/?post_type=product&#038;p=91509"},"modified":"2026-03-30T11:44:21","modified_gmt":"2026-03-30T09:44:21","slug":"dorrstangarsats-ts83-3-6-med-standardarm-silver","status":"publish","type":"product","link":"https:\/\/secureus.se\/fr\/dorrstangarsats-ts83-3-6-med-standardarm-silver\/","title":{"rendered":"Ferme-porte Dormakaba TS83 \u2013 Kit complet \u2013 EN 3-6 \u2013 Bras standard CL-N \u2013 Argent"},"content":{"rendered":"<p><strong>Dormakaba TS83<\/strong> est un ferme-porte puissant et fiable pour ceux qui ont besoin d&#039;une fermeture s\u00fbre, fluide et contr\u00f4l\u00e9e des portes int\u00e9rieures, ext\u00e9rieures et coupe-feu. Ce mod\u00e8le est fourni comme <strong>kit complet<\/strong> en argent avec <strong>bras standard CL-N<\/strong>, ce qui en fait un choix pratique aussi bien pour les nouvelles installations que pour les remplacements.<\/p>\n<p>Le ferme-porte s&#039;adapte <strong>portes simples jusqu&#039;\u00e0 1400 mm<\/strong> et a <strong>force de fermeture r\u00e9glable en continu EN 3-6<\/strong>. Il peut \u00eatre mont\u00e9 sur <strong>c\u00f4t\u00e9 charni\u00e8res du vantail de la porte<\/strong> ou <strong>c\u00f4t\u00e9 but\u00e9e du cadre<\/strong> et convient aux deux <strong>portes gauche et droite<\/strong>.<\/p>\n<h3>Ceci est inclus dans le kit<\/h3>\n<ul>\n<li>Bo\u00eetier de ferme-porte TS83 3-6<\/li>\n<li>Plaque de montage 8380<\/li>\n<li>Bras standard CL-N<\/li>\n<\/ul>\n<h3>Caract\u00e9ristiques<\/h3>\n<ul>\n<li>Kit complet avec bo\u00eetier de ferme-porte, plaque de montage et bras standard<\/li>\n<li>Ferme-porte hydraulique avec ressort de compression<\/li>\n<li>Syst\u00e8me de bras : <strong>Bras standard<\/strong><\/li>\n<li>Force de fermeture : <strong>UN 3-6<\/strong><\/li>\n<li>Force de fermeture de porte r\u00e9glable \u00e0 l&#039;infini<\/li>\n<li>Convient aux portes simples<\/li>\n<li>Largeur maximale du vantail de porte\u00a0: <strong>1400 millim\u00e8tres<\/strong><\/li>\n<li>Convient aux portes gauche et droite<\/li>\n<li>Peut \u00eatre mont\u00e9 c\u00f4t\u00e9 charni\u00e8res de la porte ou c\u00f4t\u00e9 g\u00e2che du cadre.<\/li>\n<li>Angle d&#039;ouverture maximal : <strong>180\u00b0<\/strong><\/li>\n<li>Frein d&#039;ouverture standard<\/li>\n<li>Traitement de surface : <strong>Argent<\/strong><\/li>\n<\/ul>\n<h3>Fonctions<\/h3>\n<ul>\n<li>Frein d&#039;ouverture : Oui<\/li>\n<li>La vitesse de fermeture est r\u00e9glable <strong>180\u00b0 \u00e0 0\u00b0<\/strong><\/li>\n<li>La force d&#039;impact est r\u00e9glable <strong>7\u00b0 \u00e0 0\u00b0<\/strong><\/li>\n<li>Dispositif \u00e9lectrom\u00e9canique\u00a0: Non<\/li>\n<li>Fonction de balancement libre\u00a0: Non<\/li>\n<li>Fermeture diff\u00e9r\u00e9e\u00a0: Non<\/li>\n<\/ul>\n<h3>Mesure<\/h3>\n<ul>\n<li>Longueur: <strong>293 millim\u00e8tres<\/strong><\/li>\n<li>Hauteur: <strong>60 millim\u00e8tres<\/strong><\/li>\n<li>Profondeur: <strong>47,5 mm<\/strong><\/li>\n<\/ul>\n<h3>Convient pour<\/h3>\n<ul>\n<li>portes int\u00e9rieures<\/li>\n<li>portes d&#039;entr\u00e9e<\/li>\n<li>portes coupe-feu<\/li>\n<li>portes d&#039;entr\u00e9e<\/li>\n<li>propri\u00e9t\u00e9s, bureaux et environnements publics<\/li>\n<\/ul>\n<p>Le Dormakaba TS83 est un bon choix pour ceux qui recherchent un <strong>Ferme-porte avec bras standard<\/strong> Ce kit complet vous offre un ferme-porte fiable, hautement r\u00e9glable, stable et facile \u00e0 installer dans de nombreux environnements de porte.<\/p>\n<div style=\"background: #f6f8fa;padding: 14px;border-radius: 6px;margin: 18px 0\"><strong>Vous avez besoin d&#039;aide pour choisir le bon ferme-porte ?<\/strong><br \/>\nComparez le type de porte, le type de bras et la largeur de la porte, ou d\u00e9couvrez d&#039;autres mod\u00e8les de notre gamme.<a style=\"font-weight: bold\" href=\"https:\/\/secureus.se\/fr\/dorrstangare-kompletta\/\"><br \/>\nVoir tous les ferme-portes complets ici \u2192<br \/>\n<\/a><\/div>","protected":false},"excerpt":{"rendered":"<p><strong>Kit complet de ferme-porte Dormakaba TS83 argent\u00e9<\/strong> Avec bras standard CL-N pour une fermeture s\u00fbre et contr\u00f4l\u00e9e des portes int\u00e9rieures, ext\u00e9rieures et coupe-feu. Compatible avec <strong>portes simples jusqu&#039;\u00e0 1400 mm<\/strong> et peut \u00eatre mont\u00e9 sur <strong>c\u00f4t\u00e9 charni\u00e8res du vantail de la porte<\/strong> ou <strong>c\u00f4t\u00e9 but\u00e9e du cadre<\/strong>.<\/p>\n<p>L&#039;ensemble complet comprend : <strong>bo\u00eetier de ferme-porte TS83 3-6, plaque de montage 8380 et bras standard CL-N<\/strong>. Le mod\u00e8le a <strong>force de fermeture r\u00e9glable en continu EN 3-6<\/strong>, avec frein d&#039;ouverture de s\u00e9rie et compatible avec les portes \u00e0 ouverture \u00e0 gauche et \u00e0 droite.<\/p>","protected":false},"featured_media":137446,"template":"","meta":{"_acf_changed":false},"product_brand":[],"product_cat":[3258,4864],"product_tag":[3850,4863],"class_list":{"0":"post-91509","1":"product","2":"type-product","3":"status-publish","4":"has-post-thumbnail","6":"product_cat-dorrstangare","7":"product_cat-dorrstangare-kompletta","8":"product_tag-bastsaljare","9":"product_tag-pf","10":"product_shipping_class-tunga-paket","11":"pa_brands-dormakaba","12":"tm-no-options","14":"first","15":"instock","16":"sale","17":"taxable","18":"shipping-taxable","19":"purchasable","20":"product-type-simple"},"acf":[],"_links":{"self":[{"href":"https:\/\/secureus.se\/fr\/wp-json\/wp\/v2\/product\/91509","targetHints":{"allow":["GET"]}}],"collection":[{"href":"https:\/\/secureus.se\/fr\/wp-json\/wp\/v2\/product"}],"about":[{"href":"https:\/\/secureus.se\/fr\/wp-json\/wp\/v2\/types\/product"}],"wp:featuredmedia":[{"embeddable":true,"href":"https:\/\/secureus.se\/fr\/wp-json\/wp\/v2\/media\/137446"}],"wp:attachment":[{"href":"https:\/\/secureus.se\/fr\/wp-json\/wp\/v2\/media?parent=91509"}],"wp:term":[{"taxonomy":"product_brand","embeddable":true,"href":"https:\/\/secureus.se\/fr\/wp-json\/wp\/v2\/product_brand?post=91509"},{"taxonomy":"product_cat","embeddable":true,"href":"https:\/\/secureus.se\/fr\/wp-json\/wp\/v2\/product_cat?post=91509"},{"taxonomy":"product_tag","embeddable":true,"href":"https:\/\/secureus.se\/fr\/wp-json\/wp\/v2\/product_tag?post=91509"}],"curies":[{"name":"wp","href":"https:\/\/api.w.org\/{rel}","templated":true}]}}