{"id":91525,"date":"2023-09-27T18:14:20","date_gmt":"2023-09-27T16:14:20","guid":{"rendered":"https:\/\/secureus.se\/elslutbleck-960m-rattvand-12-24v-kolvkontakt-5m-kabel\/"},"modified":"2026-04-08T15:56:00","modified_gmt":"2026-04-08T13:56:00","slug":"elslutbleck-960m-rattvand-12-24v-kolvkontakt-5m-kabel","status":"publish","type":"product","link":"https:\/\/secureus.se\/fr\/elslutbleck-960m-rattvand-12-24v-kolvkontakt-5m-kabel\/","title":{"rendered":"Plaque d&#039;extr\u00e9mit\u00e9 \u00e9lectrique 960M Face \u00e0 droite 12-24V Connecteur \u00e0 piston C\u00e2ble 5m"},"content":{"rendered":"<h1>Plaque d&#039;extr\u00e9mit\u00e9 \u00e9lectrique 960M Face \u00e0 droite 12-24V Connecteur \u00e0 piston C\u00e2ble 5m<\/h1>\n<p class=\"\" data-start=\"389\" data-end=\"582\">G\u00e2che \u00e9lectrique 960M avec fonction droite, tension 12-24V, contact \u00e0 piston et c\u00e2ble de 5m. Pour les portes avec des exigences \u00e9lev\u00e9es en mati\u00e8re de s\u00e9curit\u00e9 et de pression de moulage. Classe de feu E\/EI 120.<\/p>\n<p class=\"\" data-start=\"618\" data-end=\"1000\">La g\u00e2che \u00e9lectrique 960M est une g\u00e2che \u00e9lectrique con\u00e7ue pour les portes avec des exigences \u00e9lev\u00e9es en mati\u00e8re de pression de bande et des exigences de s\u00e9curit\u00e9 normales.<\/p>\n<p class=\"\" data-start=\"618\" data-end=\"1000\">Ce mod\u00e8le est particuli\u00e8rement adapt\u00e9 \u00e0 une utilisation dans les syst\u00e8mes de portes utilis\u00e9s pour le verrouillage de jour dans les protections de coque et le verrouillage int\u00e9rieur dans le commerce, les bureaux, l&#039;industrie, ainsi que dans les entr\u00e9es et les espaces publics des immeubles d&#039;habitation.<\/p>\n<p class=\"\" data-start=\"1002\" data-end=\"1433\">Avec une fonction \u00e0 droite (verrouillage en cas de panne de courant), une r\u00e9sistance \u00e0 la rupture de 1500 kg (15 kN) et une classification au feu jusqu&#039;\u00e0 E\/EI 120, le 960M convient aux portes expos\u00e9es \u00e0 des contraintes plus \u00e9lev\u00e9es, notamment \u00e0 des pressions de bande \u00e9lev\u00e9es et \u00e0 des environnements avec une fr\u00e9quence d&#039;ouverture et de fermeture \u00e9lev\u00e9e.<\/p>\n<p class=\"\" data-start=\"1002\" data-end=\"1433\">La g\u00e2che \u00e9lectrique est \u00e9galement con\u00e7ue pour r\u00e9sister aux chocs et aux impacts, ce qui en fait un choix fiable pour les environnements commerciaux et industriels.<\/p>\n<p class=\"\" data-start=\"1435\" data-end=\"1722\">La g\u00e2che \u00e9lectrique 960M est \u00e9quip\u00e9e d&#039;un contact \u00e0 piston et d&#039;un contact \u00e0 ancre, et elle est fournie avec un c\u00e2ble de connexion de 5 m\u00e8tres pour une installation facile.<\/p>\n<p class=\"\" data-start=\"1435\" data-end=\"1722\">Il convient \u00e0 une utilisation avec des serrures \u00e0 simple ou double loquet et est compatible avec tous les poteaux de montage de la s\u00e9rie 900.<\/p>\n<p class=\"\" data-start=\"1724\" data-end=\"1984\">La technologie brevet\u00e9e de pression de bande permet d&#039;ouvrir la porte m\u00eame lorsqu&#039;elle est expos\u00e9e \u00e0 une pression de bande allant jusqu&#039;\u00e0 200 kg.<\/p>\n<p class=\"\" data-start=\"1724\" data-end=\"1984\">La g\u00e2che \u00e9lectrique est robuste, fabriqu\u00e9e en acier et dispose d&#039;un pivot en acier qui assure une grande durabilit\u00e9 et une longue dur\u00e9e de vie.<\/p>\n<p class=\"\" data-start=\"1986\" data-end=\"2016\">Principales caract\u00e9ristiques et avantages :<\/p>\n<ul data-start=\"2017\" data-end=\"2561\">\n<li class=\"\" data-start=\"2017\" data-end=\"2123\">\n<p class=\"\" data-start=\"2019\" data-end=\"2123\">Fonctionnement correct : Verrouill\u00e9 en cas de panne de courant, assure que la porte reste verrouill\u00e9e en cas de panne de courant.<\/p>\n<\/li>\n<li class=\"\" data-start=\"2124\" data-end=\"2204\">\n<p class=\"\" data-start=\"2126\" data-end=\"2204\">R\u00e9sistance \u00e0 la rupture : R\u00e9sistance \u00e0 la rupture \u00e9lev\u00e9e de 1500 kg (15 kN) pour plus de s\u00e9curit\u00e9.<\/p>\n<\/li>\n<li class=\"\" data-start=\"2205\" data-end=\"2275\">\n<p class=\"\" data-start=\"2207\" data-end=\"2275\">Classement au feu : Approuv\u00e9 pour la r\u00e9sistance au feu jusqu&#039;\u00e0 E\/EI 120.<\/p>\n<\/li>\n<li class=\"\" data-start=\"2276\" data-end=\"2355\">\n<p class=\"\" data-start=\"2278\" data-end=\"2355\">Haute r\u00e9sistance aux chocs et aux impacts : construction robuste capable de r\u00e9sister aux environnements difficiles.<\/p>\n<\/li>\n<li class=\"\" data-start=\"2356\" data-end=\"2419\">\n<p class=\"\" data-start=\"2358\" data-end=\"2419\">Pression de la bande : S&#039;ouvre m\u00eame avec une pression de la bande jusqu&#039;\u00e0 200 kg.<\/p>\n<\/li>\n<li class=\"\" data-start=\"2420\" data-end=\"2488\">\n<p class=\"\" data-start=\"2422\" data-end=\"2488\">Contact piston et contact induit : Pour un fonctionnement fiable et s\u00fbr.<\/p>\n<\/li>\n<li class=\"\" data-start=\"2489\" data-end=\"2561\">\n<p class=\"\" data-start=\"2491\" data-end=\"2561\">C\u00e2ble long : c\u00e2ble de connexion de 5 m\u00e8tres inclus pour une installation facile.<\/p>\n<\/li>\n<\/ul>\n<p class=\"\" data-start=\"2563\" data-end=\"2838\">Compatibilit\u00e9 : Convient aux serrures \u00e0 un ou deux vantaux et est compatible avec tous les poteaux de montage de la s\u00e9rie 900.<\/p>\n<p class=\"\" data-start=\"2563\" data-end=\"2838\">Il est parfait pour une utilisation dans les portes avec des exigences de s\u00e9curit\u00e9 \u00e9lev\u00e9es et une pression de moulage, et peut \u00eatre utilis\u00e9 dans les environnements commerciaux et industriels.<\/p>\n<p class=\"\" data-start=\"2840\" data-end=\"2869\">Sp\u00e9cifications techniques :<\/p>\n<ul data-start=\"2870\" data-end=\"3332\">\n<li class=\"\" data-start=\"2870\" data-end=\"2898\">\n<p class=\"\" data-start=\"2872\" data-end=\"2898\">Largeur du produit : 26,5 mm<\/p>\n<\/li>\n<li class=\"\" data-start=\"2899\" data-end=\"2925\">\n<p class=\"\" data-start=\"2901\" data-end=\"2925\">Hauteur du produit : 140 mm<\/p>\n<\/li>\n<li class=\"\" data-start=\"2926\" data-end=\"2951\">\n<p class=\"\" data-start=\"2928\" data-end=\"2951\">Profondeur du produit : 35 mm<\/p>\n<\/li>\n<li class=\"\" data-start=\"2952\" data-end=\"2977\">\n<p class=\"\" data-start=\"2954\" data-end=\"2977\">Longueur du c\u00e2ble : 5 m\u00e8tres<\/p>\n<\/li>\n<li class=\"\" data-start=\"2978\" data-end=\"3027\">\n<p class=\"\" data-start=\"2980\" data-end=\"3027\">Alimentation : 12-24 V CA\/CC, +15% \/ -10%<\/p>\n<\/li>\n<li class=\"\" data-start=\"3028\" data-end=\"3070\">\n<p class=\"\" data-start=\"3030\" data-end=\"3070\">R\u00e9sistance \u00e0 la rupture max : 1500 kg (15 kN)<\/p>\n<\/li>\n<li class=\"\" data-start=\"3071\" data-end=\"3094\">\n<p class=\"\" data-start=\"3073\" data-end=\"3094\">Pression de la bande : 200 kg<\/p>\n<\/li>\n<li class=\"\" data-start=\"3095\" data-end=\"3144\">\n<p class=\"\" data-start=\"3097\" data-end=\"3144\">Courant de d\u00e9marrage \u00e0 24 V : 240 mA, courant de fonctionnement 145 mA<\/p>\n<\/li>\n<li class=\"\" data-start=\"3145\" data-end=\"3194\">\n<p class=\"\" data-start=\"3147\" data-end=\"3194\">Courant de d\u00e9marrage \u00e0 12 V : 620 mA, courant de fonctionnement 310 mA<\/p>\n<\/li>\n<li class=\"\" data-start=\"3195\" data-end=\"3229\">\n<p class=\"\" data-start=\"3197\" data-end=\"3229\">Couleur\/Traitement de surface : Zingu\u00e9<\/p>\n<\/li>\n<li class=\"\" data-start=\"3230\" data-end=\"3251\">\n<p class=\"\" data-start=\"3232\" data-end=\"3251\">Contact du piston : Oui<\/p>\n<\/li>\n<li class=\"\" data-start=\"3252\" data-end=\"3278\">\n<p class=\"\" data-start=\"3254\" data-end=\"3278\">Tension maximale : 27,6 V<\/p>\n<\/li>\n<li class=\"\" data-start=\"3279\" data-end=\"3305\">\n<p class=\"\" data-start=\"3281\" data-end=\"3305\">Tension minimale : 10,8 V<\/p>\n<\/li>\n<li class=\"\" data-start=\"3306\" data-end=\"3332\">\n<p class=\"\" data-start=\"3308\" data-end=\"3332\">Classe de feu : E\/EI 120<\/p>\n<\/li>\n<\/ul>","protected":false},"excerpt":{"rendered":"<h5><a href=\"https:\/\/elslutblecksguiden.se\/\" target=\"_blank\" rel=\"noopener\">Guide pour les serrures \u00e9lectriques ASSA, les serrures motoris\u00e9es, les g\u00e2ches \u00e9lectriques et le guide de remplacement<\/a><\/h5>","protected":false},"featured_media":138967,"template":"","meta":{"_acf_changed":false},"product_brand":[],"product_cat":[3355],"product_tag":[4196,4200,2967],"class_list":{"0":"post-91525","1":"product","2":"type-product","3":"status-publish","4":"has-post-thumbnail","6":"product_cat-elslutbleck","7":"product_tag-12-24v","8":"product_tag-rattvand","9":"product_tag-rg-assa-abloy","10":"product_shipping_class-tunga-paket","11":"pa_brands-abloy","12":"tm-no-options","14":"first","15":"instock","16":"sale","17":"taxable","18":"shipping-taxable","19":"purchasable","20":"product-type-simple"},"acf":[],"_links":{"self":[{"href":"https:\/\/secureus.se\/fr\/wp-json\/wp\/v2\/product\/91525","targetHints":{"allow":["GET"]}}],"collection":[{"href":"https:\/\/secureus.se\/fr\/wp-json\/wp\/v2\/product"}],"about":[{"href":"https:\/\/secureus.se\/fr\/wp-json\/wp\/v2\/types\/product"}],"wp:featuredmedia":[{"embeddable":true,"href":"https:\/\/secureus.se\/fr\/wp-json\/wp\/v2\/media\/138967"}],"wp:attachment":[{"href":"https:\/\/secureus.se\/fr\/wp-json\/wp\/v2\/media?parent=91525"}],"wp:term":[{"taxonomy":"product_brand","embeddable":true,"href":"https:\/\/secureus.se\/fr\/wp-json\/wp\/v2\/product_brand?post=91525"},{"taxonomy":"product_cat","embeddable":true,"href":"https:\/\/secureus.se\/fr\/wp-json\/wp\/v2\/product_cat?post=91525"},{"taxonomy":"product_tag","embeddable":true,"href":"https:\/\/secureus.se\/fr\/wp-json\/wp\/v2\/product_tag?post=91525"}],"curies":[{"name":"wp","href":"https:\/\/api.w.org\/{rel}","templated":true}]}}