{"id":91526,"date":"2023-09-27T18:14:18","date_gmt":"2023-09-27T16:14:18","guid":{"rendered":"https:\/\/secureus.se\/elslutbleck-114-omvand-24v\/"},"modified":"2026-04-23T12:21:10","modified_gmt":"2026-04-23T10:21:10","slug":"elslutbleck-114-omvand-24v","status":"publish","type":"product","link":"https:\/\/secureus.se\/fr\/elslutbleck-114-omvand-24v\/","title":{"rendered":"Plaque d&#039;extr\u00e9mit\u00e9 \u00e9lectrique 114 Reverse 24V"},"content":{"rendered":"<h1>Plaque d&#039;extr\u00e9mit\u00e9 \u00e9lectrique 114 Reverse 24V<\/h1>\n<p>G\u00e2che \u00e9lectrique 114 Reverse 24V, pour portes \u00e0 faibles exigences de s\u00e9curit\u00e9. Fonction inverse, r\u00e9sistance \u00e0 la rupture 400 kg, et convient au verrouillage int\u00e9rieur dans le commerce, les bureaux et l&#039;industrie.<\/p>\n<p class=\"\" data-start=\"591\" data-end=\"953\">La g\u00e2che \u00e9lectrique 114 Reverse 24V est une g\u00e2che \u00e9lectrique con\u00e7ue pour les portes \u00e0 faibles exigences de s\u00e9curit\u00e9, ce qui en fait une solution parfaite pour le verrouillage interne dans le commerce de d\u00e9tail, les bureaux et l&#039;industrie.<\/p>\n<p class=\"\" data-start=\"591\" data-end=\"953\">Cette g\u00e2che \u00e9lectrique est particuli\u00e8rement utile pour les portes qui ne n\u00e9cessitent pas de niveaux de s\u00e9curit\u00e9 \u00e9lev\u00e9s mais o\u00f9 un verrouillage simple et fiable est important.<\/p>\n<p class=\"\" data-start=\"955\" data-end=\"1448\">La g\u00e2che \u00e9lectrique poss\u00e8de une fonction inverse, ce qui signifie que la porte est d\u00e9verrouill\u00e9e en cas de panne de courant. Il est fabriqu\u00e9 avec un verrou tournant en acier et un bo\u00eetier de verrouillage en alliage de zinc, offrant une construction solide.<\/p>\n<p class=\"\" data-start=\"955\" data-end=\"1448\">Avec une r\u00e9sistance \u00e0 la rupture de 4 kN (400 kg), il est suffisamment robuste pour \u00eatre utilis\u00e9 dans des portes o\u00f9 la s\u00e9curit\u00e9 n&#039;a pas besoin d&#039;\u00eatre aussi stricte que dans les portes de s\u00e9paration coupe-feu.<\/p>\n<p class=\"\" data-start=\"955\" data-end=\"1448\">Il est important de noter que cette g\u00e2che \u00e9lectrique ne doit JAMAIS \u00eatre utilis\u00e9e dans les portes de s\u00e9paration de compartiments coupe-feu.<\/p>\n<p class=\"\" data-start=\"1450\" data-end=\"1832\">Il est parfaitement adapt\u00e9 \u00e0 une utilisation en combinaison avec des serrures \u00e0 un ou deux vantaux et offre une solution efficace pour une utilisation quotidienne dans des environnements qui ne n\u00e9cessitent pas de solutions de s\u00e9curit\u00e9 avanc\u00e9es.<\/p>\n<p class=\"\" data-start=\"1450\" data-end=\"1832\">Pour des performances optimis\u00e9es, il est recommand\u00e9 de monter une diode de protection (par exemple 1N4004) \u00e0 proximit\u00e9 de la bobine de g\u00e2che \u00e9lectrique afin de prot\u00e9ger l&#039;\u00e9lectronique de commande des \u00e9ventuels transitoires (pics de tension).<\/p>\n<p class=\"\" data-start=\"1834\" data-end=\"1864\">Principales caract\u00e9ristiques et avantages :<\/p>\n<ul data-start=\"1865\" data-end=\"2255\">\n<li class=\"\" data-start=\"1865\" data-end=\"1941\">\n<p class=\"\" data-start=\"1867\" data-end=\"1941\">Fonction inverse : La porte est d\u00e9verrouill\u00e9e en position hors tension pour une manipulation ais\u00e9e.<\/p>\n<\/li>\n<li class=\"\" data-start=\"1942\" data-end=\"1999\">\n<p class=\"\" data-start=\"1944\" data-end=\"1999\">Barre de torsion en acier : Construction robuste et durable.<\/p>\n<\/li>\n<li class=\"\" data-start=\"2000\" data-end=\"2078\">\n<p class=\"\" data-start=\"2002\" data-end=\"2078\">R\u00e9sistance \u00e0 la rupture : Supporte jusqu&#039;\u00e0 4 kN (400 kg) pour un verrouillage fiable.<\/p>\n<\/li>\n<li class=\"\" data-start=\"2079\" data-end=\"2158\">\n<p class=\"\" data-start=\"2081\" data-end=\"2158\">Compatibilit\u00e9 : Convient pour une combinaison avec des serrures \u00e0 un ou deux vantaux.<\/p>\n<\/li>\n<li class=\"\" data-start=\"2159\" data-end=\"2255\">\n<p class=\"\" data-start=\"2161\" data-end=\"2255\">Ne convient pas aux portes de s\u00e9paration des compartiments coupe-feu : Ne convient pas \u00e0 une utilisation o\u00f9 une protection incendie est n\u00e9cessaire.<\/p>\n<\/li>\n<\/ul>\n<p class=\"\" data-start=\"2257\" data-end=\"2286\">Sp\u00e9cifications techniques :<\/p>\n<ul data-start=\"2287\" data-end=\"2576\">\n<li class=\"\" data-start=\"2287\" data-end=\"2315\">\n<p class=\"\" data-start=\"2289\" data-end=\"2315\">Tension : 24 V CC \u00b1 101 TP3T<\/p>\n<\/li>\n<li class=\"\" data-start=\"2316\" data-end=\"2348\">\n<p class=\"\" data-start=\"2318\" data-end=\"2348\">Consommation de courant : 0-110 mA<\/p>\n<\/li>\n<li class=\"\" data-start=\"2349\" data-end=\"2459\">\n<p class=\"\" data-start=\"2351\" data-end=\"2459\">Diode de protection : Il est recommand\u00e9 d&#039;utiliser une diode de protection \u00e0 proximit\u00e9 de la bobine de g\u00e2che \u00e9lectrique pour prot\u00e9ger l&#039;\u00e9lectronique.<\/p>\n<\/li>\n<li class=\"\" data-start=\"2460\" data-end=\"2500\">\n<p class=\"\" data-start=\"2462\" data-end=\"2500\">R\u00e9sistance \u00e0 la rupture max : 4 kN (400 kg)<\/p>\n<\/li>\n<li class=\"\" data-start=\"2501\" data-end=\"2521\">\n<p class=\"\" data-start=\"2503\" data-end=\"2521\">Torsion : Acier<\/p>\n<\/li>\n<li class=\"\" data-start=\"2522\" data-end=\"2548\">\n<p class=\"\" data-start=\"2524\" data-end=\"2548\">Corps de serrure : alliage de zinc<\/p>\n<\/li>\n<li class=\"\" data-start=\"2549\" data-end=\"2576\">\n<p class=\"\" data-start=\"2551\" data-end=\"2576\">Tension de fonctionnement : 24 VDC<\/p>\n<\/li>\n<\/ul>","protected":false},"excerpt":{"rendered":"<h5><a href=\"https:\/\/elslutblecksguiden.se\/\" target=\"_blank\" rel=\"noopener\">Guide pour les serrures \u00e9lectriques ASSA, les serrures motoris\u00e9es, les g\u00e2ches \u00e9lectriques et le guide de remplacement<\/a><\/h5>","protected":false},"featured_media":138991,"template":"","meta":{"_acf_changed":false},"product_brand":[],"product_cat":[3355],"product_tag":[4197,4201,2967],"class_list":{"0":"post-91526","1":"product","2":"type-product","3":"status-publish","4":"has-post-thumbnail","6":"product_cat-elslutbleck","7":"product_tag-24v","8":"product_tag-omvand","9":"product_tag-rg-assa-abloy","10":"product_shipping_class-tunga-paket","11":"pa_brands-abloy","12":"tm-no-options","14":"first","15":"instock","16":"sale","17":"taxable","18":"shipping-taxable","19":"purchasable","20":"product-type-simple"},"acf":[],"_links":{"self":[{"href":"https:\/\/secureus.se\/fr\/wp-json\/wp\/v2\/product\/91526","targetHints":{"allow":["GET"]}}],"collection":[{"href":"https:\/\/secureus.se\/fr\/wp-json\/wp\/v2\/product"}],"about":[{"href":"https:\/\/secureus.se\/fr\/wp-json\/wp\/v2\/types\/product"}],"wp:featuredmedia":[{"embeddable":true,"href":"https:\/\/secureus.se\/fr\/wp-json\/wp\/v2\/media\/138991"}],"wp:attachment":[{"href":"https:\/\/secureus.se\/fr\/wp-json\/wp\/v2\/media?parent=91526"}],"wp:term":[{"taxonomy":"product_brand","embeddable":true,"href":"https:\/\/secureus.se\/fr\/wp-json\/wp\/v2\/product_brand?post=91526"},{"taxonomy":"product_cat","embeddable":true,"href":"https:\/\/secureus.se\/fr\/wp-json\/wp\/v2\/product_cat?post=91526"},{"taxonomy":"product_tag","embeddable":true,"href":"https:\/\/secureus.se\/fr\/wp-json\/wp\/v2\/product_tag?post=91526"}],"curies":[{"name":"wp","href":"https:\/\/api.w.org\/{rel}","templated":true}]}}