{"id":91528,"date":"2023-09-27T18:14:15","date_gmt":"2023-09-27T16:14:15","guid":{"rendered":"https:\/\/secureus.se\/elslutbleck-14-rattvand-12v\/"},"modified":"2026-03-25T15:42:09","modified_gmt":"2026-03-25T14:42:09","slug":"elslutbleck-14-rattvand-12v","status":"publish","type":"product","link":"https:\/\/secureus.se\/fr\/elslutbleck-14-rattvand-12v\/","title":{"rendered":"Plaque d&#039;extr\u00e9mit\u00e9 \u00e9lectrique 14 Droite 12V"},"content":{"rendered":"<h1>Plaque d&#039;extr\u00e9mit\u00e9 \u00e9lectrique 14 Droite 12V<\/h1>\n<div>\n<p class=\"\" data-start=\"368\" data-end=\"563\">G\u00e2che \u00e9lectrique 14 Droite 12V, pour portes \u00e0 faibles exigences de s\u00e9curit\u00e9. Fonction droite, r\u00e9sistance \u00e0 la rupture 400 kg, et convient au verrouillage int\u00e9rieur dans le commerce, les bureaux et l&#039;industrie.<\/p>\n<p class=\"\" data-start=\"599\" data-end=\"963\">La g\u00e2che \u00e9lectrique 14 R\u00e4ttv\u00e4nd 12V est une g\u00e2che \u00e9lectrique con\u00e7ue pour les portes \u00e0 faibles exigences de s\u00e9curit\u00e9, ce qui la rend id\u00e9ale pour le verrouillage interne dans les environnements de vente au d\u00e9tail, de bureau et industriels.<\/p>\n<p class=\"\" data-start=\"599\" data-end=\"963\">Il offre une solution fiable et \u00e9conomique pour les portes qui ne n\u00e9cessitent pas de s\u00e9curit\u00e9 avanc\u00e9e mais qui ont n\u00e9anmoins besoin d&#039;un syst\u00e8me de verrouillage fiable.<\/p>\n<p class=\"\" data-start=\"965\" data-end=\"1470\">Cette g\u00e2che \u00e9lectrique poss\u00e8de une fonction r\u00e9versible, c&#039;est-\u00e0-dire que la porte est verrouill\u00e9e en cas de panne de courant, ce qui augmente la s\u00e9curit\u00e9 en garantissant que la porte reste verrouill\u00e9e m\u00eame en cas de panne de courant.<\/p>\n<p class=\"\" data-start=\"965\" data-end=\"1470\">Il est fabriqu\u00e9 avec un verrou tournant en acier et un bo\u00eetier de verrouillage en alliage de zinc, offrant une construction robuste pour une durabilit\u00e9 \u00e0 long terme. Avec une r\u00e9sistance \u00e0 la rupture de 4 kN (400 kg), il est suffisamment solide pour \u00eatre utilis\u00e9 dans des environnements o\u00f9 une s\u00e9curit\u00e9 \u00e9lev\u00e9e n&#039;est pas une exigence, mais o\u00f9 la fiabilit\u00e9 est importante.<\/p>\n<p class=\"\" data-start=\"1472\" data-end=\"1728\">Il est important de noter que la g\u00e2che \u00e9lectrique 14 \u00e0 angle droit 12V ne doit JAMAIS \u00eatre utilis\u00e9e dans les portes de s\u00e9paration de compartiments coupe-feu.<\/p>\n<p class=\"\" data-start=\"1472\" data-end=\"1728\">Il est con\u00e7u pour \u00eatre utilis\u00e9 en combinaison avec des serrures \u00e0 simple ou double p\u00eane, ce qui le rend polyvalent et compatible avec divers syst\u00e8mes de verrouillage.<\/p>\n<p class=\"\" data-start=\"1730\" data-end=\"1945\">Pour optimiser les performances et prot\u00e9ger l&#039;\u00e9lectronique, il est recommand\u00e9 de monter une diode de protection (par exemple 1N4004) \u00e0 proximit\u00e9 de la bobine de g\u00e2che \u00e9lectrique afin de prot\u00e9ger l&#039;\u00e9lectronique de commande des \u00e9ventuelles pointes de tension.<\/p>\n<p class=\"\" data-start=\"1947\" data-end=\"1977\">Principales caract\u00e9ristiques et avantages :<\/p>\n<ul data-start=\"1978\" data-end=\"2363\">\n<li class=\"\" data-start=\"1978\" data-end=\"2048\">\n<p class=\"\" data-start=\"1980\" data-end=\"2048\">Fonctionnement correct : Verrouill\u00e9 en cas de panne de courant pour une s\u00e9curit\u00e9 accrue.<\/p>\n<\/li>\n<li class=\"\" data-start=\"2049\" data-end=\"2112\">\n<p class=\"\" data-start=\"2051\" data-end=\"2112\">Barre de torsion en acier : Construction robuste pour une longue dur\u00e9e de vie.<\/p>\n<\/li>\n<li class=\"\" data-start=\"2113\" data-end=\"2191\">\n<p class=\"\" data-start=\"2115\" data-end=\"2191\">R\u00e9sistance \u00e0 la rupture : Supporte jusqu&#039;\u00e0 4 kN (400 kg) pour un verrouillage fiable.<\/p>\n<\/li>\n<li class=\"\" data-start=\"2192\" data-end=\"2270\">\n<p class=\"\" data-start=\"2194\" data-end=\"2270\">Compatibilit\u00e9 : Convient pour une utilisation avec des serrures \u00e0 un ou deux vantaux.<\/p>\n<\/li>\n<li class=\"\" data-start=\"2271\" data-end=\"2363\">\n<p class=\"\" data-start=\"2273\" data-end=\"2363\">Ne convient pas aux portes de compartiments coupe-feu : Ne convient pas \u00e0 une utilisation dans les portes de compartiments coupe-feu.<\/p>\n<\/li>\n<\/ul>\n<p class=\"\" data-start=\"2365\" data-end=\"2394\">Sp\u00e9cifications techniques :<\/p>\n<ul data-start=\"2395\" data-end=\"2684\">\n<li class=\"\" data-start=\"2395\" data-end=\"2423\">\n<p class=\"\" data-start=\"2397\" data-end=\"2423\">Tension : 12 V CC \u00b1 101 TP3T<\/p>\n<\/li>\n<li class=\"\" data-start=\"2424\" data-end=\"2456\">\n<p class=\"\" data-start=\"2426\" data-end=\"2456\">Consommation de courant : 0-190 mA<\/p>\n<\/li>\n<li class=\"\" data-start=\"2457\" data-end=\"2567\">\n<p class=\"\" data-start=\"2459\" data-end=\"2567\">Diode de protection : Il est recommand\u00e9 d&#039;utiliser une diode de protection \u00e0 proximit\u00e9 de la bobine de g\u00e2che \u00e9lectrique pour prot\u00e9ger l&#039;\u00e9lectronique.<\/p>\n<\/li>\n<li class=\"\" data-start=\"2568\" data-end=\"2608\">\n<p class=\"\" data-start=\"2570\" data-end=\"2608\">R\u00e9sistance \u00e0 la rupture max : 4 kN (400 kg)<\/p>\n<\/li>\n<li class=\"\" data-start=\"2609\" data-end=\"2629\">\n<p class=\"\" data-start=\"2611\" data-end=\"2629\">Torsion : Acier<\/p>\n<\/li>\n<li class=\"\" data-start=\"2630\" data-end=\"2656\">\n<p class=\"\" data-start=\"2632\" data-end=\"2656\">Corps de serrure : alliage de zinc<\/p>\n<\/li>\n<li class=\"\" data-start=\"2657\" data-end=\"2684\">\n<p class=\"\" data-start=\"2659\" data-end=\"2684\">Tension de fonctionnement : 12 V CC<\/p>\n<\/li>\n<\/ul>\n<\/div>","protected":false},"excerpt":{"rendered":"<h5><a href=\"https:\/\/elslutblecksguiden.se\/\" target=\"_blank\" rel=\"noopener\">Guide pour les serrures \u00e9lectriques ASSA, les serrures motoris\u00e9es, les g\u00e2ches \u00e9lectriques et le guide de remplacement<\/a><\/h5>","protected":false},"featured_media":139023,"template":"","meta":{"_acf_changed":false},"product_brand":[],"product_cat":[3355],"product_tag":[4198,4200,2967],"class_list":{"0":"post-91528","1":"product","2":"type-product","3":"status-publish","4":"has-post-thumbnail","6":"product_cat-elslutbleck","7":"product_tag-12v","8":"product_tag-rattvand","9":"product_tag-rg-assa-abloy","10":"product_shipping_class-tunga-paket","11":"pa_brands-abloy","12":"tm-no-options","14":"first","15":"onbackorder","16":"sale","17":"taxable","18":"shipping-taxable","19":"purchasable","20":"product-type-simple"},"acf":[],"_links":{"self":[{"href":"https:\/\/secureus.se\/fr\/wp-json\/wp\/v2\/product\/91528","targetHints":{"allow":["GET"]}}],"collection":[{"href":"https:\/\/secureus.se\/fr\/wp-json\/wp\/v2\/product"}],"about":[{"href":"https:\/\/secureus.se\/fr\/wp-json\/wp\/v2\/types\/product"}],"wp:featuredmedia":[{"embeddable":true,"href":"https:\/\/secureus.se\/fr\/wp-json\/wp\/v2\/media\/139023"}],"wp:attachment":[{"href":"https:\/\/secureus.se\/fr\/wp-json\/wp\/v2\/media?parent=91528"}],"wp:term":[{"taxonomy":"product_brand","embeddable":true,"href":"https:\/\/secureus.se\/fr\/wp-json\/wp\/v2\/product_brand?post=91528"},{"taxonomy":"product_cat","embeddable":true,"href":"https:\/\/secureus.se\/fr\/wp-json\/wp\/v2\/product_cat?post=91528"},{"taxonomy":"product_tag","embeddable":true,"href":"https:\/\/secureus.se\/fr\/wp-json\/wp\/v2\/product_tag?post=91528"}],"curies":[{"name":"wp","href":"https:\/\/api.w.org\/{rel}","templated":true}]}}