{"id":91529,"date":"2023-09-27T18:14:14","date_gmt":"2023-09-27T16:14:14","guid":{"rendered":"https:\/\/secureus.se\/elslutbleck-14-rattvand-24v\/"},"modified":"2026-04-08T15:57:17","modified_gmt":"2026-04-08T13:57:17","slug":"elslutbleck-14-rattvand-24v","status":"publish","type":"product","link":"https:\/\/secureus.se\/fr\/elslutbleck-14-rattvand-24v\/","title":{"rendered":"Plaque d&#039;extr\u00e9mit\u00e9 \u00e9lectrique 14 Droite 24V"},"content":{"rendered":"<h1>Plaque d&#039;extr\u00e9mit\u00e9 \u00e9lectrique 14 Droite 24V<\/h1>\n<div>\n<p>G\u00e2che \u00e9lectrique 14 Droite 24V, pour portes \u00e0 faibles exigences de s\u00e9curit\u00e9. Fonction droite, r\u00e9sistance \u00e0 la rupture 400 kg, et convient au verrouillage int\u00e9rieur dans le commerce, les bureaux et l&#039;industrie.<\/p>\n<p class=\"\" data-start=\"599\" data-end=\"974\">La g\u00e2che \u00e9lectrique 14 droite 24 V est une g\u00e2che \u00e9lectrique con\u00e7ue pour les portes \u00e0 faibles exigences de s\u00e9curit\u00e9, ce qui en fait une solution parfaite pour le verrouillage interne dans les commerces de d\u00e9tail, les bureaux et l&#039;industrie.<\/p>\n<p class=\"\" data-start=\"599\" data-end=\"974\">Il offre une solution fiable et \u00e9conomique pour les portes qui ne n\u00e9cessitent pas de s\u00e9curit\u00e9 avanc\u00e9e mais qui ont n\u00e9anmoins besoin d&#039;un syst\u00e8me de verrouillage fiable.<\/p>\n<p class=\"\" data-start=\"976\" data-end=\"1594\">Cette g\u00e2che \u00e9lectrique poss\u00e8de une fonction r\u00e9versible, c&#039;est-\u00e0-dire que la porte est verrouill\u00e9e en cas de panne de courant, ce qui augmente la s\u00e9curit\u00e9 en garantissant que la porte reste verrouill\u00e9e m\u00eame en cas de panne de courant.<\/p>\n<p class=\"\" data-start=\"976\" data-end=\"1594\">Il est fabriqu\u00e9 avec un verrou tournant en acier et un bo\u00eetier de verrouillage en alliage de zinc, offrant une construction solide pour une durabilit\u00e9 \u00e0 long terme. Avec une r\u00e9sistance \u00e0 la rupture de 4000 N (400 kg), il est suffisamment solide pour \u00eatre utilis\u00e9 dans des portes o\u00f9 la s\u00e9curit\u00e9 n&#039;a pas besoin d&#039;\u00eatre aussi stricte que dans les portes de compartiments coupe-feu.<\/p>\n<p class=\"\" data-start=\"976\" data-end=\"1594\">Il est important de noter que cette g\u00e2che \u00e9lectrique ne doit JAMAIS \u00eatre utilis\u00e9e dans les portes de s\u00e9paration de compartiments coupe-feu.<\/p>\n<p class=\"\" data-start=\"1596\" data-end=\"1968\">Il est parfaitement adapt\u00e9 \u00e0 une utilisation en combinaison avec des serrures \u00e0 un ou deux vantaux et offre une solution efficace pour une utilisation quotidienne dans des environnements qui ne n\u00e9cessitent pas de solutions de s\u00e9curit\u00e9 avanc\u00e9es.<\/p>\n<p class=\"\" data-start=\"1596\" data-end=\"1968\">Pour des performances optimis\u00e9es, il est recommand\u00e9 de monter une diode de protection (par exemple 1N4004) \u00e0 proximit\u00e9 de la bobine de g\u00e2che \u00e9lectrique afin de prot\u00e9ger l&#039;\u00e9lectronique de commande contre d&#039;\u00e9ventuelles pointes de tension.<\/p>\n<p class=\"\" data-start=\"1970\" data-end=\"2000\">Principales caract\u00e9ristiques et avantages :<\/p>\n<ul data-start=\"2001\" data-end=\"2388\">\n<li class=\"\" data-start=\"2001\" data-end=\"2071\">\n<p class=\"\" data-start=\"2003\" data-end=\"2071\">Fonctionnement correct : Verrouill\u00e9 en cas de panne de courant pour une s\u00e9curit\u00e9 accrue.<\/p>\n<\/li>\n<li class=\"\" data-start=\"2072\" data-end=\"2135\">\n<p class=\"\" data-start=\"2074\" data-end=\"2135\">Barre de torsion en acier : Construction robuste pour une longue dur\u00e9e de vie.<\/p>\n<\/li>\n<li class=\"\" data-start=\"2136\" data-end=\"2216\">\n<p class=\"\" data-start=\"2138\" data-end=\"2216\">R\u00e9sistance \u00e0 la rupture : Supporte jusqu&#039;\u00e0 4000 N (400 kg) pour un verrouillage fiable.<\/p>\n<\/li>\n<li class=\"\" data-start=\"2217\" data-end=\"2295\">\n<p class=\"\" data-start=\"2219\" data-end=\"2295\">Compatibilit\u00e9 : Convient pour une utilisation avec des serrures \u00e0 un ou deux vantaux.<\/p>\n<\/li>\n<li class=\"\" data-start=\"2296\" data-end=\"2388\">\n<p class=\"\" data-start=\"2298\" data-end=\"2388\">Ne convient pas aux portes de compartiments coupe-feu : Ne convient pas \u00e0 une utilisation dans les portes de compartiments coupe-feu.<\/p>\n<\/li>\n<\/ul>\n<p class=\"\" data-start=\"2390\" data-end=\"2419\">Sp\u00e9cifications techniques :<\/p>\n<ul data-start=\"2420\" data-end=\"2711\">\n<li class=\"\" data-start=\"2420\" data-end=\"2448\">\n<p class=\"\" data-start=\"2422\" data-end=\"2448\">Tension : 24 V CC \u00b1 101 TP3T<\/p>\n<\/li>\n<li class=\"\" data-start=\"2449\" data-end=\"2481\">\n<p class=\"\" data-start=\"2451\" data-end=\"2481\">Consommation de courant : 0-110 mA<\/p>\n<\/li>\n<li class=\"\" data-start=\"2482\" data-end=\"2592\">\n<p class=\"\" data-start=\"2484\" data-end=\"2592\">Diode de protection : Il est recommand\u00e9 d&#039;utiliser une diode de protection \u00e0 proximit\u00e9 de la bobine de g\u00e2che \u00e9lectrique pour prot\u00e9ger l&#039;\u00e9lectronique.<\/p>\n<\/li>\n<li class=\"\" data-start=\"2593\" data-end=\"2635\">\n<p class=\"\" data-start=\"2595\" data-end=\"2635\">R\u00e9sistance \u00e0 la rupture max : 4000 N (400 kg)<\/p>\n<\/li>\n<li class=\"\" data-start=\"2636\" data-end=\"2656\">\n<p class=\"\" data-start=\"2638\" data-end=\"2656\">Torsion : Acier<\/p>\n<\/li>\n<li class=\"\" data-start=\"2657\" data-end=\"2683\">\n<p class=\"\" data-start=\"2659\" data-end=\"2683\">Corps de serrure : alliage de zinc<\/p>\n<\/li>\n<li class=\"\" data-start=\"2684\" data-end=\"2711\">\n<p class=\"\" data-start=\"2686\" data-end=\"2711\">Tension de fonctionnement : 24 VDC<\/p>\n<\/li>\n<\/ul>\n<\/div>","protected":false},"excerpt":{"rendered":"<h5><a href=\"https:\/\/elslutblecksguiden.se\/\" target=\"_blank\" rel=\"noopener\">Guide pour les serrures \u00e9lectriques ASSA, les serrures motoris\u00e9es, les g\u00e2ches \u00e9lectriques et le guide de remplacement<\/a><\/h5>","protected":false},"featured_media":159496,"template":"","meta":{"_acf_changed":false},"product_brand":[],"product_cat":[3355],"product_tag":[4197,4200,2967],"class_list":{"0":"post-91529","1":"product","2":"type-product","3":"status-publish","4":"has-post-thumbnail","6":"product_cat-elslutbleck","7":"product_tag-24v","8":"product_tag-rattvand","9":"product_tag-rg-assa-abloy","10":"product_shipping_class-tunga-paket","11":"pa_brands-abloy","12":"tm-no-options","14":"first","15":"instock","16":"sale","17":"taxable","18":"shipping-taxable","19":"purchasable","20":"product-type-simple"},"acf":[],"_links":{"self":[{"href":"https:\/\/secureus.se\/fr\/wp-json\/wp\/v2\/product\/91529","targetHints":{"allow":["GET"]}}],"collection":[{"href":"https:\/\/secureus.se\/fr\/wp-json\/wp\/v2\/product"}],"about":[{"href":"https:\/\/secureus.se\/fr\/wp-json\/wp\/v2\/types\/product"}],"wp:featuredmedia":[{"embeddable":true,"href":"https:\/\/secureus.se\/fr\/wp-json\/wp\/v2\/media\/159496"}],"wp:attachment":[{"href":"https:\/\/secureus.se\/fr\/wp-json\/wp\/v2\/media?parent=91529"}],"wp:term":[{"taxonomy":"product_brand","embeddable":true,"href":"https:\/\/secureus.se\/fr\/wp-json\/wp\/v2\/product_brand?post=91529"},{"taxonomy":"product_cat","embeddable":true,"href":"https:\/\/secureus.se\/fr\/wp-json\/wp\/v2\/product_cat?post=91529"},{"taxonomy":"product_tag","embeddable":true,"href":"https:\/\/secureus.se\/fr\/wp-json\/wp\/v2\/product_tag?post=91529"}],"curies":[{"name":"wp","href":"https:\/\/api.w.org\/{rel}","templated":true}]}}