{"id":91531,"date":"2023-09-27T18:14:11","date_gmt":"2023-09-27T16:14:11","guid":{"rendered":"https:\/\/secureus.se\/elslutbleck-5114-omvand-24v-kolvkontakt\/"},"modified":"2026-04-08T15:56:15","modified_gmt":"2026-04-08T13:56:15","slug":"elslutbleck-5114-omvand-24v-kolvkontakt","status":"publish","type":"product","link":"https:\/\/secureus.se\/fr\/elslutbleck-5114-omvand-24v-kolvkontakt\/","title":{"rendered":"Plaque d&#039;extr\u00e9mit\u00e9 \u00e9lectrique 5114 Contact piston invers\u00e9 24V"},"content":{"rendered":"<h1>Plaque d&#039;extr\u00e9mit\u00e9 \u00e9lectrique 5114 Contact piston invers\u00e9 24V<\/h1>\n<p class=\"\" data-start=\"399\" data-end=\"589\">G\u00e2che \u00e9lectrique 5114 Reverse 24V avec contact \u00e0 piston, pour portes \u00e0 faibles exigences de s\u00e9curit\u00e9 dans le commerce, les bureaux et l&#039;industrie. D\u00e9verrouill\u00e9 en cas de panne de courant, r\u00e9sistance \u00e0 la rupture 400 kg.<\/p>\n<p class=\"\" data-start=\"625\" data-end=\"1023\">La g\u00e2che \u00e9lectrique 5114 Reverse 24V Piston Contact est une g\u00e2che \u00e9lectrique parfaite pour les portes \u00e0 faibles exigences de s\u00e9curit\u00e9, ce qui la rend id\u00e9ale pour une utilisation dans le commerce, les bureaux et l&#039;industrie.<\/p>\n<p class=\"\" data-start=\"625\" data-end=\"1023\">Il est parfaitement adapt\u00e9 au verrouillage interne, o\u00f9 un syst\u00e8me de verrouillage fiable et rentable est requis, mais o\u00f9 la s\u00e9curit\u00e9 n&#039;a pas besoin d&#039;\u00eatre aussi stricte que dans les environnements plus expos\u00e9s.<\/p>\n<p class=\"\" data-start=\"1025\" data-end=\"1532\">Cette g\u00e2che \u00e9lectrique poss\u00e8de une fonction inverse, ce qui signifie que la porte est d\u00e9verrouill\u00e9e en cas de panne de courant. Cela en fait une solution pratique dans les situations o\u00f9 la porte doit \u00eatre d\u00e9verrouill\u00e9e lors d&#039;une panne de courant.<\/p>\n<p class=\"\" data-start=\"1025\" data-end=\"1532\">La g\u00e2che \u00e9lectrique est fabriqu\u00e9e avec un pivot en acier et un bo\u00eetier de verrouillage en alliage de zinc, ce qui en fait un produit robuste et durable qui peut r\u00e9sister \u00e0 une utilisation \u00e0 long terme.<\/p>\n<p class=\"\" data-start=\"1025\" data-end=\"1532\">Avec une r\u00e9sistance \u00e0 la rupture de 4000 N (400 kg), il est suffisamment solide pour \u00eatre utilis\u00e9 dans de nombreuses portes qui n\u00e9cessitent un verrouillage fiable.<\/p>\n<p class=\"\" data-start=\"1534\" data-end=\"1822\">La g\u00e2che \u00e9lectrique 5114 Reverse 24V Le contact \u00e0 poussoir peut \u00eatre utilis\u00e9 en combinaison avec des serrures \u00e0 simple ou double p\u00eane, et peut \u00e9galement \u00eatre fourni avec un micro-interrupteur et un contact \u00e0 poussoir de verrouillage, ce qui permet de l&#039;int\u00e9grer dans un syst\u00e8me de verrouillage automatis\u00e9 ou avec d&#039;autres solutions de s\u00e9curit\u00e9.<\/p>\n<p class=\"\" data-start=\"1824\" data-end=\"1854\">Principales caract\u00e9ristiques et avantages :<\/p>\n<ul data-start=\"1855\" data-end=\"2374\">\n<li class=\"\" data-start=\"1855\" data-end=\"1930\">\n<p class=\"\" data-start=\"1857\" data-end=\"1930\">Fonction inverse : D\u00e9verrouillage en cas de panne de courant pour une utilisation flexible.<\/p>\n<\/li>\n<li class=\"\" data-start=\"1931\" data-end=\"2006\">\n<p class=\"\" data-start=\"1933\" data-end=\"2006\">R\u00e9sistance \u00e0 la rupture : Supporte jusqu&#039;\u00e0 4000 N (400 kg) pour un verrouillage fiable.<\/p>\n<\/li>\n<li class=\"\" data-start=\"2007\" data-end=\"2084\">\n<p class=\"\" data-start=\"2009\" data-end=\"2084\">Barre de torsion en acier : construction durable et r\u00e9sistante \u00e0 l&#039;usure pour une longue dur\u00e9e de vie.<\/p>\n<\/li>\n<li class=\"\" data-start=\"2085\" data-end=\"2163\">\n<p class=\"\" data-start=\"2087\" data-end=\"2163\">Compatibilit\u00e9 : Convient pour une utilisation avec des serrures \u00e0 un ou deux vantaux.<\/p>\n<\/li>\n<li class=\"\" data-start=\"2164\" data-end=\"2281\">\n<p class=\"\" data-start=\"2166\" data-end=\"2281\">Peut \u00eatre fourni avec microrupteur et contact \u00e0 poussoir de verrouillage : Pour augmenter la flexibilit\u00e9 et la s\u00e9curit\u00e9 dans l&#039;installation.<\/p>\n<\/li>\n<li class=\"\" data-start=\"2282\" data-end=\"2374\">\n<p class=\"\" data-start=\"2284\" data-end=\"2374\">Ne convient pas aux portes de compartiments coupe-feu : Ne convient pas \u00e0 une utilisation dans les portes de compartiments coupe-feu.<\/p>\n<\/li>\n<\/ul>\n<p class=\"\" data-start=\"2376\" data-end=\"2405\">Sp\u00e9cifications techniques :<\/p>\n<ul data-start=\"2406\" data-end=\"2719\">\n<li class=\"\" data-start=\"2406\" data-end=\"2434\">\n<p class=\"\" data-start=\"2408\" data-end=\"2434\">Tension : 24 V CC \u00b1 101 TP3T<\/p>\n<\/li>\n<li class=\"\" data-start=\"2435\" data-end=\"2467\">\n<p class=\"\" data-start=\"2437\" data-end=\"2467\">Consommation de courant : 0-110 mA<\/p>\n<\/li>\n<li class=\"\" data-start=\"2468\" data-end=\"2510\">\n<p class=\"\" data-start=\"2470\" data-end=\"2510\">R\u00e9sistance \u00e0 la rupture max : 4000 N (400 kg)<\/p>\n<\/li>\n<li class=\"\" data-start=\"2511\" data-end=\"2531\">\n<p class=\"\" data-start=\"2513\" data-end=\"2531\">Torsion : Acier<\/p>\n<\/li>\n<li class=\"\" data-start=\"2532\" data-end=\"2558\">\n<p class=\"\" data-start=\"2534\" data-end=\"2558\">Corps de serrure : alliage de zinc<\/p>\n<\/li>\n<li class=\"\" data-start=\"2559\" data-end=\"2586\">\n<p class=\"\" data-start=\"2561\" data-end=\"2586\">Tension de fonctionnement : 24 VDC<\/p>\n<\/li>\n<li class=\"\" data-start=\"2587\" data-end=\"2608\">\n<p class=\"\" data-start=\"2589\" data-end=\"2608\">Contact du piston : Oui<\/p>\n<\/li>\n<li class=\"\" data-start=\"2609\" data-end=\"2719\">\n<p class=\"\" data-start=\"2611\" data-end=\"2719\">Diode de protection : Il est recommand\u00e9 d&#039;utiliser une diode de protection \u00e0 proximit\u00e9 de la bobine de g\u00e2che \u00e9lectrique pour prot\u00e9ger l&#039;\u00e9lectronique.<\/p>\n<\/li>\n<\/ul>\n<div>\n<p>&nbsp;<\/p>\n<\/div>","protected":false},"excerpt":{"rendered":"<h5><a href=\"https:\/\/elslutblecksguiden.se\/\" target=\"_blank\" rel=\"noopener\">Guide pour les serrures \u00e9lectriques ASSA, les serrures motoris\u00e9es, les g\u00e2ches \u00e9lectriques et le guide de remplacement<\/a><\/h5>","protected":false},"featured_media":139039,"template":"","meta":{"_acf_changed":false},"product_brand":[],"product_cat":[3355],"product_tag":[4197,4201,2967],"class_list":{"0":"post-91531","1":"product","2":"type-product","3":"status-publish","4":"has-post-thumbnail","6":"product_cat-elslutbleck","7":"product_tag-24v","8":"product_tag-omvand","9":"product_tag-rg-assa-abloy","10":"product_shipping_class-tunga-paket","11":"pa_brands-abloy","12":"tm-no-options","14":"first","15":"onbackorder","16":"sale","17":"taxable","18":"shipping-taxable","19":"purchasable","20":"product-type-simple"},"acf":[],"_links":{"self":[{"href":"https:\/\/secureus.se\/fr\/wp-json\/wp\/v2\/product\/91531","targetHints":{"allow":["GET"]}}],"collection":[{"href":"https:\/\/secureus.se\/fr\/wp-json\/wp\/v2\/product"}],"about":[{"href":"https:\/\/secureus.se\/fr\/wp-json\/wp\/v2\/types\/product"}],"wp:featuredmedia":[{"embeddable":true,"href":"https:\/\/secureus.se\/fr\/wp-json\/wp\/v2\/media\/139039"}],"wp:attachment":[{"href":"https:\/\/secureus.se\/fr\/wp-json\/wp\/v2\/media?parent=91531"}],"wp:term":[{"taxonomy":"product_brand","embeddable":true,"href":"https:\/\/secureus.se\/fr\/wp-json\/wp\/v2\/product_brand?post=91531"},{"taxonomy":"product_cat","embeddable":true,"href":"https:\/\/secureus.se\/fr\/wp-json\/wp\/v2\/product_cat?post=91531"},{"taxonomy":"product_tag","embeddable":true,"href":"https:\/\/secureus.se\/fr\/wp-json\/wp\/v2\/product_tag?post=91531"}],"curies":[{"name":"wp","href":"https:\/\/api.w.org\/{rel}","templated":true}]}}