{"id":91532,"date":"2023-09-27T18:14:09","date_gmt":"2023-09-27T16:14:09","guid":{"rendered":"https:\/\/secureus.se\/elslutbleck-570-rattvand-24v-kolvkontakt\/"},"modified":"2026-04-23T12:21:34","modified_gmt":"2026-04-23T10:21:34","slug":"elslutbleck-570-rattvand-24v-kolvkontakt","status":"publish","type":"product","link":"https:\/\/secureus.se\/fr\/elslutbleck-570-rattvand-24v-kolvkontakt\/","title":{"rendered":"Plaque d&#039;extr\u00e9mit\u00e9 \u00e9lectrique 570 Contact piston 24V \u00e0 droite"},"content":{"rendered":"<div>\n<div>\n<h1>Plaque d&#039;extr\u00e9mit\u00e9 \u00e9lectrique 570 Contact piston 24V \u00e0 droite<\/h1>\n<p class=\"\" data-start=\"392\" data-end=\"603\">G\u00e2che \u00e9lectrique 570 Droite 24V avec contact \u00e0 piston, pour portes \u00e0 exigences de s\u00e9curit\u00e9 normales. Convient pour la protection des coques, le verrouillage int\u00e9rieur et les entr\u00e9es. R\u00e9sistance \u00e0 la rupture 700 kg, pour serrures \u00e0 un ou deux vantaux.<\/p>\n<p class=\"\" data-start=\"639\" data-end=\"1164\">La g\u00e2che \u00e9lectrique 570 \u00e0 contact piston 24 V \u00e0 droite est une g\u00e2che \u00e9lectrique standard con\u00e7ue pour \u00eatre utilis\u00e9e dans les portes avec des exigences de s\u00e9curit\u00e9 normales, ce qui en fait un excellent choix pour la protection des coques, le verrouillage interne et les entr\u00e9es dans les zones commerciales, de bureaux, industrielles et publiques dans les immeubles multifamiliaux.<\/p>\n<p class=\"\" data-start=\"639\" data-end=\"1164\">La g\u00e2che \u00e9lectrique est con\u00e7ue pour \u00eatre utilis\u00e9e en combinaison avec des serrures \u00e0 p\u00eane simple ou double interverrouill\u00e9es, ce qui en fait une solution polyvalente pour diff\u00e9rentes configurations de portes et exigences de s\u00e9curit\u00e9.<\/p>\n<p class=\"\" data-start=\"1166\" data-end=\"1504\">L&#039;une des caract\u00e9ristiques exceptionnelles est la fonction de s\u00e9curit\u00e9 int\u00e9gr\u00e9e, qui signifie que la porte est verrouill\u00e9e en cas de panne de courant, offrant ainsi une s\u00e9curit\u00e9 suppl\u00e9mentaire.<\/p>\n<p class=\"\" data-start=\"1166\" data-end=\"1504\">La g\u00e2che \u00e9lectrique 570 est \u00e9quip\u00e9e d&#039;un contact \u00e0 piston pour permettre l&#039;indication lorsque la porte est ferm\u00e9e\/ouverte, ce qui constitue un bon compl\u00e9ment de s\u00e9curit\u00e9 pour les syst\u00e8mes de verrouillage automatis\u00e9s.<\/p>\n<p class=\"\" data-start=\"1506\" data-end=\"1923\">Cette g\u00e2che \u00e9lectrique est construite avec un verrou tournant en bronze et un bo\u00eetier de verrouillage en alliage de zinc, offrant une r\u00e9sistance \u00e9lev\u00e9e \u00e0 l&#039;usure et aux chocs pour assurer une longue durabilit\u00e9 et une fiabilit\u00e9 sur de nombreux cycles d&#039;ouverture.<\/p>\n<p class=\"\" data-start=\"1506\" data-end=\"1923\">Avec une r\u00e9sistance \u00e0 la rupture de 700 kg (7 kN), il est suffisamment solide pour r\u00e9sister aux contraintes des environnements \u00e0 fort trafic, ce qui le rend adapt\u00e9 aux portes soumises \u00e0 une utilisation fr\u00e9quente.<\/p>\n<p class=\"\" data-start=\"1925\" data-end=\"1955\">Principales caract\u00e9ristiques et avantages :<\/p>\n<ul data-start=\"1956\" data-end=\"2348\">\n<li class=\"\" data-start=\"1956\" data-end=\"2026\">\n<p class=\"\" data-start=\"1958\" data-end=\"2026\">Fonctionnement correct : Verrouill\u00e9 en cas de panne de courant pour une s\u00e9curit\u00e9 accrue.<\/p>\n<\/li>\n<li class=\"\" data-start=\"2027\" data-end=\"2107\">\n<p class=\"\" data-start=\"2029\" data-end=\"2107\">R\u00e9sistance \u00e0 la rupture : 700 kg (7 kN), garantissant durabilit\u00e9 et fiabilit\u00e9.<\/p>\n<\/li>\n<li class=\"\" data-start=\"2108\" data-end=\"2192\">\n<p class=\"\" data-start=\"2110\" data-end=\"2192\">Pivot en bronze et bo\u00eetier de verrouillage en alliage de zinc : Offre une longue dur\u00e9e de vie et une durabilit\u00e9.<\/p>\n<\/li>\n<li class=\"\" data-start=\"2193\" data-end=\"2271\">\n<p class=\"\" data-start=\"2195\" data-end=\"2271\">Contact piston : Permet des indications pour signaler porte ferm\u00e9e\/ouverte.<\/p>\n<\/li>\n<li class=\"\" data-start=\"2272\" data-end=\"2348\">\n<p class=\"\" data-start=\"2274\" data-end=\"2348\">Haute r\u00e9sistance aux chocs et aux vibrations : Pour une r\u00e9sistance accrue aux contraintes.<\/p>\n<\/li>\n<\/ul>\n<p class=\"\" data-start=\"2350\" data-end=\"2379\">Sp\u00e9cifications techniques :<\/p>\n<ul data-start=\"2380\" data-end=\"2722\">\n<li class=\"\" data-start=\"2380\" data-end=\"2408\">\n<p class=\"\" data-start=\"2382\" data-end=\"2408\">Tension : 24 V CC \u00b1 101 TP3T<\/p>\n<\/li>\n<li class=\"\" data-start=\"2409\" data-end=\"2449\">\n<p class=\"\" data-start=\"2411\" data-end=\"2449\">Consommation \u00e9lectrique : 185 mA en fonctionnement<\/p>\n<\/li>\n<li class=\"\" data-start=\"2450\" data-end=\"2485\">\n<p class=\"\" data-start=\"2452\" data-end=\"2485\">R\u00e9sistance \u00e0 la rupture max : 700 kg (7 kN)<\/p>\n<\/li>\n<li class=\"\" data-start=\"2486\" data-end=\"2542\">\n<p class=\"\" data-start=\"2488\" data-end=\"2542\">Bo\u00eetier de serrure et loquet tournant : Acier (alliage de bronze et de zinc)<\/p>\n<\/li>\n<li class=\"\" data-start=\"2543\" data-end=\"2570\">\n<p class=\"\" data-start=\"2545\" data-end=\"2570\">Tension de fonctionnement : 24 VDC<\/p>\n<\/li>\n<li class=\"\" data-start=\"2571\" data-end=\"2592\">\n<p class=\"\" data-start=\"2573\" data-end=\"2592\">Contact du piston : Oui<\/p>\n<\/li>\n<li class=\"\" data-start=\"2593\" data-end=\"2674\">\n<p class=\"\" data-start=\"2595\" data-end=\"2674\">Diode de protection : Il est recommand\u00e9 d&#039;utiliser une diode de protection \u00e0 proximit\u00e9 de la bobine de g\u00e2che \u00e9lectrique.<\/p>\n<\/li>\n<li class=\"\" data-start=\"2675\" data-end=\"2722\">\n<p class=\"\" data-start=\"2677\" data-end=\"2722\"><strong data-start=\"2677\" data-end=\"2696\">Compatibilit\u00e9:<\/strong> Serrure \u00e0 un ou deux battants<\/p>\n<\/li>\n<\/ul>\n<\/div>\n<div><\/div>\n<\/div>","protected":false},"excerpt":{"rendered":"<h5><a href=\"https:\/\/elslutblecksguiden.se\/\" target=\"_blank\" rel=\"noopener\">Guide pour les serrures \u00e9lectriques ASSA, les serrures motoris\u00e9es, les g\u00e2ches \u00e9lectriques et le guide de remplacement<\/a><\/h5>","protected":false},"featured_media":159497,"template":"","meta":{"_acf_changed":false},"product_brand":[],"product_cat":[3355],"product_tag":[4197,4200,2967],"class_list":{"0":"post-91532","1":"product","2":"type-product","3":"status-publish","4":"has-post-thumbnail","6":"product_cat-elslutbleck","7":"product_tag-24v","8":"product_tag-rattvand","9":"product_tag-rg-assa-abloy","10":"product_shipping_class-tunga-paket","11":"pa_brands-abloy","12":"tm-no-options","14":"first","15":"instock","16":"sale","17":"taxable","18":"shipping-taxable","19":"purchasable","20":"product-type-simple"},"acf":[],"_links":{"self":[{"href":"https:\/\/secureus.se\/fr\/wp-json\/wp\/v2\/product\/91532","targetHints":{"allow":["GET"]}}],"collection":[{"href":"https:\/\/secureus.se\/fr\/wp-json\/wp\/v2\/product"}],"about":[{"href":"https:\/\/secureus.se\/fr\/wp-json\/wp\/v2\/types\/product"}],"wp:featuredmedia":[{"embeddable":true,"href":"https:\/\/secureus.se\/fr\/wp-json\/wp\/v2\/media\/159497"}],"wp:attachment":[{"href":"https:\/\/secureus.se\/fr\/wp-json\/wp\/v2\/media?parent=91532"}],"wp:term":[{"taxonomy":"product_brand","embeddable":true,"href":"https:\/\/secureus.se\/fr\/wp-json\/wp\/v2\/product_brand?post=91532"},{"taxonomy":"product_cat","embeddable":true,"href":"https:\/\/secureus.se\/fr\/wp-json\/wp\/v2\/product_cat?post=91532"},{"taxonomy":"product_tag","embeddable":true,"href":"https:\/\/secureus.se\/fr\/wp-json\/wp\/v2\/product_tag?post=91532"}],"curies":[{"name":"wp","href":"https:\/\/api.w.org\/{rel}","templated":true}]}}