{"id":91534,"date":"2023-09-27T18:14:05","date_gmt":"2023-09-27T16:14:05","guid":{"rendered":"https:\/\/secureus.se\/elslutbleck-571-omvand-24v-kolvkontakt\/"},"modified":"2026-03-25T15:40:44","modified_gmt":"2026-03-25T14:40:44","slug":"elslutbleck-571-omvand-24v-kolvkontakt","status":"publish","type":"product","link":"https:\/\/secureus.se\/fr\/elslutbleck-571-omvand-24v-kolvkontakt\/","title":{"rendered":"Plaque d&#039;extr\u00e9mit\u00e9 \u00e9lectrique 571 Contact piston invers\u00e9 24V"},"content":{"rendered":"<h1>Plaque d&#039;extr\u00e9mit\u00e9 \u00e9lectrique 571 Contact piston invers\u00e9 24V<\/h1>\n<p class=\"\" data-start=\"407\" data-end=\"632\">G\u00e2che \u00e9lectrique 571 Reverse 24V avec contact \u00e0 piston pour portes en coque de protection et industrie. R\u00e9sistance \u00e0 la rupture 700 kg, d\u00e9verrouillage en cas de panne de courant et haute s\u00e9curit\u00e9. Utilis\u00e9 en combinaison avec des serrures \u00e0 un ou deux vantaux.<\/p>\n<p class=\"\" data-start=\"668\" data-end=\"1144\">La g\u00e2che \u00e9lectrique 571 Reverse 24V Piston Contact d&#039;ASSA ABLOY est une g\u00e2che \u00e9lectrique standard con\u00e7ue pour \u00eatre utilis\u00e9e dans les portes avec des exigences de s\u00e9curit\u00e9 normales, telles que le verrouillage de jour dans la protection des coques, le commerce, les bureaux, l&#039;industrie et les entr\u00e9es dans les immeubles multifamiliaux.<\/p>\n<p class=\"\" data-start=\"668\" data-end=\"1144\">Cette g\u00e2che \u00e9lectrique est particuli\u00e8rement compatible avec les serrures \u00e0 p\u00eane simple ou double interverrouill\u00e9es, ce qui la rend utile aussi bien dans les portes coupe-feu que dans les autres portes de s\u00e9curit\u00e9.<\/p>\n<p class=\"\" data-start=\"1146\" data-end=\"1176\">Principales caract\u00e9ristiques et avantages :<\/p>\n<ul data-start=\"1177\" data-end=\"1600\">\n<li class=\"\" data-start=\"1177\" data-end=\"1263\">\n<p class=\"\" data-start=\"1179\" data-end=\"1263\">Fonction inverse : La porte est d\u00e9verrouill\u00e9e en position hors tension (d\u00e9verrouill\u00e9e en cas de panne de courant).<\/p>\n<\/li>\n<li class=\"\" data-start=\"1264\" data-end=\"1369\">\n<p class=\"\" data-start=\"1266\" data-end=\"1369\">Haute s\u00e9curit\u00e9 : Avec une r\u00e9sistance \u00e0 la rupture de 700 kg et anti-vibration pour une durabilit\u00e9 et une s\u00e9curit\u00e9 accrues.<\/p>\n<\/li>\n<li class=\"\" data-start=\"1370\" data-end=\"1436\">\n<p class=\"\" data-start=\"1372\" data-end=\"1436\">Contact piston : Pour indiquer si la porte est ferm\u00e9e ou ouverte.<\/p>\n<\/li>\n<li class=\"\" data-start=\"1437\" data-end=\"1508\">\n<p class=\"\" data-start=\"1439\" data-end=\"1508\">Construction : Pivot en bronze et bo\u00eetier de verrouillage en alliage de zinc.<\/p>\n<\/li>\n<li class=\"\" data-start=\"1509\" data-end=\"1597\">\n<p class=\"\" data-start=\"1511\" data-end=\"1597\">Porte de s\u00e9paration coupe-feu : con\u00e7ue pour \u00eatre utilis\u00e9e dans les portes de s\u00e9paration coupe-feu.<\/p>\n<\/li>\n<\/ul>\n<p class=\"\" data-start=\"1601\" data-end=\"1618\">Donn\u00e9es techniques :<\/p>\n<ul data-start=\"1619\" data-end=\"1916\">\n<li class=\"\" data-start=\"1619\" data-end=\"1647\">\n<p class=\"\" data-start=\"1621\" data-end=\"1647\">Tension : 24 V CC \u00b1 101 TP3T<\/p>\n<\/li>\n<li class=\"\" data-start=\"1648\" data-end=\"1694\">\n<p class=\"\" data-start=\"1650\" data-end=\"1694\">Consommation de courant : 185 mA \u00e0 24 V (fonctionnement)<\/p>\n<\/li>\n<li class=\"\" data-start=\"1695\" data-end=\"1726\">\n<p class=\"\" data-start=\"1697\" data-end=\"1726\">R\u00e9sistance \u00e0 la rupture : 700 kg (7 kN)<\/p>\n<\/li>\n<li class=\"\" data-start=\"1727\" data-end=\"1758\">\n<p class=\"\" data-start=\"1729\" data-end=\"1758\">Pression de la liste : jusqu&#039;\u00e0 25 kg<\/p>\n<\/li>\n<li class=\"\" data-start=\"1759\" data-end=\"1780\">\n<p class=\"\" data-start=\"1761\" data-end=\"1780\">Contact du piston : Oui<\/p>\n<\/li>\n<li class=\"\" data-start=\"1781\" data-end=\"1835\">\n<p class=\"\" data-start=\"1783\" data-end=\"1835\">Microrupteur : Inversion unipolaire, max. 30 V CC, 1 A<\/p>\n<\/li>\n<li class=\"\" data-start=\"1836\" data-end=\"1881\">\n<p class=\"\" data-start=\"1838\" data-end=\"1881\">Compatibilit\u00e9 : Serrures \u00e0 un ou deux vantaux<\/p>\n<\/li>\n<li class=\"\" data-start=\"1882\" data-end=\"1916\">\n<p class=\"\" data-start=\"1884\" data-end=\"1916\">Couleur\/Traitement de surface : Zingu\u00e9<\/p>\n<\/li>\n<\/ul>\n<p class=\"\" data-start=\"1918\" data-end=\"1938\">Caract\u00e9ristiques:<\/p>\n<ul data-start=\"1939\" data-end=\"2119\">\n<li class=\"\" data-start=\"1939\" data-end=\"1973\">\n<p class=\"\" data-start=\"1941\" data-end=\"1973\">Charni\u00e8re de porte : droite, gauche<\/p>\n<\/li>\n<li class=\"\" data-start=\"1974\" data-end=\"1996\">\n<p class=\"\" data-start=\"1976\" data-end=\"1996\">C\u00e2ble inclus : Non<\/p>\n<\/li>\n<li class=\"\" data-start=\"1997\" data-end=\"2021\">\n<p class=\"\" data-start=\"1999\" data-end=\"2021\">Produit de construction \u00e9valu\u00e9 : Oui<\/p>\n<\/li>\n<li class=\"\" data-start=\"2022\" data-end=\"2054\">\n<p class=\"\" data-start=\"2024\" data-end=\"2054\">Tension de fonctionnement 12V\/24V : 24V<\/p>\n<\/li>\n<li class=\"\" data-start=\"2055\" data-end=\"2092\">\n<p class=\"\" data-start=\"2057\" data-end=\"2092\">Tension max\/min : 26,4 V \/ 21,6 V<\/p>\n<\/li>\n<li class=\"\" data-start=\"2093\" data-end=\"2119\">\n<p class=\"\" data-start=\"2095\" data-end=\"2119\">Chute \u00e0 double torsion : Non<\/p>\n<\/li>\n<\/ul>","protected":false},"excerpt":{"rendered":"<h5><a href=\"https:\/\/elslutblecksguiden.se\/\" target=\"_blank\" rel=\"noopener\">Guide pour les serrures \u00e9lectriques ASSA, les serrures motoris\u00e9es, les g\u00e2ches \u00e9lectriques et le guide de remplacement<\/a><\/h5>","protected":false},"featured_media":139365,"template":"","meta":{"_acf_changed":false},"product_brand":[],"product_cat":[3355],"product_tag":[4197,4201,2967],"class_list":{"0":"post-91534","1":"product","2":"type-product","3":"status-publish","4":"has-post-thumbnail","6":"product_cat-elslutbleck","7":"product_tag-24v","8":"product_tag-omvand","9":"product_tag-rg-assa-abloy","10":"product_shipping_class-tunga-paket","11":"pa_brands-abloy","12":"tm-no-options","14":"first","15":"instock","16":"sale","17":"taxable","18":"shipping-taxable","19":"purchasable","20":"product-type-simple"},"acf":[],"_links":{"self":[{"href":"https:\/\/secureus.se\/fr\/wp-json\/wp\/v2\/product\/91534","targetHints":{"allow":["GET"]}}],"collection":[{"href":"https:\/\/secureus.se\/fr\/wp-json\/wp\/v2\/product"}],"about":[{"href":"https:\/\/secureus.se\/fr\/wp-json\/wp\/v2\/types\/product"}],"wp:featuredmedia":[{"embeddable":true,"href":"https:\/\/secureus.se\/fr\/wp-json\/wp\/v2\/media\/139365"}],"wp:attachment":[{"href":"https:\/\/secureus.se\/fr\/wp-json\/wp\/v2\/media?parent=91534"}],"wp:term":[{"taxonomy":"product_brand","embeddable":true,"href":"https:\/\/secureus.se\/fr\/wp-json\/wp\/v2\/product_brand?post=91534"},{"taxonomy":"product_cat","embeddable":true,"href":"https:\/\/secureus.se\/fr\/wp-json\/wp\/v2\/product_cat?post=91534"},{"taxonomy":"product_tag","embeddable":true,"href":"https:\/\/secureus.se\/fr\/wp-json\/wp\/v2\/product_tag?post=91534"}],"curies":[{"name":"wp","href":"https:\/\/api.w.org\/{rel}","templated":true}]}}