{"id":91535,"date":"2023-09-27T18:14:04","date_gmt":"2023-09-27T16:14:04","guid":{"rendered":"https:\/\/secureus.se\/elslutbleck-514-rattvand-24v-kolvkontakt\/"},"modified":"2026-04-23T12:21:42","modified_gmt":"2026-04-23T10:21:42","slug":"elslutbleck-514-rattvand-24v-kolvkontakt","status":"publish","type":"product","link":"https:\/\/secureus.se\/fr\/elslutbleck-514-rattvand-24v-kolvkontakt\/","title":{"rendered":"Plaque d&#039;extr\u00e9mit\u00e9 \u00e9lectrique 514 Contact piston 24V \u00e0 droite"},"content":{"rendered":"<div>\n<h1 data-start=\"72\" data-end=\"365\">Plaque d&#039;extr\u00e9mit\u00e9 \u00e9lectrique 514 Contact piston 24V \u00e0 droite<\/h1>\n<p class=\"\" data-start=\"72\" data-end=\"365\">Cette unit\u00e9 de verrouillage puissante offre une r\u00e9sistance \u00e0 la rupture \u00e9lev\u00e9e de 400 kg et peut \u00eatre utilis\u00e9e avec des portes suspendues \u00e0 droite et \u00e0 gauche. La serrure est compatible avec une tension de fonctionnement de 24 V et est disponible avec une serrure \u00e0 un seul p\u00eane ou \u00e0 deux p\u00eanes. Le traitement de surface galvanis\u00e9 offre durabilit\u00e9 et longue dur\u00e9e de vie.<\/p>\n<p class=\"\" data-start=\"372\" data-end=\"772\">Ce syst\u00e8me de verrouillage de haute qualit\u00e9 est con\u00e7u pour offrir s\u00e9curit\u00e9 et fonctionnalit\u00e9 durable. Avec une r\u00e9sistance \u00e0 la rupture allant jusqu&#039;\u00e0 400 kg, c&#039;est un excellent choix pour les portes qui n\u00e9cessitent une s\u00e9curit\u00e9 \u00e9lev\u00e9e.<\/p>\n<p class=\"\" data-start=\"372\" data-end=\"772\">La serrure peut \u00eatre utilis\u00e9e sur les portes \u00e0 ouverture \u00e0 droite et \u00e0 gauche et est compatible avec une tension de fonctionnement de 24 V. Il offre \u00e9galement un choix de serrures \u00e0 p\u00eane simple ou \u00e0 double p\u00eane selon les exigences de s\u00e9curit\u00e9.<\/p>\n<p class=\"\" data-start=\"774\" data-end=\"1134\">Une surface galvanis\u00e9e assure une longue dur\u00e9e de vie et une durabilit\u00e9 accrue, tandis que le connecteur \u00e0 piston rend l&#039;installation simple et efficace. Cette serrure est \u00e0 ouverture \u00e0 droite, ce qui signifie qu&#039;elle est optimis\u00e9e pour l&#039;installation sp\u00e9cifique.<\/p>\n<p class=\"\" data-start=\"774\" data-end=\"1134\">Avec une tension maximale de 26,4 V et une tension minimale de 21,6 V, il offre des performances fiables dans des conditions variables.<br data-start=\"1110\" data-end=\"1113\" \/><strong data-start=\"1113\" data-end=\"1132\">Caract\u00e9ristiques<\/strong><\/p>\n<ul data-start=\"1135\" data-end=\"1458\">\n<li class=\"\" data-start=\"1135\" data-end=\"1162\">\n<p class=\"\" data-start=\"1137\" data-end=\"1162\">R\u00e9sistance \u00e0 la rupture : 400 kg<\/p>\n<\/li>\n<li class=\"\" data-start=\"1163\" data-end=\"1195\">\n<p class=\"\" data-start=\"1165\" data-end=\"1195\">Charni\u00e8re de porte : droite, gauche<\/p>\n<\/li>\n<li class=\"\" data-start=\"1196\" data-end=\"1233\">\n<p class=\"\" data-start=\"1198\" data-end=\"1233\">Type de serrure : Serrure \u00e0 p\u00eane simple, Serrure \u00e0 p\u00eane double<\/p>\n<\/li>\n<li class=\"\" data-start=\"1234\" data-end=\"1256\">\n<p class=\"\" data-start=\"1236\" data-end=\"1256\">Tension de fonctionnement : 24 V<\/p>\n<\/li>\n<li class=\"\" data-start=\"1257\" data-end=\"1289\">\n<p class=\"\" data-start=\"1259\" data-end=\"1289\">Couleur\/Traitement de surface : Zingu\u00e9<\/p>\n<\/li>\n<li class=\"\" data-start=\"1290\" data-end=\"1309\">\n<p class=\"\" data-start=\"1292\" data-end=\"1309\">Contact du piston : Oui<\/p>\n<\/li>\n<li class=\"\" data-start=\"1310\" data-end=\"1332\">\n<p class=\"\" data-start=\"1312\" data-end=\"1332\">Tension AC\/DC : DC<\/p>\n<\/li>\n<li class=\"\" data-start=\"1333\" data-end=\"1356\">\n<p class=\"\" data-start=\"1335\" data-end=\"1356\">Tension maximale : 26,4 V<\/p>\n<\/li>\n<li class=\"\" data-start=\"1357\" data-end=\"1380\">\n<p class=\"\" data-start=\"1359\" data-end=\"1380\">Tension minimale : 21,6 V<\/p>\n<\/li>\n<li class=\"\" data-start=\"1381\" data-end=\"1403\">\n<p class=\"\" data-start=\"1383\" data-end=\"1403\">Produit de construction \u00e9valu\u00e9 : Oui<\/p>\n<\/li>\n<li class=\"\" data-start=\"1404\" data-end=\"1428\">\n<p class=\"\" data-start=\"1406\" data-end=\"1428\">Chute \u00e0 double torsion : Non<\/p>\n<\/li>\n<li class=\"\" data-start=\"1429\" data-end=\"1458\">\n<p class=\"\" data-start=\"1431\" data-end=\"1458\">Droite\/Inverse : Droite<\/p>\n<\/li>\n<\/ul>\n<p class=\"\" data-start=\"1460\" data-end=\"1713\"><strong data-start=\"1460\" data-end=\"1482\">Domaines d&#039;utilisation<\/strong><br data-start=\"1482\" data-end=\"1485\" \/>Cette serrure est parfaite pour une utilisation dans les environnements commerciaux et industriels o\u00f9 une s\u00e9curit\u00e9 \u00e9lev\u00e9e est n\u00e9cessaire.<\/p>\n<p class=\"\" data-start=\"1460\" data-end=\"1713\">Il convient aux portes de bureaux, d&#039;entrep\u00f4ts ou d&#039;autres entreprises qui n\u00e9cessitent un verrouillage fiable avec une solution durable.<\/p>\n<\/div>","protected":false},"excerpt":{"rendered":"<h5><a href=\"https:\/\/elslutblecksguiden.se\/\" target=\"_blank\" rel=\"noopener\">Guide pour les serrures \u00e9lectriques ASSA, les serrures motoris\u00e9es, les g\u00e2ches \u00e9lectriques et le guide de remplacement<\/a><\/h5>","protected":false},"featured_media":139380,"template":"","meta":{"_acf_changed":false},"product_brand":[],"product_cat":[3355],"product_tag":[4197,4200,2967],"class_list":{"0":"post-91535","1":"product","2":"type-product","3":"status-publish","4":"has-post-thumbnail","6":"product_cat-elslutbleck","7":"product_tag-24v","8":"product_tag-rattvand","9":"product_tag-rg-assa-abloy","10":"product_shipping_class-tunga-paket","11":"pa_brands-abloy","12":"tm-no-options","14":"first","15":"onbackorder","16":"sale","17":"taxable","18":"shipping-taxable","19":"purchasable","20":"product-type-simple"},"acf":[],"_links":{"self":[{"href":"https:\/\/secureus.se\/fr\/wp-json\/wp\/v2\/product\/91535","targetHints":{"allow":["GET"]}}],"collection":[{"href":"https:\/\/secureus.se\/fr\/wp-json\/wp\/v2\/product"}],"about":[{"href":"https:\/\/secureus.se\/fr\/wp-json\/wp\/v2\/types\/product"}],"wp:featuredmedia":[{"embeddable":true,"href":"https:\/\/secureus.se\/fr\/wp-json\/wp\/v2\/media\/139380"}],"wp:attachment":[{"href":"https:\/\/secureus.se\/fr\/wp-json\/wp\/v2\/media?parent=91535"}],"wp:term":[{"taxonomy":"product_brand","embeddable":true,"href":"https:\/\/secureus.se\/fr\/wp-json\/wp\/v2\/product_brand?post=91535"},{"taxonomy":"product_cat","embeddable":true,"href":"https:\/\/secureus.se\/fr\/wp-json\/wp\/v2\/product_cat?post=91535"},{"taxonomy":"product_tag","embeddable":true,"href":"https:\/\/secureus.se\/fr\/wp-json\/wp\/v2\/product_tag?post=91535"}],"curies":[{"name":"wp","href":"https:\/\/api.w.org\/{rel}","templated":true}]}}