{"id":91536,"date":"2023-09-27T18:14:02","date_gmt":"2023-09-27T16:14:02","guid":{"rendered":"https:\/\/secureus.se\/elslutbleck-70-rattvand-24v\/"},"modified":"2026-04-08T15:56:30","modified_gmt":"2026-04-08T13:56:30","slug":"elslutbleck-70-rattvand-24v","status":"publish","type":"product","link":"https:\/\/secureus.se\/fr\/elslutbleck-70-rattvand-24v\/","title":{"rendered":"Plaque d&#039;extr\u00e9mit\u00e9 \u00e9lectrique 70 Droite 24V"},"content":{"rendered":"<h1>Plaque d&#039;extr\u00e9mit\u00e9 \u00e9lectrique 70 Droite 24V<\/h1>\n<p class=\"\" data-start=\"489\" data-end=\"805\">La g\u00e2che \u00e9lectrique standard ASSA ABLOY 70 Droitier 24V est con\u00e7ue pour r\u00e9pondre aux exigences de s\u00e9curit\u00e9 impos\u00e9es aux portes dans divers environnements. Avec une r\u00e9sistance \u00e0 la rupture de 700 kg (7 kN) et une r\u00e9sistance \u00e9lev\u00e9e aux chocs et aux vibrations, cette g\u00e2che \u00e9lectrique est parfaite pour une utilisation dans le commerce, les bureaux, l&#039;industrie et les immeubles d&#039;habitation.<\/p>\n<p class=\"\" data-start=\"807\" data-end=\"1191\">La serrure est con\u00e7ue pour \u00eatre utilis\u00e9e dans les portes de s\u00e9paration des compartiments coupe-feu avec une serrure \u00e0 double loquet et un poteau d\u00e9di\u00e9, ce qui en fait une solution s\u00e9curis\u00e9e pour le verrouillage interne.<\/p>\n<p class=\"\" data-start=\"807\" data-end=\"1191\">La fonction droitier signifie que la serrure reste active m\u00eame en cas de panne de courant, ce qui augmente la s\u00e9curit\u00e9. Sa finition zingu\u00e9e offre une durabilit\u00e9 \u00e0 long terme et est compatible avec les serrures \u00e0 un ou deux vantaux.<\/p>\n<div>\n<div>La g\u00e2che \u00e9lectrique 70 Angle droit 24V d&#039;ASSA ABLOY est une g\u00e2che \u00e9lectrique fiable pour les portes avec des exigences de s\u00e9curit\u00e9 normales.<\/div>\n<div><\/div>\n<div>Il a une r\u00e9sistance \u00e0 la rupture de 700 kg et convient \u00e0 une utilisation dans la protection des coques, des bureaux, de l&#039;industrie et des espaces publics des immeubles d&#039;habitation.<\/div>\n<div><\/div>\n<div>La fonction droitier garantit que le verrou reste actif m\u00eame en cas de panne de courant.<\/div>\n<\/div>\n<div>\n<p class=\"\" data-start=\"1193\" data-end=\"1215\"><strong data-start=\"1193\" data-end=\"1213\">Caract\u00e9ristiques:<\/strong><\/p>\n<ul data-start=\"1216\" data-end=\"1529\">\n<li class=\"\" data-start=\"1216\" data-end=\"1250\">\n<p class=\"\" data-start=\"1218\" data-end=\"1250\">R\u00e9sistance \u00e0 la rupture : 700 kg (7 kN)<\/p>\n<\/li>\n<li class=\"\" data-start=\"1251\" data-end=\"1283\">\n<p class=\"\" data-start=\"1253\" data-end=\"1283\">Charni\u00e8re de porte : droite, gauche<\/p>\n<\/li>\n<li class=\"\" data-start=\"1284\" data-end=\"1321\">\n<p class=\"\" data-start=\"1286\" data-end=\"1321\">Type de serrure : Serrure \u00e0 p\u00eane simple, Serrure \u00e0 p\u00eane double<\/p>\n<\/li>\n<li class=\"\" data-start=\"1322\" data-end=\"1344\">\n<p class=\"\" data-start=\"1324\" data-end=\"1344\">Tension de fonctionnement : 24 V<\/p>\n<\/li>\n<li class=\"\" data-start=\"1345\" data-end=\"1377\">\n<p class=\"\" data-start=\"1347\" data-end=\"1377\">Couleur\/Traitement de surface : Zingu\u00e9<\/p>\n<\/li>\n<li class=\"\" data-start=\"1378\" data-end=\"1398\">\n<p class=\"\" data-start=\"1380\" data-end=\"1398\">Contact piston : Non<\/p>\n<\/li>\n<li class=\"\" data-start=\"1399\" data-end=\"1424\">\n<p class=\"\" data-start=\"1401\" data-end=\"1424\">Tension CA\/CC : CA\/CC<\/p>\n<\/li>\n<li class=\"\" data-start=\"1425\" data-end=\"1449\">\n<p class=\"\" data-start=\"1427\" data-end=\"1449\">Tension maximale : 26,4 V<\/p>\n<\/li>\n<li class=\"\" data-start=\"1450\" data-end=\"1474\">\n<p class=\"\" data-start=\"1452\" data-end=\"1474\">Tension minimale : 21,6 V<\/p>\n<\/li>\n<li class=\"\" data-start=\"1475\" data-end=\"1499\">\n<p class=\"\" data-start=\"1477\" data-end=\"1499\">Chute \u00e0 double torsion : Non<\/p>\n<\/li>\n<li class=\"\" data-start=\"1500\" data-end=\"1529\">\n<p class=\"\" data-start=\"1502\" data-end=\"1529\">Droite\/Inverse : Droite<\/p>\n<\/li>\n<\/ul>\n<p class=\"\" data-start=\"1531\" data-end=\"1779\"><strong data-start=\"1531\" data-end=\"1553\">Domaines d&#039;utilisation<\/strong><br data-start=\"1553\" data-end=\"1556\" \/>La g\u00e2che \u00e9lectrique est id\u00e9ale pour la protection des coques, le verrouillage int\u00e9rieur dans les bureaux et l&#039;industrie, ainsi que pour les entr\u00e9es et les espaces publics des immeubles d&#039;habitation.<\/p>\n<p class=\"\" data-start=\"1531\" data-end=\"1779\">Il offre une s\u00e9curit\u00e9 fiable dans les environnements o\u00f9 des exigences \u00e9lev\u00e9es sont impos\u00e9es en mati\u00e8re de durabilit\u00e9 et de s\u00e9curit\u00e9.<\/p>\n<\/div>","protected":false},"excerpt":{"rendered":"<h5><a href=\"https:\/\/elslutblecksguiden.se\/\" target=\"_blank\" rel=\"noopener\">Guide pour les serrures \u00e9lectriques ASSA, les serrures motoris\u00e9es, les g\u00e2ches \u00e9lectriques et le guide de remplacement<\/a><\/h5>","protected":false},"featured_media":138732,"template":"","meta":{"_acf_changed":false},"product_brand":[],"product_cat":[3355],"product_tag":[4197,4200,2967],"class_list":{"0":"post-91536","1":"product","2":"type-product","3":"status-publish","4":"has-post-thumbnail","6":"product_cat-elslutbleck","7":"product_tag-24v","8":"product_tag-rattvand","9":"product_tag-rg-assa-abloy","10":"product_shipping_class-tunga-paket","11":"pa_brands-abloy","12":"tm-no-options","14":"first","15":"instock","16":"sale","17":"taxable","18":"shipping-taxable","19":"purchasable","20":"product-type-simple"},"acf":[],"_links":{"self":[{"href":"https:\/\/secureus.se\/fr\/wp-json\/wp\/v2\/product\/91536","targetHints":{"allow":["GET"]}}],"collection":[{"href":"https:\/\/secureus.se\/fr\/wp-json\/wp\/v2\/product"}],"about":[{"href":"https:\/\/secureus.se\/fr\/wp-json\/wp\/v2\/types\/product"}],"wp:featuredmedia":[{"embeddable":true,"href":"https:\/\/secureus.se\/fr\/wp-json\/wp\/v2\/media\/138732"}],"wp:attachment":[{"href":"https:\/\/secureus.se\/fr\/wp-json\/wp\/v2\/media?parent=91536"}],"wp:term":[{"taxonomy":"product_brand","embeddable":true,"href":"https:\/\/secureus.se\/fr\/wp-json\/wp\/v2\/product_brand?post=91536"},{"taxonomy":"product_cat","embeddable":true,"href":"https:\/\/secureus.se\/fr\/wp-json\/wp\/v2\/product_cat?post=91536"},{"taxonomy":"product_tag","embeddable":true,"href":"https:\/\/secureus.se\/fr\/wp-json\/wp\/v2\/product_tag?post=91536"}],"curies":[{"name":"wp","href":"https:\/\/api.w.org\/{rel}","templated":true}]}}