{"id":91537,"date":"2023-09-27T18:14:01","date_gmt":"2023-09-27T16:14:01","guid":{"rendered":"https:\/\/secureus.se\/elslutbleck-71-omvand-24v\/"},"modified":"2026-04-08T16:02:47","modified_gmt":"2026-04-08T14:02:47","slug":"elslutbleck-71-omvand-24v","status":"publish","type":"product","link":"https:\/\/secureus.se\/fr\/elslutbleck-71-omvand-24v\/","title":{"rendered":"Plaque d&#039;extr\u00e9mit\u00e9 \u00e9lectrique 71 Reverse 24V"},"content":{"rendered":"<div>\n<h1>Plaque d&#039;extr\u00e9mit\u00e9 \u00e9lectrique 71 Reverse 24V<\/h1>\n<p class=\"\" data-start=\"459\" data-end=\"763\">La g\u00e2che \u00e9lectrique standard ASSA ABLOY 71 Reverse 24V est con\u00e7ue pour les portes qui n\u00e9cessitent une solution de verrouillage s\u00fbre et durable.<\/p>\n<p class=\"\" data-start=\"459\" data-end=\"763\">Avec une r\u00e9sistance \u00e0 la rupture de 700 kg (7 kN) et une r\u00e9sistance \u00e9lev\u00e9e aux chocs et aux vibrations, cette g\u00e2che \u00e9lectrique offre une haute s\u00e9curit\u00e9 pour les portes utilis\u00e9es pour la protection des coques et le verrouillage interne.<\/p>\n<p class=\"\" data-start=\"765\" data-end=\"1174\">La serrure a une fonction inverse, ce qui signifie qu&#039;elle est d\u00e9verrouill\u00e9e en cas de panne de courant, ce qui la rend utile dans des solutions de s\u00e9curit\u00e9 sp\u00e9cifiques o\u00f9 cette fonction est n\u00e9cessaire.<\/p>\n<p class=\"\" data-start=\"765\" data-end=\"1174\">Il est con\u00e7u pour \u00eatre utilis\u00e9 dans les portes de s\u00e9paration de compartiments coupe-feu en combinaison avec une serrure \u00e0 double loquet et un poteau d\u00e9di\u00e9. Il est \u00e9galement fabriqu\u00e9 avec un verrou tournant en bronze et un bo\u00eetier de verrouillage en alliage de zinc, offrant une durabilit\u00e9 et une fiabilit\u00e9 durables.<\/p>\n<p class=\"\" data-start=\"1176\" data-end=\"1198\"><strong data-start=\"1176\" data-end=\"1196\">Caract\u00e9ristiques:<\/strong><\/p>\n<ul data-start=\"1199\" data-end=\"1510\">\n<li class=\"\" data-start=\"1199\" data-end=\"1233\">\n<p class=\"\" data-start=\"1201\" data-end=\"1233\">R\u00e9sistance \u00e0 la rupture : 700 kg (7 kN)<\/p>\n<\/li>\n<li class=\"\" data-start=\"1234\" data-end=\"1266\">\n<p class=\"\" data-start=\"1236\" data-end=\"1266\">Charni\u00e8re de porte : droite, gauche<\/p>\n<\/li>\n<li class=\"\" data-start=\"1267\" data-end=\"1304\">\n<p class=\"\" data-start=\"1269\" data-end=\"1304\">Type de serrure : Serrure \u00e0 p\u00eane simple, Serrure \u00e0 p\u00eane double<\/p>\n<\/li>\n<li class=\"\" data-start=\"1305\" data-end=\"1327\">\n<p class=\"\" data-start=\"1307\" data-end=\"1327\">Tension de fonctionnement : 24 V<\/p>\n<\/li>\n<li class=\"\" data-start=\"1328\" data-end=\"1360\">\n<p class=\"\" data-start=\"1330\" data-end=\"1360\">Couleur\/Traitement de surface : Zingu\u00e9<\/p>\n<\/li>\n<li class=\"\" data-start=\"1361\" data-end=\"1381\">\n<p class=\"\" data-start=\"1363\" data-end=\"1381\">Contact piston : Non<\/p>\n<\/li>\n<li class=\"\" data-start=\"1382\" data-end=\"1407\">\n<p class=\"\" data-start=\"1384\" data-end=\"1407\">Tension CA\/CC : CA\/CC<\/p>\n<\/li>\n<li class=\"\" data-start=\"1408\" data-end=\"1432\">\n<p class=\"\" data-start=\"1410\" data-end=\"1432\">Tension maximale : 26,4 V<\/p>\n<\/li>\n<li class=\"\" data-start=\"1433\" data-end=\"1457\">\n<p class=\"\" data-start=\"1435\" data-end=\"1457\">Tension minimale : 21,6 V<\/p>\n<\/li>\n<li class=\"\" data-start=\"1458\" data-end=\"1482\">\n<p class=\"\" data-start=\"1460\" data-end=\"1482\">Chute \u00e0 double torsion : Non<\/p>\n<\/li>\n<li class=\"\" data-start=\"1483\" data-end=\"1510\">\n<p class=\"\" data-start=\"1485\" data-end=\"1510\">Droite\/Invers\u00e9 : Inverser<\/p>\n<\/li>\n<\/ul>\n<p class=\"\" data-start=\"1512\" data-end=\"1775\"><strong data-start=\"1512\" data-end=\"1534\">Domaines d&#039;utilisation<\/strong><br data-start=\"1534\" data-end=\"1537\" \/>Cette g\u00e2che \u00e9lectrique est id\u00e9ale pour la protection des coques, le verrouillage int\u00e9rieur et la s\u00e9curit\u00e9 dans les bureaux, l&#039;industrie et les immeubles d&#039;habitation.<\/p>\n<p class=\"\" data-start=\"1512\" data-end=\"1775\">Il est particuli\u00e8rement utile dans les portes qui n\u00e9cessitent un fonctionnement invers\u00e9 en cas de panne de courant et offre une solution s\u00fbre et fiable.<\/p>\n<\/div>","protected":false},"excerpt":{"rendered":"<h5><a href=\"https:\/\/elslutblecksguiden.se\/\" target=\"_blank\" rel=\"noopener\">Guide pour les serrures \u00e9lectriques ASSA, les serrures motoris\u00e9es, les g\u00e2ches \u00e9lectriques et le guide de remplacement<\/a><\/h5>","protected":false},"featured_media":140056,"template":"","meta":{"_acf_changed":false},"product_brand":[],"product_cat":[3355],"product_tag":[4197,4201,2967],"class_list":{"0":"post-91537","1":"product","2":"type-product","3":"status-publish","4":"has-post-thumbnail","6":"product_cat-elslutbleck","7":"product_tag-24v","8":"product_tag-omvand","9":"product_tag-rg-assa-abloy","10":"product_shipping_class-tunga-paket","11":"pa_brands-abloy","12":"tm-no-options","14":"first","15":"onbackorder","16":"sale","17":"taxable","18":"shipping-taxable","19":"purchasable","20":"product-type-simple"},"acf":[],"_links":{"self":[{"href":"https:\/\/secureus.se\/fr\/wp-json\/wp\/v2\/product\/91537","targetHints":{"allow":["GET"]}}],"collection":[{"href":"https:\/\/secureus.se\/fr\/wp-json\/wp\/v2\/product"}],"about":[{"href":"https:\/\/secureus.se\/fr\/wp-json\/wp\/v2\/types\/product"}],"wp:featuredmedia":[{"embeddable":true,"href":"https:\/\/secureus.se\/fr\/wp-json\/wp\/v2\/media\/140056"}],"wp:attachment":[{"href":"https:\/\/secureus.se\/fr\/wp-json\/wp\/v2\/media?parent=91537"}],"wp:term":[{"taxonomy":"product_brand","embeddable":true,"href":"https:\/\/secureus.se\/fr\/wp-json\/wp\/v2\/product_brand?post=91537"},{"taxonomy":"product_cat","embeddable":true,"href":"https:\/\/secureus.se\/fr\/wp-json\/wp\/v2\/product_cat?post=91537"},{"taxonomy":"product_tag","embeddable":true,"href":"https:\/\/secureus.se\/fr\/wp-json\/wp\/v2\/product_tag?post=91537"}],"curies":[{"name":"wp","href":"https:\/\/api.w.org\/{rel}","templated":true}]}}