{"id":91538,"date":"2023-09-27T18:13:59","date_gmt":"2023-09-27T16:13:59","guid":{"rendered":"https:\/\/secureus.se\/elslutbleck-8131-rattvand-24v-kolvkontakt\/"},"modified":"2026-04-08T16:02:58","modified_gmt":"2026-04-08T14:02:58","slug":"elslutbleck-8131-rattvand-24v-kolvkontakt","status":"publish","type":"product","link":"https:\/\/secureus.se\/fr\/elslutbleck-8131-rattvand-24v-kolvkontakt\/","title":{"rendered":"Plaque de terminaison \u00e9lectrique 8131 Contact piston 24 V orient\u00e9 vers la droite"},"content":{"rendered":"<h1>Plaque de terminaison \u00e9lectrique 8131 Contact piston 24 V orient\u00e9 vers la droite<\/h1>\n<p class=\"\" data-start=\"492\" data-end=\"835\">La g\u00e2che \u00e9lectrique extra-forte ASSA ABLOY 8131 \u00e0 contact \u00e0 piston 24 V orient\u00e9e vers la droite est parfaite pour les portes ayant des exigences \u00e9lev\u00e9es en mati\u00e8re de durabilit\u00e9 et de s\u00e9curit\u00e9.<\/p>\n<p class=\"\" data-start=\"492\" data-end=\"835\">Avec une r\u00e9sistance \u00e0 la rupture de 1500 kg (15 kN) et une conception capable de r\u00e9sister \u00e0 des millions de cycles d&#039;ouverture, cette g\u00e2che \u00e9lectrique offre un fonctionnement durable et fiable m\u00eame dans des conditions difficiles.<\/p>\n<p class=\"\" data-start=\"837\" data-end=\"1181\">La fonction orient\u00e9e vers la droite se verrouille en position hors tension, ce qui la rend s\u00fbre en cas de panne de courant. Un contact \u00e0 piston de verrouillage et un contact d&#039;ancrage sont inclus pour une fonctionnalit\u00e9 et une s\u00e9curit\u00e9 suppl\u00e9mentaires.<\/p>\n<p class=\"\" data-start=\"837\" data-end=\"1181\">La g\u00e2che \u00e9lectrique est con\u00e7ue pour \u00eatre utilis\u00e9e avec des serrures \u00e0 loquet simple interverrouill\u00e9es et poss\u00e8de une construction durable avec un loquet tournant en acier et un bo\u00eetier de serrure.<\/p>\n<p class=\"\" data-start=\"1183\" data-end=\"1419\">Avec une r\u00e9sistance \u00e0 la rupture maximale de 1500 kg et la capacit\u00e9 de garantir l&#039;ouverture malgr\u00e9 une pression d&#039;arrimage de 250 N (25 kg), il offre une solution s\u00fbre et durable pour une vari\u00e9t\u00e9 d&#039;applications.<\/p>\n<p class=\"\" data-start=\"1183\" data-end=\"1419\">Sa fonction anti-tremblement am\u00e9liore encore la s\u00e9curit\u00e9.<\/p>\n<p class=\"\" data-start=\"1421\" data-end=\"1443\"><strong data-start=\"1421\" data-end=\"1441\">Caract\u00e9ristiques:<\/strong><\/p>\n<ul data-start=\"1444\" data-end=\"1774\">\n<li class=\"\" data-start=\"1444\" data-end=\"1480\">\n<p class=\"\" data-start=\"1446\" data-end=\"1480\">R\u00e9sistance \u00e0 la rupture : 1500 kg (15 kN)<\/p>\n<\/li>\n<li class=\"\" data-start=\"1481\" data-end=\"1513\">\n<p class=\"\" data-start=\"1483\" data-end=\"1513\">Charni\u00e8re de porte : droite, gauche<\/p>\n<\/li>\n<li class=\"\" data-start=\"1514\" data-end=\"1534\">\n<p class=\"\" data-start=\"1516\" data-end=\"1534\">Pression de la bande : 25 kg<\/p>\n<\/li>\n<li class=\"\" data-start=\"1535\" data-end=\"1572\">\n<p class=\"\" data-start=\"1537\" data-end=\"1572\">Type de serrure : Serrure \u00e0 p\u00eane simple, Serrure \u00e0 p\u00eane double<\/p>\n<\/li>\n<li class=\"\" data-start=\"1573\" data-end=\"1595\">\n<p class=\"\" data-start=\"1575\" data-end=\"1595\">Tension de fonctionnement : 24 V<\/p>\n<\/li>\n<li class=\"\" data-start=\"1596\" data-end=\"1626\">\n<p class=\"\" data-start=\"1598\" data-end=\"1626\">Couleur\/Finition : Acier inoxydable<\/p>\n<\/li>\n<li class=\"\" data-start=\"1627\" data-end=\"1646\">\n<p class=\"\" data-start=\"1629\" data-end=\"1646\">Contact du piston : Oui<\/p>\n<\/li>\n<li class=\"\" data-start=\"1647\" data-end=\"1669\">\n<p class=\"\" data-start=\"1649\" data-end=\"1669\">Tension AC\/DC : DC<\/p>\n<\/li>\n<li class=\"\" data-start=\"1670\" data-end=\"1694\">\n<p class=\"\" data-start=\"1672\" data-end=\"1694\">Tension maximale : 26,4 V<\/p>\n<\/li>\n<li class=\"\" data-start=\"1695\" data-end=\"1719\">\n<p class=\"\" data-start=\"1697\" data-end=\"1719\">Tension minimale : 21,6 V<\/p>\n<\/li>\n<li class=\"\" data-start=\"1720\" data-end=\"1744\">\n<p class=\"\" data-start=\"1722\" data-end=\"1744\">Chute \u00e0 double torsion : Non<\/p>\n<\/li>\n<li class=\"\" data-start=\"1745\" data-end=\"1774\">\n<p class=\"\" data-start=\"1747\" data-end=\"1774\">Droite\/Inverse : Droite<\/p>\n<\/li>\n<\/ul>\n<p class=\"\" data-start=\"1776\" data-end=\"1991\"><strong data-start=\"1776\" data-end=\"1798\">Domaines d&#039;utilisation<\/strong><br data-start=\"1798\" data-end=\"1801\" \/>La g\u00e2che \u00e9lectrique 8131 est parfaite pour une utilisation dans des environnements qui n\u00e9cessitent une durabilit\u00e9 et une s\u00e9curit\u00e9 \u00e9lev\u00e9es, comme dans la protection des coques, des entr\u00e9es, des portails et autres portes \u00e0 haute fr\u00e9quence dans le commerce, les bureaux et l&#039;industrie.<\/p>","protected":false},"excerpt":{"rendered":"<h5><a href=\"https:\/\/elslutblecksguiden.se\/\" target=\"_blank\" rel=\"noopener\">Guide pour les serrures \u00e9lectriques ASSA, les serrures motoris\u00e9es, les g\u00e2ches \u00e9lectriques et le guide de remplacement<\/a><\/h5>","protected":false},"featured_media":138571,"template":"","meta":{"_acf_changed":false},"product_brand":[],"product_cat":[3355],"product_tag":[4197,4200,2967],"class_list":{"0":"post-91538","1":"product","2":"type-product","3":"status-publish","4":"has-post-thumbnail","6":"product_cat-elslutbleck","7":"product_tag-24v","8":"product_tag-rattvand","9":"product_tag-rg-assa-abloy","10":"product_shipping_class-tunga-paket","11":"pa_brands-abloy","12":"tm-no-options","14":"first","15":"onbackorder","16":"sale","17":"taxable","18":"shipping-taxable","19":"purchasable","20":"product-type-simple"},"acf":[],"_links":{"self":[{"href":"https:\/\/secureus.se\/fr\/wp-json\/wp\/v2\/product\/91538","targetHints":{"allow":["GET"]}}],"collection":[{"href":"https:\/\/secureus.se\/fr\/wp-json\/wp\/v2\/product"}],"about":[{"href":"https:\/\/secureus.se\/fr\/wp-json\/wp\/v2\/types\/product"}],"wp:featuredmedia":[{"embeddable":true,"href":"https:\/\/secureus.se\/fr\/wp-json\/wp\/v2\/media\/138571"}],"wp:attachment":[{"href":"https:\/\/secureus.se\/fr\/wp-json\/wp\/v2\/media?parent=91538"}],"wp:term":[{"taxonomy":"product_brand","embeddable":true,"href":"https:\/\/secureus.se\/fr\/wp-json\/wp\/v2\/product_brand?post=91538"},{"taxonomy":"product_cat","embeddable":true,"href":"https:\/\/secureus.se\/fr\/wp-json\/wp\/v2\/product_cat?post=91538"},{"taxonomy":"product_tag","embeddable":true,"href":"https:\/\/secureus.se\/fr\/wp-json\/wp\/v2\/product_tag?post=91538"}],"curies":[{"name":"wp","href":"https:\/\/api.w.org\/{rel}","templated":true}]}}